{"id":924,"date":"2025-03-03T19:32:04","date_gmt":"2025-03-03T17:32:04","guid":{"rendered":"https:\/\/kovakotivara.fi\/?post_type=product&#038;p=924"},"modified":"2025-10-12T00:19:16","modified_gmt":"2025-10-11T21:19:16","slug":"retki-risukeitin","status":"publish","type":"product","link":"https:\/\/kovakotivara.fi\/sv\/lisatuotteet\/ruoka-ja-ruoanvalmistus\/retki-risukeitin\/","title":{"rendered":"Retki Camp\u00b4n\u00b4Cook riskokare"},"content":{"rendered":"<p>Riskokaren av rostfritt st\u00e5l \u00e4r l\u00e4tt att b\u00e4ra och p\u00e5litlig. Riskokaren \u00e4r ett ekologiskt alternativ som anv\u00e4nder f\u00f6rnybart br\u00e4nsle, och dess anv\u00e4ndning genererar inget avfall. 7-delad sidospis: tre sidov\u00e4ggar av laserskuret rostst\u00e5l, botten, p\u00e5fyllningsv\u00e4gg och tv\u00e5delat matlagningsgaller. N\u00e4r de sn\u00e4pps p\u00e5 plats \u00e4r vattenkokaren redo att anv\u00e4ndas.<\/p>\n<p><strong>HUOM!<\/strong> OBS! Kaminen r\u00e4knas som \u00f6ppen eld, mark\u00e4garens tillst\u00e5nd kr\u00e4vs f\u00f6r anv\u00e4ndning. \u00d6ppen eld \u00e4r f\u00f6rbjuden n\u00e4r en skogsbrandsvarning \u00e4r i kraft. Anv\u00e4nd alltid spisen p\u00e5 en icke br\u00e4nnbar yta.<\/p>","protected":false},"excerpt":{"rendered":"<ul>\n<li>M\u00e5tt: 170 x 135 x 135 cm<\/li>\n<li>Vikt 520 g<\/li>\n<li>Material rostfritt st\u00e5l 0,8 mm<\/li>\n<li>F\u00f6rvaringsv\u00e4ska ing\u00e5r<\/li>\n<li>St\u00e5ltjocklek 0,8 mm<\/li>\n<\/ul>","protected":false},"featured_media":2633,"comment_status":"open","ping_status":"closed","template":"","meta":{"_kad_post_transparent":"default","_kad_post_title":"","_kad_post_layout":"default","_kad_post_sidebar_id":"","_kad_post_content_style":"default","_kad_post_vertical_padding":"default","_kad_post_feature":"","_kad_post_feature_position":"","_kad_post_header":false,"_kad_post_footer":false,"_kad_post_classname":"","jetpack_publicize_message":"","jetpack_publicize_feature_enabled":true,"jetpack_social_post_already_shared":true,"jetpack_social_options":{"image_generator_settings":{"template":"highway","default_image_id":0,"font":"","enabled":false},"version":2}},"product_brand":[],"product_cat":[279],"product_tag":[310],"berocket_brand":[46],"class_list":{"0":"post-924","1":"product","2":"type-product","3":"status-publish","4":"has-post-thumbnail","6":"product_cat-ruoka-ja-ruoanvalmistus","7":"product_tag-retkikeitin","8":"berocket_brand-retki","10":"first","11":"instock","12":"taxable","13":"shipping-taxable","14":"purchasable","15":"product-type-simple","16":"entry","17":"content-bg","18":"loop-entry"},"jetpack_publicize_connections":[],"jetpack-related-posts":[{"id":2806,"url":"https:\/\/kovakotivara.fi\/sv\/kotivarapakkaukset\/tarvikeboksi-m\/","url_meta":{"origin":924,"position":0},"title":"Beredskapsl\u00e5dan M","author":"admin","date":"22.5.2025","format":false,"excerpt":"V\u00e4ltt\u00e4m\u00e4tt\u00f6mimm\u00e4t tarvikkeet arjen ja kriisin yli selviytymiseen. Fiksu valinta osaksi kotivaraa, m\u00f6kille tai vaikka roadtripille. \u2705 20 hy\u00f6dyllist\u00e4 tuotetta\u2705 Pakattuna kest\u00e4v\u00e4\u00e4n SmartStore-laatikkoon\u2705 Ilmainen toimitus noutopisteeseen\u2705 S\u00e4\u00e4st\u00f6 jopa 30\u202f% verrattuna yksitt\u00e4in ostettuihin tuotteisiin","rel":"","context":"Med 2 kommentarer","block_context":{"text":"Med 2 kommentarer","link":"https:\/\/kovakotivara.fi\/sv\/kotivarapakkaukset\/tarvikeboksi-m\/#comments"},"img":{"alt_text":"Tarvikeboksi M","src":"https:\/\/i0.wp.com\/kovakotivara.fi\/wp-content\/uploads\/2025\/04\/tarvikeboksi_m_yla_thumb-e1744302705446.jpg?resize=350%2C200&ssl=1","width":350,"height":200,"srcset":"https:\/\/i0.wp.com\/kovakotivara.fi\/wp-content\/uploads\/2025\/04\/tarvikeboksi_m_yla_thumb-e1744302705446.jpg?resize=350%2C200&ssl=1 1x, https:\/\/i0.wp.com\/kovakotivara.fi\/wp-content\/uploads\/2025\/04\/tarvikeboksi_m_yla_thumb-e1744302705446.jpg?resize=525%2C300&ssl=1 1.5x, https:\/\/i0.wp.com\/kovakotivara.fi\/wp-content\/uploads\/2025\/04\/tarvikeboksi_m_yla_thumb-e1744302705446.jpg?resize=700%2C400&ssl=1 2x"},"classes":[]},{"id":2771,"url":"https:\/\/kovakotivara.fi\/sv\/kotivarapakkaukset\/retkisetti\/","url_meta":{"origin":924,"position":1},"title":"Retki set","author":"admin","date":"12.5.2025","format":false,"excerpt":"Retkisetti \u2013 Kotivarasi peruspilaritMonipuolinen ja kompakti setti, joka kattaa t\u00e4rkeimm\u00e4t varusteet h\u00e4t\u00e4tilanteisiin kotivarassa \u2013 mutta toimii yht\u00e4 lailla retkell\u00e4, automatkalla tai veneess\u00e4. Pieni pakkauskoko, kevyt kantaa ja helppo sijoittaa esimerkiksi varastoon, autoon tai veneen s\u00e4ilytystilaan. \u2705 Kotivaraksi: Pienell\u00e4 tilalla saat kattavat h\u00e4t\u00e4varusteet s\u00e4hk\u00f6katkoon, myrskyyn tai ensiaputilanteisiin. \u2705 Retkelle ja reissuun:\u2026","rel":"","context":"Liknande inl\u00e4gg","block_context":{"text":"Liknande inl\u00e4gg","link":""},"img":{"alt_text":"retkisetti","src":"https:\/\/i0.wp.com\/kovakotivara.fi\/wp-content\/uploads\/2025\/05\/retkisetti3.jpg?resize=350%2C200&ssl=1","width":350,"height":200,"srcset":"https:\/\/i0.wp.com\/kovakotivara.fi\/wp-content\/uploads\/2025\/05\/retkisetti3.jpg?resize=350%2C200&ssl=1 1x, https:\/\/i0.wp.com\/kovakotivara.fi\/wp-content\/uploads\/2025\/05\/retkisetti3.jpg?resize=525%2C300&ssl=1 1.5x, https:\/\/i0.wp.com\/kovakotivara.fi\/wp-content\/uploads\/2025\/05\/retkisetti3.jpg?resize=700%2C400&ssl=1 2x, https:\/\/i0.wp.com\/kovakotivara.fi\/wp-content\/uploads\/2025\/05\/retkisetti3.jpg?resize=1050%2C600&ssl=1 3x"},"classes":[]},{"id":2009,"url":"https:\/\/kovakotivara.fi\/sv\/lisatuotteet\/ensiapu-ja-hygienia\/pelastuslakana\/","url_meta":{"origin":924,"position":2},"title":"Retki Pelastuslakana 132cm x 213cm","author":"admin","date":"27.3.2025","format":false,"excerpt":"Kest\u00e4v\u00e4st\u00e4 muovifoliosta valmistettu pelastuslakana \/ l\u00e4mp\u00f6peite ensiapuun autoon, veneeseen tai matkailuautoon. L\u00e4mp\u00f6peite taittuu pieneen kokoon, joten kulkee hyvin mukana reissussa tai kulkuneuvossa. Heijastaa ruumiinl\u00e4mp\u00f6\u00e4 takaisin.","rel":"","context":"Liknande inl\u00e4gg","block_context":{"text":"Liknande inl\u00e4gg","link":""},"img":{"alt_text":"pelastuslakana","src":"https:\/\/i0.wp.com\/kovakotivara.fi\/wp-content\/uploads\/2025\/03\/R5646-box-1.webp?resize=350%2C200&ssl=1","width":350,"height":200,"srcset":"https:\/\/i0.wp.com\/kovakotivara.fi\/wp-content\/uploads\/2025\/03\/R5646-box-1.webp?resize=350%2C200&ssl=1 1x, https:\/\/i0.wp.com\/kovakotivara.fi\/wp-content\/uploads\/2025\/03\/R5646-box-1.webp?resize=525%2C300&ssl=1 1.5x, https:\/\/i0.wp.com\/kovakotivara.fi\/wp-content\/uploads\/2025\/03\/R5646-box-1.webp?resize=700%2C400&ssl=1 2x, https:\/\/i0.wp.com\/kovakotivara.fi\/wp-content\/uploads\/2025\/03\/R5646-box-1.webp?resize=1050%2C600&ssl=1 3x, https:\/\/i0.wp.com\/kovakotivara.fi\/wp-content\/uploads\/2025\/03\/R5646-box-1.webp?resize=1400%2C800&ssl=1 4x"},"classes":[]},{"id":3430,"url":"https:\/\/kovakotivara.fi\/sv\/lisatuotteet\/valaistus-ja-lampo\/nedis-led-taskulamppu\/","url_meta":{"origin":924,"position":3},"title":"Nedis LED ficklampa","author":"admin","date":"8.8.2025","format":false,"excerpt":"\u2705 Paristok\u00e4ytt\u00f6inen Premium LED-taskulamppu 3 W Cree korkean suoritustehon LED, joka kest\u00e4\u00e4 noin 50 000 t \u2705 IPX5-luokiteltu vedenkest\u00e4v\u00e4, anodisoidusta alumiinista valmistettu runko on \u00e4\u00e4rimm\u00e4isen kest\u00e4v\u00e4 \u2705 Valokantama jopa 120 m \u2705 Py\u00f6riv\u00e4 p\u00e4\u00e4 valons\u00e4teen tarkentamiseen \u2705 Paristot sis\u00e4ltyv\u00e4t (2 x AA)","rel":"","context":"Liknande inl\u00e4gg","block_context":{"text":"Liknande inl\u00e4gg","link":""},"img":{"alt_text":"Needs LED taskulamppu","src":"https:\/\/i0.wp.com\/kovakotivara.fi\/wp-content\/uploads\/2025\/08\/LTRH3WGY_P41.jpg?resize=350%2C200&ssl=1","width":350,"height":200,"srcset":"https:\/\/i0.wp.com\/kovakotivara.fi\/wp-content\/uploads\/2025\/08\/LTRH3WGY_P41.jpg?resize=350%2C200&ssl=1 1x, https:\/\/i0.wp.com\/kovakotivara.fi\/wp-content\/uploads\/2025\/08\/LTRH3WGY_P41.jpg?resize=525%2C300&ssl=1 1.5x, https:\/\/i0.wp.com\/kovakotivara.fi\/wp-content\/uploads\/2025\/08\/LTRH3WGY_P41.jpg?resize=700%2C400&ssl=1 2x, https:\/\/i0.wp.com\/kovakotivara.fi\/wp-content\/uploads\/2025\/08\/LTRH3WGY_P41.jpg?resize=1050%2C600&ssl=1 3x"},"classes":[]},{"id":3900,"url":"https:\/\/kovakotivara.fi\/sv\/kotivarapakkaukset\/kotivarapakkaus-72h-trek\/","url_meta":{"origin":924,"position":4},"title":"Beredskapsl\u00e5dan 72h TREK","author":"admin","date":"25.9.2025","format":false,"excerpt":"Ruoka, ruoanvalmistus, vett\u00e4 ja vedenpuhdistus. Soveltuu hyvin kotivaran aloituspaketiksi ja mainiosti my\u00f6s retkeilyyn. Mit\u00e4 laatikko sis\u00e4lt\u00e4\u00e4: \u2705 1 x Aina luotettava Trangia 25-1 UL (sis. 2 x alumiinikattilaa, alumiinipaistinpannu, spriipoltin ja kahva) \u2705 1 x Hyv\u00e4Tuli Spriineste 500ml \u2705 2 x tulitikut \u2705 1 x Kuplika 225 luha (pidempi malli)\u2026","rel":"","context":"Liknande inl\u00e4gg","block_context":{"text":"Liknande inl\u00e4gg","link":""},"img":{"alt_text":"kotivarapakkaus72htrek","src":"https:\/\/i0.wp.com\/kovakotivara.fi\/wp-content\/uploads\/2025\/09\/IMG_3722-scaled.jpg?resize=350%2C200&ssl=1","width":350,"height":200,"srcset":"https:\/\/i0.wp.com\/kovakotivara.fi\/wp-content\/uploads\/2025\/09\/IMG_3722-scaled.jpg?resize=350%2C200&ssl=1 1x, https:\/\/i0.wp.com\/kovakotivara.fi\/wp-content\/uploads\/2025\/09\/IMG_3722-scaled.jpg?resize=525%2C300&ssl=1 1.5x, https:\/\/i0.wp.com\/kovakotivara.fi\/wp-content\/uploads\/2025\/09\/IMG_3722-scaled.jpg?resize=700%2C400&ssl=1 2x, https:\/\/i0.wp.com\/kovakotivara.fi\/wp-content\/uploads\/2025\/09\/IMG_3722-scaled.jpg?resize=1050%2C600&ssl=1 3x, https:\/\/i0.wp.com\/kovakotivara.fi\/wp-content\/uploads\/2025\/09\/IMG_3722-scaled.jpg?resize=1400%2C800&ssl=1 4x"},"classes":[]},{"id":4006,"url":"https:\/\/kovakotivara.fi\/sv\/lisatuotteet\/ruoka-ja-ruoanvalmistus\/hyvatuli-polttoneste-500ml\/","url_meta":{"origin":924,"position":5},"title":"Hyv\u00e4 tuli br\u00e4nsle 500ml","author":"admin","date":"23.9.2025","format":false,"excerpt":"Hyv\u00e4tuli polttoneste fondue-patoihin ja spriikeittimiin Korkealaatuinen polttoneste, joka soveltuu erinomaisesti fondue-patoihin ja spriikeittimiin. Palaa puhtaasti \u2013 ilman hajua ja ilman nokea. Valmistettu vahvasti denaturoidusta etanolista turvalliseen ja tehokkaaseen k\u00e4ytt\u00f6\u00f6n.","rel":"","context":"Liknande inl\u00e4gg","block_context":{"text":"Liknande inl\u00e4gg","link":""},"img":{"alt_text":"hyv\u00e4tuli","src":"https:\/\/i0.wp.com\/kovakotivara.fi\/wp-content\/uploads\/2025\/09\/hyvatuli_product.webp?resize=350%2C200&ssl=1","width":350,"height":200,"srcset":"https:\/\/i0.wp.com\/kovakotivara.fi\/wp-content\/uploads\/2025\/09\/hyvatuli_product.webp?resize=350%2C200&ssl=1 1x, https:\/\/i0.wp.com\/kovakotivara.fi\/wp-content\/uploads\/2025\/09\/hyvatuli_product.webp?resize=525%2C300&ssl=1 1.5x, https:\/\/i0.wp.com\/kovakotivara.fi\/wp-content\/uploads\/2025\/09\/hyvatuli_product.webp?resize=700%2C400&ssl=1 2x, https:\/\/i0.wp.com\/kovakotivara.fi\/wp-content\/uploads\/2025\/09\/hyvatuli_product.webp?resize=1050%2C600&ssl=1 3x"},"classes":[]}],"jetpack_sharing_enabled":true,"jetpack_likes_enabled":true,"_links":{"self":[{"href":"https:\/\/kovakotivara.fi\/sv\/wp-json\/wp\/v2\/product\/924","targetHints":{"allow":["GET"]}}],"collection":[{"href":"https:\/\/kovakotivara.fi\/sv\/wp-json\/wp\/v2\/product"}],"about":[{"href":"https:\/\/kovakotivara.fi\/sv\/wp-json\/wp\/v2\/types\/product"}],"replies":[{"embeddable":true,"href":"https:\/\/kovakotivara.fi\/sv\/wp-json\/wp\/v2\/comments?post=924"}],"wp:featuredmedia":[{"embeddable":true,"href":"https:\/\/kovakotivara.fi\/sv\/wp-json\/wp\/v2\/media\/2633"}],"wp:attachment":[{"href":"https:\/\/kovakotivara.fi\/sv\/wp-json\/wp\/v2\/media?parent=924"}],"wp:term":[{"taxonomy":"product_brand","embeddable":true,"href":"https:\/\/kovakotivara.fi\/sv\/wp-json\/wp\/v2\/product_brand?post=924"},{"taxonomy":"product_cat","embeddable":true,"href":"https:\/\/kovakotivara.fi\/sv\/wp-json\/wp\/v2\/product_cat?post=924"},{"taxonomy":"product_tag","embeddable":true,"href":"https:\/\/kovakotivara.fi\/sv\/wp-json\/wp\/v2\/product_tag?post=924"},{"taxonomy":"berocket_brand","embeddable":true,"href":"https:\/\/kovakotivara.fi\/sv\/wp-json\/wp\/v2\/berocket_brand?post=924"}],"curies":[{"name":"wp","href":"https:\/\/api.w.org\/{rel}","templated":true}]}}