{"id":923,"date":"2025-03-03T19:29:35","date_gmt":"2025-03-03T17:29:35","guid":{"rendered":"https:\/\/kovakotivara.fi\/?post_type=product&#038;p=923"},"modified":"2025-10-12T00:15:22","modified_gmt":"2025-10-11T21:15:22","slug":"retki-monitoimityokalu","status":"publish","type":"product","link":"https:\/\/kovakotivara.fi\/sv\/lisatuotteet\/muut-tarvikkeet\/retki-monitoimityokalu\/","title":{"rendered":"Retki multiverktyg Multi Plier"},"content":{"rendered":"<blockquote><p>Multifunktionsverktyg med nylonfodral. Materialet \u00e4r rostfritt st\u00e5l, aluminium och plast. B\u00e4ltesh\u00f6lster ing\u00e5r.<\/p><\/blockquote>\n<p><strong>Funktioner:<\/strong><\/p>\n<ol>\n<li>T\u00e5ng\/sk\u00e4rare<\/li>\n<li>S\u00e5gblad<\/li>\n<li>Stort och litet mejselhuvud<\/li>\n<li>Burk\u00f6ppnare<\/li>\n<li>Nagelfil<\/li>\n<li>Kniv<\/li>\n<li>Tv\u00e4rhuvudmejsel<\/li>\n<li>Flask\u00f6ppnare<\/li>\n<li>V\u00e5gskrapa<\/li>\n<\/ol>","protected":false},"excerpt":{"rendered":"<p>En vandrares och en f\u00f6rberedds grundl\u00e4ggande verktyg. Retki Multi Plier multiverktyg med nylon fodral.<\/p>","protected":false},"featured_media":2625,"comment_status":"open","ping_status":"closed","template":"","meta":{"_kad_post_transparent":"default","_kad_post_title":"","_kad_post_layout":"default","_kad_post_sidebar_id":"","_kad_post_content_style":"default","_kad_post_vertical_padding":"default","_kad_post_feature":"","_kad_post_feature_position":"","_kad_post_header":false,"_kad_post_footer":false,"_kad_post_classname":"","jetpack_publicize_message":"","jetpack_publicize_feature_enabled":true,"jetpack_social_post_already_shared":true,"jetpack_social_options":{"image_generator_settings":{"template":"highway","default_image_id":0,"font":"","enabled":false},"version":2}},"product_brand":[],"product_cat":[157,293],"product_tag":[],"berocket_brand":[46],"class_list":{"0":"post-923","1":"product","2":"type-product","3":"status-publish","4":"has-post-thumbnail","6":"product_cat-lisatuotteet","7":"product_cat-muut-tarvikkeet","8":"berocket_brand-retki","10":"first","11":"instock","12":"taxable","13":"shipping-taxable","14":"purchasable","15":"product-type-simple","16":"entry","17":"content-bg","18":"loop-entry"},"jetpack_publicize_connections":[],"jetpack-related-posts":[{"id":2806,"url":"https:\/\/kovakotivara.fi\/sv\/kotivarapakkaukset\/tarvikeboksi-m\/","url_meta":{"origin":923,"position":0},"title":"Beredskapsl\u00e5dan M","author":"admin","date":"22.5.2025","format":false,"excerpt":"V\u00e4ltt\u00e4m\u00e4tt\u00f6mimm\u00e4t tarvikkeet arjen ja kriisin yli selviytymiseen. Fiksu valinta osaksi kotivaraa, m\u00f6kille tai vaikka roadtripille. \u2705 20 hy\u00f6dyllist\u00e4 tuotetta\u2705 Pakattuna kest\u00e4v\u00e4\u00e4n SmartStore-laatikkoon\u2705 Ilmainen toimitus noutopisteeseen\u2705 S\u00e4\u00e4st\u00f6 jopa 30\u202f% verrattuna yksitt\u00e4in ostettuihin tuotteisiin","rel":"","context":"Med 2 kommentarer","block_context":{"text":"Med 2 kommentarer","link":"https:\/\/kovakotivara.fi\/sv\/kotivarapakkaukset\/tarvikeboksi-m\/#comments"},"img":{"alt_text":"Tarvikeboksi M","src":"https:\/\/i0.wp.com\/kovakotivara.fi\/wp-content\/uploads\/2025\/04\/tarvikeboksi_m_yla_thumb-e1744302705446.jpg?resize=350%2C200&ssl=1","width":350,"height":200,"srcset":"https:\/\/i0.wp.com\/kovakotivara.fi\/wp-content\/uploads\/2025\/04\/tarvikeboksi_m_yla_thumb-e1744302705446.jpg?resize=350%2C200&ssl=1 1x, https:\/\/i0.wp.com\/kovakotivara.fi\/wp-content\/uploads\/2025\/04\/tarvikeboksi_m_yla_thumb-e1744302705446.jpg?resize=525%2C300&ssl=1 1.5x, https:\/\/i0.wp.com\/kovakotivara.fi\/wp-content\/uploads\/2025\/04\/tarvikeboksi_m_yla_thumb-e1744302705446.jpg?resize=700%2C400&ssl=1 2x"},"classes":[]},{"id":2771,"url":"https:\/\/kovakotivara.fi\/sv\/kotivarapakkaukset\/retkisetti\/","url_meta":{"origin":923,"position":1},"title":"Retki set","author":"admin","date":"12.5.2025","format":false,"excerpt":"Retkisetti \u2013 Kotivarasi peruspilaritMonipuolinen ja kompakti setti, joka kattaa t\u00e4rkeimm\u00e4t varusteet h\u00e4t\u00e4tilanteisiin kotivarassa \u2013 mutta toimii yht\u00e4 lailla retkell\u00e4, automatkalla tai veneess\u00e4. Pieni pakkauskoko, kevyt kantaa ja helppo sijoittaa esimerkiksi varastoon, autoon tai veneen s\u00e4ilytystilaan. \u2705 Kotivaraksi: Pienell\u00e4 tilalla saat kattavat h\u00e4t\u00e4varusteet s\u00e4hk\u00f6katkoon, myrskyyn tai ensiaputilanteisiin. \u2705 Retkelle ja reissuun:\u2026","rel":"","context":"Liknande inl\u00e4gg","block_context":{"text":"Liknande inl\u00e4gg","link":""},"img":{"alt_text":"retkisetti","src":"https:\/\/i0.wp.com\/kovakotivara.fi\/wp-content\/uploads\/2025\/05\/retkisetti3.jpg?resize=350%2C200&ssl=1","width":350,"height":200,"srcset":"https:\/\/i0.wp.com\/kovakotivara.fi\/wp-content\/uploads\/2025\/05\/retkisetti3.jpg?resize=350%2C200&ssl=1 1x, https:\/\/i0.wp.com\/kovakotivara.fi\/wp-content\/uploads\/2025\/05\/retkisetti3.jpg?resize=525%2C300&ssl=1 1.5x, https:\/\/i0.wp.com\/kovakotivara.fi\/wp-content\/uploads\/2025\/05\/retkisetti3.jpg?resize=700%2C400&ssl=1 2x, https:\/\/i0.wp.com\/kovakotivara.fi\/wp-content\/uploads\/2025\/05\/retkisetti3.jpg?resize=1050%2C600&ssl=1 3x"},"classes":[]},{"id":3798,"url":"https:\/\/kovakotivara.fi\/sv\/lisatuotteet\/muut-tarvikkeet\/retki-kuivasakki-ikkunalla-15l\/","url_meta":{"origin":923,"position":2},"title":"Torrs\u00e4ck med f\u00f6nster 15l","author":"admin","date":"29.8.2025","format":false,"excerpt":"Excursion dry bag f\u00f6r vattent\u00e4t transport av gods.","rel":"","context":"Liknande inl\u00e4gg","block_context":{"text":"Liknande inl\u00e4gg","link":""},"img":{"alt_text":"Retki kuivas\u00e4kki ikkunalla 15l","src":"https:\/\/i0.wp.com\/kovakotivara.fi\/wp-content\/uploads\/2025\/08\/R5286.jpg.webp?resize=350%2C200&ssl=1","width":350,"height":200,"srcset":"https:\/\/i0.wp.com\/kovakotivara.fi\/wp-content\/uploads\/2025\/08\/R5286.jpg.webp?resize=350%2C200&ssl=1 1x, https:\/\/i0.wp.com\/kovakotivara.fi\/wp-content\/uploads\/2025\/08\/R5286.jpg.webp?resize=525%2C300&ssl=1 1.5x"},"classes":[]},{"id":2010,"url":"https:\/\/kovakotivara.fi\/sv\/lisatuotteet\/muut-tarvikkeet\/retki-yleiskoysi\/","url_meta":{"origin":923,"position":3},"title":"Retki universalrep 7mm 15m","author":"admin","date":"27.3.2025","format":false,"excerpt":"Ett m\u00e5ngsidigt rep f\u00f6r s\u00e5v\u00e4l beredskap som vardag.","rel":"","context":"Liknande inl\u00e4gg","block_context":{"text":"Liknande inl\u00e4gg","link":""},"img":{"alt_text":"Retki yleisk\u00f6ysi 7mm 1","src":"https:\/\/i0.wp.com\/kovakotivara.fi\/wp-content\/uploads\/2025\/03\/R5587-1.jpeg?resize=350%2C200&ssl=1","width":350,"height":200,"srcset":"https:\/\/i0.wp.com\/kovakotivara.fi\/wp-content\/uploads\/2025\/03\/R5587-1.jpeg?resize=350%2C200&ssl=1 1x, https:\/\/i0.wp.com\/kovakotivara.fi\/wp-content\/uploads\/2025\/03\/R5587-1.jpeg?resize=525%2C300&ssl=1 1.5x, https:\/\/i0.wp.com\/kovakotivara.fi\/wp-content\/uploads\/2025\/03\/R5587-1.jpeg?resize=700%2C400&ssl=1 2x, https:\/\/i0.wp.com\/kovakotivara.fi\/wp-content\/uploads\/2025\/03\/R5587-1.jpeg?resize=1050%2C600&ssl=1 3x, https:\/\/i0.wp.com\/kovakotivara.fi\/wp-content\/uploads\/2025\/03\/R5587-1.jpeg?resize=1400%2C800&ssl=1 4x"},"classes":[]},{"id":924,"url":"https:\/\/kovakotivara.fi\/sv\/lisatuotteet\/ruoka-ja-ruoanvalmistus\/retki-risukeitin\/","url_meta":{"origin":923,"position":4},"title":"Retki Camp\u00b4n\u00b4Cook riskokare","author":"admin","date":"3.3.2025","format":false,"excerpt":"Mitat: 170 x 135 x 135 cm Paino 520 g Materiaali ruostumatonta ter\u00e4st\u00e4, 0,8 mm Mukana s\u00e4ilytyspussi Ter\u00e4ksen paksuus 0,8 mm","rel":"","context":"Liknande inl\u00e4gg","block_context":{"text":"Liknande inl\u00e4gg","link":""},"img":{"alt_text":"Retki risukeitin 1","src":"https:\/\/i0.wp.com\/kovakotivara.fi\/wp-content\/uploads\/2025\/03\/R7032-1.jpeg?resize=350%2C200&ssl=1","width":350,"height":200,"srcset":"https:\/\/i0.wp.com\/kovakotivara.fi\/wp-content\/uploads\/2025\/03\/R7032-1.jpeg?resize=350%2C200&ssl=1 1x, https:\/\/i0.wp.com\/kovakotivara.fi\/wp-content\/uploads\/2025\/03\/R7032-1.jpeg?resize=525%2C300&ssl=1 1.5x, https:\/\/i0.wp.com\/kovakotivara.fi\/wp-content\/uploads\/2025\/03\/R7032-1.jpeg?resize=700%2C400&ssl=1 2x, https:\/\/i0.wp.com\/kovakotivara.fi\/wp-content\/uploads\/2025\/03\/R7032-1.jpeg?resize=1050%2C600&ssl=1 3x"},"classes":[]},{"id":2776,"url":"https:\/\/kovakotivara.fi\/sv\/lisatuotteet\/ensiapu-ja-hygienia\/retki-ensiapusetti\/","url_meta":{"origin":923,"position":5},"title":"Retki F\u00f6rsta Hj\u00e4lpen Kit","author":"admin","date":"12.5.2025","format":false,"excerpt":"Ensiapupakkaus & pelastuslakana \u2013 H\u00e4t\u00e4pakettiKompakti kaksikko turvaa sek\u00e4 ensiaputarpeet ett\u00e4 l\u00e4mm\u00f6n s\u00e4ilymisen h\u00e4t\u00e4tilanteissa. Sopii erinomaisesti kotivaraan, retkireppuun, autoon tai veneeseen. \u2705 Kotivara ja ensiapu S\u00e4ilyt\u00e4 molemmat tuotteet yhdess\u00e4 selke\u00e4ss\u00e4 paketissa kotona tai m\u00f6kill\u00e4 \u2013 l\u00f6yd\u00e4t tarvikkeet heti, jos tapaturma tai \u00e4killinen kylmyys iskee. \u2705 Retkelle ja automatkalle Kevyt ja pieni\u2026","rel":"","context":"Liknande inl\u00e4gg","block_context":{"text":"Liknande inl\u00e4gg","link":""},"img":{"alt_text":"Retki EA + Pel. lakana","src":"https:\/\/i0.wp.com\/kovakotivara.fi\/wp-content\/uploads\/2025\/05\/retkisetti.jpeg?resize=350%2C200&ssl=1","width":350,"height":200,"srcset":"https:\/\/i0.wp.com\/kovakotivara.fi\/wp-content\/uploads\/2025\/05\/retkisetti.jpeg?resize=350%2C200&ssl=1 1x, https:\/\/i0.wp.com\/kovakotivara.fi\/wp-content\/uploads\/2025\/05\/retkisetti.jpeg?resize=525%2C300&ssl=1 1.5x, https:\/\/i0.wp.com\/kovakotivara.fi\/wp-content\/uploads\/2025\/05\/retkisetti.jpeg?resize=700%2C400&ssl=1 2x, https:\/\/i0.wp.com\/kovakotivara.fi\/wp-content\/uploads\/2025\/05\/retkisetti.jpeg?resize=1050%2C600&ssl=1 3x, https:\/\/i0.wp.com\/kovakotivara.fi\/wp-content\/uploads\/2025\/05\/retkisetti.jpeg?resize=1400%2C800&ssl=1 4x"},"classes":[]}],"jetpack_sharing_enabled":true,"jetpack_likes_enabled":true,"_links":{"self":[{"href":"https:\/\/kovakotivara.fi\/sv\/wp-json\/wp\/v2\/product\/923","targetHints":{"allow":["GET"]}}],"collection":[{"href":"https:\/\/kovakotivara.fi\/sv\/wp-json\/wp\/v2\/product"}],"about":[{"href":"https:\/\/kovakotivara.fi\/sv\/wp-json\/wp\/v2\/types\/product"}],"replies":[{"embeddable":true,"href":"https:\/\/kovakotivara.fi\/sv\/wp-json\/wp\/v2\/comments?post=923"}],"wp:featuredmedia":[{"embeddable":true,"href":"https:\/\/kovakotivara.fi\/sv\/wp-json\/wp\/v2\/media\/2625"}],"wp:attachment":[{"href":"https:\/\/kovakotivara.fi\/sv\/wp-json\/wp\/v2\/media?parent=923"}],"wp:term":[{"taxonomy":"product_brand","embeddable":true,"href":"https:\/\/kovakotivara.fi\/sv\/wp-json\/wp\/v2\/product_brand?post=923"},{"taxonomy":"product_cat","embeddable":true,"href":"https:\/\/kovakotivara.fi\/sv\/wp-json\/wp\/v2\/product_cat?post=923"},{"taxonomy":"product_tag","embeddable":true,"href":"https:\/\/kovakotivara.fi\/sv\/wp-json\/wp\/v2\/product_tag?post=923"},{"taxonomy":"berocket_brand","embeddable":true,"href":"https:\/\/kovakotivara.fi\/sv\/wp-json\/wp\/v2\/berocket_brand?post=923"}],"curies":[{"name":"wp","href":"https:\/\/api.w.org\/{rel}","templated":true}]}}