{"id":921,"date":"2025-03-03T19:27:29","date_gmt":"2025-03-03T17:27:29","guid":{"rendered":"https:\/\/kovakotivara.fi\/?post_type=product&#038;p=921"},"modified":"2025-10-12T00:06:53","modified_gmt":"2025-10-11T21:06:53","slug":"nedis-virtapankki-10000mah","status":"publish","type":"product","link":"https:\/\/kovakotivara.fi\/sv\/lisatuotteet\/tiedonsaanti-ja-viestinta\/nedis-virtapankki-10000mah\/","title":{"rendered":"Nedis Powerbank 10000mAh"},"content":{"rendered":"<p>B\u00e4rbar powerbank med 10 000 mAh kapacitet. Du kan ladda tv\u00e5 enheter samtidigt \u2013 hemma, p\u00e5 kontoret eller p\u00e5 resan. Den st\u00f6der 18 W USB-C\u2122 Power Delivery (PD), vilket g\u00f6r att en urladdad telefon kan laddas till 50 % p\u00e5 30 minuter och en urladdad USB-C-enhet till 50 % p\u00e5 cirka 36 minuter.<\/p>\n<p>Praktisk LED-indikator som visar exakt hur mycket kraft som finns kvar s\u00e5 att du vet n\u00e4r du kan beh\u00f6va koppla in den. Den har tillr\u00e4ckligt mycket kraft f\u00f6r att ladda en smartphone upp till fyra g\u00e5nger och en surfplatta upp till en och en halv g\u00e5ng.<\/p>\n<p>Powerbanken har skydd mot \u00f6verladdning, kortslutning och \u00f6verhettning.<\/p>","protected":false},"excerpt":{"rendered":"<p>I den b\u00e4rbara powerbanken finns 10 000 mAh:s kapacitet. En n\u00f6dv\u00e4ndig produkt vid elavbrott.<\/p>","protected":false},"featured_media":2644,"comment_status":"open","ping_status":"closed","template":"","meta":{"_kad_post_transparent":"default","_kad_post_title":"","_kad_post_layout":"default","_kad_post_sidebar_id":"","_kad_post_content_style":"default","_kad_post_vertical_padding":"default","_kad_post_feature":"","_kad_post_feature_position":"","_kad_post_header":false,"_kad_post_footer":false,"_kad_post_classname":"","jetpack_publicize_message":"Nedis Virtapankki 10000mAh","jetpack_publicize_feature_enabled":true,"jetpack_social_post_already_shared":true,"jetpack_social_options":{"image_generator_settings":{"template":"highway","default_image_id":0,"font":"","enabled":false},"version":2}},"product_brand":[],"product_cat":[278],"product_tag":[309],"berocket_brand":[73],"class_list":{"0":"post-921","1":"product","2":"type-product","3":"status-publish","4":"has-post-thumbnail","6":"product_cat-tiedonsaanti-ja-viestinta","7":"product_tag-tiedonsaanti-ja-viestinta","8":"berocket_brand-nedis","10":"first","11":"instock","12":"taxable","13":"shipping-taxable","14":"purchasable","15":"product-type-simple","16":"entry","17":"content-bg","18":"loop-entry"},"jetpack_publicize_connections":[],"jetpack-related-posts":[{"id":3412,"url":"https:\/\/kovakotivara.fi\/sv\/lisatuotteet\/tiedonsaanti-ja-viestinta\/nedis-hatakampiradio-aurinkopaneelilla\/","url_meta":{"origin":921,"position":0},"title":"Nedis n\u00f6dradio med vev och solpanel","author":"admin","date":"8.8.2025","format":false,"excerpt":"Kannettava DAB+\/FM-h\u00e4t\u00e4kampiradio aurinkopaneelilla Ihanteellinen h\u00e4t\u00e4tilanteissa tai retkeilyn aikana 40 esiasetettua asemaa DAB+ ja FM kanavatallennukset automaattisen skannauksen avulla Lataa k\u00e4sik\u00e4ytt\u00f6isell\u00e4 kampidynamolla, aurinkopaneelilla tai USB-C-kaapelilla USB-C-tulo sis\u00e4\u00e4nrakennetun 2500 mAh:n litiumakun lataamiseen (kaapeli mukana) Powerbank-toiminto mobiililaitteen lataamiseen LED-taskulamppu, jossa on 3 esiasetusta ja taitettava LED-lukuvalo N\u00e4ytt\u00f6 kellolla ja kaksoish\u00e4lytyksell\u00e4 SOS-h\u00e4lytys vilkkuu ja\u2026","rel":"","context":"Liknande inl\u00e4gg","block_context":{"text":"Liknande inl\u00e4gg","link":""},"img":{"alt_text":"h\u00e4t\u00e4kampiradio","src":"https:\/\/i0.wp.com\/kovakotivara.fi\/wp-content\/uploads\/2025\/08\/RDDBCR2000GN_P40.jpg?resize=350%2C200&ssl=1","width":350,"height":200,"srcset":"https:\/\/i0.wp.com\/kovakotivara.fi\/wp-content\/uploads\/2025\/08\/RDDBCR2000GN_P40.jpg?resize=350%2C200&ssl=1 1x, https:\/\/i0.wp.com\/kovakotivara.fi\/wp-content\/uploads\/2025\/08\/RDDBCR2000GN_P40.jpg?resize=525%2C300&ssl=1 1.5x, https:\/\/i0.wp.com\/kovakotivara.fi\/wp-content\/uploads\/2025\/08\/RDDBCR2000GN_P40.jpg?resize=700%2C400&ssl=1 2x, https:\/\/i0.wp.com\/kovakotivara.fi\/wp-content\/uploads\/2025\/08\/RDDBCR2000GN_P40.jpg?resize=1050%2C600&ssl=1 3x"},"classes":[]},{"id":4179,"url":"https:\/\/kovakotivara.fi\/sv\/lisatuotteet\/tiedonsaanti-ja-viestinta\/nedis-hatakampiradio-fm\/","url_meta":{"origin":921,"position":1},"title":"Nedis n\u00f6dradio med vev och solpanel","author":"admin","date":"30.9.2025","format":false,"excerpt":"Kannettava DAB+\/FM-h\u00e4t\u00e4kampiradio aurinkopaneelilla Ihanteellinen h\u00e4t\u00e4tilanteissa tai retkeilyn aikana 40 esiasetettua asemaa DAB+ ja FM kanavatallennukset automaattisen skannauksen avulla Lataa k\u00e4sik\u00e4ytt\u00f6isell\u00e4 kampidynamolla, aurinkopaneelilla tai USB-C-kaapelilla USB-C-tulo sis\u00e4\u00e4nrakennetun 2500 mAh:n litiumakun lataamiseen (kaapeli mukana) Powerbank-toiminto mobiililaitteen lataamiseen LED-taskulamppu, jossa on 3 esiasetusta ja taitettava LED-lukuvalo N\u00e4ytt\u00f6 kellolla ja kaksoish\u00e4lytyksell\u00e4 SOS-h\u00e4lytys vilkkuu ja\u2026","rel":"","context":"Liknande inl\u00e4gg","block_context":{"text":"Liknande inl\u00e4gg","link":""},"img":{"alt_text":"h\u00e4t\u00e4kampiradio_2","src":"https:\/\/i0.wp.com\/kovakotivara.fi\/wp-content\/uploads\/2025\/09\/RDFMCR2000BK_P41.jpg?resize=350%2C200&ssl=1","width":350,"height":200,"srcset":"https:\/\/i0.wp.com\/kovakotivara.fi\/wp-content\/uploads\/2025\/09\/RDFMCR2000BK_P41.jpg?resize=350%2C200&ssl=1 1x, https:\/\/i0.wp.com\/kovakotivara.fi\/wp-content\/uploads\/2025\/09\/RDFMCR2000BK_P41.jpg?resize=525%2C300&ssl=1 1.5x, https:\/\/i0.wp.com\/kovakotivara.fi\/wp-content\/uploads\/2025\/09\/RDFMCR2000BK_P41.jpg?resize=700%2C400&ssl=1 2x, https:\/\/i0.wp.com\/kovakotivara.fi\/wp-content\/uploads\/2025\/09\/RDFMCR2000BK_P41.jpg?resize=1050%2C600&ssl=1 3x"},"classes":[]},{"id":4031,"url":"https:\/\/kovakotivara.fi\/sv\/lisatuotteet\/ladattava-materiaali\/toimintakortti-sahkokatko\/","url_meta":{"origin":921,"position":2},"title":"Handlingskort - str\u00f6mavbrott","author":"admin","date":"24.9.2025","format":false,"excerpt":"T\u00e4m\u00e4 toimintakortti sis\u00e4lt\u00e4\u00e4 tietoa s\u00e4hk\u00f6njakelun h\u00e4iri\u00f6tilanteista ja s\u00e4hk\u00f6katkojen aikana toimimisesta. Kortissa on my\u00f6s tarkistuslista tarvikkeista, joita sinulla on hyv\u00e4 olla h\u00e4iri\u00f6tilanteen sattuessa. Voit ladata tiedoston lis\u00e4\u00e4m\u00e4ll\u00e4 sen ostoskoriin. Ostosprosessin j\u00e4lkeen saat latauslinkin tiedostoon ilmaiseksi.","rel":"","context":"Liknande inl\u00e4gg","block_context":{"text":"Liknande inl\u00e4gg","link":""},"img":{"alt_text":"s\u00e4hk\u00f6njakelun h\u00e4iri\u00f6","src":"https:\/\/i0.wp.com\/kovakotivara.fi\/wp-content\/uploads\/2025\/09\/sahkonjakelun_hairio_cat-scaled.jpg?resize=350%2C200&ssl=1","width":350,"height":200,"srcset":"https:\/\/i0.wp.com\/kovakotivara.fi\/wp-content\/uploads\/2025\/09\/sahkonjakelun_hairio_cat-scaled.jpg?resize=350%2C200&ssl=1 1x, https:\/\/i0.wp.com\/kovakotivara.fi\/wp-content\/uploads\/2025\/09\/sahkonjakelun_hairio_cat-scaled.jpg?resize=525%2C300&ssl=1 1.5x, https:\/\/i0.wp.com\/kovakotivara.fi\/wp-content\/uploads\/2025\/09\/sahkonjakelun_hairio_cat-scaled.jpg?resize=700%2C400&ssl=1 2x, https:\/\/i0.wp.com\/kovakotivara.fi\/wp-content\/uploads\/2025\/09\/sahkonjakelun_hairio_cat-scaled.jpg?resize=1050%2C600&ssl=1 3x, https:\/\/i0.wp.com\/kovakotivara.fi\/wp-content\/uploads\/2025\/09\/sahkonjakelun_hairio_cat-scaled.jpg?resize=1400%2C800&ssl=1 4x"},"classes":[]},{"id":3814,"url":"https:\/\/kovakotivara.fi\/sv\/lisatuotteet\/valaistus-ja-lampo\/nedis-ladattava-tyovalo\/","url_meta":{"origin":921,"position":3},"title":"Nedis laddningsbar arbetslampa","author":"admin","date":"2.9.2025","format":false,"excerpt":"Ladattava LED-ty\u00f6valaisin, jossa on 10 W COB-LED (jopa 1000 lm) ja 5 valaistustilaa sek\u00e4 punainen vilkkuva varoitusvalo. 180\u00b0 s\u00e4\u00e4dett\u00e4v\u00e4 jalusta ja kaksi integroitua magneettia mahdollistavat handsfree-k\u00e4yt\u00f6n korjaamolla, autohuollossa tai kotona. Integroitu Li-Ion-akku tarjoaa jopa 2 h k\u00e4ytt\u00f6aikaa ja varavirtatoiminnon h\u00e4t\u00e4tilanteisiin. USB-C-lataus ja vankka, kumitettu runko.","rel":"","context":"Liknande inl\u00e4gg","block_context":{"text":"Liknande inl\u00e4gg","link":""},"img":{"alt_text":"Nedis Ty\u00f6valaisin","src":"https:\/\/i0.wp.com\/kovakotivara.fi\/wp-content\/uploads\/2025\/09\/LWORR10RD_P41.jpg?resize=350%2C200&ssl=1","width":350,"height":200,"srcset":"https:\/\/i0.wp.com\/kovakotivara.fi\/wp-content\/uploads\/2025\/09\/LWORR10RD_P41.jpg?resize=350%2C200&ssl=1 1x, https:\/\/i0.wp.com\/kovakotivara.fi\/wp-content\/uploads\/2025\/09\/LWORR10RD_P41.jpg?resize=525%2C300&ssl=1 1.5x, https:\/\/i0.wp.com\/kovakotivara.fi\/wp-content\/uploads\/2025\/09\/LWORR10RD_P41.jpg?resize=700%2C400&ssl=1 2x, https:\/\/i0.wp.com\/kovakotivara.fi\/wp-content\/uploads\/2025\/09\/LWORR10RD_P41.jpg?resize=1050%2C600&ssl=1 3x"},"classes":[]},{"id":2806,"url":"https:\/\/kovakotivara.fi\/sv\/kotivarapakkaukset\/tarvikeboksi-m\/","url_meta":{"origin":921,"position":4},"title":"Beredskapsl\u00e5dan M","author":"admin","date":"22.5.2025","format":false,"excerpt":"V\u00e4ltt\u00e4m\u00e4tt\u00f6mimm\u00e4t tarvikkeet arjen ja kriisin yli selviytymiseen. Fiksu valinta osaksi kotivaraa, m\u00f6kille tai vaikka roadtripille. \u2705 20 hy\u00f6dyllist\u00e4 tuotetta\u2705 Pakattuna kest\u00e4v\u00e4\u00e4n SmartStore-laatikkoon\u2705 Ilmainen toimitus noutopisteeseen\u2705 S\u00e4\u00e4st\u00f6 jopa 30\u202f% verrattuna yksitt\u00e4in ostettuihin tuotteisiin","rel":"","context":"Med 2 kommentarer","block_context":{"text":"Med 2 kommentarer","link":"https:\/\/kovakotivara.fi\/sv\/kotivarapakkaukset\/tarvikeboksi-m\/#comments"},"img":{"alt_text":"Tarvikeboksi M","src":"https:\/\/i0.wp.com\/kovakotivara.fi\/wp-content\/uploads\/2025\/04\/tarvikeboksi_m_yla_thumb-e1744302705446.jpg?resize=350%2C200&ssl=1","width":350,"height":200,"srcset":"https:\/\/i0.wp.com\/kovakotivara.fi\/wp-content\/uploads\/2025\/04\/tarvikeboksi_m_yla_thumb-e1744302705446.jpg?resize=350%2C200&ssl=1 1x, https:\/\/i0.wp.com\/kovakotivara.fi\/wp-content\/uploads\/2025\/04\/tarvikeboksi_m_yla_thumb-e1744302705446.jpg?resize=525%2C300&ssl=1 1.5x, https:\/\/i0.wp.com\/kovakotivara.fi\/wp-content\/uploads\/2025\/04\/tarvikeboksi_m_yla_thumb-e1744302705446.jpg?resize=700%2C400&ssl=1 2x"},"classes":[]},{"id":920,"url":"https:\/\/kovakotivara.fi\/sv\/lisatuotteet\/tiedonsaanti-ja-viestinta\/nedis-fm-radio\/","url_meta":{"origin":921,"position":5},"title":"Nedis FM-radio","author":"admin","date":"3.3.2025","format":false,"excerpt":"Kannettava ja kompakti \u2022 1,5 W:n huippul\u00e4ht\u00f6teho takaa hyv\u00e4n \u00e4\u00e4nenlaadun \u2022 3,5 mm:n \u00e4\u00e4nil\u00e4ht\u00f6 kuulokkeiden liitt\u00e4miseen \u2022 Paristok\u00e4ytt\u00f6inen - aseta radioon kaksi AAA-paristoa (ei sis\u00e4lly pakkaukseen) ja aloita kuuntelu \u2022 Analoginen viritys - valitse haluamasi radioasema virityspy\u00f6r\u00e4ll\u00e4.","rel":"","context":"Liknande inl\u00e4gg","block_context":{"text":"Liknande inl\u00e4gg","link":""},"img":{"alt_text":"Nedis FM radio","src":"https:\/\/i0.wp.com\/kovakotivara.fi\/wp-content\/uploads\/2025\/03\/RDFM1110SI-2.jpeg?resize=350%2C200&ssl=1","width":350,"height":200,"srcset":"https:\/\/i0.wp.com\/kovakotivara.fi\/wp-content\/uploads\/2025\/03\/RDFM1110SI-2.jpeg?resize=350%2C200&ssl=1 1x, https:\/\/i0.wp.com\/kovakotivara.fi\/wp-content\/uploads\/2025\/03\/RDFM1110SI-2.jpeg?resize=525%2C300&ssl=1 1.5x, https:\/\/i0.wp.com\/kovakotivara.fi\/wp-content\/uploads\/2025\/03\/RDFM1110SI-2.jpeg?resize=700%2C400&ssl=1 2x, https:\/\/i0.wp.com\/kovakotivara.fi\/wp-content\/uploads\/2025\/03\/RDFM1110SI-2.jpeg?resize=1050%2C600&ssl=1 3x, https:\/\/i0.wp.com\/kovakotivara.fi\/wp-content\/uploads\/2025\/03\/RDFM1110SI-2.jpeg?resize=1400%2C800&ssl=1 4x"},"classes":[]}],"jetpack_sharing_enabled":true,"jetpack_likes_enabled":true,"_links":{"self":[{"href":"https:\/\/kovakotivara.fi\/sv\/wp-json\/wp\/v2\/product\/921","targetHints":{"allow":["GET"]}}],"collection":[{"href":"https:\/\/kovakotivara.fi\/sv\/wp-json\/wp\/v2\/product"}],"about":[{"href":"https:\/\/kovakotivara.fi\/sv\/wp-json\/wp\/v2\/types\/product"}],"replies":[{"embeddable":true,"href":"https:\/\/kovakotivara.fi\/sv\/wp-json\/wp\/v2\/comments?post=921"}],"wp:featuredmedia":[{"embeddable":true,"href":"https:\/\/kovakotivara.fi\/sv\/wp-json\/wp\/v2\/media\/2644"}],"wp:attachment":[{"href":"https:\/\/kovakotivara.fi\/sv\/wp-json\/wp\/v2\/media?parent=921"}],"wp:term":[{"taxonomy":"product_brand","embeddable":true,"href":"https:\/\/kovakotivara.fi\/sv\/wp-json\/wp\/v2\/product_brand?post=921"},{"taxonomy":"product_cat","embeddable":true,"href":"https:\/\/kovakotivara.fi\/sv\/wp-json\/wp\/v2\/product_cat?post=921"},{"taxonomy":"product_tag","embeddable":true,"href":"https:\/\/kovakotivara.fi\/sv\/wp-json\/wp\/v2\/product_tag?post=921"},{"taxonomy":"berocket_brand","embeddable":true,"href":"https:\/\/kovakotivara.fi\/sv\/wp-json\/wp\/v2\/berocket_brand?post=921"}],"curies":[{"name":"wp","href":"https:\/\/api.w.org\/{rel}","templated":true}]}}