{"id":920,"date":"2025-03-03T19:25:41","date_gmt":"2025-03-03T17:25:41","guid":{"rendered":"https:\/\/kovakotivara.fi\/?post_type=product&#038;p=920"},"modified":"2025-10-12T00:01:58","modified_gmt":"2025-10-11T21:01:58","slug":"nedis-fm-radio","status":"publish","type":"product","link":"https:\/\/kovakotivara.fi\/sv\/lisatuotteet\/tiedonsaanti-ja-viestinta\/nedis-fm-radio\/","title":{"rendered":"Nedis FM-radio"},"content":{"rendered":"<p>Den h\u00e4r supertunna FM-radion \u00e4r enkel att ta med vart du \u00e4n g\u00e5r. Stoppa bara i 2x AAA-batterier (medf\u00f6ljer ej) f\u00f6r musik n\u00e4r du \u00e4r ute och r\u00f6r p\u00e5 dig.<\/p>\n<p>En n\u00f6dv\u00e4ndig del av hemmets beredskapsf\u00f6rpackning.<\/p>\n<p>&nbsp;<\/p>","protected":false},"excerpt":{"rendered":"<p>B\u00e4rbar och kompakt<br \/>\n\u2022 Toppeffekt p\u00e5 1.5 W som levererar bra ljudkvalitet<br \/>\n\u2022 3.5 mm-utg\u00e5ng - f\u00f6r att ansluta h\u00f6rlurar<br \/>\n\u2022 Batteridriven - s\u00e4tt in 2 AA-batterier (ing\u00e5r inte) och b\u00f6rja lyssna<br \/>\n\u2022 Analog kanals\u00f6kning - v\u00e4lj den radiokanal du vill lyssna p\u00e5 med inst\u00e4llningsratten.<\/p>","protected":false},"featured_media":2578,"comment_status":"open","ping_status":"closed","template":"","meta":{"_kad_post_transparent":"default","_kad_post_title":"","_kad_post_layout":"default","_kad_post_sidebar_id":"","_kad_post_content_style":"default","_kad_post_vertical_padding":"default","_kad_post_feature":"","_kad_post_feature_position":"","_kad_post_header":false,"_kad_post_footer":false,"_kad_post_classname":"","jetpack_publicize_message":"Nedis FM-radio","jetpack_publicize_feature_enabled":true,"jetpack_social_post_already_shared":true,"jetpack_social_options":{"image_generator_settings":{"template":"highway","default_image_id":0,"font":"","enabled":false},"version":2}},"product_brand":[],"product_cat":[278],"product_tag":[312,309],"berocket_brand":[73],"class_list":{"0":"post-920","1":"product","2":"type-product","3":"status-publish","4":"has-post-thumbnail","6":"product_cat-tiedonsaanti-ja-viestinta","7":"product_tag-fm-radio","8":"product_tag-tiedonsaanti-ja-viestinta","9":"berocket_brand-nedis","11":"first","12":"instock","13":"taxable","14":"shipping-taxable","15":"purchasable","16":"product-type-simple","17":"entry","18":"content-bg","19":"loop-entry"},"jetpack_publicize_connections":[],"jetpack-related-posts":[{"id":2806,"url":"https:\/\/kovakotivara.fi\/sv\/kotivarapakkaukset\/tarvikeboksi-m\/","url_meta":{"origin":920,"position":0},"title":"Beredskapsl\u00e5dan M","author":"admin","date":"22.5.2025","format":false,"excerpt":"V\u00e4ltt\u00e4m\u00e4tt\u00f6mimm\u00e4t tarvikkeet arjen ja kriisin yli selviytymiseen. Fiksu valinta osaksi kotivaraa, m\u00f6kille tai vaikka roadtripille. \u2705 20 hy\u00f6dyllist\u00e4 tuotetta\u2705 Pakattuna kest\u00e4v\u00e4\u00e4n SmartStore-laatikkoon\u2705 Ilmainen toimitus noutopisteeseen\u2705 S\u00e4\u00e4st\u00f6 jopa 30\u202f% verrattuna yksitt\u00e4in ostettuihin tuotteisiin","rel":"","context":"Med 2 kommentarer","block_context":{"text":"Med 2 kommentarer","link":"https:\/\/kovakotivara.fi\/sv\/kotivarapakkaukset\/tarvikeboksi-m\/#comments"},"img":{"alt_text":"Tarvikeboksi M","src":"https:\/\/i0.wp.com\/kovakotivara.fi\/wp-content\/uploads\/2025\/04\/tarvikeboksi_m_yla_thumb-e1744302705446.jpg?resize=350%2C200&ssl=1","width":350,"height":200,"srcset":"https:\/\/i0.wp.com\/kovakotivara.fi\/wp-content\/uploads\/2025\/04\/tarvikeboksi_m_yla_thumb-e1744302705446.jpg?resize=350%2C200&ssl=1 1x, https:\/\/i0.wp.com\/kovakotivara.fi\/wp-content\/uploads\/2025\/04\/tarvikeboksi_m_yla_thumb-e1744302705446.jpg?resize=525%2C300&ssl=1 1.5x, https:\/\/i0.wp.com\/kovakotivara.fi\/wp-content\/uploads\/2025\/04\/tarvikeboksi_m_yla_thumb-e1744302705446.jpg?resize=700%2C400&ssl=1 2x"},"classes":[]},{"id":4179,"url":"https:\/\/kovakotivara.fi\/sv\/lisatuotteet\/tiedonsaanti-ja-viestinta\/nedis-hatakampiradio-fm\/","url_meta":{"origin":920,"position":1},"title":"Nedis n\u00f6dradio med vev och solpanel","author":"admin","date":"30.9.2025","format":false,"excerpt":"Kannettava DAB+\/FM-h\u00e4t\u00e4kampiradio aurinkopaneelilla Ihanteellinen h\u00e4t\u00e4tilanteissa tai retkeilyn aikana 40 esiasetettua asemaa DAB+ ja FM kanavatallennukset automaattisen skannauksen avulla Lataa k\u00e4sik\u00e4ytt\u00f6isell\u00e4 kampidynamolla, aurinkopaneelilla tai USB-C-kaapelilla USB-C-tulo sis\u00e4\u00e4nrakennetun 2500 mAh:n litiumakun lataamiseen (kaapeli mukana) Powerbank-toiminto mobiililaitteen lataamiseen LED-taskulamppu, jossa on 3 esiasetusta ja taitettava LED-lukuvalo N\u00e4ytt\u00f6 kellolla ja kaksoish\u00e4lytyksell\u00e4 SOS-h\u00e4lytys vilkkuu ja\u2026","rel":"","context":"Liknande inl\u00e4gg","block_context":{"text":"Liknande inl\u00e4gg","link":""},"img":{"alt_text":"h\u00e4t\u00e4kampiradio_2","src":"https:\/\/i0.wp.com\/kovakotivara.fi\/wp-content\/uploads\/2025\/09\/RDFMCR2000BK_P41.jpg?resize=350%2C200&ssl=1","width":350,"height":200,"srcset":"https:\/\/i0.wp.com\/kovakotivara.fi\/wp-content\/uploads\/2025\/09\/RDFMCR2000BK_P41.jpg?resize=350%2C200&ssl=1 1x, https:\/\/i0.wp.com\/kovakotivara.fi\/wp-content\/uploads\/2025\/09\/RDFMCR2000BK_P41.jpg?resize=525%2C300&ssl=1 1.5x, https:\/\/i0.wp.com\/kovakotivara.fi\/wp-content\/uploads\/2025\/09\/RDFMCR2000BK_P41.jpg?resize=700%2C400&ssl=1 2x, https:\/\/i0.wp.com\/kovakotivara.fi\/wp-content\/uploads\/2025\/09\/RDFMCR2000BK_P41.jpg?resize=1050%2C600&ssl=1 3x"},"classes":[]},{"id":2020,"url":"https:\/\/kovakotivara.fi\/sv\/lisatuotteet\/muut-tarvikkeet\/pirkka-aaa-paristot-8-kpl\/","url_meta":{"origin":920,"position":2},"title":"Pirkka AAA-paristot 8 kpl","author":"admin","date":"27.3.2025","format":false,"excerpt":"8 kpl pakkaus AAA-koon paristoja. Tuote myyd\u00e4\u00e4n osana tarvikepakkausta.","rel":"","context":"Liknande inl\u00e4gg","block_context":{"text":"Liknande inl\u00e4gg","link":""},"img":{"alt_text":"Pirkka AAA-paristot 8kpl","src":"https:\/\/i0.wp.com\/kovakotivara.fi\/wp-content\/uploads\/2025\/03\/6438428688342.png?resize=350%2C200&ssl=1","width":350,"height":200,"srcset":"https:\/\/i0.wp.com\/kovakotivara.fi\/wp-content\/uploads\/2025\/03\/6438428688342.png?resize=350%2C200&ssl=1 1x, https:\/\/i0.wp.com\/kovakotivara.fi\/wp-content\/uploads\/2025\/03\/6438428688342.png?resize=525%2C300&ssl=1 1.5x, https:\/\/i0.wp.com\/kovakotivara.fi\/wp-content\/uploads\/2025\/03\/6438428688342.png?resize=700%2C400&ssl=1 2x, https:\/\/i0.wp.com\/kovakotivara.fi\/wp-content\/uploads\/2025\/03\/6438428688342.png?resize=1050%2C600&ssl=1 3x, https:\/\/i0.wp.com\/kovakotivara.fi\/wp-content\/uploads\/2025\/03\/6438428688342.png?resize=1400%2C800&ssl=1 4x"},"classes":[]},{"id":3412,"url":"https:\/\/kovakotivara.fi\/sv\/lisatuotteet\/tiedonsaanti-ja-viestinta\/nedis-hatakampiradio-aurinkopaneelilla\/","url_meta":{"origin":920,"position":3},"title":"Nedis n\u00f6dradio med vev och solpanel","author":"admin","date":"8.8.2025","format":false,"excerpt":"Kannettava DAB+\/FM-h\u00e4t\u00e4kampiradio aurinkopaneelilla Ihanteellinen h\u00e4t\u00e4tilanteissa tai retkeilyn aikana 40 esiasetettua asemaa DAB+ ja FM kanavatallennukset automaattisen skannauksen avulla Lataa k\u00e4sik\u00e4ytt\u00f6isell\u00e4 kampidynamolla, aurinkopaneelilla tai USB-C-kaapelilla USB-C-tulo sis\u00e4\u00e4nrakennetun 2500 mAh:n litiumakun lataamiseen (kaapeli mukana) Powerbank-toiminto mobiililaitteen lataamiseen LED-taskulamppu, jossa on 3 esiasetusta ja taitettava LED-lukuvalo N\u00e4ytt\u00f6 kellolla ja kaksoish\u00e4lytyksell\u00e4 SOS-h\u00e4lytys vilkkuu ja\u2026","rel":"","context":"Liknande inl\u00e4gg","block_context":{"text":"Liknande inl\u00e4gg","link":""},"img":{"alt_text":"h\u00e4t\u00e4kampiradio","src":"https:\/\/i0.wp.com\/kovakotivara.fi\/wp-content\/uploads\/2025\/08\/RDDBCR2000GN_P40.jpg?resize=350%2C200&ssl=1","width":350,"height":200,"srcset":"https:\/\/i0.wp.com\/kovakotivara.fi\/wp-content\/uploads\/2025\/08\/RDDBCR2000GN_P40.jpg?resize=350%2C200&ssl=1 1x, https:\/\/i0.wp.com\/kovakotivara.fi\/wp-content\/uploads\/2025\/08\/RDDBCR2000GN_P40.jpg?resize=525%2C300&ssl=1 1.5x, https:\/\/i0.wp.com\/kovakotivara.fi\/wp-content\/uploads\/2025\/08\/RDDBCR2000GN_P40.jpg?resize=700%2C400&ssl=1 2x, https:\/\/i0.wp.com\/kovakotivara.fi\/wp-content\/uploads\/2025\/08\/RDDBCR2000GN_P40.jpg?resize=1050%2C600&ssl=1 3x"},"classes":[]},{"id":931,"url":"https:\/\/kovakotivara.fi\/sv\/lisatuotteet\/valaistus-ja-lampo\/retki-kompakti-otsalamppu\/","url_meta":{"origin":920,"position":4},"title":"Retki Pannlampa  Easy Flex 150 lm","author":"admin","date":"3.3.2025","format":false,"excerpt":"Mycket ljus och kompakt pannlampa med utdragbar nylonsn\u00f6re f\u00f6r panna, handled, cykelstyre. En magnet p\u00e5 baksidan f\u00f6r att f\u00e4sta p\u00e5 ett plan.","rel":"","context":"Liknande inl\u00e4gg","block_context":{"text":"Liknande inl\u00e4gg","link":""},"img":{"alt_text":"Retki Otsalamppu Easy Flex 1","src":"https:\/\/i0.wp.com\/kovakotivara.fi\/wp-content\/uploads\/2025\/03\/6418536004340-1.jpg?resize=350%2C200&ssl=1","width":350,"height":200,"srcset":"https:\/\/i0.wp.com\/kovakotivara.fi\/wp-content\/uploads\/2025\/03\/6418536004340-1.jpg?resize=350%2C200&ssl=1 1x, https:\/\/i0.wp.com\/kovakotivara.fi\/wp-content\/uploads\/2025\/03\/6418536004340-1.jpg?resize=525%2C300&ssl=1 1.5x, https:\/\/i0.wp.com\/kovakotivara.fi\/wp-content\/uploads\/2025\/03\/6418536004340-1.jpg?resize=700%2C400&ssl=1 2x, https:\/\/i0.wp.com\/kovakotivara.fi\/wp-content\/uploads\/2025\/03\/6418536004340-1.jpg?resize=1050%2C600&ssl=1 3x"},"classes":[]},{"id":2771,"url":"https:\/\/kovakotivara.fi\/sv\/kotivarapakkaukset\/retkisetti\/","url_meta":{"origin":920,"position":5},"title":"Retki set","author":"admin","date":"12.5.2025","format":false,"excerpt":"Retkisetti \u2013 Kotivarasi peruspilaritMonipuolinen ja kompakti setti, joka kattaa t\u00e4rkeimm\u00e4t varusteet h\u00e4t\u00e4tilanteisiin kotivarassa \u2013 mutta toimii yht\u00e4 lailla retkell\u00e4, automatkalla tai veneess\u00e4. Pieni pakkauskoko, kevyt kantaa ja helppo sijoittaa esimerkiksi varastoon, autoon tai veneen s\u00e4ilytystilaan. \u2705 Kotivaraksi: Pienell\u00e4 tilalla saat kattavat h\u00e4t\u00e4varusteet s\u00e4hk\u00f6katkoon, myrskyyn tai ensiaputilanteisiin. \u2705 Retkelle ja reissuun:\u2026","rel":"","context":"Liknande inl\u00e4gg","block_context":{"text":"Liknande inl\u00e4gg","link":""},"img":{"alt_text":"retkisetti","src":"https:\/\/i0.wp.com\/kovakotivara.fi\/wp-content\/uploads\/2025\/05\/retkisetti3.jpg?resize=350%2C200&ssl=1","width":350,"height":200,"srcset":"https:\/\/i0.wp.com\/kovakotivara.fi\/wp-content\/uploads\/2025\/05\/retkisetti3.jpg?resize=350%2C200&ssl=1 1x, https:\/\/i0.wp.com\/kovakotivara.fi\/wp-content\/uploads\/2025\/05\/retkisetti3.jpg?resize=525%2C300&ssl=1 1.5x, https:\/\/i0.wp.com\/kovakotivara.fi\/wp-content\/uploads\/2025\/05\/retkisetti3.jpg?resize=700%2C400&ssl=1 2x, https:\/\/i0.wp.com\/kovakotivara.fi\/wp-content\/uploads\/2025\/05\/retkisetti3.jpg?resize=1050%2C600&ssl=1 3x"},"classes":[]}],"jetpack_sharing_enabled":true,"jetpack_likes_enabled":true,"_links":{"self":[{"href":"https:\/\/kovakotivara.fi\/sv\/wp-json\/wp\/v2\/product\/920","targetHints":{"allow":["GET"]}}],"collection":[{"href":"https:\/\/kovakotivara.fi\/sv\/wp-json\/wp\/v2\/product"}],"about":[{"href":"https:\/\/kovakotivara.fi\/sv\/wp-json\/wp\/v2\/types\/product"}],"replies":[{"embeddable":true,"href":"https:\/\/kovakotivara.fi\/sv\/wp-json\/wp\/v2\/comments?post=920"}],"wp:featuredmedia":[{"embeddable":true,"href":"https:\/\/kovakotivara.fi\/sv\/wp-json\/wp\/v2\/media\/2578"}],"wp:attachment":[{"href":"https:\/\/kovakotivara.fi\/sv\/wp-json\/wp\/v2\/media?parent=920"}],"wp:term":[{"taxonomy":"product_brand","embeddable":true,"href":"https:\/\/kovakotivara.fi\/sv\/wp-json\/wp\/v2\/product_brand?post=920"},{"taxonomy":"product_cat","embeddable":true,"href":"https:\/\/kovakotivara.fi\/sv\/wp-json\/wp\/v2\/product_cat?post=920"},{"taxonomy":"product_tag","embeddable":true,"href":"https:\/\/kovakotivara.fi\/sv\/wp-json\/wp\/v2\/product_tag?post=920"},{"taxonomy":"berocket_brand","embeddable":true,"href":"https:\/\/kovakotivara.fi\/sv\/wp-json\/wp\/v2\/berocket_brand?post=920"}],"curies":[{"name":"wp","href":"https:\/\/api.w.org\/{rel}","templated":true}]}}