{"id":4072,"date":"2025-09-24T18:07:52","date_gmt":"2025-09-24T15:07:52","guid":{"rendered":"https:\/\/kovakotivara.fi\/?post_type=product&#038;p=4072"},"modified":"2025-10-07T21:11:34","modified_gmt":"2025-10-07T18:11:34","slug":"summit-to-eat-retkiruoka-5-pavun-papupata","status":"publish","type":"product","link":"https:\/\/kovakotivara.fi\/sv\/lisatuotteet\/ruoka-ja-ruoanvalmistus\/summit-to-eat-retkiruoka-5-pavun-papupata\/","title":{"rendered":"Summit To Eat 5 Bean Cassoulet"},"content":{"rendered":"<h3>Summit To Eat 5 Bean Cassoulet med \u00f6rt-vitl\u00f6kss\u00e5s\ud83c\udf31<\/h3>\n<p data-start=\"144\" data-end=\"213\"><strong data-start=\"144\" data-end=\"211\">Vegansk, glutenfri, laktosfri - frystorkad m\u00e5ltid f\u00f6r en person<\/strong><\/p>\n<p data-start=\"215\" data-end=\"412\">En uts\u00f6kt b\u00f6ngryta som kombinerar flera b\u00f6nor, gr\u00f6nsaker och en fyllig \u00f6rt- och vitl\u00f6kss\u00e5s. Den perfekta varma m\u00e5ltiden som snabbt stillar hungern i naturen, p\u00e5 stugan eller mitt i en arbetsdag.<\/p>\n<p data-start=\"414\" data-end=\"602\">Summit To Eat-m\u00e5ltider tillagas som en vanlig hemlagad m\u00e5ltid och frystorkas sedan, vilket s\u00e4kerst\u00e4ller enhetliga smaker och aromer genom hela m\u00e5ltiden, utan behov av tillsatser.<\/p>\n<p data-start=\"604\" data-end=\"627\"><strong data-start=\"604\" data-end=\"625\">L\u00e4ttlagad:<\/strong><\/p>\n<ol data-start=\"628\" data-end=\"710\">\n<li data-start=\"628\" data-end=\"657\">\n<p data-start=\"631\" data-end=\"657\">H\u00e4ll hett vatten i p\u00e5sen<\/p>\n<\/li>\n<li data-start=\"658\" data-end=\"670\">\n<p data-start=\"661\" data-end=\"670\">Blanda<\/p>\n<\/li>\n<li data-start=\"671\" data-end=\"710\">\n<p data-start=\"674\" data-end=\"710\">V\u00e4nta ett par minuter - och njut!<\/p>\n<\/li>\n<\/ol>\n<p>\u2705 L\u00e5ng h\u00e5llbarhet: t.o.m. 7 \u00e5r fr\u00e5n tillverkningsdatum<br \/>\n\u2705  Inget maltodextrin, palmolja, natriumglutamat eller konstgjorda smak\u00e4mnen<br \/>\n\u2705  Praktisk f\u00f6r vandring, p\u00e5 b\u00e5ten, i stugan eller p\u00e5  byggplatsen<br \/>\n\u2705  H\u00e5ller i 7 \u00e5r fr\u00e5n tillverkningsdatum<br \/>\n\u2705  Laktosfri, glutenfri och vegansk<\/p>\n<p><a href=\"https:\/\/summit2eat.com\/\" target=\"_blank\" rel=\"noopener\">L\u00e4nk till tillverkarens sidor<\/a><\/p>","protected":false},"excerpt":{"rendered":"<p><strong>Summit To Eat - 5 Bean Cassoulet<\/strong><br \/>\nVegansk frystorkad m\u00e5ltid i en \u00f6rt-vitl\u00f6kss\u00e5s. Rej\u00e4l och enkel att tillaga: tills\u00e4tt bara varmt vatten. Glutenfri, laktosfri, h\u00e5ller i upp till 7 \u00e5r.<\/p>\n<p>\u2705 B\u00e4st f\u00f6re: 7.11.2031<\/p>","protected":false},"featured_media":4073,"comment_status":"open","ping_status":"closed","template":"","meta":{"_kad_post_transparent":"default","_kad_post_title":"","_kad_post_layout":"default","_kad_post_sidebar_id":"","_kad_post_content_style":"default","_kad_post_vertical_padding":"default","_kad_post_feature":"","_kad_post_feature_position":"","_kad_post_header":false,"_kad_post_footer":false,"_kad_post_classname":"","jetpack_publicize_message":"Summit To Eat retkiruoka","jetpack_publicize_feature_enabled":true,"jetpack_social_post_already_shared":true,"jetpack_social_options":{"image_generator_settings":{"template":"highway","default_image_id":0,"font":"","enabled":false},"version":2}},"product_brand":[],"product_cat":[279],"product_tag":[305],"berocket_brand":[300],"class_list":{"0":"post-4072","1":"product","2":"type-product","3":"status-publish","4":"has-post-thumbnail","6":"product_cat-ruoka-ja-ruoanvalmistus","7":"product_tag-ruoka-ja-ruoanvalmistus","8":"berocket_brand-summit","10":"first","11":"instock","12":"taxable","13":"shipping-taxable","14":"purchasable","15":"product-type-simple","16":"entry","17":"content-bg","18":"loop-entry"},"jetpack_publicize_connections":[],"jetpack-related-posts":[{"id":4064,"url":"https:\/\/kovakotivara.fi\/sv\/lisatuotteet\/ruoka-ja-ruoanvalmistus\/summit-to-eat-nautapata-perunoilla\/","url_meta":{"origin":4072,"position":0},"title":"Summit To Eat Beef And Potato Stew","author":"admin","date":"24.9.2025","format":false,"excerpt":"Summit To Eat \u2013 Naudanlihasuikaleet ja kasvikset kastikkeessaMaukas ja helposti valmistettava retkiateria: perunaa, naudanlihaa ja kasviksia t\u00e4ytel\u00e4isess\u00e4 kastikkeessa. Kaada kuuma vesi pussiin ja ateria on valmis muutamassa minuutissa. Laktoositon, gluteeniton ja s\u00e4ilyy jopa 7 vuotta. \u2705 Parasta ennen: 2.4.2032","rel":"","context":"Liknande inl\u00e4gg","block_context":{"text":"Liknande inl\u00e4gg","link":""},"img":{"alt_text":"Summit to eat nautapata perunoilla","src":"https:\/\/i0.wp.com\/kovakotivara.fi\/wp-content\/uploads\/2025\/09\/summit_beef_front.png?resize=350%2C200&ssl=1","width":350,"height":200,"srcset":"https:\/\/i0.wp.com\/kovakotivara.fi\/wp-content\/uploads\/2025\/09\/summit_beef_front.png?resize=350%2C200&ssl=1 1x, https:\/\/i0.wp.com\/kovakotivara.fi\/wp-content\/uploads\/2025\/09\/summit_beef_front.png?resize=525%2C300&ssl=1 1.5x, https:\/\/i0.wp.com\/kovakotivara.fi\/wp-content\/uploads\/2025\/09\/summit_beef_front.png?resize=700%2C400&ssl=1 2x"},"classes":[]},{"id":3900,"url":"https:\/\/kovakotivara.fi\/sv\/kotivarapakkaukset\/kotivarapakkaus-72h-trek\/","url_meta":{"origin":4072,"position":1},"title":"Beredskapsl\u00e5dan 72h TREK","author":"admin","date":"25.9.2025","format":false,"excerpt":"Ruoka, ruoanvalmistus, vett\u00e4 ja vedenpuhdistus. Soveltuu hyvin kotivaran aloituspaketiksi ja mainiosti my\u00f6s retkeilyyn. Mit\u00e4 laatikko sis\u00e4lt\u00e4\u00e4: \u2705 1 x Aina luotettava Trangia 25-1 UL (sis. 2 x alumiinikattilaa, alumiinipaistinpannu, spriipoltin ja kahva) \u2705 1 x Hyv\u00e4Tuli Spriineste 500ml \u2705 2 x tulitikut \u2705 1 x Kuplika 225 luha (pidempi malli)\u2026","rel":"","context":"Liknande inl\u00e4gg","block_context":{"text":"Liknande inl\u00e4gg","link":""},"img":{"alt_text":"kotivarapakkaus72htrek","src":"https:\/\/i0.wp.com\/kovakotivara.fi\/wp-content\/uploads\/2025\/09\/IMG_3722-scaled.jpg?resize=350%2C200&ssl=1","width":350,"height":200,"srcset":"https:\/\/i0.wp.com\/kovakotivara.fi\/wp-content\/uploads\/2025\/09\/IMG_3722-scaled.jpg?resize=350%2C200&ssl=1 1x, https:\/\/i0.wp.com\/kovakotivara.fi\/wp-content\/uploads\/2025\/09\/IMG_3722-scaled.jpg?resize=525%2C300&ssl=1 1.5x, https:\/\/i0.wp.com\/kovakotivara.fi\/wp-content\/uploads\/2025\/09\/IMG_3722-scaled.jpg?resize=700%2C400&ssl=1 2x, https:\/\/i0.wp.com\/kovakotivara.fi\/wp-content\/uploads\/2025\/09\/IMG_3722-scaled.jpg?resize=1050%2C600&ssl=1 3x, https:\/\/i0.wp.com\/kovakotivara.fi\/wp-content\/uploads\/2025\/09\/IMG_3722-scaled.jpg?resize=1400%2C800&ssl=1 4x"},"classes":[]},{"id":2011,"url":"https:\/\/kovakotivara.fi\/sv\/yleinen\/kertakayttomaski\/","url_meta":{"origin":4072,"position":2},"title":"Summit &#8211; 10kpl &#8211; FFP2 hengityssuojain valkoinen","author":"admin","date":"27.3.2025","format":false,"excerpt":"10 kpl pakkaus FFP2 tason hengistysuojaimia.","rel":"","context":"Liknande inl\u00e4gg","block_context":{"text":"Liknande inl\u00e4gg","link":""},"img":{"alt_text":"","src":"","width":0,"height":0},"classes":[]},{"id":4104,"url":"https:\/\/kovakotivara.fi\/sv\/lisatuotteet\/vesi-ja-vedenpuhdistus\/sawyer-mini-water-filtration-system-vedenpuhdistin\/","url_meta":{"origin":4072,"position":3},"title":"Sawyer Mini Water Filtration System vattenrenare","author":"admin","date":"25.9.2025","format":false,"excerpt":"Sopii retkeilyyn, vaelluksille, leirint\u00e4\u00e4n, partiok\u00e4ytt\u00f6\u00f6n, kotimaiseen ja kansainv\u00e4liseen matkustamiseen sek\u00e4 h\u00e4t\u00e4varautumiseen. T\u00e4yt\u00e4 mukana tuleva juomapussi, kierr\u00e4 suodatin kiinni ja juo suoraan suodattimesta tai purista vesi pulloon. Juo suoraan vedenl\u00e4hteest\u00e4 mukana tulevalla pillill\u00e4. Kierr\u00e4 suodatin tavalliseen 28 mm kierteell\u00e4 varustettuun kertak\u00e4ytt\u00f6pulloon. Liit\u00e4 juomarakon letkuun (myyd\u00e4\u00e4n erikseen).","rel":"","context":"Liknande inl\u00e4gg","block_context":{"text":"Liknande inl\u00e4gg","link":""},"img":{"alt_text":"sawyer mini vedenpuhdistin","src":"https:\/\/i0.wp.com\/kovakotivara.fi\/wp-content\/uploads\/2025\/09\/mini-components-blue-1-500x500-1.jpg?resize=350%2C200&ssl=1","width":350,"height":200},"classes":[]},{"id":917,"url":"https:\/\/kovakotivara.fi\/sv\/lisatuotteet\/vesi-ja-vedenpuhdistus\/vesisailio-kokoontaittuva-15-l\/","url_meta":{"origin":4072,"position":4},"title":"Iceman kokoontaittuva vesis\u00e4ili\u00f6 hanalla 15 l","author":"admin","date":"3.3.2025","format":false,"excerpt":"15 litran kapasiteetti. Tarkoitettu veden kuljettamiseen. \u00c4l\u00e4 s\u00e4ilyt\u00e4 vett\u00e4 t\u00e4ss\u00e4 yli viikkoa tai k\u00e4yt\u00e4 puhdistustabletteja veden pilaantumisen est\u00e4miseksi!","rel":"","context":"Liknande inl\u00e4gg","block_context":{"text":"Liknande inl\u00e4gg","link":""},"img":{"alt_text":"","src":"https:\/\/i0.wp.com\/kovakotivara.fi\/wp-content\/uploads\/2025\/03\/IMG_6427-scaled-e1741025228868.jpeg?resize=350%2C200&ssl=1","width":350,"height":200,"srcset":"https:\/\/i0.wp.com\/kovakotivara.fi\/wp-content\/uploads\/2025\/03\/IMG_6427-scaled-e1741025228868.jpeg?resize=350%2C200&ssl=1 1x, https:\/\/i0.wp.com\/kovakotivara.fi\/wp-content\/uploads\/2025\/03\/IMG_6427-scaled-e1741025228868.jpeg?resize=525%2C300&ssl=1 1.5x, https:\/\/i0.wp.com\/kovakotivara.fi\/wp-content\/uploads\/2025\/03\/IMG_6427-scaled-e1741025228868.jpeg?resize=700%2C400&ssl=1 2x, https:\/\/i0.wp.com\/kovakotivara.fi\/wp-content\/uploads\/2025\/03\/IMG_6427-scaled-e1741025228868.jpeg?resize=1050%2C600&ssl=1 3x, https:\/\/i0.wp.com\/kovakotivara.fi\/wp-content\/uploads\/2025\/03\/IMG_6427-scaled-e1741025228868.jpeg?resize=1400%2C800&ssl=1 4x"},"classes":[]},{"id":3814,"url":"https:\/\/kovakotivara.fi\/sv\/lisatuotteet\/valaistus-ja-lampo\/nedis-ladattava-tyovalo\/","url_meta":{"origin":4072,"position":5},"title":"Nedis laddningsbar arbetslampa","author":"admin","date":"2.9.2025","format":false,"excerpt":"Ladattava LED-ty\u00f6valaisin, jossa on 10 W COB-LED (jopa 1000 lm) ja 5 valaistustilaa sek\u00e4 punainen vilkkuva varoitusvalo. 180\u00b0 s\u00e4\u00e4dett\u00e4v\u00e4 jalusta ja kaksi integroitua magneettia mahdollistavat handsfree-k\u00e4yt\u00f6n korjaamolla, autohuollossa tai kotona. Integroitu Li-Ion-akku tarjoaa jopa 2 h k\u00e4ytt\u00f6aikaa ja varavirtatoiminnon h\u00e4t\u00e4tilanteisiin. USB-C-lataus ja vankka, kumitettu runko.","rel":"","context":"Liknande inl\u00e4gg","block_context":{"text":"Liknande inl\u00e4gg","link":""},"img":{"alt_text":"Nedis Ty\u00f6valaisin","src":"https:\/\/i0.wp.com\/kovakotivara.fi\/wp-content\/uploads\/2025\/09\/LWORR10RD_P41.jpg?resize=350%2C200&ssl=1","width":350,"height":200,"srcset":"https:\/\/i0.wp.com\/kovakotivara.fi\/wp-content\/uploads\/2025\/09\/LWORR10RD_P41.jpg?resize=350%2C200&ssl=1 1x, https:\/\/i0.wp.com\/kovakotivara.fi\/wp-content\/uploads\/2025\/09\/LWORR10RD_P41.jpg?resize=525%2C300&ssl=1 1.5x, https:\/\/i0.wp.com\/kovakotivara.fi\/wp-content\/uploads\/2025\/09\/LWORR10RD_P41.jpg?resize=700%2C400&ssl=1 2x, https:\/\/i0.wp.com\/kovakotivara.fi\/wp-content\/uploads\/2025\/09\/LWORR10RD_P41.jpg?resize=1050%2C600&ssl=1 3x"},"classes":[]}],"jetpack_sharing_enabled":true,"jetpack_likes_enabled":true,"_links":{"self":[{"href":"https:\/\/kovakotivara.fi\/sv\/wp-json\/wp\/v2\/product\/4072","targetHints":{"allow":["GET"]}}],"collection":[{"href":"https:\/\/kovakotivara.fi\/sv\/wp-json\/wp\/v2\/product"}],"about":[{"href":"https:\/\/kovakotivara.fi\/sv\/wp-json\/wp\/v2\/types\/product"}],"replies":[{"embeddable":true,"href":"https:\/\/kovakotivara.fi\/sv\/wp-json\/wp\/v2\/comments?post=4072"}],"wp:featuredmedia":[{"embeddable":true,"href":"https:\/\/kovakotivara.fi\/sv\/wp-json\/wp\/v2\/media\/4073"}],"wp:attachment":[{"href":"https:\/\/kovakotivara.fi\/sv\/wp-json\/wp\/v2\/media?parent=4072"}],"wp:term":[{"taxonomy":"product_brand","embeddable":true,"href":"https:\/\/kovakotivara.fi\/sv\/wp-json\/wp\/v2\/product_brand?post=4072"},{"taxonomy":"product_cat","embeddable":true,"href":"https:\/\/kovakotivara.fi\/sv\/wp-json\/wp\/v2\/product_cat?post=4072"},{"taxonomy":"product_tag","embeddable":true,"href":"https:\/\/kovakotivara.fi\/sv\/wp-json\/wp\/v2\/product_tag?post=4072"},{"taxonomy":"berocket_brand","embeddable":true,"href":"https:\/\/kovakotivara.fi\/sv\/wp-json\/wp\/v2\/berocket_brand?post=4072"}],"curies":[{"name":"wp","href":"https:\/\/api.w.org\/{rel}","templated":true}]}}