{"id":4036,"date":"2025-09-24T13:56:23","date_gmt":"2025-09-24T10:56:23","guid":{"rendered":"https:\/\/kovakotivara.fi\/?post_type=product&#038;p=4036"},"modified":"2025-09-24T14:47:36","modified_gmt":"2025-09-24T11:47:36","slug":"kotivaran-tarkistuslista","status":"publish","type":"product","link":"https:\/\/kovakotivara.fi\/sv\/lisatuotteet\/ladattava-materiaali\/kotivaran-tarkistuslista\/","title":{"rendered":"Hemberedskap checklista"},"content":{"rendered":"<p>Denna checklista inneh\u00e5ller de n\u00f6dv\u00e4ndigaste f\u00f6rn\u00f6denheterna du beh\u00f6ver i en st\u00f6rningssistuation eller kris. De flesta produkterna i den h\u00e4r listan finns tillg\u00e4ngliga i v\u00e5r webbutik.<\/p>\n<p>Med produkten medf\u00f6ljer en nedladdningsl\u00e4nk till svensk- och finskspr\u00e5kigt material.<\/p>","protected":false},"excerpt":{"rendered":"<p>Denna checklista inneh\u00e5ller de n\u00f6dv\u00e4ndigaste f\u00f6rn\u00f6denheterna du beh\u00f6ver i en st\u00f6rningssistuation eller kris. De flesta produkterna i den h\u00e4r listan finns tillg\u00e4ngliga i v\u00e5r webbutik. Du kan ladda ner filen genom att l\u00e4gga den i din varukorg. Efter k\u00f6pprocessen f\u00e5r du en nedladdningsl\u00e4nk till filen <strong>gratis<\/strong>.<\/p>","protected":false},"featured_media":4037,"comment_status":"closed","ping_status":"closed","template":"","meta":{"_kad_post_transparent":"default","_kad_post_title":"","_kad_post_layout":"default","_kad_post_sidebar_id":"","_kad_post_content_style":"default","_kad_post_vertical_padding":"default","_kad_post_feature":"","_kad_post_feature_position":"","_kad_post_header":false,"_kad_post_footer":false,"_kad_post_classname":"","jetpack_publicize_message":"Toimintakortti - s\u00e4hk\u00f6njakelun h\u00e4iri\u00f6tilanne","jetpack_publicize_feature_enabled":true,"jetpack_social_post_already_shared":true,"jetpack_social_options":{"image_generator_settings":{"template":"highway","default_image_id":0,"font":"","enabled":false},"version":2}},"product_brand":[],"product_cat":[299],"product_tag":[],"berocket_brand":[],"class_list":{"0":"post-4036","1":"product","2":"type-product","3":"status-publish","4":"has-post-thumbnail","6":"product_cat-ladattava-materiaali","8":"first","9":"instock","10":"featured","11":"downloadable","12":"virtual","13":"taxable","14":"purchasable","15":"product-type-simple","16":"entry","17":"content-bg","18":"loop-entry"},"jetpack_publicize_connections":[],"jetpack-related-posts":[{"id":4025,"url":"https:\/\/kovakotivara.fi\/sv\/lisatuotteet\/ladattava-materiaali\/toimintakortti-vesikatko\/","url_meta":{"origin":4036,"position":0},"title":"Handlingskort - st\u00f6rningssituation i vattenf\u00f6rs\u00f6rjningen","author":"admin","date":"24.9.2025","format":false,"excerpt":"T\u00e4m\u00e4 toimintakortti sis\u00e4lt\u00e4\u00e4 tietoa vedenjakelun h\u00e4iri\u00f6tilanteista ja niiss\u00e4 toimimisesta. Kortissa on my\u00f6s tarkistuslista tarvikkeista, joita sinulla on hyv\u00e4 olla h\u00e4iri\u00f6tilanteen sattuessa. Voit ladata tiedoston lis\u00e4\u00e4m\u00e4ll\u00e4 sen ostoskoriin. Ostosprosessin j\u00e4lkeen saat latauslinkin tiedostoon ilmaiseksi. Tuotteen mukana toimitetaan latauslinkki sek\u00e4 suomenkieliseen ett\u00e4 ruotsinkieliseen sis\u00e4lt\u00f6\u00f6n. (Ruotsinkielinen versio tulossa pian)","rel":"","context":"Liknande inl\u00e4gg","block_context":{"text":"Liknande inl\u00e4gg","link":""},"img":{"alt_text":"vedenjakelunh\u00e4iri\u00f6","src":"https:\/\/i0.wp.com\/kovakotivara.fi\/wp-content\/uploads\/2025\/09\/vedenjakelun_hairio_cat-scaled.jpg?resize=350%2C200&ssl=1","width":350,"height":200,"srcset":"https:\/\/i0.wp.com\/kovakotivara.fi\/wp-content\/uploads\/2025\/09\/vedenjakelun_hairio_cat-scaled.jpg?resize=350%2C200&ssl=1 1x, https:\/\/i0.wp.com\/kovakotivara.fi\/wp-content\/uploads\/2025\/09\/vedenjakelun_hairio_cat-scaled.jpg?resize=525%2C300&ssl=1 1.5x, https:\/\/i0.wp.com\/kovakotivara.fi\/wp-content\/uploads\/2025\/09\/vedenjakelun_hairio_cat-scaled.jpg?resize=700%2C400&ssl=1 2x, https:\/\/i0.wp.com\/kovakotivara.fi\/wp-content\/uploads\/2025\/09\/vedenjakelun_hairio_cat-scaled.jpg?resize=1050%2C600&ssl=1 3x, https:\/\/i0.wp.com\/kovakotivara.fi\/wp-content\/uploads\/2025\/09\/vedenjakelun_hairio_cat-scaled.jpg?resize=1400%2C800&ssl=1 4x"},"classes":[]},{"id":4034,"url":"https:\/\/kovakotivara.fi\/sv\/lisatuotteet\/ladattava-materiaali\/suojautuminen\/","url_meta":{"origin":4036,"position":1},"title":"Handlingskort - ta skydd","author":"admin","date":"24.9.2025","format":false,"excerpt":"T\u00e4m\u00e4 toimintakortti sis\u00e4lt\u00e4\u00e4 tietoa suojautumisen tarpeesta ja tilanteen aikana toimimisesta. Kortissa on my\u00f6s tarkistuslista tarvikkeista, joita sinulla on hyv\u00e4 olla h\u00e4iri\u00f6tilanteen sattuessa. Voit ladata tiedoston lis\u00e4\u00e4m\u00e4ll\u00e4 sen ostoskoriin. Ostosprosessin j\u00e4lkeen saat latauslinkin tiedostoon ilmaiseksi.","rel":"","context":"Liknande inl\u00e4gg","block_context":{"text":"Liknande inl\u00e4gg","link":""},"img":{"alt_text":"sis\u00e4lle suojautuminen","src":"https:\/\/i0.wp.com\/kovakotivara.fi\/wp-content\/uploads\/2025\/09\/sisallesuojautuminen_cat.png?resize=350%2C200&ssl=1","width":350,"height":200},"classes":[]},{"id":4031,"url":"https:\/\/kovakotivara.fi\/sv\/lisatuotteet\/ladattava-materiaali\/toimintakortti-sahkokatko\/","url_meta":{"origin":4036,"position":2},"title":"Handlingskort - str\u00f6mavbrott","author":"admin","date":"24.9.2025","format":false,"excerpt":"T\u00e4m\u00e4 toimintakortti sis\u00e4lt\u00e4\u00e4 tietoa s\u00e4hk\u00f6njakelun h\u00e4iri\u00f6tilanteista ja s\u00e4hk\u00f6katkojen aikana toimimisesta. Kortissa on my\u00f6s tarkistuslista tarvikkeista, joita sinulla on hyv\u00e4 olla h\u00e4iri\u00f6tilanteen sattuessa. Voit ladata tiedoston lis\u00e4\u00e4m\u00e4ll\u00e4 sen ostoskoriin. Ostosprosessin j\u00e4lkeen saat latauslinkin tiedostoon ilmaiseksi.","rel":"","context":"Liknande inl\u00e4gg","block_context":{"text":"Liknande inl\u00e4gg","link":""},"img":{"alt_text":"s\u00e4hk\u00f6njakelun h\u00e4iri\u00f6","src":"https:\/\/i0.wp.com\/kovakotivara.fi\/wp-content\/uploads\/2025\/09\/sahkonjakelun_hairio_cat-scaled.jpg?resize=350%2C200&ssl=1","width":350,"height":200,"srcset":"https:\/\/i0.wp.com\/kovakotivara.fi\/wp-content\/uploads\/2025\/09\/sahkonjakelun_hairio_cat-scaled.jpg?resize=350%2C200&ssl=1 1x, https:\/\/i0.wp.com\/kovakotivara.fi\/wp-content\/uploads\/2025\/09\/sahkonjakelun_hairio_cat-scaled.jpg?resize=525%2C300&ssl=1 1.5x, https:\/\/i0.wp.com\/kovakotivara.fi\/wp-content\/uploads\/2025\/09\/sahkonjakelun_hairio_cat-scaled.jpg?resize=700%2C400&ssl=1 2x, https:\/\/i0.wp.com\/kovakotivara.fi\/wp-content\/uploads\/2025\/09\/sahkonjakelun_hairio_cat-scaled.jpg?resize=1050%2C600&ssl=1 3x, https:\/\/i0.wp.com\/kovakotivara.fi\/wp-content\/uploads\/2025\/09\/sahkonjakelun_hairio_cat-scaled.jpg?resize=1400%2C800&ssl=1 4x"},"classes":[]},{"id":2806,"url":"https:\/\/kovakotivara.fi\/sv\/kotivarapakkaukset\/tarvikeboksi-m\/","url_meta":{"origin":4036,"position":3},"title":"Beredskapsl\u00e5dan M","author":"admin","date":"22.5.2025","format":false,"excerpt":"V\u00e4ltt\u00e4m\u00e4tt\u00f6mimm\u00e4t tarvikkeet arjen ja kriisin yli selviytymiseen. Fiksu valinta osaksi kotivaraa, m\u00f6kille tai vaikka roadtripille. \u2705 20 hy\u00f6dyllist\u00e4 tuotetta\u2705 Pakattuna kest\u00e4v\u00e4\u00e4n SmartStore-laatikkoon\u2705 Ilmainen toimitus noutopisteeseen\u2705 S\u00e4\u00e4st\u00f6 jopa 30\u202f% verrattuna yksitt\u00e4in ostettuihin tuotteisiin","rel":"","context":"Med 2 kommentarer","block_context":{"text":"Med 2 kommentarer","link":"https:\/\/kovakotivara.fi\/sv\/kotivarapakkaukset\/tarvikeboksi-m\/#comments"},"img":{"alt_text":"Tarvikeboksi M","src":"https:\/\/i0.wp.com\/kovakotivara.fi\/wp-content\/uploads\/2025\/04\/tarvikeboksi_m_yla_thumb-e1744302705446.jpg?resize=350%2C200&ssl=1","width":350,"height":200,"srcset":"https:\/\/i0.wp.com\/kovakotivara.fi\/wp-content\/uploads\/2025\/04\/tarvikeboksi_m_yla_thumb-e1744302705446.jpg?resize=350%2C200&ssl=1 1x, https:\/\/i0.wp.com\/kovakotivara.fi\/wp-content\/uploads\/2025\/04\/tarvikeboksi_m_yla_thumb-e1744302705446.jpg?resize=525%2C300&ssl=1 1.5x, https:\/\/i0.wp.com\/kovakotivara.fi\/wp-content\/uploads\/2025\/04\/tarvikeboksi_m_yla_thumb-e1744302705446.jpg?resize=700%2C400&ssl=1 2x"},"classes":[]},{"id":2776,"url":"https:\/\/kovakotivara.fi\/sv\/lisatuotteet\/ensiapu-ja-hygienia\/retki-ensiapusetti\/","url_meta":{"origin":4036,"position":4},"title":"Retki F\u00f6rsta Hj\u00e4lpen Kit","author":"admin","date":"12.5.2025","format":false,"excerpt":"Ensiapupakkaus & pelastuslakana \u2013 H\u00e4t\u00e4pakettiKompakti kaksikko turvaa sek\u00e4 ensiaputarpeet ett\u00e4 l\u00e4mm\u00f6n s\u00e4ilymisen h\u00e4t\u00e4tilanteissa. Sopii erinomaisesti kotivaraan, retkireppuun, autoon tai veneeseen. \u2705 Kotivara ja ensiapu S\u00e4ilyt\u00e4 molemmat tuotteet yhdess\u00e4 selke\u00e4ss\u00e4 paketissa kotona tai m\u00f6kill\u00e4 \u2013 l\u00f6yd\u00e4t tarvikkeet heti, jos tapaturma tai \u00e4killinen kylmyys iskee. \u2705 Retkelle ja automatkalle Kevyt ja pieni\u2026","rel":"","context":"Liknande inl\u00e4gg","block_context":{"text":"Liknande inl\u00e4gg","link":""},"img":{"alt_text":"Retki EA + Pel. lakana","src":"https:\/\/i0.wp.com\/kovakotivara.fi\/wp-content\/uploads\/2025\/05\/retkisetti.jpeg?resize=350%2C200&ssl=1","width":350,"height":200,"srcset":"https:\/\/i0.wp.com\/kovakotivara.fi\/wp-content\/uploads\/2025\/05\/retkisetti.jpeg?resize=350%2C200&ssl=1 1x, https:\/\/i0.wp.com\/kovakotivara.fi\/wp-content\/uploads\/2025\/05\/retkisetti.jpeg?resize=525%2C300&ssl=1 1.5x, https:\/\/i0.wp.com\/kovakotivara.fi\/wp-content\/uploads\/2025\/05\/retkisetti.jpeg?resize=700%2C400&ssl=1 2x, https:\/\/i0.wp.com\/kovakotivara.fi\/wp-content\/uploads\/2025\/05\/retkisetti.jpeg?resize=1050%2C600&ssl=1 3x, https:\/\/i0.wp.com\/kovakotivara.fi\/wp-content\/uploads\/2025\/05\/retkisetti.jpeg?resize=1400%2C800&ssl=1 4x"},"classes":[]},{"id":4891,"url":"https:\/\/kovakotivara.fi\/sv\/lisatuotteet\/muut-tarvikkeet\/tulitikkuaski\/","url_meta":{"origin":4036,"position":5},"title":"T\u00e4ndstickor","author":"admin","date":"9.10.2025","format":false,"excerpt":"Perinteinen ja jokaisen tuntema askillinen tulitikkuja. Tulitikut ovat olennainen osa kotivaraa.","rel":"","context":"Liknande inl\u00e4gg","block_context":{"text":"Liknande inl\u00e4gg","link":""},"img":{"alt_text":"","src":"","width":0,"height":0},"classes":[]}],"jetpack_sharing_enabled":true,"jetpack_likes_enabled":true,"_links":{"self":[{"href":"https:\/\/kovakotivara.fi\/sv\/wp-json\/wp\/v2\/product\/4036","targetHints":{"allow":["GET"]}}],"collection":[{"href":"https:\/\/kovakotivara.fi\/sv\/wp-json\/wp\/v2\/product"}],"about":[{"href":"https:\/\/kovakotivara.fi\/sv\/wp-json\/wp\/v2\/types\/product"}],"replies":[{"embeddable":true,"href":"https:\/\/kovakotivara.fi\/sv\/wp-json\/wp\/v2\/comments?post=4036"}],"wp:featuredmedia":[{"embeddable":true,"href":"https:\/\/kovakotivara.fi\/sv\/wp-json\/wp\/v2\/media\/4037"}],"wp:attachment":[{"href":"https:\/\/kovakotivara.fi\/sv\/wp-json\/wp\/v2\/media?parent=4036"}],"wp:term":[{"taxonomy":"product_brand","embeddable":true,"href":"https:\/\/kovakotivara.fi\/sv\/wp-json\/wp\/v2\/product_brand?post=4036"},{"taxonomy":"product_cat","embeddable":true,"href":"https:\/\/kovakotivara.fi\/sv\/wp-json\/wp\/v2\/product_cat?post=4036"},{"taxonomy":"product_tag","embeddable":true,"href":"https:\/\/kovakotivara.fi\/sv\/wp-json\/wp\/v2\/product_tag?post=4036"},{"taxonomy":"berocket_brand","embeddable":true,"href":"https:\/\/kovakotivara.fi\/sv\/wp-json\/wp\/v2\/berocket_brand?post=4036"}],"curies":[{"name":"wp","href":"https:\/\/api.w.org\/{rel}","templated":true}]}}