{"id":4031,"date":"2025-09-24T13:01:07","date_gmt":"2025-09-24T10:01:07","guid":{"rendered":"https:\/\/kovakotivara.fi\/?post_type=product&#038;p=4031"},"modified":"2025-09-24T14:49:23","modified_gmt":"2025-09-24T11:49:23","slug":"toimintakortti-sahkokatko","status":"publish","type":"product","link":"https:\/\/kovakotivara.fi\/sv\/lisatuotteet\/ladattava-materiaali\/toimintakortti-sahkokatko\/","title":{"rendered":"Handlingskort - str\u00f6mavbrott"},"content":{"rendered":"<p>Detta handlingskort inneh\u00e5ller information om str\u00f6mavbrott och handlande under dessa. I kortet finns \u00e4ven en checklista med f\u00f6rn\u00f6denheter som \u00e4r bra att ha under st\u00f6rningssituationen.<\/p>\n<p>Med produkten medf\u00f6ljer en nedladdningsl\u00e4nk till svensk- och finskspr\u00e5kigt material. <strong>(Svenskspr\u00e5kig version p\u00e5 kommande snart)<\/strong><\/p>","protected":false},"excerpt":{"rendered":"<p>Detta handlingskort inneh\u00e5ller information om str\u00f6mavbrott och handlande under dessa. I kortet finns \u00e4ven en checklista med f\u00f6rn\u00f6denheter som \u00e4r bra att ha under st\u00f6rningssituationen. Du kan ladda ner filen genom att l\u00e4gga den i din varukorg. Efter k\u00f6pprocessen f\u00e5r du en nedladdningsl\u00e4nk till filen <strong>gratis<\/strong>.<\/p>","protected":false},"featured_media":4032,"comment_status":"closed","ping_status":"closed","template":"","meta":{"_kad_post_transparent":"default","_kad_post_title":"","_kad_post_layout":"default","_kad_post_sidebar_id":"","_kad_post_content_style":"default","_kad_post_vertical_padding":"default","_kad_post_feature":"","_kad_post_feature_position":"","_kad_post_header":false,"_kad_post_footer":false,"_kad_post_classname":"","jetpack_publicize_message":"Toimintakortti - s\u00e4hk\u00f6njakelun h\u00e4iri\u00f6tilanne","jetpack_publicize_feature_enabled":true,"jetpack_social_post_already_shared":true,"jetpack_social_options":{"image_generator_settings":{"template":"highway","default_image_id":0,"font":"","enabled":false},"version":2}},"product_brand":[],"product_cat":[299],"product_tag":[],"berocket_brand":[],"class_list":{"0":"post-4031","1":"product","2":"type-product","3":"status-publish","4":"has-post-thumbnail","6":"product_cat-ladattava-materiaali","8":"first","9":"instock","10":"featured","11":"downloadable","12":"virtual","13":"taxable","14":"purchasable","15":"product-type-simple","16":"entry","17":"content-bg","18":"loop-entry"},"jetpack_publicize_connections":[],"jetpack-related-posts":[{"id":4025,"url":"https:\/\/kovakotivara.fi\/sv\/lisatuotteet\/ladattava-materiaali\/toimintakortti-vesikatko\/","url_meta":{"origin":4031,"position":0},"title":"Handlingskort - st\u00f6rningssituation i vattenf\u00f6rs\u00f6rjningen","author":"admin","date":"24.9.2025","format":false,"excerpt":"T\u00e4m\u00e4 toimintakortti sis\u00e4lt\u00e4\u00e4 tietoa vedenjakelun h\u00e4iri\u00f6tilanteista ja niiss\u00e4 toimimisesta. Kortissa on my\u00f6s tarkistuslista tarvikkeista, joita sinulla on hyv\u00e4 olla h\u00e4iri\u00f6tilanteen sattuessa. Voit ladata tiedoston lis\u00e4\u00e4m\u00e4ll\u00e4 sen ostoskoriin. Ostosprosessin j\u00e4lkeen saat latauslinkin tiedostoon ilmaiseksi. Tuotteen mukana toimitetaan latauslinkki sek\u00e4 suomenkieliseen ett\u00e4 ruotsinkieliseen sis\u00e4lt\u00f6\u00f6n. (Ruotsinkielinen versio tulossa pian)","rel":"","context":"Liknande inl\u00e4gg","block_context":{"text":"Liknande inl\u00e4gg","link":""},"img":{"alt_text":"vedenjakelunh\u00e4iri\u00f6","src":"https:\/\/i0.wp.com\/kovakotivara.fi\/wp-content\/uploads\/2025\/09\/vedenjakelun_hairio_cat-scaled.jpg?resize=350%2C200&ssl=1","width":350,"height":200,"srcset":"https:\/\/i0.wp.com\/kovakotivara.fi\/wp-content\/uploads\/2025\/09\/vedenjakelun_hairio_cat-scaled.jpg?resize=350%2C200&ssl=1 1x, https:\/\/i0.wp.com\/kovakotivara.fi\/wp-content\/uploads\/2025\/09\/vedenjakelun_hairio_cat-scaled.jpg?resize=525%2C300&ssl=1 1.5x, https:\/\/i0.wp.com\/kovakotivara.fi\/wp-content\/uploads\/2025\/09\/vedenjakelun_hairio_cat-scaled.jpg?resize=700%2C400&ssl=1 2x, https:\/\/i0.wp.com\/kovakotivara.fi\/wp-content\/uploads\/2025\/09\/vedenjakelun_hairio_cat-scaled.jpg?resize=1050%2C600&ssl=1 3x, https:\/\/i0.wp.com\/kovakotivara.fi\/wp-content\/uploads\/2025\/09\/vedenjakelun_hairio_cat-scaled.jpg?resize=1400%2C800&ssl=1 4x"},"classes":[]},{"id":4034,"url":"https:\/\/kovakotivara.fi\/sv\/lisatuotteet\/ladattava-materiaali\/suojautuminen\/","url_meta":{"origin":4031,"position":1},"title":"Handlingskort - ta skydd","author":"admin","date":"24.9.2025","format":false,"excerpt":"T\u00e4m\u00e4 toimintakortti sis\u00e4lt\u00e4\u00e4 tietoa suojautumisen tarpeesta ja tilanteen aikana toimimisesta. Kortissa on my\u00f6s tarkistuslista tarvikkeista, joita sinulla on hyv\u00e4 olla h\u00e4iri\u00f6tilanteen sattuessa. Voit ladata tiedoston lis\u00e4\u00e4m\u00e4ll\u00e4 sen ostoskoriin. Ostosprosessin j\u00e4lkeen saat latauslinkin tiedostoon ilmaiseksi.","rel":"","context":"Liknande inl\u00e4gg","block_context":{"text":"Liknande inl\u00e4gg","link":""},"img":{"alt_text":"sis\u00e4lle suojautuminen","src":"https:\/\/i0.wp.com\/kovakotivara.fi\/wp-content\/uploads\/2025\/09\/sisallesuojautuminen_cat.png?resize=350%2C200&ssl=1","width":350,"height":200},"classes":[]},{"id":4036,"url":"https:\/\/kovakotivara.fi\/sv\/lisatuotteet\/ladattava-materiaali\/kotivaran-tarkistuslista\/","url_meta":{"origin":4031,"position":2},"title":"Hemberedskap checklista","author":"admin","date":"24.9.2025","format":false,"excerpt":"T\u00e4m\u00e4 tarkistuslista sis\u00e4lt\u00e4\u00e4 olennaiset tarvikkeet, joita tarvitset osaksi kotivaraa tai kriisin sattuessa. T\u00e4m\u00e4n listan tuotteista valtaosa on saatavilla verkkokaupastamme. Voit ladata tiedoston lis\u00e4\u00e4m\u00e4ll\u00e4 sen ostoskoriin. Ostosprosessin j\u00e4lkeen saat latauslinkin tiedostoon ilmaiseksi.","rel":"","context":"Liknande inl\u00e4gg","block_context":{"text":"Liknande inl\u00e4gg","link":""},"img":{"alt_text":"tarkistuslista","src":"https:\/\/i0.wp.com\/kovakotivara.fi\/wp-content\/uploads\/2025\/09\/checklist_cat.png?resize=350%2C200&ssl=1","width":350,"height":200},"classes":[]},{"id":921,"url":"https:\/\/kovakotivara.fi\/sv\/lisatuotteet\/tiedonsaanti-ja-viestinta\/nedis-virtapankki-10000mah\/","url_meta":{"origin":4031,"position":3},"title":"Nedis Powerbank 10000mAh","author":"admin","date":"3.3.2025","format":false,"excerpt":"I den b\u00e4rbara powerbanken finns 10 000 mAh:s kapacitet. En n\u00f6dv\u00e4ndig produkt vid elavbrott.","rel":"","context":"Liknande inl\u00e4gg","block_context":{"text":"Liknande inl\u00e4gg","link":""},"img":{"alt_text":"Nedis - virtapankki","src":"https:\/\/i0.wp.com\/kovakotivara.fi\/wp-content\/uploads\/2025\/03\/UPBKPD10000BK-1.jpeg?resize=350%2C200&ssl=1","width":350,"height":200,"srcset":"https:\/\/i0.wp.com\/kovakotivara.fi\/wp-content\/uploads\/2025\/03\/UPBKPD10000BK-1.jpeg?resize=350%2C200&ssl=1 1x, https:\/\/i0.wp.com\/kovakotivara.fi\/wp-content\/uploads\/2025\/03\/UPBKPD10000BK-1.jpeg?resize=525%2C300&ssl=1 1.5x, https:\/\/i0.wp.com\/kovakotivara.fi\/wp-content\/uploads\/2025\/03\/UPBKPD10000BK-1.jpeg?resize=700%2C400&ssl=1 2x, https:\/\/i0.wp.com\/kovakotivara.fi\/wp-content\/uploads\/2025\/03\/UPBKPD10000BK-1.jpeg?resize=1050%2C600&ssl=1 3x, https:\/\/i0.wp.com\/kovakotivara.fi\/wp-content\/uploads\/2025\/03\/UPBKPD10000BK-1.jpeg?resize=1400%2C800&ssl=1 4x"},"classes":[]},{"id":3814,"url":"https:\/\/kovakotivara.fi\/sv\/lisatuotteet\/valaistus-ja-lampo\/nedis-ladattava-tyovalo\/","url_meta":{"origin":4031,"position":4},"title":"Nedis laddningsbar arbetslampa","author":"admin","date":"2.9.2025","format":false,"excerpt":"Ladattava LED-ty\u00f6valaisin, jossa on 10 W COB-LED (jopa 1000 lm) ja 5 valaistustilaa sek\u00e4 punainen vilkkuva varoitusvalo. 180\u00b0 s\u00e4\u00e4dett\u00e4v\u00e4 jalusta ja kaksi integroitua magneettia mahdollistavat handsfree-k\u00e4yt\u00f6n korjaamolla, autohuollossa tai kotona. Integroitu Li-Ion-akku tarjoaa jopa 2 h k\u00e4ytt\u00f6aikaa ja varavirtatoiminnon h\u00e4t\u00e4tilanteisiin. USB-C-lataus ja vankka, kumitettu runko.","rel":"","context":"Liknande inl\u00e4gg","block_context":{"text":"Liknande inl\u00e4gg","link":""},"img":{"alt_text":"Nedis Ty\u00f6valaisin","src":"https:\/\/i0.wp.com\/kovakotivara.fi\/wp-content\/uploads\/2025\/09\/LWORR10RD_P41.jpg?resize=350%2C200&ssl=1","width":350,"height":200,"srcset":"https:\/\/i0.wp.com\/kovakotivara.fi\/wp-content\/uploads\/2025\/09\/LWORR10RD_P41.jpg?resize=350%2C200&ssl=1 1x, https:\/\/i0.wp.com\/kovakotivara.fi\/wp-content\/uploads\/2025\/09\/LWORR10RD_P41.jpg?resize=525%2C300&ssl=1 1.5x, https:\/\/i0.wp.com\/kovakotivara.fi\/wp-content\/uploads\/2025\/09\/LWORR10RD_P41.jpg?resize=700%2C400&ssl=1 2x, https:\/\/i0.wp.com\/kovakotivara.fi\/wp-content\/uploads\/2025\/09\/LWORR10RD_P41.jpg?resize=1050%2C600&ssl=1 3x"},"classes":[]},{"id":2771,"url":"https:\/\/kovakotivara.fi\/sv\/kotivarapakkaukset\/retkisetti\/","url_meta":{"origin":4031,"position":5},"title":"Retki set","author":"admin","date":"12.5.2025","format":false,"excerpt":"Retkisetti \u2013 Kotivarasi peruspilaritMonipuolinen ja kompakti setti, joka kattaa t\u00e4rkeimm\u00e4t varusteet h\u00e4t\u00e4tilanteisiin kotivarassa \u2013 mutta toimii yht\u00e4 lailla retkell\u00e4, automatkalla tai veneess\u00e4. Pieni pakkauskoko, kevyt kantaa ja helppo sijoittaa esimerkiksi varastoon, autoon tai veneen s\u00e4ilytystilaan. \u2705 Kotivaraksi: Pienell\u00e4 tilalla saat kattavat h\u00e4t\u00e4varusteet s\u00e4hk\u00f6katkoon, myrskyyn tai ensiaputilanteisiin. \u2705 Retkelle ja reissuun:\u2026","rel":"","context":"Liknande inl\u00e4gg","block_context":{"text":"Liknande inl\u00e4gg","link":""},"img":{"alt_text":"retkisetti","src":"https:\/\/i0.wp.com\/kovakotivara.fi\/wp-content\/uploads\/2025\/05\/retkisetti3.jpg?resize=350%2C200&ssl=1","width":350,"height":200,"srcset":"https:\/\/i0.wp.com\/kovakotivara.fi\/wp-content\/uploads\/2025\/05\/retkisetti3.jpg?resize=350%2C200&ssl=1 1x, https:\/\/i0.wp.com\/kovakotivara.fi\/wp-content\/uploads\/2025\/05\/retkisetti3.jpg?resize=525%2C300&ssl=1 1.5x, https:\/\/i0.wp.com\/kovakotivara.fi\/wp-content\/uploads\/2025\/05\/retkisetti3.jpg?resize=700%2C400&ssl=1 2x, https:\/\/i0.wp.com\/kovakotivara.fi\/wp-content\/uploads\/2025\/05\/retkisetti3.jpg?resize=1050%2C600&ssl=1 3x"},"classes":[]}],"jetpack_sharing_enabled":true,"jetpack_likes_enabled":true,"_links":{"self":[{"href":"https:\/\/kovakotivara.fi\/sv\/wp-json\/wp\/v2\/product\/4031","targetHints":{"allow":["GET"]}}],"collection":[{"href":"https:\/\/kovakotivara.fi\/sv\/wp-json\/wp\/v2\/product"}],"about":[{"href":"https:\/\/kovakotivara.fi\/sv\/wp-json\/wp\/v2\/types\/product"}],"replies":[{"embeddable":true,"href":"https:\/\/kovakotivara.fi\/sv\/wp-json\/wp\/v2\/comments?post=4031"}],"wp:featuredmedia":[{"embeddable":true,"href":"https:\/\/kovakotivara.fi\/sv\/wp-json\/wp\/v2\/media\/4032"}],"wp:attachment":[{"href":"https:\/\/kovakotivara.fi\/sv\/wp-json\/wp\/v2\/media?parent=4031"}],"wp:term":[{"taxonomy":"product_brand","embeddable":true,"href":"https:\/\/kovakotivara.fi\/sv\/wp-json\/wp\/v2\/product_brand?post=4031"},{"taxonomy":"product_cat","embeddable":true,"href":"https:\/\/kovakotivara.fi\/sv\/wp-json\/wp\/v2\/product_cat?post=4031"},{"taxonomy":"product_tag","embeddable":true,"href":"https:\/\/kovakotivara.fi\/sv\/wp-json\/wp\/v2\/product_tag?post=4031"},{"taxonomy":"berocket_brand","embeddable":true,"href":"https:\/\/kovakotivara.fi\/sv\/wp-json\/wp\/v2\/berocket_brand?post=4031"}],"curies":[{"name":"wp","href":"https:\/\/api.w.org\/{rel}","templated":true}]}}