{"id":4006,"date":"2025-09-23T23:34:58","date_gmt":"2025-09-23T20:34:58","guid":{"rendered":"https:\/\/kovakotivara.fi\/?post_type=product&#038;p=4006"},"modified":"2025-09-28T21:51:18","modified_gmt":"2025-09-28T18:51:18","slug":"hyvatuli-polttoneste-500ml","status":"publish","type":"product","link":"https:\/\/kovakotivara.fi\/sv\/lisatuotteet\/ruoka-ja-ruoanvalmistus\/hyvatuli-polttoneste-500ml\/","title":{"rendered":"Hyv\u00e4 tuli br\u00e4nsle 500ml"},"content":{"rendered":"<h2 data-rm-block-id=\"block-1\"><strong data-start=\"57\" data-end=\"107\">Polttoneste fondue-patoihin ja spriikeittimiin<\/strong><\/h2>\n<p data-rm-block-id=\"block-2\">Ett h\u00f6gkvalitativt br\u00e4nsle som \u00e4r idealiskt f\u00f6r fonduegrytor och spritkokare. Brinner rent \u2013 \u200b\u200bluktfritt och sotfritt. Tillverkad av h\u00f6ggradigt denaturerad etanol f\u00f6r s\u00e4ker och effektiv anv\u00e4ndning.<\/p>\n<p data-rm-block-id=\"block-3\"><a href=\"https:\/\/kovakotivara.fi\/sv\/ruoka-ja-ruoanvalmistus\/\">Se \u00f6vriga produkter i kategorin Mat och matlagning<\/a><\/p>\n<p data-rm-block-id=\"block-4\"><a href=\"https:\/\/www.berner.fi\/\" target=\"_blank\" rel=\"noopener\">L\u00e4nk till tillverkarens sidor<\/a><\/p>\n<p data-rm-block-id=\"block-5\">","protected":false},"excerpt":{"rendered":"<h2><strong data-start=\"57\" data-end=\"107\">Hyv\u00e4tuli polttoneste fondue-patoihin ja spriikeittimiin<\/strong><\/h2>\n<p>Korkealaatuinen polttoneste, joka soveltuu erinomaisesti fondue-patoihin ja spriikeittimiin. Palaa puhtaasti \u2013 ilman hajua ja ilman nokea. Valmistettu vahvasti denaturoidusta etanolista turvalliseen ja tehokkaaseen k\u00e4ytt\u00f6\u00f6n.<\/p>\n[su_note note_color=\"#669fff\" text_color=\"#ffffff\" radius=\"10\"]Tuote on tilap\u00e4isesti loppu omasta varastostamme, mutta se tilataan heti toimittajalta, kun teet tilauksen. T\u00e4m\u00e4n vuoksi toimitusaika voi olla noin 2\u20137 p\u00e4iv\u00e4\u00e4 normaalia pidempi. Voit kuitenkin huoletta tilata tuotteen \u2013 se toimitetaan sinulle heti, kun se saapuu varastoomme.[\/su_note]\n","protected":false},"featured_media":4088,"comment_status":"open","ping_status":"closed","template":"","meta":{"_kad_post_transparent":"default","_kad_post_title":"","_kad_post_layout":"default","_kad_post_sidebar_id":"","_kad_post_content_style":"default","_kad_post_vertical_padding":"default","_kad_post_feature":"","_kad_post_feature_position":"","_kad_post_header":false,"_kad_post_footer":false,"_kad_post_classname":"","jetpack_publicize_message":"Hyv\u00e4 tuli polttoneste 500ml","jetpack_publicize_feature_enabled":true,"jetpack_social_post_already_shared":true,"jetpack_social_options":{"image_generator_settings":{"template":"highway","default_image_id":0,"font":"","enabled":false},"version":2}},"product_brand":[],"product_cat":[279],"product_tag":[],"berocket_brand":[],"class_list":{"0":"post-4006","1":"product","2":"type-product","3":"status-publish","4":"has-post-thumbnail","6":"product_cat-ruoka-ja-ruoanvalmistus","8":"first","9":"onbackorder","10":"taxable","11":"shipping-taxable","12":"purchasable","13":"product-type-simple","14":"entry","15":"content-bg","16":"loop-entry"},"jetpack_publicize_connections":[],"jetpack-related-posts":[{"id":555,"url":"https:\/\/kovakotivara.fi\/sv\/lisatuotteet\/ensiapu-ja-hygienia\/lv-kasidesinfiointi-geeli-100ml-noro\/","url_meta":{"origin":4006,"position":0},"title":"LV k\u00e4sidesinfiointi geeli 100ml Noro","author":"admin","date":"20.2.2025","format":false,"excerpt":"LV K\u00e4sidesinfiointi torjuu mikrobien levi\u00e4mist\u00e4 k\u00e4sien kautta. LV K\u00e4sidesinfioinnin teho on todettu monissa testeiss\u00e4*), ja se tehoaa my\u00f6s koronavirukseen hiivojen, bakteerien ja noroviruksen lis\u00e4ksi. LV K\u00e4sidesinfiointi sopii herk\u00e4lle iholle. Se sis\u00e4lt\u00e4\u00e4 ihoa hoitavaa ja kosteuttavaa glyserolia, joten se ei kuivata k\u00e4si\u00e4 edes toistuvassa k\u00e4yt\u00f6ss\u00e4. LV K\u00e4sidesinfioinnissa on etanolia 74 painoprosenttia\u2026","rel":"","context":"Liknande inl\u00e4gg","block_context":{"text":"Liknande inl\u00e4gg","link":""},"img":{"alt_text":"LV-k\u00e4sidesi 100ml","src":"https:\/\/i0.wp.com\/kovakotivara.fi\/wp-content\/uploads\/2025\/02\/LV-kasidesi.jpg?resize=350%2C200&ssl=1","width":350,"height":200},"classes":[]},{"id":931,"url":"https:\/\/kovakotivara.fi\/sv\/lisatuotteet\/valaistus-ja-lampo\/retki-kompakti-otsalamppu\/","url_meta":{"origin":4006,"position":1},"title":"Retki Pannlampa  Easy Flex 150 lm","author":"admin","date":"3.3.2025","format":false,"excerpt":"Mycket ljus och kompakt pannlampa med utdragbar nylonsn\u00f6re f\u00f6r panna, handled, cykelstyre. En magnet p\u00e5 baksidan f\u00f6r att f\u00e4sta p\u00e5 ett plan.","rel":"","context":"Liknande inl\u00e4gg","block_context":{"text":"Liknande inl\u00e4gg","link":""},"img":{"alt_text":"Retki Otsalamppu Easy Flex 1","src":"https:\/\/i0.wp.com\/kovakotivara.fi\/wp-content\/uploads\/2025\/03\/6418536004340-1.jpg?resize=350%2C200&ssl=1","width":350,"height":200,"srcset":"https:\/\/i0.wp.com\/kovakotivara.fi\/wp-content\/uploads\/2025\/03\/6418536004340-1.jpg?resize=350%2C200&ssl=1 1x, https:\/\/i0.wp.com\/kovakotivara.fi\/wp-content\/uploads\/2025\/03\/6418536004340-1.jpg?resize=525%2C300&ssl=1 1.5x, https:\/\/i0.wp.com\/kovakotivara.fi\/wp-content\/uploads\/2025\/03\/6418536004340-1.jpg?resize=700%2C400&ssl=1 2x, https:\/\/i0.wp.com\/kovakotivara.fi\/wp-content\/uploads\/2025\/03\/6418536004340-1.jpg?resize=1050%2C600&ssl=1 3x"},"classes":[]},{"id":924,"url":"https:\/\/kovakotivara.fi\/sv\/lisatuotteet\/ruoka-ja-ruoanvalmistus\/retki-risukeitin\/","url_meta":{"origin":4006,"position":2},"title":"Retki Camp\u00b4n\u00b4Cook riskokare","author":"admin","date":"3.3.2025","format":false,"excerpt":"Mitat: 170 x 135 x 135 cm Paino 520 g Materiaali ruostumatonta ter\u00e4st\u00e4, 0,8 mm Mukana s\u00e4ilytyspussi Ter\u00e4ksen paksuus 0,8 mm","rel":"","context":"Liknande inl\u00e4gg","block_context":{"text":"Liknande inl\u00e4gg","link":""},"img":{"alt_text":"Retki risukeitin 1","src":"https:\/\/i0.wp.com\/kovakotivara.fi\/wp-content\/uploads\/2025\/03\/R7032-1.jpeg?resize=350%2C200&ssl=1","width":350,"height":200,"srcset":"https:\/\/i0.wp.com\/kovakotivara.fi\/wp-content\/uploads\/2025\/03\/R7032-1.jpeg?resize=350%2C200&ssl=1 1x, https:\/\/i0.wp.com\/kovakotivara.fi\/wp-content\/uploads\/2025\/03\/R7032-1.jpeg?resize=525%2C300&ssl=1 1.5x, https:\/\/i0.wp.com\/kovakotivara.fi\/wp-content\/uploads\/2025\/03\/R7032-1.jpeg?resize=700%2C400&ssl=1 2x, https:\/\/i0.wp.com\/kovakotivara.fi\/wp-content\/uploads\/2025\/03\/R7032-1.jpeg?resize=1050%2C600&ssl=1 3x"},"classes":[]},{"id":2771,"url":"https:\/\/kovakotivara.fi\/sv\/kotivarapakkaukset\/retkisetti\/","url_meta":{"origin":4006,"position":3},"title":"Retki set","author":"admin","date":"12.5.2025","format":false,"excerpt":"Retkisetti \u2013 Kotivarasi peruspilaritMonipuolinen ja kompakti setti, joka kattaa t\u00e4rkeimm\u00e4t varusteet h\u00e4t\u00e4tilanteisiin kotivarassa \u2013 mutta toimii yht\u00e4 lailla retkell\u00e4, automatkalla tai veneess\u00e4. Pieni pakkauskoko, kevyt kantaa ja helppo sijoittaa esimerkiksi varastoon, autoon tai veneen s\u00e4ilytystilaan. \u2705 Kotivaraksi: Pienell\u00e4 tilalla saat kattavat h\u00e4t\u00e4varusteet s\u00e4hk\u00f6katkoon, myrskyyn tai ensiaputilanteisiin. \u2705 Retkelle ja reissuun:\u2026","rel":"","context":"Liknande inl\u00e4gg","block_context":{"text":"Liknande inl\u00e4gg","link":""},"img":{"alt_text":"retkisetti","src":"https:\/\/i0.wp.com\/kovakotivara.fi\/wp-content\/uploads\/2025\/05\/retkisetti3.jpg?resize=350%2C200&ssl=1","width":350,"height":200,"srcset":"https:\/\/i0.wp.com\/kovakotivara.fi\/wp-content\/uploads\/2025\/05\/retkisetti3.jpg?resize=350%2C200&ssl=1 1x, https:\/\/i0.wp.com\/kovakotivara.fi\/wp-content\/uploads\/2025\/05\/retkisetti3.jpg?resize=525%2C300&ssl=1 1.5x, https:\/\/i0.wp.com\/kovakotivara.fi\/wp-content\/uploads\/2025\/05\/retkisetti3.jpg?resize=700%2C400&ssl=1 2x, https:\/\/i0.wp.com\/kovakotivara.fi\/wp-content\/uploads\/2025\/05\/retkisetti3.jpg?resize=1050%2C600&ssl=1 3x"},"classes":[]},{"id":4064,"url":"https:\/\/kovakotivara.fi\/sv\/lisatuotteet\/ruoka-ja-ruoanvalmistus\/summit-to-eat-nautapata-perunoilla\/","url_meta":{"origin":4006,"position":4},"title":"Summit To Eat Beef And Potato Stew","author":"admin","date":"24.9.2025","format":false,"excerpt":"Summit To Eat \u2013 Naudanlihasuikaleet ja kasvikset kastikkeessaMaukas ja helposti valmistettava retkiateria: perunaa, naudanlihaa ja kasviksia t\u00e4ytel\u00e4isess\u00e4 kastikkeessa. Kaada kuuma vesi pussiin ja ateria on valmis muutamassa minuutissa. Laktoositon, gluteeniton ja s\u00e4ilyy jopa 7 vuotta. \u2705 Parasta ennen: 2.4.2032","rel":"","context":"Liknande inl\u00e4gg","block_context":{"text":"Liknande inl\u00e4gg","link":""},"img":{"alt_text":"Summit to eat nautapata perunoilla","src":"https:\/\/i0.wp.com\/kovakotivara.fi\/wp-content\/uploads\/2025\/09\/summit_beef_front.png?resize=350%2C200&ssl=1","width":350,"height":200,"srcset":"https:\/\/i0.wp.com\/kovakotivara.fi\/wp-content\/uploads\/2025\/09\/summit_beef_front.png?resize=350%2C200&ssl=1 1x, https:\/\/i0.wp.com\/kovakotivara.fi\/wp-content\/uploads\/2025\/09\/summit_beef_front.png?resize=525%2C300&ssl=1 1.5x, https:\/\/i0.wp.com\/kovakotivara.fi\/wp-content\/uploads\/2025\/09\/summit_beef_front.png?resize=700%2C400&ssl=1 2x"},"classes":[]},{"id":3900,"url":"https:\/\/kovakotivara.fi\/sv\/kotivarapakkaukset\/kotivarapakkaus-72h-trek\/","url_meta":{"origin":4006,"position":5},"title":"Beredskapsl\u00e5dan 72h TREK","author":"admin","date":"25.9.2025","format":false,"excerpt":"Ruoka, ruoanvalmistus, vett\u00e4 ja vedenpuhdistus. Soveltuu hyvin kotivaran aloituspaketiksi ja mainiosti my\u00f6s retkeilyyn. Mit\u00e4 laatikko sis\u00e4lt\u00e4\u00e4: \u2705 1 x Aina luotettava Trangia 25-1 UL (sis. 2 x alumiinikattilaa, alumiinipaistinpannu, spriipoltin ja kahva) \u2705 1 x Hyv\u00e4Tuli Spriineste 500ml \u2705 2 x tulitikut \u2705 1 x Kuplika 225 luha (pidempi malli)\u2026","rel":"","context":"Liknande inl\u00e4gg","block_context":{"text":"Liknande inl\u00e4gg","link":""},"img":{"alt_text":"kotivarapakkaus72htrek","src":"https:\/\/i0.wp.com\/kovakotivara.fi\/wp-content\/uploads\/2025\/09\/IMG_3722-scaled.jpg?resize=350%2C200&ssl=1","width":350,"height":200,"srcset":"https:\/\/i0.wp.com\/kovakotivara.fi\/wp-content\/uploads\/2025\/09\/IMG_3722-scaled.jpg?resize=350%2C200&ssl=1 1x, https:\/\/i0.wp.com\/kovakotivara.fi\/wp-content\/uploads\/2025\/09\/IMG_3722-scaled.jpg?resize=525%2C300&ssl=1 1.5x, https:\/\/i0.wp.com\/kovakotivara.fi\/wp-content\/uploads\/2025\/09\/IMG_3722-scaled.jpg?resize=700%2C400&ssl=1 2x, https:\/\/i0.wp.com\/kovakotivara.fi\/wp-content\/uploads\/2025\/09\/IMG_3722-scaled.jpg?resize=1050%2C600&ssl=1 3x, https:\/\/i0.wp.com\/kovakotivara.fi\/wp-content\/uploads\/2025\/09\/IMG_3722-scaled.jpg?resize=1400%2C800&ssl=1 4x"},"classes":[]}],"jetpack_sharing_enabled":true,"jetpack_likes_enabled":true,"_links":{"self":[{"href":"https:\/\/kovakotivara.fi\/sv\/wp-json\/wp\/v2\/product\/4006","targetHints":{"allow":["GET"]}}],"collection":[{"href":"https:\/\/kovakotivara.fi\/sv\/wp-json\/wp\/v2\/product"}],"about":[{"href":"https:\/\/kovakotivara.fi\/sv\/wp-json\/wp\/v2\/types\/product"}],"replies":[{"embeddable":true,"href":"https:\/\/kovakotivara.fi\/sv\/wp-json\/wp\/v2\/comments?post=4006"}],"wp:featuredmedia":[{"embeddable":true,"href":"https:\/\/kovakotivara.fi\/sv\/wp-json\/wp\/v2\/media\/4088"}],"wp:attachment":[{"href":"https:\/\/kovakotivara.fi\/sv\/wp-json\/wp\/v2\/media?parent=4006"}],"wp:term":[{"taxonomy":"product_brand","embeddable":true,"href":"https:\/\/kovakotivara.fi\/sv\/wp-json\/wp\/v2\/product_brand?post=4006"},{"taxonomy":"product_cat","embeddable":true,"href":"https:\/\/kovakotivara.fi\/sv\/wp-json\/wp\/v2\/product_cat?post=4006"},{"taxonomy":"product_tag","embeddable":true,"href":"https:\/\/kovakotivara.fi\/sv\/wp-json\/wp\/v2\/product_tag?post=4006"},{"taxonomy":"berocket_brand","embeddable":true,"href":"https:\/\/kovakotivara.fi\/sv\/wp-json\/wp\/v2\/berocket_brand?post=4006"}],"curies":[{"name":"wp","href":"https:\/\/api.w.org\/{rel}","templated":true}]}}