{"id":3900,"date":"2025-09-25T15:24:09","date_gmt":"2025-09-25T12:24:09","guid":{"rendered":"https:\/\/kovakotivara.fi\/?post_type=product&#038;p=3900"},"modified":"2025-10-12T00:54:39","modified_gmt":"2025-10-11T21:54:39","slug":"kotivarapakkaus-72h-trek","status":"publish","type":"product","link":"https:\/\/kovakotivara.fi\/sv\/kotivarapakkaukset\/kotivarapakkaus-72h-trek\/","title":{"rendered":"Beredskapsl\u00e5dan 72h TREK"},"content":{"rendered":"<h2>Beredskapsl\u00e5dan 72h TREK<\/h2>\n<p>Paketet sammanfattar <strong>k\u00e4rnan i hemberedskapen<\/strong>. Inneh\u00e5llet \u00e4r <strong>h\u00f6gklassigt<\/strong> och <strong>enkelt<\/strong>. Ett utm\u00e4rkt val f\u00f6r hemmet eller f\u00f6r vandringen. Den medf\u00f6ljande <strong>Trangian<\/strong> b\u00e4sta egenskap \u00e4r utan tvekan att du aldrig beh\u00f6ver en annan friluftsk\u00f6k igen \u2013 den \u00e4r n\u00e4mligen k\u00e4nd f\u00f6r sin h\u00e5llbarhet. <strong>Sawyer Mini<\/strong> vattenfilter, som ing\u00e5r i paketet, \u00e4r ocks\u00e5 en mycket h\u00f6gklassig och l\u00e5nglivad produkt. Det filtrerar 99,9999 % av patogenerna \u2013 med andra ord de flesta. Dessutom kan det filtrera s\u00e5 mycket vatten (378 500 liter) att du har rent dricksvatten under l\u00e5ng tid. Den medf\u00f6ljande sporken \u00e4r tillverkad av det finl\u00e4ndska <strong>Kuplika<\/strong> och helt gjord av \u00e5tervunnet material. Detta \u00e4r utan tvekan b\u00e4ttre \u00e4n <strong>LightMyFires plastspork<\/strong>, vars gaffelpiggar ofta g\u00e5r av efter bara n\u00e5gra anv\u00e4ndningar.<\/p>\n<p>N\u00f6dv\u00e4ndiga<\/p>\n<ul>\n<li>Stormk\u00f6k <a href=\"https:\/\/kovakotivara.fi\/sv\/lisatuotteet\/ruoka-ja-ruoanvalmistus\/trangia-retkikeitin\/\">(Trangia 25-1UL)<\/a><\/li>\n<li><span style=\"font-family: var(--global-body-font-family);\">Br\u00e4nsle f\u00f6r spritk\u00f6k <\/span><a style=\"font-family: var(--global-body-font-family);\" href=\"https:\/\/kovakotivara.fi\/sv\/lisatuotteet\/ruoka-ja-ruoanvalmistus\/hyvatuli-polttoneste-500ml\/\">(Hyv\u00e4 tuli 500ml)<\/a><\/li>\n<li><span style=\"font-family: var(--global-body-font-family);\">T\u00e4ndstickor<\/span><\/li>\n<li><span style=\"font-family: var(--global-body-font-family);\">Spork (Kuplika 225)<\/span><\/li>\n<li><span style=\"font-family: var(--global-body-font-family);\">Hopvikbar 15 liters vattenbeh\u00e5llare<\/span><\/li>\n<li><span style=\"font-family: var(--global-body-font-family);\">Vattenfilter <a href=\"https:\/\/kovakotivara.fi\/sv\/lisatuotteet\/vesi-ja-vedenpuhdistus\/sawyer-mini-water-filtration-system-vedenpuhdistin\/\">(Sawyer Mini)<\/a><\/span><\/li>\n<li><span style=\"font-family: var(--global-body-font-family);\">6 p\u00e5sar friluftsmat (Summit to eat 3 x <a href=\"https:\/\/kovakotivara.fi\/sv\/lisatuotteet\/ruoka-ja-ruoanvalmistus\/summit-to-eat-retkiruoka-5-pavun-papupata\/\">5 bean cassoulet<\/a> ja 3 x<a href=\"https:\/\/kovakotivara.fi\/sv\/lisatuotteet\/ruoka-ja-ruoanvalmistus\/summit-to-eat-nautapata-perunoilla\/\"> beef stew with potatoes<\/a>)<\/span><\/li>\n<li>3 p\u00e5sar Hart Sport elektrolytdryckspulver (\u00e0 54 g)<\/li>\n<li>2 flaskor k\u00e4llvatten (\u00e1 0,5 liters)<\/li>\n<li>Smart Store Classic 31 plastl\u00e5da (32 liter)<\/li>\n<\/ul>","protected":false},"excerpt":{"rendered":"<p>Ruoka, ruoanvalmistus, vett\u00e4 ja vedenpuhdistus. Soveltuu hyvin kotivaran aloituspaketiksi ja mainiosti my\u00f6s retkeilyyn.<br \/>\nMit\u00e4 laatikko sis\u00e4lt\u00e4\u00e4:<\/p>\n<p>\u2705 1 x Aina luotettava Trangia 25-1 UL (sis. 2 x alumiinikattilaa, alumiinipaistinpannu, spriipoltin ja kahva)<br \/>\n\u2705 1 x Hyv\u00e4Tuli Spriineste 500ml<br \/>\n\u2705 2 x tulitikut<br \/>\n\u2705 1 x Kuplika 225 luha (pidempi malli)<br \/>\n\u2705 1 x Kokoontaittuva vesis\u00e4ili\u00f6 (15 litraa)<br \/>\n\u2705 1 x Sawyer mini vedensuodatuspilli<br \/>\n\u2705 6 x Summit retkiruokapussia (3 x 5 bean cassoulet &amp;amp; 3 x beef stew with potatoes)<br \/>\n\u2705 3 x 54g Hart sport sitruuna urheilujuomajauhe<br \/>\n\u2705 2 x 0,5 litran pulloa l\u00e4hdevett\u00e4<br \/>\n\u2705 Smart Store Classic 31 muovilaatikko (32 litraa)<\/p>\n[su_note note_color=\"#669fff\" text_color=\"#ffffff\" radius=\"10\"]Tuotepakkauksen sis\u00e4lt\u00e4mien tuotteiden yhteishinta on edullisempi kuin ostettuna tuote kerrallaan ovh-hinnalla![\/su_note]\n[su_note note_color=\"#669fff\" text_color=\"#ffffff\" radius=\"10\"]Tuote tai sen osa on tilap\u00e4isesti loppu omasta varastostamme, mutta se tilataan heti toimittajalta, kun teet tilauksen. T\u00e4m\u00e4n vuoksi toimitusaika voi olla noin 2\u20137 p\u00e4iv\u00e4\u00e4 normaalia pidempi. Voit kuitenkin huoletta tilata tuotteen \u2013 se toimitetaan sinulle heti, kun se saapuu varastoomme.[\/su_note]\n","protected":false},"featured_media":3901,"comment_status":"closed","ping_status":"closed","template":"","meta":{"_kad_post_transparent":"default","_kad_post_title":"","_kad_post_layout":"default","_kad_post_sidebar_id":"","_kad_post_content_style":"default","_kad_post_vertical_padding":"default","_kad_post_feature":"","_kad_post_feature_position":"","_kad_post_header":false,"_kad_post_footer":false,"_kad_post_classname":"","jetpack_publicize_message":"Kotivarapakkaus 72h TREK","jetpack_publicize_feature_enabled":true,"jetpack_social_post_already_shared":true,"jetpack_social_options":{"image_generator_settings":{"template":"highway","default_image_id":0,"font":"","enabled":false},"version":2}},"product_brand":[],"product_cat":[69],"product_tag":[],"berocket_brand":[],"class_list":{"0":"post-3900","1":"product","2":"type-product","3":"status-publish","4":"has-post-thumbnail","6":"product_cat-kotivarapakkaukset","8":"first","9":"onbackorder","10":"taxable","11":"shipping-taxable","12":"purchasable","13":"product-type-simple","14":"entry","15":"content-bg","16":"loop-entry"},"jetpack_publicize_connections":[],"jetpack-related-posts":[{"id":2806,"url":"https:\/\/kovakotivara.fi\/sv\/kotivarapakkaukset\/tarvikeboksi-m\/","url_meta":{"origin":3900,"position":0},"title":"Beredskapsl\u00e5dan M","author":"admin","date":"22.5.2025","format":false,"excerpt":"V\u00e4ltt\u00e4m\u00e4tt\u00f6mimm\u00e4t tarvikkeet arjen ja kriisin yli selviytymiseen. Fiksu valinta osaksi kotivaraa, m\u00f6kille tai vaikka roadtripille. \u2705 20 hy\u00f6dyllist\u00e4 tuotetta\u2705 Pakattuna kest\u00e4v\u00e4\u00e4n SmartStore-laatikkoon\u2705 Ilmainen toimitus noutopisteeseen\u2705 S\u00e4\u00e4st\u00f6 jopa 30\u202f% verrattuna yksitt\u00e4in ostettuihin tuotteisiin","rel":"","context":"Med 2 kommentarer","block_context":{"text":"Med 2 kommentarer","link":"https:\/\/kovakotivara.fi\/sv\/kotivarapakkaukset\/tarvikeboksi-m\/#comments"},"img":{"alt_text":"Tarvikeboksi M","src":"https:\/\/i0.wp.com\/kovakotivara.fi\/wp-content\/uploads\/2025\/04\/tarvikeboksi_m_yla_thumb-e1744302705446.jpg?resize=350%2C200&ssl=1","width":350,"height":200,"srcset":"https:\/\/i0.wp.com\/kovakotivara.fi\/wp-content\/uploads\/2025\/04\/tarvikeboksi_m_yla_thumb-e1744302705446.jpg?resize=350%2C200&ssl=1 1x, https:\/\/i0.wp.com\/kovakotivara.fi\/wp-content\/uploads\/2025\/04\/tarvikeboksi_m_yla_thumb-e1744302705446.jpg?resize=525%2C300&ssl=1 1.5x, https:\/\/i0.wp.com\/kovakotivara.fi\/wp-content\/uploads\/2025\/04\/tarvikeboksi_m_yla_thumb-e1744302705446.jpg?resize=700%2C400&ssl=1 2x"},"classes":[]},{"id":3430,"url":"https:\/\/kovakotivara.fi\/sv\/lisatuotteet\/valaistus-ja-lampo\/nedis-led-taskulamppu\/","url_meta":{"origin":3900,"position":1},"title":"Nedis LED ficklampa","author":"admin","date":"8.8.2025","format":false,"excerpt":"\u2705 Paristok\u00e4ytt\u00f6inen Premium LED-taskulamppu 3 W Cree korkean suoritustehon LED, joka kest\u00e4\u00e4 noin 50 000 t \u2705 IPX5-luokiteltu vedenkest\u00e4v\u00e4, anodisoidusta alumiinista valmistettu runko on \u00e4\u00e4rimm\u00e4isen kest\u00e4v\u00e4 \u2705 Valokantama jopa 120 m \u2705 Py\u00f6riv\u00e4 p\u00e4\u00e4 valons\u00e4teen tarkentamiseen \u2705 Paristot sis\u00e4ltyv\u00e4t (2 x AA)","rel":"","context":"Liknande inl\u00e4gg","block_context":{"text":"Liknande inl\u00e4gg","link":""},"img":{"alt_text":"Needs LED taskulamppu","src":"https:\/\/i0.wp.com\/kovakotivara.fi\/wp-content\/uploads\/2025\/08\/LTRH3WGY_P41.jpg?resize=350%2C200&ssl=1","width":350,"height":200,"srcset":"https:\/\/i0.wp.com\/kovakotivara.fi\/wp-content\/uploads\/2025\/08\/LTRH3WGY_P41.jpg?resize=350%2C200&ssl=1 1x, https:\/\/i0.wp.com\/kovakotivara.fi\/wp-content\/uploads\/2025\/08\/LTRH3WGY_P41.jpg?resize=525%2C300&ssl=1 1.5x, https:\/\/i0.wp.com\/kovakotivara.fi\/wp-content\/uploads\/2025\/08\/LTRH3WGY_P41.jpg?resize=700%2C400&ssl=1 2x, https:\/\/i0.wp.com\/kovakotivara.fi\/wp-content\/uploads\/2025\/08\/LTRH3WGY_P41.jpg?resize=1050%2C600&ssl=1 3x"},"classes":[]},{"id":917,"url":"https:\/\/kovakotivara.fi\/sv\/lisatuotteet\/vesi-ja-vedenpuhdistus\/vesisailio-kokoontaittuva-15-l\/","url_meta":{"origin":3900,"position":2},"title":"Iceman kokoontaittuva vesis\u00e4ili\u00f6 hanalla 15 l","author":"admin","date":"3.3.2025","format":false,"excerpt":"15 litran kapasiteetti. Tarkoitettu veden kuljettamiseen. \u00c4l\u00e4 s\u00e4ilyt\u00e4 vett\u00e4 t\u00e4ss\u00e4 yli viikkoa tai k\u00e4yt\u00e4 puhdistustabletteja veden pilaantumisen est\u00e4miseksi!","rel":"","context":"Liknande inl\u00e4gg","block_context":{"text":"Liknande inl\u00e4gg","link":""},"img":{"alt_text":"","src":"https:\/\/i0.wp.com\/kovakotivara.fi\/wp-content\/uploads\/2025\/03\/IMG_6427-scaled-e1741025228868.jpeg?resize=350%2C200&ssl=1","width":350,"height":200,"srcset":"https:\/\/i0.wp.com\/kovakotivara.fi\/wp-content\/uploads\/2025\/03\/IMG_6427-scaled-e1741025228868.jpeg?resize=350%2C200&ssl=1 1x, https:\/\/i0.wp.com\/kovakotivara.fi\/wp-content\/uploads\/2025\/03\/IMG_6427-scaled-e1741025228868.jpeg?resize=525%2C300&ssl=1 1.5x, https:\/\/i0.wp.com\/kovakotivara.fi\/wp-content\/uploads\/2025\/03\/IMG_6427-scaled-e1741025228868.jpeg?resize=700%2C400&ssl=1 2x, https:\/\/i0.wp.com\/kovakotivara.fi\/wp-content\/uploads\/2025\/03\/IMG_6427-scaled-e1741025228868.jpeg?resize=1050%2C600&ssl=1 3x, https:\/\/i0.wp.com\/kovakotivara.fi\/wp-content\/uploads\/2025\/03\/IMG_6427-scaled-e1741025228868.jpeg?resize=1400%2C800&ssl=1 4x"},"classes":[]},{"id":4034,"url":"https:\/\/kovakotivara.fi\/sv\/lisatuotteet\/ladattava-materiaali\/suojautuminen\/","url_meta":{"origin":3900,"position":3},"title":"Handlingskort - ta skydd","author":"admin","date":"24.9.2025","format":false,"excerpt":"T\u00e4m\u00e4 toimintakortti sis\u00e4lt\u00e4\u00e4 tietoa suojautumisen tarpeesta ja tilanteen aikana toimimisesta. Kortissa on my\u00f6s tarkistuslista tarvikkeista, joita sinulla on hyv\u00e4 olla h\u00e4iri\u00f6tilanteen sattuessa. Voit ladata tiedoston lis\u00e4\u00e4m\u00e4ll\u00e4 sen ostoskoriin. Ostosprosessin j\u00e4lkeen saat latauslinkin tiedostoon ilmaiseksi.","rel":"","context":"Liknande inl\u00e4gg","block_context":{"text":"Liknande inl\u00e4gg","link":""},"img":{"alt_text":"sis\u00e4lle suojautuminen","src":"https:\/\/i0.wp.com\/kovakotivara.fi\/wp-content\/uploads\/2025\/09\/sisallesuojautuminen_cat.png?resize=350%2C200&ssl=1","width":350,"height":200},"classes":[]},{"id":4031,"url":"https:\/\/kovakotivara.fi\/sv\/lisatuotteet\/ladattava-materiaali\/toimintakortti-sahkokatko\/","url_meta":{"origin":3900,"position":4},"title":"Handlingskort - str\u00f6mavbrott","author":"admin","date":"24.9.2025","format":false,"excerpt":"T\u00e4m\u00e4 toimintakortti sis\u00e4lt\u00e4\u00e4 tietoa s\u00e4hk\u00f6njakelun h\u00e4iri\u00f6tilanteista ja s\u00e4hk\u00f6katkojen aikana toimimisesta. Kortissa on my\u00f6s tarkistuslista tarvikkeista, joita sinulla on hyv\u00e4 olla h\u00e4iri\u00f6tilanteen sattuessa. Voit ladata tiedoston lis\u00e4\u00e4m\u00e4ll\u00e4 sen ostoskoriin. Ostosprosessin j\u00e4lkeen saat latauslinkin tiedostoon ilmaiseksi.","rel":"","context":"Liknande inl\u00e4gg","block_context":{"text":"Liknande inl\u00e4gg","link":""},"img":{"alt_text":"s\u00e4hk\u00f6njakelun h\u00e4iri\u00f6","src":"https:\/\/i0.wp.com\/kovakotivara.fi\/wp-content\/uploads\/2025\/09\/sahkonjakelun_hairio_cat-scaled.jpg?resize=350%2C200&ssl=1","width":350,"height":200,"srcset":"https:\/\/i0.wp.com\/kovakotivara.fi\/wp-content\/uploads\/2025\/09\/sahkonjakelun_hairio_cat-scaled.jpg?resize=350%2C200&ssl=1 1x, https:\/\/i0.wp.com\/kovakotivara.fi\/wp-content\/uploads\/2025\/09\/sahkonjakelun_hairio_cat-scaled.jpg?resize=525%2C300&ssl=1 1.5x, https:\/\/i0.wp.com\/kovakotivara.fi\/wp-content\/uploads\/2025\/09\/sahkonjakelun_hairio_cat-scaled.jpg?resize=700%2C400&ssl=1 2x, https:\/\/i0.wp.com\/kovakotivara.fi\/wp-content\/uploads\/2025\/09\/sahkonjakelun_hairio_cat-scaled.jpg?resize=1050%2C600&ssl=1 3x, https:\/\/i0.wp.com\/kovakotivara.fi\/wp-content\/uploads\/2025\/09\/sahkonjakelun_hairio_cat-scaled.jpg?resize=1400%2C800&ssl=1 4x"},"classes":[]},{"id":3814,"url":"https:\/\/kovakotivara.fi\/sv\/lisatuotteet\/valaistus-ja-lampo\/nedis-ladattava-tyovalo\/","url_meta":{"origin":3900,"position":5},"title":"Nedis laddningsbar arbetslampa","author":"admin","date":"2.9.2025","format":false,"excerpt":"Ladattava LED-ty\u00f6valaisin, jossa on 10 W COB-LED (jopa 1000 lm) ja 5 valaistustilaa sek\u00e4 punainen vilkkuva varoitusvalo. 180\u00b0 s\u00e4\u00e4dett\u00e4v\u00e4 jalusta ja kaksi integroitua magneettia mahdollistavat handsfree-k\u00e4yt\u00f6n korjaamolla, autohuollossa tai kotona. Integroitu Li-Ion-akku tarjoaa jopa 2 h k\u00e4ytt\u00f6aikaa ja varavirtatoiminnon h\u00e4t\u00e4tilanteisiin. USB-C-lataus ja vankka, kumitettu runko.","rel":"","context":"Liknande inl\u00e4gg","block_context":{"text":"Liknande inl\u00e4gg","link":""},"img":{"alt_text":"Nedis Ty\u00f6valaisin","src":"https:\/\/i0.wp.com\/kovakotivara.fi\/wp-content\/uploads\/2025\/09\/LWORR10RD_P41.jpg?resize=350%2C200&ssl=1","width":350,"height":200,"srcset":"https:\/\/i0.wp.com\/kovakotivara.fi\/wp-content\/uploads\/2025\/09\/LWORR10RD_P41.jpg?resize=350%2C200&ssl=1 1x, https:\/\/i0.wp.com\/kovakotivara.fi\/wp-content\/uploads\/2025\/09\/LWORR10RD_P41.jpg?resize=525%2C300&ssl=1 1.5x, https:\/\/i0.wp.com\/kovakotivara.fi\/wp-content\/uploads\/2025\/09\/LWORR10RD_P41.jpg?resize=700%2C400&ssl=1 2x, https:\/\/i0.wp.com\/kovakotivara.fi\/wp-content\/uploads\/2025\/09\/LWORR10RD_P41.jpg?resize=1050%2C600&ssl=1 3x"},"classes":[]}],"jetpack_sharing_enabled":true,"jetpack_likes_enabled":true,"_links":{"self":[{"href":"https:\/\/kovakotivara.fi\/sv\/wp-json\/wp\/v2\/product\/3900","targetHints":{"allow":["GET"]}}],"collection":[{"href":"https:\/\/kovakotivara.fi\/sv\/wp-json\/wp\/v2\/product"}],"about":[{"href":"https:\/\/kovakotivara.fi\/sv\/wp-json\/wp\/v2\/types\/product"}],"replies":[{"embeddable":true,"href":"https:\/\/kovakotivara.fi\/sv\/wp-json\/wp\/v2\/comments?post=3900"}],"wp:featuredmedia":[{"embeddable":true,"href":"https:\/\/kovakotivara.fi\/sv\/wp-json\/wp\/v2\/media\/3901"}],"wp:attachment":[{"href":"https:\/\/kovakotivara.fi\/sv\/wp-json\/wp\/v2\/media?parent=3900"}],"wp:term":[{"taxonomy":"product_brand","embeddable":true,"href":"https:\/\/kovakotivara.fi\/sv\/wp-json\/wp\/v2\/product_brand?post=3900"},{"taxonomy":"product_cat","embeddable":true,"href":"https:\/\/kovakotivara.fi\/sv\/wp-json\/wp\/v2\/product_cat?post=3900"},{"taxonomy":"product_tag","embeddable":true,"href":"https:\/\/kovakotivara.fi\/sv\/wp-json\/wp\/v2\/product_tag?post=3900"},{"taxonomy":"berocket_brand","embeddable":true,"href":"https:\/\/kovakotivara.fi\/sv\/wp-json\/wp\/v2\/berocket_brand?post=3900"}],"curies":[{"name":"wp","href":"https:\/\/api.w.org\/{rel}","templated":true}]}}