{"id":3430,"date":"2025-08-08T09:30:35","date_gmt":"2025-08-08T06:30:35","guid":{"rendered":"https:\/\/kovakotivara.fi\/?post_type=product&#038;p=3430"},"modified":"2025-10-07T21:18:39","modified_gmt":"2025-10-07T18:18:39","slug":"nedis-led-taskulamppu","status":"publish","type":"product","link":"https:\/\/kovakotivara.fi\/sv\/lisatuotteet\/valaistus-ja-lampo\/nedis-led-taskulamppu\/","title":{"rendered":"Nedis LED ficklampa"},"content":{"rendered":"<p>Kompakt men samtidigt h\u00f6geffektiv ficklampa p\u00e5 3 W som kan lysa upp omr\u00e5den p\u00e5 upp till 120 meter med 150 lumen. Ficklampan \u00e4r f\u00f6rsedd med ett vridbart huvud f\u00f6r att fokusera ljusstr\u00e5len, vattenskydd (IPX5) och ett h\u00f6lje i eloxerad aluminium som ger extrem h\u00e5llbarhet.<\/p>\n<p><a href=\"https:\/\/kovakotivara.fi\/sv\/tuote-osasto\/tarvikkeet\/valaisu\/\">&gt; Se alla belysningsprodukter h\u00e4r<\/a><\/p>","protected":false},"excerpt":{"rendered":"<p>\u2705 Paristok\u00e4ytt\u00f6inen Premium LED-taskulamppu 3 W Cree korkean suoritustehon LED, joka kest\u00e4\u00e4 noin 50 000 t<br \/>\n\u2705 IPX5-luokiteltu vedenkest\u00e4v\u00e4, anodisoidusta alumiinista valmistettu runko on \u00e4\u00e4rimm\u00e4isen kest\u00e4v\u00e4<br \/>\n\u2705 Valokantama jopa 120 m<br \/>\n\u2705 Py\u00f6riv\u00e4 p\u00e4\u00e4 valons\u00e4teen tarkentamiseen<br \/>\n\u2705 Paristot sis\u00e4ltyv\u00e4t (2 x AA)<\/p>\n[su_note note_color=\"#669fff\" text_color=\"#ffffff\" radius=\"10\"]Tuote on tilap\u00e4isesti loppu omasta varastostamme, mutta se tilataan heti toimittajalta, kun teet tilauksen. T\u00e4m\u00e4n vuoksi toimitusaika voi olla noin 2\u20137 p\u00e4iv\u00e4\u00e4 normaalia pidempi. Voit kuitenkin huoletta tilata tuotteen \u2013 se toimitetaan sinulle heti, kun se saapuu varastoomme.[\/su_note]\n","protected":false},"featured_media":3439,"comment_status":"open","ping_status":"closed","template":"","meta":{"_kad_post_transparent":"default","_kad_post_title":"","_kad_post_layout":"default","_kad_post_sidebar_id":"","_kad_post_content_style":"default","_kad_post_vertical_padding":"default","_kad_post_feature":"","_kad_post_feature_position":"","_kad_post_header":false,"_kad_post_footer":false,"_kad_post_classname":"","jetpack_publicize_message":"Needs LED taskulamppu","jetpack_publicize_feature_enabled":true,"jetpack_social_post_already_shared":true,"jetpack_social_options":{"image_generator_settings":{"template":"highway","default_image_id":0,"font":"","enabled":false},"version":2}},"product_brand":[],"product_cat":[277],"product_tag":[308],"berocket_brand":[73],"class_list":{"0":"post-3430","1":"product","2":"type-product","3":"status-publish","4":"has-post-thumbnail","6":"product_cat-valaistus-ja-lampo","7":"product_tag-valaistus-ja-lampo","8":"berocket_brand-nedis","10":"first","11":"onbackorder","12":"taxable","13":"shipping-taxable","14":"purchasable","15":"product-type-simple","16":"entry","17":"content-bg","18":"loop-entry"},"jetpack_publicize_connections":[],"jetpack-related-posts":[{"id":3412,"url":"https:\/\/kovakotivara.fi\/sv\/lisatuotteet\/tiedonsaanti-ja-viestinta\/nedis-hatakampiradio-aurinkopaneelilla\/","url_meta":{"origin":3430,"position":0},"title":"Nedis n\u00f6dradio med vev och solpanel","author":"admin","date":"8.8.2025","format":false,"excerpt":"Kannettava DAB+\/FM-h\u00e4t\u00e4kampiradio aurinkopaneelilla Ihanteellinen h\u00e4t\u00e4tilanteissa tai retkeilyn aikana 40 esiasetettua asemaa DAB+ ja FM kanavatallennukset automaattisen skannauksen avulla Lataa k\u00e4sik\u00e4ytt\u00f6isell\u00e4 kampidynamolla, aurinkopaneelilla tai USB-C-kaapelilla USB-C-tulo sis\u00e4\u00e4nrakennetun 2500 mAh:n litiumakun lataamiseen (kaapeli mukana) Powerbank-toiminto mobiililaitteen lataamiseen LED-taskulamppu, jossa on 3 esiasetusta ja taitettava LED-lukuvalo N\u00e4ytt\u00f6 kellolla ja kaksoish\u00e4lytyksell\u00e4 SOS-h\u00e4lytys vilkkuu ja\u2026","rel":"","context":"Liknande inl\u00e4gg","block_context":{"text":"Liknande inl\u00e4gg","link":""},"img":{"alt_text":"h\u00e4t\u00e4kampiradio","src":"https:\/\/i0.wp.com\/kovakotivara.fi\/wp-content\/uploads\/2025\/08\/RDDBCR2000GN_P40.jpg?resize=350%2C200&ssl=1","width":350,"height":200,"srcset":"https:\/\/i0.wp.com\/kovakotivara.fi\/wp-content\/uploads\/2025\/08\/RDDBCR2000GN_P40.jpg?resize=350%2C200&ssl=1 1x, https:\/\/i0.wp.com\/kovakotivara.fi\/wp-content\/uploads\/2025\/08\/RDDBCR2000GN_P40.jpg?resize=525%2C300&ssl=1 1.5x, https:\/\/i0.wp.com\/kovakotivara.fi\/wp-content\/uploads\/2025\/08\/RDDBCR2000GN_P40.jpg?resize=700%2C400&ssl=1 2x, https:\/\/i0.wp.com\/kovakotivara.fi\/wp-content\/uploads\/2025\/08\/RDDBCR2000GN_P40.jpg?resize=1050%2C600&ssl=1 3x"},"classes":[]},{"id":4179,"url":"https:\/\/kovakotivara.fi\/sv\/lisatuotteet\/tiedonsaanti-ja-viestinta\/nedis-hatakampiradio-fm\/","url_meta":{"origin":3430,"position":1},"title":"Nedis n\u00f6dradio med vev och solpanel","author":"admin","date":"30.9.2025","format":false,"excerpt":"Kannettava DAB+\/FM-h\u00e4t\u00e4kampiradio aurinkopaneelilla Ihanteellinen h\u00e4t\u00e4tilanteissa tai retkeilyn aikana 40 esiasetettua asemaa DAB+ ja FM kanavatallennukset automaattisen skannauksen avulla Lataa k\u00e4sik\u00e4ytt\u00f6isell\u00e4 kampidynamolla, aurinkopaneelilla tai USB-C-kaapelilla USB-C-tulo sis\u00e4\u00e4nrakennetun 2500 mAh:n litiumakun lataamiseen (kaapeli mukana) Powerbank-toiminto mobiililaitteen lataamiseen LED-taskulamppu, jossa on 3 esiasetusta ja taitettava LED-lukuvalo N\u00e4ytt\u00f6 kellolla ja kaksoish\u00e4lytyksell\u00e4 SOS-h\u00e4lytys vilkkuu ja\u2026","rel":"","context":"Liknande inl\u00e4gg","block_context":{"text":"Liknande inl\u00e4gg","link":""},"img":{"alt_text":"h\u00e4t\u00e4kampiradio_2","src":"https:\/\/i0.wp.com\/kovakotivara.fi\/wp-content\/uploads\/2025\/09\/RDFMCR2000BK_P41.jpg?resize=350%2C200&ssl=1","width":350,"height":200,"srcset":"https:\/\/i0.wp.com\/kovakotivara.fi\/wp-content\/uploads\/2025\/09\/RDFMCR2000BK_P41.jpg?resize=350%2C200&ssl=1 1x, https:\/\/i0.wp.com\/kovakotivara.fi\/wp-content\/uploads\/2025\/09\/RDFMCR2000BK_P41.jpg?resize=525%2C300&ssl=1 1.5x, https:\/\/i0.wp.com\/kovakotivara.fi\/wp-content\/uploads\/2025\/09\/RDFMCR2000BK_P41.jpg?resize=700%2C400&ssl=1 2x, https:\/\/i0.wp.com\/kovakotivara.fi\/wp-content\/uploads\/2025\/09\/RDFMCR2000BK_P41.jpg?resize=1050%2C600&ssl=1 3x"},"classes":[]},{"id":932,"url":"https:\/\/kovakotivara.fi\/sv\/lisatuotteet\/ensiapu-ja-hygienia\/retki-ensiapupakkaus\/","url_meta":{"origin":3430,"position":2},"title":"Retki f\u00f6rsta hj\u00e4lpen kit","author":"admin","date":"3.3.2025","format":false,"excerpt":"Vandrarens kompakta f\u00f6rsta hj\u00e4lpen-kit med f\u00e4stingt\u00e5ng!","rel":"","context":"Liknande inl\u00e4gg","block_context":{"text":"Liknande inl\u00e4gg","link":""},"img":{"alt_text":"ensiapupakkaus","src":"https:\/\/i0.wp.com\/kovakotivara.fi\/wp-content\/uploads\/2025\/03\/IMG_8238.jpeg?resize=350%2C200&ssl=1","width":350,"height":200,"srcset":"https:\/\/i0.wp.com\/kovakotivara.fi\/wp-content\/uploads\/2025\/03\/IMG_8238.jpeg?resize=350%2C200&ssl=1 1x, https:\/\/i0.wp.com\/kovakotivara.fi\/wp-content\/uploads\/2025\/03\/IMG_8238.jpeg?resize=525%2C300&ssl=1 1.5x, https:\/\/i0.wp.com\/kovakotivara.fi\/wp-content\/uploads\/2025\/03\/IMG_8238.jpeg?resize=700%2C400&ssl=1 2x, https:\/\/i0.wp.com\/kovakotivara.fi\/wp-content\/uploads\/2025\/03\/IMG_8238.jpeg?resize=1050%2C600&ssl=1 3x"},"classes":[]},{"id":3900,"url":"https:\/\/kovakotivara.fi\/sv\/kotivarapakkaukset\/kotivarapakkaus-72h-trek\/","url_meta":{"origin":3430,"position":3},"title":"Beredskapsl\u00e5dan 72h TREK","author":"admin","date":"25.9.2025","format":false,"excerpt":"Ruoka, ruoanvalmistus, vett\u00e4 ja vedenpuhdistus. Soveltuu hyvin kotivaran aloituspaketiksi ja mainiosti my\u00f6s retkeilyyn. Mit\u00e4 laatikko sis\u00e4lt\u00e4\u00e4: \u2705 1 x Aina luotettava Trangia 25-1 UL (sis. 2 x alumiinikattilaa, alumiinipaistinpannu, spriipoltin ja kahva) \u2705 1 x Hyv\u00e4Tuli Spriineste 500ml \u2705 2 x tulitikut \u2705 1 x Kuplika 225 luha (pidempi malli)\u2026","rel":"","context":"Liknande inl\u00e4gg","block_context":{"text":"Liknande inl\u00e4gg","link":""},"img":{"alt_text":"kotivarapakkaus72htrek","src":"https:\/\/i0.wp.com\/kovakotivara.fi\/wp-content\/uploads\/2025\/09\/IMG_3722-scaled.jpg?resize=350%2C200&ssl=1","width":350,"height":200,"srcset":"https:\/\/i0.wp.com\/kovakotivara.fi\/wp-content\/uploads\/2025\/09\/IMG_3722-scaled.jpg?resize=350%2C200&ssl=1 1x, https:\/\/i0.wp.com\/kovakotivara.fi\/wp-content\/uploads\/2025\/09\/IMG_3722-scaled.jpg?resize=525%2C300&ssl=1 1.5x, https:\/\/i0.wp.com\/kovakotivara.fi\/wp-content\/uploads\/2025\/09\/IMG_3722-scaled.jpg?resize=700%2C400&ssl=1 2x, https:\/\/i0.wp.com\/kovakotivara.fi\/wp-content\/uploads\/2025\/09\/IMG_3722-scaled.jpg?resize=1050%2C600&ssl=1 3x, https:\/\/i0.wp.com\/kovakotivara.fi\/wp-content\/uploads\/2025\/09\/IMG_3722-scaled.jpg?resize=1400%2C800&ssl=1 4x"},"classes":[]},{"id":2806,"url":"https:\/\/kovakotivara.fi\/sv\/kotivarapakkaukset\/tarvikeboksi-m\/","url_meta":{"origin":3430,"position":4},"title":"Beredskapsl\u00e5dan M","author":"admin","date":"22.5.2025","format":false,"excerpt":"V\u00e4ltt\u00e4m\u00e4tt\u00f6mimm\u00e4t tarvikkeet arjen ja kriisin yli selviytymiseen. Fiksu valinta osaksi kotivaraa, m\u00f6kille tai vaikka roadtripille. \u2705 20 hy\u00f6dyllist\u00e4 tuotetta\u2705 Pakattuna kest\u00e4v\u00e4\u00e4n SmartStore-laatikkoon\u2705 Ilmainen toimitus noutopisteeseen\u2705 S\u00e4\u00e4st\u00f6 jopa 30\u202f% verrattuna yksitt\u00e4in ostettuihin tuotteisiin","rel":"","context":"Med 2 kommentarer","block_context":{"text":"Med 2 kommentarer","link":"https:\/\/kovakotivara.fi\/sv\/kotivarapakkaukset\/tarvikeboksi-m\/#comments"},"img":{"alt_text":"Tarvikeboksi M","src":"https:\/\/i0.wp.com\/kovakotivara.fi\/wp-content\/uploads\/2025\/04\/tarvikeboksi_m_yla_thumb-e1744302705446.jpg?resize=350%2C200&ssl=1","width":350,"height":200,"srcset":"https:\/\/i0.wp.com\/kovakotivara.fi\/wp-content\/uploads\/2025\/04\/tarvikeboksi_m_yla_thumb-e1744302705446.jpg?resize=350%2C200&ssl=1 1x, https:\/\/i0.wp.com\/kovakotivara.fi\/wp-content\/uploads\/2025\/04\/tarvikeboksi_m_yla_thumb-e1744302705446.jpg?resize=525%2C300&ssl=1 1.5x, https:\/\/i0.wp.com\/kovakotivara.fi\/wp-content\/uploads\/2025\/04\/tarvikeboksi_m_yla_thumb-e1744302705446.jpg?resize=700%2C400&ssl=1 2x"},"classes":[]},{"id":3814,"url":"https:\/\/kovakotivara.fi\/sv\/lisatuotteet\/valaistus-ja-lampo\/nedis-ladattava-tyovalo\/","url_meta":{"origin":3430,"position":5},"title":"Nedis laddningsbar arbetslampa","author":"admin","date":"2.9.2025","format":false,"excerpt":"Ladattava LED-ty\u00f6valaisin, jossa on 10 W COB-LED (jopa 1000 lm) ja 5 valaistustilaa sek\u00e4 punainen vilkkuva varoitusvalo. 180\u00b0 s\u00e4\u00e4dett\u00e4v\u00e4 jalusta ja kaksi integroitua magneettia mahdollistavat handsfree-k\u00e4yt\u00f6n korjaamolla, autohuollossa tai kotona. Integroitu Li-Ion-akku tarjoaa jopa 2 h k\u00e4ytt\u00f6aikaa ja varavirtatoiminnon h\u00e4t\u00e4tilanteisiin. USB-C-lataus ja vankka, kumitettu runko.","rel":"","context":"Liknande inl\u00e4gg","block_context":{"text":"Liknande inl\u00e4gg","link":""},"img":{"alt_text":"Nedis Ty\u00f6valaisin","src":"https:\/\/i0.wp.com\/kovakotivara.fi\/wp-content\/uploads\/2025\/09\/LWORR10RD_P41.jpg?resize=350%2C200&ssl=1","width":350,"height":200,"srcset":"https:\/\/i0.wp.com\/kovakotivara.fi\/wp-content\/uploads\/2025\/09\/LWORR10RD_P41.jpg?resize=350%2C200&ssl=1 1x, https:\/\/i0.wp.com\/kovakotivara.fi\/wp-content\/uploads\/2025\/09\/LWORR10RD_P41.jpg?resize=525%2C300&ssl=1 1.5x, https:\/\/i0.wp.com\/kovakotivara.fi\/wp-content\/uploads\/2025\/09\/LWORR10RD_P41.jpg?resize=700%2C400&ssl=1 2x, https:\/\/i0.wp.com\/kovakotivara.fi\/wp-content\/uploads\/2025\/09\/LWORR10RD_P41.jpg?resize=1050%2C600&ssl=1 3x"},"classes":[]}],"jetpack_sharing_enabled":true,"jetpack_likes_enabled":true,"_links":{"self":[{"href":"https:\/\/kovakotivara.fi\/sv\/wp-json\/wp\/v2\/product\/3430","targetHints":{"allow":["GET"]}}],"collection":[{"href":"https:\/\/kovakotivara.fi\/sv\/wp-json\/wp\/v2\/product"}],"about":[{"href":"https:\/\/kovakotivara.fi\/sv\/wp-json\/wp\/v2\/types\/product"}],"replies":[{"embeddable":true,"href":"https:\/\/kovakotivara.fi\/sv\/wp-json\/wp\/v2\/comments?post=3430"}],"wp:featuredmedia":[{"embeddable":true,"href":"https:\/\/kovakotivara.fi\/sv\/wp-json\/wp\/v2\/media\/3439"}],"wp:attachment":[{"href":"https:\/\/kovakotivara.fi\/sv\/wp-json\/wp\/v2\/media?parent=3430"}],"wp:term":[{"taxonomy":"product_brand","embeddable":true,"href":"https:\/\/kovakotivara.fi\/sv\/wp-json\/wp\/v2\/product_brand?post=3430"},{"taxonomy":"product_cat","embeddable":true,"href":"https:\/\/kovakotivara.fi\/sv\/wp-json\/wp\/v2\/product_cat?post=3430"},{"taxonomy":"product_tag","embeddable":true,"href":"https:\/\/kovakotivara.fi\/sv\/wp-json\/wp\/v2\/product_tag?post=3430"},{"taxonomy":"berocket_brand","embeddable":true,"href":"https:\/\/kovakotivara.fi\/sv\/wp-json\/wp\/v2\/berocket_brand?post=3430"}],"curies":[{"name":"wp","href":"https:\/\/api.w.org\/{rel}","templated":true}]}}