{"id":3419,"date":"2025-08-08T09:20:45","date_gmt":"2025-08-08T06:20:45","guid":{"rendered":"https:\/\/kovakotivara.fi\/?post_type=product&#038;p=3419"},"modified":"2025-10-07T21:20:31","modified_gmt":"2025-10-07T18:20:31","slug":"nedis-bluetooth-paikannin","status":"publish","type":"product","link":"https:\/\/kovakotivara.fi\/sv\/lisatuotteet\/tiedonsaanti-ja-viestinta\/nedis-bluetooth-paikannin\/","title":{"rendered":"Nedis Bluetooth-lokaliserare"},"content":{"rendered":"<p>Nedis smarta tagg \u00e4r en liten och kompakt smart sp\u00e5rare som enkelt kan f\u00e4stas p\u00e5 nyckelknippa, pl\u00e5nbok eller v\u00e4ska. Den smarta taggen \u00e4r en global sp\u00e5rningsenhet som tar hj\u00e4lp av hela Apple-gemenskapen f\u00f6r att enkelt hitta objekt som befinner sig l\u00e4ngre bort. Den fungerar med appen \u201dHitta\u201d fr\u00e5n Apple och kan hj\u00e4lpa dig att hitta dina nycklar, din ryggs\u00e4ck eller andra tillh\u00f6righeter p\u00e5 bara n\u00e5gra sekunder.<\/p>\n<p>Den smarta enheten anv\u00e4nder Bluetooth-teknik f\u00f6r att enkelt ansluta till din iPhone eller iPad, s\u00e5 att du kan hitta dina tillh\u00f6righeter p\u00e5 upp till 40 meters avst\u00e5nd. N\u00e4r den smarta taggen har parats ihop med din iOS-enhet f\u00f6r f\u00f6rsta g\u00e5ngen beh\u00f6vs bara ett tryck i appen \u201dHitta\u201d fr\u00e5n Apple f\u00f6r att hitta ett taggat objekt. Dessutom skickas ett pushmeddelande till din iPhone eller iPad n\u00e4r taggen befinner sig utom r\u00e4ckh\u00e5ll. Nedis smarta tag anv\u00e4nder ett CR2032-batteri som \u00e4r enkelt att byta ut och fungerar i upp till ett \u00e5r - om du alltid befinner dig p\u00e5 spr\u00e5ng beh\u00f6ver du inga dyra sp\u00e5rare.<\/p>","protected":false},"excerpt":{"rendered":"<p>\u2022 Bluetooth-\u00e4lytunnisteen avulla l\u00f6yd\u00e4t t\u00e4rke\u00e4t tavarat helposti<br \/>\n\u2022 Toimii Applen Find My -sovelluksessa<br \/>\n\u2022 Kiinnit\u00e4 kompakti \u00e4lytunniste lompakkoon, avaimiin tai laukkuun ja seuraa niiden sijaintia<br \/>\n\u2022 Helppok\u00e4ytt\u00f6inen: \u00e4lytunniste on helppo yhdist\u00e4\u00e4 iPhoneen tai iPadiin<br \/>\n\u2022 Tunnisteen avulla l\u00f6yd\u00e4t helposti tavarasi, jotka ovat Bluetooth-kantaman sis\u00e4ll\u00e4<br \/>\n\u2022 Globaali paikannus kauempana olevien kohteiden l\u00f6yt\u00e4miseen koko Apple-yhteis\u00f6n avulla<br \/>\n\u2022 Mukana toimitetaan nailonhihna ja silikonisuojus, joka suojaa vedelt\u00e4<br \/>\n\u2022 Pysyy menossa mukana jopa vuoden helposti vaihdettavalla CR2032-paristolla<\/p>\n[su_note note_color=\"#669fff\" text_color=\"#ffffff\" radius=\"10\"]Tuote on tilap\u00e4isesti loppu omasta varastostamme, mutta se tilataan heti toimittajalta, kun teet tilauksen. T\u00e4m\u00e4n vuoksi toimitusaika voi olla noin 2\u20137 p\u00e4iv\u00e4\u00e4 normaalia pidempi. Voit kuitenkin huoletta tilata tuotteen \u2013 se toimitetaan sinulle heti, kun se saapuu varastoomme.[\/su_note]\n","protected":false},"featured_media":3420,"comment_status":"open","ping_status":"closed","template":"","meta":{"_kad_post_transparent":"default","_kad_post_title":"","_kad_post_layout":"default","_kad_post_sidebar_id":"","_kad_post_content_style":"default","_kad_post_vertical_padding":"default","_kad_post_feature":"","_kad_post_feature_position":"","_kad_post_header":false,"_kad_post_footer":false,"_kad_post_classname":"","jetpack_publicize_message":"Nedis bluetooth paikannin","jetpack_publicize_feature_enabled":true,"jetpack_social_post_already_shared":true,"jetpack_social_options":{"image_generator_settings":{"template":"highway","default_image_id":0,"font":"","enabled":false},"version":2}},"product_brand":[],"product_cat":[278],"product_tag":[309],"berocket_brand":[73],"class_list":{"0":"post-3419","1":"product","2":"type-product","3":"status-publish","4":"has-post-thumbnail","6":"product_cat-tiedonsaanti-ja-viestinta","7":"product_tag-tiedonsaanti-ja-viestinta","8":"berocket_brand-nedis","10":"first","11":"onbackorder","12":"taxable","13":"shipping-taxable","14":"purchasable","15":"product-type-simple","16":"entry","17":"content-bg","18":"loop-entry"},"jetpack_publicize_connections":[],"jetpack-related-posts":[{"id":921,"url":"https:\/\/kovakotivara.fi\/sv\/lisatuotteet\/tiedonsaanti-ja-viestinta\/nedis-virtapankki-10000mah\/","url_meta":{"origin":3419,"position":0},"title":"Nedis Powerbank 10000mAh","author":"admin","date":"3.3.2025","format":false,"excerpt":"I den b\u00e4rbara powerbanken finns 10 000 mAh:s kapacitet. En n\u00f6dv\u00e4ndig produkt vid elavbrott.","rel":"","context":"Liknande inl\u00e4gg","block_context":{"text":"Liknande inl\u00e4gg","link":""},"img":{"alt_text":"Nedis - virtapankki","src":"https:\/\/i0.wp.com\/kovakotivara.fi\/wp-content\/uploads\/2025\/03\/UPBKPD10000BK-1.jpeg?resize=350%2C200&ssl=1","width":350,"height":200,"srcset":"https:\/\/i0.wp.com\/kovakotivara.fi\/wp-content\/uploads\/2025\/03\/UPBKPD10000BK-1.jpeg?resize=350%2C200&ssl=1 1x, https:\/\/i0.wp.com\/kovakotivara.fi\/wp-content\/uploads\/2025\/03\/UPBKPD10000BK-1.jpeg?resize=525%2C300&ssl=1 1.5x, https:\/\/i0.wp.com\/kovakotivara.fi\/wp-content\/uploads\/2025\/03\/UPBKPD10000BK-1.jpeg?resize=700%2C400&ssl=1 2x, https:\/\/i0.wp.com\/kovakotivara.fi\/wp-content\/uploads\/2025\/03\/UPBKPD10000BK-1.jpeg?resize=1050%2C600&ssl=1 3x, https:\/\/i0.wp.com\/kovakotivara.fi\/wp-content\/uploads\/2025\/03\/UPBKPD10000BK-1.jpeg?resize=1400%2C800&ssl=1 4x"},"classes":[]},{"id":3430,"url":"https:\/\/kovakotivara.fi\/sv\/lisatuotteet\/valaistus-ja-lampo\/nedis-led-taskulamppu\/","url_meta":{"origin":3419,"position":1},"title":"Nedis LED ficklampa","author":"admin","date":"8.8.2025","format":false,"excerpt":"\u2705 Paristok\u00e4ytt\u00f6inen Premium LED-taskulamppu 3 W Cree korkean suoritustehon LED, joka kest\u00e4\u00e4 noin 50 000 t \u2705 IPX5-luokiteltu vedenkest\u00e4v\u00e4, anodisoidusta alumiinista valmistettu runko on \u00e4\u00e4rimm\u00e4isen kest\u00e4v\u00e4 \u2705 Valokantama jopa 120 m \u2705 Py\u00f6riv\u00e4 p\u00e4\u00e4 valons\u00e4teen tarkentamiseen \u2705 Paristot sis\u00e4ltyv\u00e4t (2 x AA)","rel":"","context":"Liknande inl\u00e4gg","block_context":{"text":"Liknande inl\u00e4gg","link":""},"img":{"alt_text":"Needs LED taskulamppu","src":"https:\/\/i0.wp.com\/kovakotivara.fi\/wp-content\/uploads\/2025\/08\/LTRH3WGY_P41.jpg?resize=350%2C200&ssl=1","width":350,"height":200,"srcset":"https:\/\/i0.wp.com\/kovakotivara.fi\/wp-content\/uploads\/2025\/08\/LTRH3WGY_P41.jpg?resize=350%2C200&ssl=1 1x, https:\/\/i0.wp.com\/kovakotivara.fi\/wp-content\/uploads\/2025\/08\/LTRH3WGY_P41.jpg?resize=525%2C300&ssl=1 1.5x, https:\/\/i0.wp.com\/kovakotivara.fi\/wp-content\/uploads\/2025\/08\/LTRH3WGY_P41.jpg?resize=700%2C400&ssl=1 2x, https:\/\/i0.wp.com\/kovakotivara.fi\/wp-content\/uploads\/2025\/08\/LTRH3WGY_P41.jpg?resize=1050%2C600&ssl=1 3x"},"classes":[]},{"id":3412,"url":"https:\/\/kovakotivara.fi\/sv\/lisatuotteet\/tiedonsaanti-ja-viestinta\/nedis-hatakampiradio-aurinkopaneelilla\/","url_meta":{"origin":3419,"position":2},"title":"Nedis n\u00f6dradio med vev och solpanel","author":"admin","date":"8.8.2025","format":false,"excerpt":"Kannettava DAB+\/FM-h\u00e4t\u00e4kampiradio aurinkopaneelilla Ihanteellinen h\u00e4t\u00e4tilanteissa tai retkeilyn aikana 40 esiasetettua asemaa DAB+ ja FM kanavatallennukset automaattisen skannauksen avulla Lataa k\u00e4sik\u00e4ytt\u00f6isell\u00e4 kampidynamolla, aurinkopaneelilla tai USB-C-kaapelilla USB-C-tulo sis\u00e4\u00e4nrakennetun 2500 mAh:n litiumakun lataamiseen (kaapeli mukana) Powerbank-toiminto mobiililaitteen lataamiseen LED-taskulamppu, jossa on 3 esiasetusta ja taitettava LED-lukuvalo N\u00e4ytt\u00f6 kellolla ja kaksoish\u00e4lytyksell\u00e4 SOS-h\u00e4lytys vilkkuu ja\u2026","rel":"","context":"Liknande inl\u00e4gg","block_context":{"text":"Liknande inl\u00e4gg","link":""},"img":{"alt_text":"h\u00e4t\u00e4kampiradio","src":"https:\/\/i0.wp.com\/kovakotivara.fi\/wp-content\/uploads\/2025\/08\/RDDBCR2000GN_P40.jpg?resize=350%2C200&ssl=1","width":350,"height":200,"srcset":"https:\/\/i0.wp.com\/kovakotivara.fi\/wp-content\/uploads\/2025\/08\/RDDBCR2000GN_P40.jpg?resize=350%2C200&ssl=1 1x, https:\/\/i0.wp.com\/kovakotivara.fi\/wp-content\/uploads\/2025\/08\/RDDBCR2000GN_P40.jpg?resize=525%2C300&ssl=1 1.5x, https:\/\/i0.wp.com\/kovakotivara.fi\/wp-content\/uploads\/2025\/08\/RDDBCR2000GN_P40.jpg?resize=700%2C400&ssl=1 2x, https:\/\/i0.wp.com\/kovakotivara.fi\/wp-content\/uploads\/2025\/08\/RDDBCR2000GN_P40.jpg?resize=1050%2C600&ssl=1 3x"},"classes":[]},{"id":4179,"url":"https:\/\/kovakotivara.fi\/sv\/lisatuotteet\/tiedonsaanti-ja-viestinta\/nedis-hatakampiradio-fm\/","url_meta":{"origin":3419,"position":3},"title":"Nedis n\u00f6dradio med vev och solpanel","author":"admin","date":"30.9.2025","format":false,"excerpt":"Kannettava DAB+\/FM-h\u00e4t\u00e4kampiradio aurinkopaneelilla Ihanteellinen h\u00e4t\u00e4tilanteissa tai retkeilyn aikana 40 esiasetettua asemaa DAB+ ja FM kanavatallennukset automaattisen skannauksen avulla Lataa k\u00e4sik\u00e4ytt\u00f6isell\u00e4 kampidynamolla, aurinkopaneelilla tai USB-C-kaapelilla USB-C-tulo sis\u00e4\u00e4nrakennetun 2500 mAh:n litiumakun lataamiseen (kaapeli mukana) Powerbank-toiminto mobiililaitteen lataamiseen LED-taskulamppu, jossa on 3 esiasetusta ja taitettava LED-lukuvalo N\u00e4ytt\u00f6 kellolla ja kaksoish\u00e4lytyksell\u00e4 SOS-h\u00e4lytys vilkkuu ja\u2026","rel":"","context":"Liknande inl\u00e4gg","block_context":{"text":"Liknande inl\u00e4gg","link":""},"img":{"alt_text":"h\u00e4t\u00e4kampiradio_2","src":"https:\/\/i0.wp.com\/kovakotivara.fi\/wp-content\/uploads\/2025\/09\/RDFMCR2000BK_P41.jpg?resize=350%2C200&ssl=1","width":350,"height":200,"srcset":"https:\/\/i0.wp.com\/kovakotivara.fi\/wp-content\/uploads\/2025\/09\/RDFMCR2000BK_P41.jpg?resize=350%2C200&ssl=1 1x, https:\/\/i0.wp.com\/kovakotivara.fi\/wp-content\/uploads\/2025\/09\/RDFMCR2000BK_P41.jpg?resize=525%2C300&ssl=1 1.5x, https:\/\/i0.wp.com\/kovakotivara.fi\/wp-content\/uploads\/2025\/09\/RDFMCR2000BK_P41.jpg?resize=700%2C400&ssl=1 2x, https:\/\/i0.wp.com\/kovakotivara.fi\/wp-content\/uploads\/2025\/09\/RDFMCR2000BK_P41.jpg?resize=1050%2C600&ssl=1 3x"},"classes":[]},{"id":3814,"url":"https:\/\/kovakotivara.fi\/sv\/lisatuotteet\/valaistus-ja-lampo\/nedis-ladattava-tyovalo\/","url_meta":{"origin":3419,"position":4},"title":"Nedis laddningsbar arbetslampa","author":"admin","date":"2.9.2025","format":false,"excerpt":"Ladattava LED-ty\u00f6valaisin, jossa on 10 W COB-LED (jopa 1000 lm) ja 5 valaistustilaa sek\u00e4 punainen vilkkuva varoitusvalo. 180\u00b0 s\u00e4\u00e4dett\u00e4v\u00e4 jalusta ja kaksi integroitua magneettia mahdollistavat handsfree-k\u00e4yt\u00f6n korjaamolla, autohuollossa tai kotona. Integroitu Li-Ion-akku tarjoaa jopa 2 h k\u00e4ytt\u00f6aikaa ja varavirtatoiminnon h\u00e4t\u00e4tilanteisiin. USB-C-lataus ja vankka, kumitettu runko.","rel":"","context":"Liknande inl\u00e4gg","block_context":{"text":"Liknande inl\u00e4gg","link":""},"img":{"alt_text":"Nedis Ty\u00f6valaisin","src":"https:\/\/i0.wp.com\/kovakotivara.fi\/wp-content\/uploads\/2025\/09\/LWORR10RD_P41.jpg?resize=350%2C200&ssl=1","width":350,"height":200,"srcset":"https:\/\/i0.wp.com\/kovakotivara.fi\/wp-content\/uploads\/2025\/09\/LWORR10RD_P41.jpg?resize=350%2C200&ssl=1 1x, https:\/\/i0.wp.com\/kovakotivara.fi\/wp-content\/uploads\/2025\/09\/LWORR10RD_P41.jpg?resize=525%2C300&ssl=1 1.5x, https:\/\/i0.wp.com\/kovakotivara.fi\/wp-content\/uploads\/2025\/09\/LWORR10RD_P41.jpg?resize=700%2C400&ssl=1 2x, https:\/\/i0.wp.com\/kovakotivara.fi\/wp-content\/uploads\/2025\/09\/LWORR10RD_P41.jpg?resize=1050%2C600&ssl=1 3x"},"classes":[]},{"id":920,"url":"https:\/\/kovakotivara.fi\/sv\/lisatuotteet\/tiedonsaanti-ja-viestinta\/nedis-fm-radio\/","url_meta":{"origin":3419,"position":5},"title":"Nedis FM-radio","author":"admin","date":"3.3.2025","format":false,"excerpt":"Kannettava ja kompakti \u2022 1,5 W:n huippul\u00e4ht\u00f6teho takaa hyv\u00e4n \u00e4\u00e4nenlaadun \u2022 3,5 mm:n \u00e4\u00e4nil\u00e4ht\u00f6 kuulokkeiden liitt\u00e4miseen \u2022 Paristok\u00e4ytt\u00f6inen - aseta radioon kaksi AAA-paristoa (ei sis\u00e4lly pakkaukseen) ja aloita kuuntelu \u2022 Analoginen viritys - valitse haluamasi radioasema virityspy\u00f6r\u00e4ll\u00e4.","rel":"","context":"Liknande inl\u00e4gg","block_context":{"text":"Liknande inl\u00e4gg","link":""},"img":{"alt_text":"Nedis FM radio","src":"https:\/\/i0.wp.com\/kovakotivara.fi\/wp-content\/uploads\/2025\/03\/RDFM1110SI-2.jpeg?resize=350%2C200&ssl=1","width":350,"height":200,"srcset":"https:\/\/i0.wp.com\/kovakotivara.fi\/wp-content\/uploads\/2025\/03\/RDFM1110SI-2.jpeg?resize=350%2C200&ssl=1 1x, https:\/\/i0.wp.com\/kovakotivara.fi\/wp-content\/uploads\/2025\/03\/RDFM1110SI-2.jpeg?resize=525%2C300&ssl=1 1.5x, https:\/\/i0.wp.com\/kovakotivara.fi\/wp-content\/uploads\/2025\/03\/RDFM1110SI-2.jpeg?resize=700%2C400&ssl=1 2x, https:\/\/i0.wp.com\/kovakotivara.fi\/wp-content\/uploads\/2025\/03\/RDFM1110SI-2.jpeg?resize=1050%2C600&ssl=1 3x, https:\/\/i0.wp.com\/kovakotivara.fi\/wp-content\/uploads\/2025\/03\/RDFM1110SI-2.jpeg?resize=1400%2C800&ssl=1 4x"},"classes":[]}],"jetpack_sharing_enabled":true,"jetpack_likes_enabled":true,"_links":{"self":[{"href":"https:\/\/kovakotivara.fi\/sv\/wp-json\/wp\/v2\/product\/3419","targetHints":{"allow":["GET"]}}],"collection":[{"href":"https:\/\/kovakotivara.fi\/sv\/wp-json\/wp\/v2\/product"}],"about":[{"href":"https:\/\/kovakotivara.fi\/sv\/wp-json\/wp\/v2\/types\/product"}],"replies":[{"embeddable":true,"href":"https:\/\/kovakotivara.fi\/sv\/wp-json\/wp\/v2\/comments?post=3419"}],"wp:featuredmedia":[{"embeddable":true,"href":"https:\/\/kovakotivara.fi\/sv\/wp-json\/wp\/v2\/media\/3420"}],"wp:attachment":[{"href":"https:\/\/kovakotivara.fi\/sv\/wp-json\/wp\/v2\/media?parent=3419"}],"wp:term":[{"taxonomy":"product_brand","embeddable":true,"href":"https:\/\/kovakotivara.fi\/sv\/wp-json\/wp\/v2\/product_brand?post=3419"},{"taxonomy":"product_cat","embeddable":true,"href":"https:\/\/kovakotivara.fi\/sv\/wp-json\/wp\/v2\/product_cat?post=3419"},{"taxonomy":"product_tag","embeddable":true,"href":"https:\/\/kovakotivara.fi\/sv\/wp-json\/wp\/v2\/product_tag?post=3419"},{"taxonomy":"berocket_brand","embeddable":true,"href":"https:\/\/kovakotivara.fi\/sv\/wp-json\/wp\/v2\/berocket_brand?post=3419"}],"curies":[{"name":"wp","href":"https:\/\/api.w.org\/{rel}","templated":true}]}}