{"id":3412,"date":"2025-08-08T09:07:01","date_gmt":"2025-08-08T06:07:01","guid":{"rendered":"https:\/\/kovakotivara.fi\/?post_type=product&#038;p=3412"},"modified":"2025-10-07T21:21:00","modified_gmt":"2025-10-07T18:21:00","slug":"nedis-hatakampiradio-aurinkopaneelilla","status":"publish","type":"product","link":"https:\/\/kovakotivara.fi\/sv\/lisatuotteet\/tiedonsaanti-ja-viestinta\/nedis-hatakampiradio-aurinkopaneelilla\/","title":{"rendered":"Nedis n\u00f6dradio med vev och solpanel"},"content":{"rendered":"<p>Nedis b\u00e4rbara DAB+\/FM-vevradio med solpanel \u00e4r den perfekta f\u00f6ljeslagaren f\u00f6r \u00e4ventyrare utomhus och en livr\u00e4ddare i n\u00f6dsituationer. Radion \u00e4r utformad f\u00f6r att vara den ultimata allt-i-ett-l\u00f6sningen f\u00f6r alla dina kommunikations- och belysningsbehov.<\/p>\n<p>Med m\u00f6jligheten att skanna och lagra upp till 40 DAB+- och FM-stationer kan du vara s\u00e4ker p\u00e5 att h\u00e5lla kontakten med de senaste nyheterna, musiken och informationen var du \u00e4n \u00e4r. Dessutom s\u00e4kerst\u00e4ller den l\u00e4ttl\u00e4sta displayen med klocka och kalender att du alltid har koll p\u00e5 tiden.<\/p>\n<p>Den b\u00e4rbara DAB + \/ FM-vevradion \u00e4r m\u00e5ngsidig n\u00e4r det g\u00e4ller str\u00f6mk\u00e4llor, du kan ladda den via handvevdynamo, solpanel eller USB-C-kabel. Det inbyggda 2500 mAh litiumbatteriet kan ocks\u00e5 anv\u00e4ndas som en powerbank f\u00f6r att ladda dina mobila enheter n\u00e4r du \u00e4r p\u00e5 spr\u00e5ng.<\/p>\n<p>Dessutom levereras v\u00e5r radio med en LED-ficklampa med 3 f\u00f6rinst\u00e4llningar och en vikbar LED-l\u00e4slampa, vilket g\u00f6r den perfekt f\u00f6r utomhus\u00e4ventyr eller campingturer. SOS-larmfunktionen kan vara en livr\u00e4ddare i en n\u00f6dsituation. N\u00e4r den \u00e4r aktiverad blinkar den och ger ett h\u00f6gt ljud som \u00e4r sv\u00e5rt att missa, vilket \u00e4r perfekt f\u00f6r att locka r\u00e4ddarnas uppm\u00e4rksamhet.<\/p>\n<p>Handvevdynamofunktionen \u00e4r perfekt f\u00f6r de tillf\u00e4llen d\u00e5 du inte har tillg\u00e5ng till en str\u00f6mk\u00e4lla. En minuts vevning ger dig 3-5 minuters radio eller 5-10 minuters ficklampa, s\u00e5 att du h\u00e5ller kontakten och har en ljusk\u00e4lla hela tiden.<\/p>\n<p>V\u00e5r b\u00e4rbara DAB+\/FM-vevradio med solpanel \u00e4r utformad f\u00f6r att vara l\u00e4tt, b\u00e4rbar och h\u00e5llbar, s\u00e5 att du kan ta den med dig vart du \u00e4n g\u00e5r. Oavsett om du \u00e4r p\u00e5 vandring eller i en n\u00f6dsituation kan du vara s\u00e4ker p\u00e5 att du har de verktyg du beh\u00f6ver f\u00f6r att h\u00e5lla kontakten och vara s\u00e4ker.<\/p>","protected":false},"excerpt":{"rendered":"<ul>\n<li>Kannettava DAB+\/FM-h\u00e4t\u00e4kampiradio aurinkopaneelilla<\/li>\n<li><span style=\"font-family: var(--global-body-font-family);\">Ihanteellinen h\u00e4t\u00e4tilanteissa tai retkeilyn aikana<\/span><\/li>\n<li><span style=\"font-family: var(--global-body-font-family);\">40 esiasetettua asemaa DAB+ ja FM kanavatallennukset automaattisen skannauksen avulla<\/span><\/li>\n<li><span style=\"font-family: var(--global-body-font-family);\">Lataa k\u00e4sik\u00e4ytt\u00f6isell\u00e4 kampidynamolla, aurinkopaneelilla tai USB-C-kaapelilla<\/span><\/li>\n<li><span style=\"font-family: var(--global-body-font-family);\">USB-C-tulo sis\u00e4\u00e4nrakennetun 2500 mAh:n litiumakun lataamiseen (kaapeli mukana)<\/span><\/li>\n<li><span style=\"font-family: var(--global-body-font-family);\">Powerbank-toiminto mobiililaitteen lataamiseen<\/span><\/li>\n<li><span style=\"font-family: var(--global-body-font-family);\">LED-taskulamppu, jossa on 3 esiasetusta ja taitettava LED-lukuvalo<\/span><\/li>\n<li><span style=\"font-family: var(--global-body-font-family);\">N\u00e4ytt\u00f6 kellolla ja kaksoish\u00e4lytyksell\u00e4<\/span><\/li>\n<li><span style=\"font-family: var(--global-body-font-family);\">SOS-h\u00e4lytys vilkkuu ja antaa niin kovan \u00e4\u00e4nen, ett\u00e4 pelastajan huomio saavutetaan<\/span><\/li>\n<li><span style=\"font-family: var(--global-body-font-family);\">1 minuutti kammen k\u00e4ytt\u00f6\u00e4 antaa 3-5 minuuttia radiota tai 5-10 minuuttia taskulamppua<\/span><\/li>\n<\/ul>\n[su_note note_color=\"#669fff\" text_color=\"#ffffff\" radius=\"10\"]Tuote on tilap\u00e4isesti loppu omasta varastostamme, mutta se tilataan heti toimittajalta, kun teet tilauksen. T\u00e4m\u00e4n vuoksi toimitusaika voi olla noin 2\u20137 p\u00e4iv\u00e4\u00e4 normaalia pidempi. Voit kuitenkin huoletta tilata tuotteen \u2013 se toimitetaan sinulle heti, kun se saapuu varastoomme.[\/su_note]\n","protected":false},"featured_media":3413,"comment_status":"open","ping_status":"closed","template":"","meta":{"_kad_post_transparent":"disable","_kad_post_title":"","_kad_post_layout":"normal","_kad_post_sidebar_id":"","_kad_post_content_style":"unboxed","_kad_post_vertical_padding":"show","_kad_post_feature":"","_kad_post_feature_position":"","_kad_post_header":false,"_kad_post_footer":false,"_kad_post_classname":"","jetpack_publicize_message":"Nedis h\u00e4t\u00e4kampiradio aurinkopaneelilla","jetpack_publicize_feature_enabled":true,"jetpack_social_post_already_shared":true,"jetpack_social_options":{"image_generator_settings":{"template":"highway","default_image_id":0,"font":"","enabled":false},"version":2}},"product_brand":[],"product_cat":[278],"product_tag":[309],"berocket_brand":[73],"class_list":{"0":"post-3412","1":"product","2":"type-product","3":"status-publish","4":"has-post-thumbnail","6":"product_cat-tiedonsaanti-ja-viestinta","7":"product_tag-tiedonsaanti-ja-viestinta","8":"berocket_brand-nedis","10":"first","11":"onbackorder","12":"taxable","13":"shipping-taxable","14":"purchasable","15":"product-type-simple","16":"entry","17":"content-bg","18":"loop-entry"},"jetpack_publicize_connections":[],"jetpack-related-posts":[{"id":4179,"url":"https:\/\/kovakotivara.fi\/sv\/lisatuotteet\/tiedonsaanti-ja-viestinta\/nedis-hatakampiradio-fm\/","url_meta":{"origin":3412,"position":0},"title":"Nedis n\u00f6dradio med vev och solpanel","author":"admin","date":"30.9.2025","format":false,"excerpt":"Kannettava DAB+\/FM-h\u00e4t\u00e4kampiradio aurinkopaneelilla Ihanteellinen h\u00e4t\u00e4tilanteissa tai retkeilyn aikana 40 esiasetettua asemaa DAB+ ja FM kanavatallennukset automaattisen skannauksen avulla Lataa k\u00e4sik\u00e4ytt\u00f6isell\u00e4 kampidynamolla, aurinkopaneelilla tai USB-C-kaapelilla USB-C-tulo sis\u00e4\u00e4nrakennetun 2500 mAh:n litiumakun lataamiseen (kaapeli mukana) Powerbank-toiminto mobiililaitteen lataamiseen LED-taskulamppu, jossa on 3 esiasetusta ja taitettava LED-lukuvalo N\u00e4ytt\u00f6 kellolla ja kaksoish\u00e4lytyksell\u00e4 SOS-h\u00e4lytys vilkkuu ja\u2026","rel":"","context":"Liknande inl\u00e4gg","block_context":{"text":"Liknande inl\u00e4gg","link":""},"img":{"alt_text":"h\u00e4t\u00e4kampiradio_2","src":"https:\/\/i0.wp.com\/kovakotivara.fi\/wp-content\/uploads\/2025\/09\/RDFMCR2000BK_P41.jpg?resize=350%2C200&ssl=1","width":350,"height":200,"srcset":"https:\/\/i0.wp.com\/kovakotivara.fi\/wp-content\/uploads\/2025\/09\/RDFMCR2000BK_P41.jpg?resize=350%2C200&ssl=1 1x, https:\/\/i0.wp.com\/kovakotivara.fi\/wp-content\/uploads\/2025\/09\/RDFMCR2000BK_P41.jpg?resize=525%2C300&ssl=1 1.5x, https:\/\/i0.wp.com\/kovakotivara.fi\/wp-content\/uploads\/2025\/09\/RDFMCR2000BK_P41.jpg?resize=700%2C400&ssl=1 2x, https:\/\/i0.wp.com\/kovakotivara.fi\/wp-content\/uploads\/2025\/09\/RDFMCR2000BK_P41.jpg?resize=1050%2C600&ssl=1 3x"},"classes":[]},{"id":920,"url":"https:\/\/kovakotivara.fi\/sv\/lisatuotteet\/tiedonsaanti-ja-viestinta\/nedis-fm-radio\/","url_meta":{"origin":3412,"position":1},"title":"Nedis FM-radio","author":"admin","date":"3.3.2025","format":false,"excerpt":"Kannettava ja kompakti \u2022 1,5 W:n huippul\u00e4ht\u00f6teho takaa hyv\u00e4n \u00e4\u00e4nenlaadun \u2022 3,5 mm:n \u00e4\u00e4nil\u00e4ht\u00f6 kuulokkeiden liitt\u00e4miseen \u2022 Paristok\u00e4ytt\u00f6inen - aseta radioon kaksi AAA-paristoa (ei sis\u00e4lly pakkaukseen) ja aloita kuuntelu \u2022 Analoginen viritys - valitse haluamasi radioasema virityspy\u00f6r\u00e4ll\u00e4.","rel":"","context":"Liknande inl\u00e4gg","block_context":{"text":"Liknande inl\u00e4gg","link":""},"img":{"alt_text":"Nedis FM radio","src":"https:\/\/i0.wp.com\/kovakotivara.fi\/wp-content\/uploads\/2025\/03\/RDFM1110SI-2.jpeg?resize=350%2C200&ssl=1","width":350,"height":200,"srcset":"https:\/\/i0.wp.com\/kovakotivara.fi\/wp-content\/uploads\/2025\/03\/RDFM1110SI-2.jpeg?resize=350%2C200&ssl=1 1x, https:\/\/i0.wp.com\/kovakotivara.fi\/wp-content\/uploads\/2025\/03\/RDFM1110SI-2.jpeg?resize=525%2C300&ssl=1 1.5x, https:\/\/i0.wp.com\/kovakotivara.fi\/wp-content\/uploads\/2025\/03\/RDFM1110SI-2.jpeg?resize=700%2C400&ssl=1 2x, https:\/\/i0.wp.com\/kovakotivara.fi\/wp-content\/uploads\/2025\/03\/RDFM1110SI-2.jpeg?resize=1050%2C600&ssl=1 3x, https:\/\/i0.wp.com\/kovakotivara.fi\/wp-content\/uploads\/2025\/03\/RDFM1110SI-2.jpeg?resize=1400%2C800&ssl=1 4x"},"classes":[]},{"id":3430,"url":"https:\/\/kovakotivara.fi\/sv\/lisatuotteet\/valaistus-ja-lampo\/nedis-led-taskulamppu\/","url_meta":{"origin":3412,"position":2},"title":"Nedis LED ficklampa","author":"admin","date":"8.8.2025","format":false,"excerpt":"\u2705 Paristok\u00e4ytt\u00f6inen Premium LED-taskulamppu 3 W Cree korkean suoritustehon LED, joka kest\u00e4\u00e4 noin 50 000 t \u2705 IPX5-luokiteltu vedenkest\u00e4v\u00e4, anodisoidusta alumiinista valmistettu runko on \u00e4\u00e4rimm\u00e4isen kest\u00e4v\u00e4 \u2705 Valokantama jopa 120 m \u2705 Py\u00f6riv\u00e4 p\u00e4\u00e4 valons\u00e4teen tarkentamiseen \u2705 Paristot sis\u00e4ltyv\u00e4t (2 x AA)","rel":"","context":"Liknande inl\u00e4gg","block_context":{"text":"Liknande inl\u00e4gg","link":""},"img":{"alt_text":"Needs LED taskulamppu","src":"https:\/\/i0.wp.com\/kovakotivara.fi\/wp-content\/uploads\/2025\/08\/LTRH3WGY_P41.jpg?resize=350%2C200&ssl=1","width":350,"height":200,"srcset":"https:\/\/i0.wp.com\/kovakotivara.fi\/wp-content\/uploads\/2025\/08\/LTRH3WGY_P41.jpg?resize=350%2C200&ssl=1 1x, https:\/\/i0.wp.com\/kovakotivara.fi\/wp-content\/uploads\/2025\/08\/LTRH3WGY_P41.jpg?resize=525%2C300&ssl=1 1.5x, https:\/\/i0.wp.com\/kovakotivara.fi\/wp-content\/uploads\/2025\/08\/LTRH3WGY_P41.jpg?resize=700%2C400&ssl=1 2x, https:\/\/i0.wp.com\/kovakotivara.fi\/wp-content\/uploads\/2025\/08\/LTRH3WGY_P41.jpg?resize=1050%2C600&ssl=1 3x"},"classes":[]},{"id":921,"url":"https:\/\/kovakotivara.fi\/sv\/lisatuotteet\/tiedonsaanti-ja-viestinta\/nedis-virtapankki-10000mah\/","url_meta":{"origin":3412,"position":3},"title":"Nedis Powerbank 10000mAh","author":"admin","date":"3.3.2025","format":false,"excerpt":"I den b\u00e4rbara powerbanken finns 10 000 mAh:s kapacitet. En n\u00f6dv\u00e4ndig produkt vid elavbrott.","rel":"","context":"Liknande inl\u00e4gg","block_context":{"text":"Liknande inl\u00e4gg","link":""},"img":{"alt_text":"Nedis - virtapankki","src":"https:\/\/i0.wp.com\/kovakotivara.fi\/wp-content\/uploads\/2025\/03\/UPBKPD10000BK-1.jpeg?resize=350%2C200&ssl=1","width":350,"height":200,"srcset":"https:\/\/i0.wp.com\/kovakotivara.fi\/wp-content\/uploads\/2025\/03\/UPBKPD10000BK-1.jpeg?resize=350%2C200&ssl=1 1x, https:\/\/i0.wp.com\/kovakotivara.fi\/wp-content\/uploads\/2025\/03\/UPBKPD10000BK-1.jpeg?resize=525%2C300&ssl=1 1.5x, https:\/\/i0.wp.com\/kovakotivara.fi\/wp-content\/uploads\/2025\/03\/UPBKPD10000BK-1.jpeg?resize=700%2C400&ssl=1 2x, https:\/\/i0.wp.com\/kovakotivara.fi\/wp-content\/uploads\/2025\/03\/UPBKPD10000BK-1.jpeg?resize=1050%2C600&ssl=1 3x, https:\/\/i0.wp.com\/kovakotivara.fi\/wp-content\/uploads\/2025\/03\/UPBKPD10000BK-1.jpeg?resize=1400%2C800&ssl=1 4x"},"classes":[]},{"id":3814,"url":"https:\/\/kovakotivara.fi\/sv\/lisatuotteet\/valaistus-ja-lampo\/nedis-ladattava-tyovalo\/","url_meta":{"origin":3412,"position":4},"title":"Nedis laddningsbar arbetslampa","author":"admin","date":"2.9.2025","format":false,"excerpt":"Ladattava LED-ty\u00f6valaisin, jossa on 10 W COB-LED (jopa 1000 lm) ja 5 valaistustilaa sek\u00e4 punainen vilkkuva varoitusvalo. 180\u00b0 s\u00e4\u00e4dett\u00e4v\u00e4 jalusta ja kaksi integroitua magneettia mahdollistavat handsfree-k\u00e4yt\u00f6n korjaamolla, autohuollossa tai kotona. Integroitu Li-Ion-akku tarjoaa jopa 2 h k\u00e4ytt\u00f6aikaa ja varavirtatoiminnon h\u00e4t\u00e4tilanteisiin. USB-C-lataus ja vankka, kumitettu runko.","rel":"","context":"Liknande inl\u00e4gg","block_context":{"text":"Liknande inl\u00e4gg","link":""},"img":{"alt_text":"Nedis Ty\u00f6valaisin","src":"https:\/\/i0.wp.com\/kovakotivara.fi\/wp-content\/uploads\/2025\/09\/LWORR10RD_P41.jpg?resize=350%2C200&ssl=1","width":350,"height":200,"srcset":"https:\/\/i0.wp.com\/kovakotivara.fi\/wp-content\/uploads\/2025\/09\/LWORR10RD_P41.jpg?resize=350%2C200&ssl=1 1x, https:\/\/i0.wp.com\/kovakotivara.fi\/wp-content\/uploads\/2025\/09\/LWORR10RD_P41.jpg?resize=525%2C300&ssl=1 1.5x, https:\/\/i0.wp.com\/kovakotivara.fi\/wp-content\/uploads\/2025\/09\/LWORR10RD_P41.jpg?resize=700%2C400&ssl=1 2x, https:\/\/i0.wp.com\/kovakotivara.fi\/wp-content\/uploads\/2025\/09\/LWORR10RD_P41.jpg?resize=1050%2C600&ssl=1 3x"},"classes":[]},{"id":2806,"url":"https:\/\/kovakotivara.fi\/sv\/kotivarapakkaukset\/tarvikeboksi-m\/","url_meta":{"origin":3412,"position":5},"title":"Beredskapsl\u00e5dan M","author":"admin","date":"22.5.2025","format":false,"excerpt":"V\u00e4ltt\u00e4m\u00e4tt\u00f6mimm\u00e4t tarvikkeet arjen ja kriisin yli selviytymiseen. Fiksu valinta osaksi kotivaraa, m\u00f6kille tai vaikka roadtripille. \u2705 20 hy\u00f6dyllist\u00e4 tuotetta\u2705 Pakattuna kest\u00e4v\u00e4\u00e4n SmartStore-laatikkoon\u2705 Ilmainen toimitus noutopisteeseen\u2705 S\u00e4\u00e4st\u00f6 jopa 30\u202f% verrattuna yksitt\u00e4in ostettuihin tuotteisiin","rel":"","context":"Med 2 kommentarer","block_context":{"text":"Med 2 kommentarer","link":"https:\/\/kovakotivara.fi\/sv\/kotivarapakkaukset\/tarvikeboksi-m\/#comments"},"img":{"alt_text":"Tarvikeboksi M","src":"https:\/\/i0.wp.com\/kovakotivara.fi\/wp-content\/uploads\/2025\/04\/tarvikeboksi_m_yla_thumb-e1744302705446.jpg?resize=350%2C200&ssl=1","width":350,"height":200,"srcset":"https:\/\/i0.wp.com\/kovakotivara.fi\/wp-content\/uploads\/2025\/04\/tarvikeboksi_m_yla_thumb-e1744302705446.jpg?resize=350%2C200&ssl=1 1x, https:\/\/i0.wp.com\/kovakotivara.fi\/wp-content\/uploads\/2025\/04\/tarvikeboksi_m_yla_thumb-e1744302705446.jpg?resize=525%2C300&ssl=1 1.5x, https:\/\/i0.wp.com\/kovakotivara.fi\/wp-content\/uploads\/2025\/04\/tarvikeboksi_m_yla_thumb-e1744302705446.jpg?resize=700%2C400&ssl=1 2x"},"classes":[]}],"jetpack_sharing_enabled":true,"jetpack_likes_enabled":true,"_links":{"self":[{"href":"https:\/\/kovakotivara.fi\/sv\/wp-json\/wp\/v2\/product\/3412","targetHints":{"allow":["GET"]}}],"collection":[{"href":"https:\/\/kovakotivara.fi\/sv\/wp-json\/wp\/v2\/product"}],"about":[{"href":"https:\/\/kovakotivara.fi\/sv\/wp-json\/wp\/v2\/types\/product"}],"replies":[{"embeddable":true,"href":"https:\/\/kovakotivara.fi\/sv\/wp-json\/wp\/v2\/comments?post=3412"}],"wp:featuredmedia":[{"embeddable":true,"href":"https:\/\/kovakotivara.fi\/sv\/wp-json\/wp\/v2\/media\/3413"}],"wp:attachment":[{"href":"https:\/\/kovakotivara.fi\/sv\/wp-json\/wp\/v2\/media?parent=3412"}],"wp:term":[{"taxonomy":"product_brand","embeddable":true,"href":"https:\/\/kovakotivara.fi\/sv\/wp-json\/wp\/v2\/product_brand?post=3412"},{"taxonomy":"product_cat","embeddable":true,"href":"https:\/\/kovakotivara.fi\/sv\/wp-json\/wp\/v2\/product_cat?post=3412"},{"taxonomy":"product_tag","embeddable":true,"href":"https:\/\/kovakotivara.fi\/sv\/wp-json\/wp\/v2\/product_tag?post=3412"},{"taxonomy":"berocket_brand","embeddable":true,"href":"https:\/\/kovakotivara.fi\/sv\/wp-json\/wp\/v2\/berocket_brand?post=3412"}],"curies":[{"name":"wp","href":"https:\/\/api.w.org\/{rel}","templated":true}]}}