{"id":2806,"date":"2025-05-22T19:17:40","date_gmt":"2025-05-22T16:17:40","guid":{"rendered":"https:\/\/kovakotivara.fi\/?post_type=product&#038;p=2806"},"modified":"2026-01-01T08:08:28","modified_gmt":"2026-01-01T06:08:28","slug":"tarvikeboksi-m","status":"publish","type":"product","link":"https:\/\/kovakotivara.fi\/sv\/kotivarapakkaukset\/tarvikeboksi-m\/","title":{"rendered":"Beredskapsl\u00e5dan M"},"content":{"rendered":"<p style=\"text-align: left;\">Denna beredskapsl\u00e5da fungerar som ett ypperligt till\u00e4gg till matl\u00e5dan. Inneh\u00e5ller de n\u00f6dv\u00e4ndigaste produkterna f\u00f6r vardag och kris. Se inboxind video under \"media\" fliken.<\/p>\n<p style=\"text-align: left;\">Alla produkter \u00e4r packade i en genomskinlig 14 liters SmartStore l\u00e5da, s\u00e5 att du har l\u00e4ttare att se l\u00e5dans inneh\u00e5ll vid behov. L\u00e4ttare \u00e4n s\u00e5 h\u00e4r blir det inte att f\u00f6rbereda sig!<\/p>\n<ul>\n<li>Hopvikbar 15 liters vattenbeh\u00e5llare<\/li>\n<li>Retki Camp\u00b4n Cook riskokare<\/li>\n<li>Retki f\u00f6rsta hj\u00e4lpen kit<\/li>\n<li>Retki r\u00e4ddningsfilt 132 x 213 cm<\/li>\n<li><span style=\"font-family: var(--global-body-font-family); letter-spacing: -0.011em;\">Retki Multi Plier multiverktyg<\/span><\/li>\n<li><span style=\"font-family: var(--global-body-font-family); letter-spacing: -0.011em;\">Retki Easy Flex pannlampa 150lm<\/span><\/li>\n<li><span style=\"font-family: var(--global-body-font-family); letter-spacing: -0.011em;\">Retki universalrep 7mm ja 15 meter<\/span><\/li>\n<li><span style=\"font-family: var(--global-body-font-family); letter-spacing: -0.011em;\">10 st FFP ansiktsmasker<\/span><\/li>\n<li><span style=\"font-family: var(--global-body-font-family); letter-spacing: -0.011em;\">2 x oljeljus<\/span><\/li>\n<li><span style=\"font-family: var(--global-body-font-family); letter-spacing: -0.011em;\">2 x t\u00e4ndstickor<\/span><\/li>\n<li><span style=\"font-family: var(--global-body-font-family); letter-spacing: -0.011em;\">20 st plastp\u00e5sar<\/span><\/li>\n<li><span style=\"font-family: var(--global-body-font-family); letter-spacing: -0.011em;\">Savett toilet putsdukar 50st<\/span><\/li>\n<li><span style=\"font-family: var(--global-body-font-family); letter-spacing: -0.011em;\">Silvertejp 50 meter<\/span><\/li>\n<li><span style=\"font-family: var(--global-body-font-family); letter-spacing: -0.011em;\">LV desinfektionsgel 100ml<\/span><\/li>\n<li><span style=\"font-family: var(--global-body-font-family); letter-spacing: -0.011em;\">Tactic spelkort<\/span><\/li>\n<li><span style=\"font-family: var(--global-body-font-family); letter-spacing: -0.011em;\">A5 ruth\u00e4fte<\/span><\/li>\n<li><span style=\"font-family: var(--global-body-font-family); letter-spacing: -0.011em;\">Blyertspennor 3st<\/span><\/li>\n<li><span style=\"font-family: var(--global-body-font-family); letter-spacing: -0.011em;\">Nedis AM\/FM Radio<\/span><\/li>\n<li><span style=\"font-family: var(--global-body-font-family); letter-spacing: -0.011em;\">AAA-batterier 8st<\/span><\/li>\n<li><span style=\"font-family: var(--global-body-font-family); letter-spacing: -0.011em;\">Nedis powerbank 10 000mAh<\/span><\/li>\n<\/ul>\n<p>&nbsp;<\/p>\n<p style=\"text-align: left;\"><strong>Vi f\u00f6rbeh\u00e5ller oss r\u00e4tten att \u00e4ndra inneh\u00e5llet eller priset p\u00e5 produkten.<\/strong><\/p>","protected":false},"excerpt":{"rendered":"<p>De n\u00f6dv\u00e4ndigaste f\u00f6rn\u00f6denheterna f\u00f6r att klara sig i vardag och i kris.<\/p>\n<p>Smart val som en del av hemberedskap, till stugan eller p\u00e5 en roadtrip.<\/p>\n<p>\u2705 20 anv\u00e4ndbara produkter<br data-start=\"854\" data-end=\"857\" \/>\u2705 F\u00f6rpackat i en h\u00e5llbar SmartStore-l\u00e5da<br data-start=\"903\" data-end=\"906\" \/>\u2705 Gratis leverans till servicest\u00e4lle<br data-start=\"943\" data-end=\"946\" \/>\u2705 Upp till 30\u202f% besparing j\u00e4mf\u00f6rt med att k\u00f6pa produkterna separat<\/p>","protected":false},"featured_media":2345,"comment_status":"open","ping_status":"closed","template":"","meta":{"_kad_post_transparent":"default","_kad_post_title":"","_kad_post_layout":"default","_kad_post_sidebar_id":"","_kad_post_content_style":"default","_kad_post_vertical_padding":"default","_kad_post_feature":"","_kad_post_feature_position":"","_kad_post_header":false,"_kad_post_footer":false,"_kad_post_classname":"","jetpack_publicize_message":"Tarvikeboksi M","jetpack_publicize_feature_enabled":true,"jetpack_social_post_already_shared":true,"jetpack_social_options":{"image_generator_settings":{"template":"highway","default_image_id":0,"font":"","enabled":false},"version":2}},"product_brand":[],"product_cat":[69],"product_tag":[],"berocket_brand":[73,46],"class_list":{"0":"post-2806","1":"product","2":"type-product","3":"status-publish","4":"has-post-thumbnail","6":"product_cat-kotivarapakkaukset","7":"berocket_brand-nedis","8":"berocket_brand-retki","10":"first","11":"instock","12":"taxable","13":"shipping-taxable","14":"purchasable","15":"product-type-simple","16":"entry","17":"content-bg","18":"loop-entry"},"jetpack_publicize_connections":[],"jetpack-related-posts":[{"id":932,"url":"https:\/\/kovakotivara.fi\/sv\/lisatuotteet\/ensiapu-ja-hygienia\/retki-ensiapupakkaus\/","url_meta":{"origin":2806,"position":0},"title":"Retki f\u00f6rsta hj\u00e4lpen kit","author":"admin","date":"3.3.2025","format":false,"excerpt":"Vandrarens kompakta f\u00f6rsta hj\u00e4lpen-kit med f\u00e4stingt\u00e5ng!","rel":"","context":"Liknande inl\u00e4gg","block_context":{"text":"Liknande inl\u00e4gg","link":""},"img":{"alt_text":"ensiapupakkaus","src":"https:\/\/i0.wp.com\/kovakotivara.fi\/wp-content\/uploads\/2025\/03\/IMG_8238.jpeg?resize=350%2C200&ssl=1","width":350,"height":200,"srcset":"https:\/\/i0.wp.com\/kovakotivara.fi\/wp-content\/uploads\/2025\/03\/IMG_8238.jpeg?resize=350%2C200&ssl=1 1x, https:\/\/i0.wp.com\/kovakotivara.fi\/wp-content\/uploads\/2025\/03\/IMG_8238.jpeg?resize=525%2C300&ssl=1 1.5x, https:\/\/i0.wp.com\/kovakotivara.fi\/wp-content\/uploads\/2025\/03\/IMG_8238.jpeg?resize=700%2C400&ssl=1 2x, https:\/\/i0.wp.com\/kovakotivara.fi\/wp-content\/uploads\/2025\/03\/IMG_8238.jpeg?resize=1050%2C600&ssl=1 3x"},"classes":[]},{"id":2776,"url":"https:\/\/kovakotivara.fi\/sv\/lisatuotteet\/ensiapu-ja-hygienia\/retki-ensiapusetti\/","url_meta":{"origin":2806,"position":1},"title":"Retki F\u00f6rsta Hj\u00e4lpen Kit","author":"admin","date":"12.5.2025","format":false,"excerpt":"Ensiapupakkaus & pelastuslakana \u2013 H\u00e4t\u00e4pakettiKompakti kaksikko turvaa sek\u00e4 ensiaputarpeet ett\u00e4 l\u00e4mm\u00f6n s\u00e4ilymisen h\u00e4t\u00e4tilanteissa. Sopii erinomaisesti kotivaraan, retkireppuun, autoon tai veneeseen. \u2705 Kotivara ja ensiapu S\u00e4ilyt\u00e4 molemmat tuotteet yhdess\u00e4 selke\u00e4ss\u00e4 paketissa kotona tai m\u00f6kill\u00e4 \u2013 l\u00f6yd\u00e4t tarvikkeet heti, jos tapaturma tai \u00e4killinen kylmyys iskee. \u2705 Retkelle ja automatkalle Kevyt ja pieni\u2026","rel":"","context":"Liknande inl\u00e4gg","block_context":{"text":"Liknande inl\u00e4gg","link":""},"img":{"alt_text":"Retki EA + Pel. lakana","src":"https:\/\/i0.wp.com\/kovakotivara.fi\/wp-content\/uploads\/2025\/05\/retkisetti.jpeg?resize=350%2C200&ssl=1","width":350,"height":200,"srcset":"https:\/\/i0.wp.com\/kovakotivara.fi\/wp-content\/uploads\/2025\/05\/retkisetti.jpeg?resize=350%2C200&ssl=1 1x, https:\/\/i0.wp.com\/kovakotivara.fi\/wp-content\/uploads\/2025\/05\/retkisetti.jpeg?resize=525%2C300&ssl=1 1.5x, https:\/\/i0.wp.com\/kovakotivara.fi\/wp-content\/uploads\/2025\/05\/retkisetti.jpeg?resize=700%2C400&ssl=1 2x, https:\/\/i0.wp.com\/kovakotivara.fi\/wp-content\/uploads\/2025\/05\/retkisetti.jpeg?resize=1050%2C600&ssl=1 3x, https:\/\/i0.wp.com\/kovakotivara.fi\/wp-content\/uploads\/2025\/05\/retkisetti.jpeg?resize=1400%2C800&ssl=1 4x"},"classes":[]},{"id":3900,"url":"https:\/\/kovakotivara.fi\/sv\/kotivarapakkaukset\/kotivarapakkaus-72h-trek\/","url_meta":{"origin":2806,"position":2},"title":"Beredskapsl\u00e5dan 72h TREK","author":"admin","date":"25.9.2025","format":false,"excerpt":"Ruoka, ruoanvalmistus, vett\u00e4 ja vedenpuhdistus. Soveltuu hyvin kotivaran aloituspaketiksi ja mainiosti my\u00f6s retkeilyyn. Mit\u00e4 laatikko sis\u00e4lt\u00e4\u00e4: \u2705 1 x Aina luotettava Trangia 25-1 UL (sis. 2 x alumiinikattilaa, alumiinipaistinpannu, spriipoltin ja kahva) \u2705 1 x Hyv\u00e4Tuli Spriineste 500ml \u2705 2 x tulitikut \u2705 1 x Kuplika 225 luha (pidempi malli)\u2026","rel":"","context":"Liknande inl\u00e4gg","block_context":{"text":"Liknande inl\u00e4gg","link":""},"img":{"alt_text":"kotivarapakkaus72htrek","src":"https:\/\/i0.wp.com\/kovakotivara.fi\/wp-content\/uploads\/2025\/09\/IMG_3722-scaled.jpg?resize=350%2C200&ssl=1","width":350,"height":200,"srcset":"https:\/\/i0.wp.com\/kovakotivara.fi\/wp-content\/uploads\/2025\/09\/IMG_3722-scaled.jpg?resize=350%2C200&ssl=1 1x, https:\/\/i0.wp.com\/kovakotivara.fi\/wp-content\/uploads\/2025\/09\/IMG_3722-scaled.jpg?resize=525%2C300&ssl=1 1.5x, https:\/\/i0.wp.com\/kovakotivara.fi\/wp-content\/uploads\/2025\/09\/IMG_3722-scaled.jpg?resize=700%2C400&ssl=1 2x, https:\/\/i0.wp.com\/kovakotivara.fi\/wp-content\/uploads\/2025\/09\/IMG_3722-scaled.jpg?resize=1050%2C600&ssl=1 3x, https:\/\/i0.wp.com\/kovakotivara.fi\/wp-content\/uploads\/2025\/09\/IMG_3722-scaled.jpg?resize=1400%2C800&ssl=1 4x"},"classes":[]},{"id":2010,"url":"https:\/\/kovakotivara.fi\/sv\/lisatuotteet\/muut-tarvikkeet\/retki-yleiskoysi\/","url_meta":{"origin":2806,"position":3},"title":"Retki universalrep 7mm 15m","author":"admin","date":"27.3.2025","format":false,"excerpt":"Ett m\u00e5ngsidigt rep f\u00f6r s\u00e5v\u00e4l beredskap som vardag.","rel":"","context":"Liknande inl\u00e4gg","block_context":{"text":"Liknande inl\u00e4gg","link":""},"img":{"alt_text":"Retki yleisk\u00f6ysi 7mm 1","src":"https:\/\/i0.wp.com\/kovakotivara.fi\/wp-content\/uploads\/2025\/03\/R5587-1.jpeg?resize=350%2C200&ssl=1","width":350,"height":200,"srcset":"https:\/\/i0.wp.com\/kovakotivara.fi\/wp-content\/uploads\/2025\/03\/R5587-1.jpeg?resize=350%2C200&ssl=1 1x, https:\/\/i0.wp.com\/kovakotivara.fi\/wp-content\/uploads\/2025\/03\/R5587-1.jpeg?resize=525%2C300&ssl=1 1.5x, https:\/\/i0.wp.com\/kovakotivara.fi\/wp-content\/uploads\/2025\/03\/R5587-1.jpeg?resize=700%2C400&ssl=1 2x, https:\/\/i0.wp.com\/kovakotivara.fi\/wp-content\/uploads\/2025\/03\/R5587-1.jpeg?resize=1050%2C600&ssl=1 3x, https:\/\/i0.wp.com\/kovakotivara.fi\/wp-content\/uploads\/2025\/03\/R5587-1.jpeg?resize=1400%2C800&ssl=1 4x"},"classes":[]},{"id":2771,"url":"https:\/\/kovakotivara.fi\/sv\/kotivarapakkaukset\/retkisetti\/","url_meta":{"origin":2806,"position":4},"title":"Retki set","author":"admin","date":"12.5.2025","format":false,"excerpt":"Retkisetti \u2013 Kotivarasi peruspilaritMonipuolinen ja kompakti setti, joka kattaa t\u00e4rkeimm\u00e4t varusteet h\u00e4t\u00e4tilanteisiin kotivarassa \u2013 mutta toimii yht\u00e4 lailla retkell\u00e4, automatkalla tai veneess\u00e4. Pieni pakkauskoko, kevyt kantaa ja helppo sijoittaa esimerkiksi varastoon, autoon tai veneen s\u00e4ilytystilaan. \u2705 Kotivaraksi: Pienell\u00e4 tilalla saat kattavat h\u00e4t\u00e4varusteet s\u00e4hk\u00f6katkoon, myrskyyn tai ensiaputilanteisiin. \u2705 Retkelle ja reissuun:\u2026","rel":"","context":"Liknande inl\u00e4gg","block_context":{"text":"Liknande inl\u00e4gg","link":""},"img":{"alt_text":"retkisetti","src":"https:\/\/i0.wp.com\/kovakotivara.fi\/wp-content\/uploads\/2025\/05\/retkisetti3.jpg?resize=350%2C200&ssl=1","width":350,"height":200,"srcset":"https:\/\/i0.wp.com\/kovakotivara.fi\/wp-content\/uploads\/2025\/05\/retkisetti3.jpg?resize=350%2C200&ssl=1 1x, https:\/\/i0.wp.com\/kovakotivara.fi\/wp-content\/uploads\/2025\/05\/retkisetti3.jpg?resize=525%2C300&ssl=1 1.5x, https:\/\/i0.wp.com\/kovakotivara.fi\/wp-content\/uploads\/2025\/05\/retkisetti3.jpg?resize=700%2C400&ssl=1 2x, https:\/\/i0.wp.com\/kovakotivara.fi\/wp-content\/uploads\/2025\/05\/retkisetti3.jpg?resize=1050%2C600&ssl=1 3x"},"classes":[]},{"id":3798,"url":"https:\/\/kovakotivara.fi\/sv\/lisatuotteet\/muut-tarvikkeet\/retki-kuivasakki-ikkunalla-15l\/","url_meta":{"origin":2806,"position":5},"title":"Torrs\u00e4ck med f\u00f6nster 15l","author":"admin","date":"29.8.2025","format":false,"excerpt":"Excursion dry bag f\u00f6r vattent\u00e4t transport av gods.","rel":"","context":"Liknande inl\u00e4gg","block_context":{"text":"Liknande inl\u00e4gg","link":""},"img":{"alt_text":"Retki kuivas\u00e4kki ikkunalla 15l","src":"https:\/\/i0.wp.com\/kovakotivara.fi\/wp-content\/uploads\/2025\/08\/R5286.jpg.webp?resize=350%2C200&ssl=1","width":350,"height":200,"srcset":"https:\/\/i0.wp.com\/kovakotivara.fi\/wp-content\/uploads\/2025\/08\/R5286.jpg.webp?resize=350%2C200&ssl=1 1x, https:\/\/i0.wp.com\/kovakotivara.fi\/wp-content\/uploads\/2025\/08\/R5286.jpg.webp?resize=525%2C300&ssl=1 1.5x"},"classes":[]}],"jetpack_sharing_enabled":true,"jetpack_likes_enabled":true,"_links":{"self":[{"href":"https:\/\/kovakotivara.fi\/sv\/wp-json\/wp\/v2\/product\/2806","targetHints":{"allow":["GET"]}}],"collection":[{"href":"https:\/\/kovakotivara.fi\/sv\/wp-json\/wp\/v2\/product"}],"about":[{"href":"https:\/\/kovakotivara.fi\/sv\/wp-json\/wp\/v2\/types\/product"}],"replies":[{"embeddable":true,"href":"https:\/\/kovakotivara.fi\/sv\/wp-json\/wp\/v2\/comments?post=2806"}],"wp:featuredmedia":[{"embeddable":true,"href":"https:\/\/kovakotivara.fi\/sv\/wp-json\/wp\/v2\/media\/2345"}],"wp:attachment":[{"href":"https:\/\/kovakotivara.fi\/sv\/wp-json\/wp\/v2\/media?parent=2806"}],"wp:term":[{"taxonomy":"product_brand","embeddable":true,"href":"https:\/\/kovakotivara.fi\/sv\/wp-json\/wp\/v2\/product_brand?post=2806"},{"taxonomy":"product_cat","embeddable":true,"href":"https:\/\/kovakotivara.fi\/sv\/wp-json\/wp\/v2\/product_cat?post=2806"},{"taxonomy":"product_tag","embeddable":true,"href":"https:\/\/kovakotivara.fi\/sv\/wp-json\/wp\/v2\/product_tag?post=2806"},{"taxonomy":"berocket_brand","embeddable":true,"href":"https:\/\/kovakotivara.fi\/sv\/wp-json\/wp\/v2\/berocket_brand?post=2806"}],"curies":[{"name":"wp","href":"https:\/\/api.w.org\/{rel}","templated":true}]}}