{"id":2776,"date":"2025-05-12T19:46:14","date_gmt":"2025-05-12T16:46:14","guid":{"rendered":"https:\/\/kovakotivara.fi\/?post_type=product&#038;p=2776"},"modified":"2026-03-11T19:42:18","modified_gmt":"2026-03-11T17:42:18","slug":"retki-ensiapusetti","status":"publish","type":"product","link":"https:\/\/kovakotivara.fi\/sv\/lisatuotteet\/ensiapu-ja-hygienia\/retki-ensiapusetti\/","title":{"rendered":"Retki F\u00f6rsta Hj\u00e4lpen Kit"},"content":{"rendered":"<h4>Produktens specifikationer<\/h4>\n<ul data-start=\"239\" data-end=\"865\">\n<li class=\"\" data-start=\"239\" data-end=\"581\">\n<p class=\"\" data-start=\"241\" data-end=\"261\"><strong data-start=\"241\" data-end=\"259\">F\u00f6rsta hj\u00e4lpen kit<\/strong><\/p>\n<ul data-start=\"264\" data-end=\"581\">\n<li class=\"\" data-start=\"264\" data-end=\"423\">\n<p class=\"\" data-start=\"266\" data-end=\"423\">Inneh\u00e5ller:\n10 patchar,\n2 st finger-\/knogepl\u00e5ster,\n2 st lindade veck 5x5cm 2-pack,\n1 st sj\u00e4lvh\u00e4ftande s\u00e5rveck 7x10cm,\n1 par PVC-handskar storlek L,\n1 stycke stort s\u00e5rveck 12,7\u00d722,8 cm,\n1 rulle gasv\u00e4v, bredd 6 cm, l\u00e4ngd 4 m,\n1 rulle fibertejp \u201dlindade tejp\u201d,\n1 stycke fiberduk 96x96x136 cm,\n1 st r\u00e4ddningsark 130x210cm,\n2 st reng\u00f6ringshandduk, alkoholfri,\n10 spritservetter,\n10 s\u00e4kerhetsn\u00e5lar,\n3 ark blisterpl\u00e5ster,\nt\u00e5ng<\/p>\n<\/li>\n<li class=\"\" data-start=\"426\" data-end=\"513\">\n<p class=\"\" data-start=\"428\" data-end=\"513\">L\u00e4tt\u00f6ppnad, t\u00e5lig plastf\u00f6rpackning som skyddar utrustning fr\u00e5n fukt och damm.<\/p>\n<\/li>\n<li class=\"\" data-start=\"516\" data-end=\"581\">\n<p class=\"\" data-start=\"518\" data-end=\"581\">Kompakt storlek: passar i en f\u00f6rsta hj\u00e4lpen-l\u00e5da eller p\u00e5 en hylla.<\/p>\n<\/li>\n<\/ul>\n<\/li>\n<li class=\"\" data-start=\"583\" data-end=\"865\">\n<p class=\"\" data-start=\"585\" data-end=\"633\"><strong data-start=\"585\" data-end=\"631\">R\u00e4ddningsfilt \/ V\u00e4rmefilt silver (132 \u00d7 213 cm)<\/strong><\/p>\n<ul data-start=\"636\" data-end=\"865\">\n<li class=\"\" data-start=\"636\" data-end=\"684\">\n<p class=\"\" data-start=\"638\" data-end=\"684\">L\u00e4tt (ca 50 g) och litet paket.<\/p>\n<\/li>\n<li class=\"\" data-start=\"687\" data-end=\"787\">\n<p class=\"\" data-start=\"689\" data-end=\"787\">Reflekterar kroppsv\u00e4rmen tillbaka, h\u00e5ller t.o.m. 90% av kroppsv\u00e4rmen och skyddar fr\u00e5n vind.<\/p>\n<\/li>\n<li class=\"\" data-start=\"790\" data-end=\"865\">\n<p class=\"\" data-start=\"792\" data-end=\"865\">M\u00e5ngsidig: som n\u00f6dfilt, regnskydd eller reserv\u00f6verdrag till t\u00e4lt.<\/p>\n<\/li>\n<\/ul>\n<\/li>\n<\/ul>\n<h4>Varf\u00f6r krispaket?<\/h4>\n<ul data-start=\"1475\" data-end=\"1768\">\n<li class=\"\" data-start=\"1475\" data-end=\"1579\">\n<p class=\"\" data-start=\"1477\" data-end=\"1579\"><strong data-start=\"1477\" data-end=\"1499\">D\u00e5 det \u00e4r br\u00e5ttom:<\/strong> Allt det n\u00f6dv\u00e4ndiga i ett paket.<\/p>\n<\/li>\n<li class=\"\" data-start=\"1580\" data-end=\"1683\">\n<p class=\"\" data-start=\"1582\" data-end=\"1683\"><strong data-start=\"1582\" data-end=\"1602\">M\u00e5ngsidigt:<\/strong> L\u00e4mplig f\u00f6r hemmabruk, camping i naturen eller som reservdel f\u00f6r transport.<\/p>\n<\/li>\n<li class=\"\" data-start=\"1684\" data-end=\"1768\">\n<p class=\"\" data-start=\"1686\" data-end=\"1768\"><strong data-start=\"1686\" data-end=\"1705\">Litet och l\u00e4tt:<\/strong> Du kan enkelt b\u00e4ra med dig \u00f6verallt d\u00e4r s\u00e4kerheten \u00e4r viktig.<\/p>\n<\/li>\n<\/ul>\n<p class=\"\" data-start=\"1770\" data-end=\"1871\">F\u00f6rs\u00e4kra dig om din egen och dina k\u00e4rastes s\u00e4kerhet - best\u00e4ll f\u00f6rsta hj\u00e4lpen kit och r\u00e4ddningsfilt - krispaketet nu!<\/p>","protected":false},"excerpt":{"rendered":"<p><strong data-start=\"0\" data-end=\"49\">F\u00f6rsta hj\u00e4lpen kit &amp; r\u00e4ddningsfilt - Krispaket<\/strong><br data-start=\"49\" data-end=\"52\" \/>Den kompakta duon tryggar b\u00e5de behov av f\u00f6rsta hj\u00e4lpen och v\u00e4rme i n\u00f6dsituationer. Perfekt f\u00f6r hemberedskap, skogsutrustning, i bil eller b\u00e5t.<\/p>\n<p class=\"\" data-start=\"904\" data-end=\"1073\"><strong data-start=\"904\" data-end=\"927\">\u2705 Hemberedskap och f\u00f6rsta hj\u00e4lp<\/strong><\/p>\n<p class=\"\" data-start=\"904\" data-end=\"1073\">F\u00f6rvara b\u00e5da produkterna tillsammans i en tydligt m\u00e4rkt f\u00f6rpackning hemma eller p\u00e5 stugan - du hittar f\u00f6rn\u00f6denheterna direkt om en olycka eller pl\u00f6tslig kyla intr\u00e4ffar.<\/p>\n<p class=\"\" data-start=\"1077\" data-end=\"1254\"><strong data-start=\"1077\" data-end=\"1105\">\u2705 Till utf\u00e4rden eller bilf\u00e4rden<\/strong><\/p>\n<p class=\"\" data-start=\"1077\" data-end=\"1254\">Det l\u00e4tta och lilla paketet inneh\u00e5ller m\u00f6jlighet till f\u00f6rsta hj\u00e4lpen och v\u00e4rmebevarande: den f\u00e5r enkelt plats i en ryggs\u00e4ck, i handskfacket eller i b\u00e5ten.<\/p>\n<p class=\"\" data-start=\"1258\" data-end=\"1431\"><strong data-start=\"1258\" data-end=\"1289\">\u2705 Prim\u00e4rt r\u00e4ddningsverktyg<\/strong><\/p>\n<p class=\"\" data-start=\"1258\" data-end=\"1431\">Termofilten fungerar \u00e4ven som en reflekterande signal i en n\u00f6dsituation. F\u00f6rsta hj\u00e4lpen f\u00f6rn\u00f6denheter behandlar mindre s\u00e5r och bl\u00e5m\u00e4rken innan en resa till v\u00e5rdcentralen.<\/p>","protected":false},"featured_media":2775,"comment_status":"open","ping_status":"closed","template":"","meta":{"_kad_post_transparent":"default","_kad_post_title":"","_kad_post_layout":"default","_kad_post_sidebar_id":"","_kad_post_content_style":"default","_kad_post_vertical_padding":"default","_kad_post_feature":"","_kad_post_feature_position":"","_kad_post_header":false,"_kad_post_footer":false,"_kad_post_classname":"","jetpack_publicize_message":"Retki ensiapusetti","jetpack_publicize_feature_enabled":true,"jetpack_social_post_already_shared":true,"jetpack_social_options":{"image_generator_settings":{"template":"highway","default_image_id":0,"font":"","enabled":false},"version":2}},"product_brand":[],"product_cat":[281],"product_tag":[307],"berocket_brand":[46],"class_list":{"0":"post-2776","1":"product","2":"type-product","3":"status-publish","4":"has-post-thumbnail","6":"product_cat-ensiapu-ja-hygienia","7":"product_tag-ensiapu-ja-hygienia","8":"berocket_brand-retki","10":"first","11":"instock","12":"taxable","13":"shipping-taxable","14":"purchasable","15":"product-type-simple","16":"entry","17":"content-bg","18":"loop-entry"},"jetpack_publicize_connections":[],"jetpack-related-posts":[{"id":932,"url":"https:\/\/kovakotivara.fi\/sv\/lisatuotteet\/ensiapu-ja-hygienia\/retki-ensiapupakkaus\/","url_meta":{"origin":2776,"position":0},"title":"Retki f\u00f6rsta hj\u00e4lpen kit","author":"admin","date":"3.3.2025","format":false,"excerpt":"Vandrarens kompakta f\u00f6rsta hj\u00e4lpen-kit med f\u00e4stingt\u00e5ng!","rel":"","context":"Liknande inl\u00e4gg","block_context":{"text":"Liknande inl\u00e4gg","link":""},"img":{"alt_text":"ensiapupakkaus","src":"https:\/\/i0.wp.com\/kovakotivara.fi\/wp-content\/uploads\/2025\/03\/IMG_8238.jpeg?resize=350%2C200&ssl=1","width":350,"height":200,"srcset":"https:\/\/i0.wp.com\/kovakotivara.fi\/wp-content\/uploads\/2025\/03\/IMG_8238.jpeg?resize=350%2C200&ssl=1 1x, https:\/\/i0.wp.com\/kovakotivara.fi\/wp-content\/uploads\/2025\/03\/IMG_8238.jpeg?resize=525%2C300&ssl=1 1.5x, https:\/\/i0.wp.com\/kovakotivara.fi\/wp-content\/uploads\/2025\/03\/IMG_8238.jpeg?resize=700%2C400&ssl=1 2x, https:\/\/i0.wp.com\/kovakotivara.fi\/wp-content\/uploads\/2025\/03\/IMG_8238.jpeg?resize=1050%2C600&ssl=1 3x"},"classes":[]},{"id":2771,"url":"https:\/\/kovakotivara.fi\/sv\/kotivarapakkaukset\/retkisetti\/","url_meta":{"origin":2776,"position":1},"title":"Retki set","author":"admin","date":"12.5.2025","format":false,"excerpt":"Retkisetti \u2013 Kotivarasi peruspilaritMonipuolinen ja kompakti setti, joka kattaa t\u00e4rkeimm\u00e4t varusteet h\u00e4t\u00e4tilanteisiin kotivarassa \u2013 mutta toimii yht\u00e4 lailla retkell\u00e4, automatkalla tai veneess\u00e4. Pieni pakkauskoko, kevyt kantaa ja helppo sijoittaa esimerkiksi varastoon, autoon tai veneen s\u00e4ilytystilaan. \u2705 Kotivaraksi: Pienell\u00e4 tilalla saat kattavat h\u00e4t\u00e4varusteet s\u00e4hk\u00f6katkoon, myrskyyn tai ensiaputilanteisiin. \u2705 Retkelle ja reissuun:\u2026","rel":"","context":"Liknande inl\u00e4gg","block_context":{"text":"Liknande inl\u00e4gg","link":""},"img":{"alt_text":"retkisetti","src":"https:\/\/i0.wp.com\/kovakotivara.fi\/wp-content\/uploads\/2025\/05\/retkisetti3.jpg?resize=350%2C200&ssl=1","width":350,"height":200,"srcset":"https:\/\/i0.wp.com\/kovakotivara.fi\/wp-content\/uploads\/2025\/05\/retkisetti3.jpg?resize=350%2C200&ssl=1 1x, https:\/\/i0.wp.com\/kovakotivara.fi\/wp-content\/uploads\/2025\/05\/retkisetti3.jpg?resize=525%2C300&ssl=1 1.5x, https:\/\/i0.wp.com\/kovakotivara.fi\/wp-content\/uploads\/2025\/05\/retkisetti3.jpg?resize=700%2C400&ssl=1 2x, https:\/\/i0.wp.com\/kovakotivara.fi\/wp-content\/uploads\/2025\/05\/retkisetti3.jpg?resize=1050%2C600&ssl=1 3x"},"classes":[]},{"id":2806,"url":"https:\/\/kovakotivara.fi\/sv\/kotivarapakkaukset\/tarvikeboksi-m\/","url_meta":{"origin":2776,"position":2},"title":"Beredskapsl\u00e5dan M","author":"admin","date":"22.5.2025","format":false,"excerpt":"V\u00e4ltt\u00e4m\u00e4tt\u00f6mimm\u00e4t tarvikkeet arjen ja kriisin yli selviytymiseen. Fiksu valinta osaksi kotivaraa, m\u00f6kille tai vaikka roadtripille. \u2705 20 hy\u00f6dyllist\u00e4 tuotetta\u2705 Pakattuna kest\u00e4v\u00e4\u00e4n SmartStore-laatikkoon\u2705 Ilmainen toimitus noutopisteeseen\u2705 S\u00e4\u00e4st\u00f6 jopa 30\u202f% verrattuna yksitt\u00e4in ostettuihin tuotteisiin","rel":"","context":"Med 2 kommentarer","block_context":{"text":"Med 2 kommentarer","link":"https:\/\/kovakotivara.fi\/sv\/kotivarapakkaukset\/tarvikeboksi-m\/#comments"},"img":{"alt_text":"Tarvikeboksi M","src":"https:\/\/i0.wp.com\/kovakotivara.fi\/wp-content\/uploads\/2025\/04\/tarvikeboksi_m_yla_thumb-e1744302705446.jpg?resize=350%2C200&ssl=1","width":350,"height":200,"srcset":"https:\/\/i0.wp.com\/kovakotivara.fi\/wp-content\/uploads\/2025\/04\/tarvikeboksi_m_yla_thumb-e1744302705446.jpg?resize=350%2C200&ssl=1 1x, https:\/\/i0.wp.com\/kovakotivara.fi\/wp-content\/uploads\/2025\/04\/tarvikeboksi_m_yla_thumb-e1744302705446.jpg?resize=525%2C300&ssl=1 1.5x, https:\/\/i0.wp.com\/kovakotivara.fi\/wp-content\/uploads\/2025\/04\/tarvikeboksi_m_yla_thumb-e1744302705446.jpg?resize=700%2C400&ssl=1 2x"},"classes":[]},{"id":2009,"url":"https:\/\/kovakotivara.fi\/sv\/lisatuotteet\/ensiapu-ja-hygienia\/pelastuslakana\/","url_meta":{"origin":2776,"position":3},"title":"Retki Pelastuslakana 132cm x 213cm","author":"admin","date":"27.3.2025","format":false,"excerpt":"Kest\u00e4v\u00e4st\u00e4 muovifoliosta valmistettu pelastuslakana \/ l\u00e4mp\u00f6peite ensiapuun autoon, veneeseen tai matkailuautoon. L\u00e4mp\u00f6peite taittuu pieneen kokoon, joten kulkee hyvin mukana reissussa tai kulkuneuvossa. Heijastaa ruumiinl\u00e4mp\u00f6\u00e4 takaisin.","rel":"","context":"Liknande inl\u00e4gg","block_context":{"text":"Liknande inl\u00e4gg","link":""},"img":{"alt_text":"pelastuslakana","src":"https:\/\/i0.wp.com\/kovakotivara.fi\/wp-content\/uploads\/2025\/03\/R5646-box-1.webp?resize=350%2C200&ssl=1","width":350,"height":200,"srcset":"https:\/\/i0.wp.com\/kovakotivara.fi\/wp-content\/uploads\/2025\/03\/R5646-box-1.webp?resize=350%2C200&ssl=1 1x, https:\/\/i0.wp.com\/kovakotivara.fi\/wp-content\/uploads\/2025\/03\/R5646-box-1.webp?resize=525%2C300&ssl=1 1.5x, https:\/\/i0.wp.com\/kovakotivara.fi\/wp-content\/uploads\/2025\/03\/R5646-box-1.webp?resize=700%2C400&ssl=1 2x, https:\/\/i0.wp.com\/kovakotivara.fi\/wp-content\/uploads\/2025\/03\/R5646-box-1.webp?resize=1050%2C600&ssl=1 3x, https:\/\/i0.wp.com\/kovakotivara.fi\/wp-content\/uploads\/2025\/03\/R5646-box-1.webp?resize=1400%2C800&ssl=1 4x"},"classes":[]},{"id":4064,"url":"https:\/\/kovakotivara.fi\/sv\/lisatuotteet\/ruoka-ja-ruoanvalmistus\/summit-to-eat-nautapata-perunoilla\/","url_meta":{"origin":2776,"position":4},"title":"Summit To Eat Beef And Potato Stew","author":"admin","date":"24.9.2025","format":false,"excerpt":"Summit To Eat \u2013 Naudanlihasuikaleet ja kasvikset kastikkeessaMaukas ja helposti valmistettava retkiateria: perunaa, naudanlihaa ja kasviksia t\u00e4ytel\u00e4isess\u00e4 kastikkeessa. Kaada kuuma vesi pussiin ja ateria on valmis muutamassa minuutissa. Laktoositon, gluteeniton ja s\u00e4ilyy jopa 7 vuotta. \u2705 Parasta ennen: 2.4.2032","rel":"","context":"Liknande inl\u00e4gg","block_context":{"text":"Liknande inl\u00e4gg","link":""},"img":{"alt_text":"Summit to eat nautapata perunoilla","src":"https:\/\/i0.wp.com\/kovakotivara.fi\/wp-content\/uploads\/2025\/09\/summit_beef_front.png?resize=350%2C200&ssl=1","width":350,"height":200,"srcset":"https:\/\/i0.wp.com\/kovakotivara.fi\/wp-content\/uploads\/2025\/09\/summit_beef_front.png?resize=350%2C200&ssl=1 1x, https:\/\/i0.wp.com\/kovakotivara.fi\/wp-content\/uploads\/2025\/09\/summit_beef_front.png?resize=525%2C300&ssl=1 1.5x, https:\/\/i0.wp.com\/kovakotivara.fi\/wp-content\/uploads\/2025\/09\/summit_beef_front.png?resize=700%2C400&ssl=1 2x"},"classes":[]},{"id":4036,"url":"https:\/\/kovakotivara.fi\/sv\/lisatuotteet\/ladattava-materiaali\/kotivaran-tarkistuslista\/","url_meta":{"origin":2776,"position":5},"title":"Hemberedskap checklista","author":"admin","date":"24.9.2025","format":false,"excerpt":"T\u00e4m\u00e4 tarkistuslista sis\u00e4lt\u00e4\u00e4 olennaiset tarvikkeet, joita tarvitset osaksi kotivaraa tai kriisin sattuessa. T\u00e4m\u00e4n listan tuotteista valtaosa on saatavilla verkkokaupastamme. Voit ladata tiedoston lis\u00e4\u00e4m\u00e4ll\u00e4 sen ostoskoriin. Ostosprosessin j\u00e4lkeen saat latauslinkin tiedostoon ilmaiseksi.","rel":"","context":"Liknande inl\u00e4gg","block_context":{"text":"Liknande inl\u00e4gg","link":""},"img":{"alt_text":"tarkistuslista","src":"https:\/\/i0.wp.com\/kovakotivara.fi\/wp-content\/uploads\/2025\/09\/checklist_cat.png?resize=350%2C200&ssl=1","width":350,"height":200},"classes":[]}],"jetpack_sharing_enabled":true,"jetpack_likes_enabled":true,"_links":{"self":[{"href":"https:\/\/kovakotivara.fi\/sv\/wp-json\/wp\/v2\/product\/2776","targetHints":{"allow":["GET"]}}],"collection":[{"href":"https:\/\/kovakotivara.fi\/sv\/wp-json\/wp\/v2\/product"}],"about":[{"href":"https:\/\/kovakotivara.fi\/sv\/wp-json\/wp\/v2\/types\/product"}],"replies":[{"embeddable":true,"href":"https:\/\/kovakotivara.fi\/sv\/wp-json\/wp\/v2\/comments?post=2776"}],"wp:featuredmedia":[{"embeddable":true,"href":"https:\/\/kovakotivara.fi\/sv\/wp-json\/wp\/v2\/media\/2775"}],"wp:attachment":[{"href":"https:\/\/kovakotivara.fi\/sv\/wp-json\/wp\/v2\/media?parent=2776"}],"wp:term":[{"taxonomy":"product_brand","embeddable":true,"href":"https:\/\/kovakotivara.fi\/sv\/wp-json\/wp\/v2\/product_brand?post=2776"},{"taxonomy":"product_cat","embeddable":true,"href":"https:\/\/kovakotivara.fi\/sv\/wp-json\/wp\/v2\/product_cat?post=2776"},{"taxonomy":"product_tag","embeddable":true,"href":"https:\/\/kovakotivara.fi\/sv\/wp-json\/wp\/v2\/product_tag?post=2776"},{"taxonomy":"berocket_brand","embeddable":true,"href":"https:\/\/kovakotivara.fi\/sv\/wp-json\/wp\/v2\/berocket_brand?post=2776"}],"curies":[{"name":"wp","href":"https:\/\/api.w.org\/{rel}","templated":true}]}}