{"id":2771,"date":"2025-05-12T19:01:07","date_gmt":"2025-05-12T16:01:07","guid":{"rendered":"https:\/\/kovakotivara.fi\/?post_type=product&#038;p=2771"},"modified":"2025-10-12T00:45:44","modified_gmt":"2025-10-11T21:45:44","slug":"retkisetti","status":"publish","type":"product","link":"https:\/\/kovakotivara.fi\/sv\/kotivarapakkaukset\/retkisetti\/","title":{"rendered":"Retki set"},"content":{"rendered":"<h3 class=\"\" data-start=\"318\" data-end=\"352\">Setets inneh\u00e5ll och anv\u00e4ndning<\/h3>\n<ol data-start=\"354\" data-end=\"1903\">\n<li class=\"\" data-start=\"354\" data-end=\"575\">\n<p class=\"\" data-start=\"357\" data-end=\"391\"><strong data-start=\"357\" data-end=\"389\">Retki Universalrep 7 mm (15 m)<\/strong><\/p>\n<ul data-start=\"395\" data-end=\"575\">\n<li class=\"\" data-start=\"395\" data-end=\"443\">\n<p class=\"\" data-start=\"397\" data-end=\"443\">Starkt och l\u00e4tt nylonrep: b\u00f6jh\u00e5llfasthet: 200 kg.<\/p>\n<\/li>\n<li class=\"\" data-start=\"447\" data-end=\"523\">\n<p class=\"\" data-start=\"449\" data-end=\"523\">M\u00e5ngsidigt - bind fast saker i m\u00e5nga olika situationer.<\/p>\n<\/li>\n<li class=\"\" data-start=\"527\" data-end=\"575\">\n<p class=\"\" data-start=\"529\" data-end=\"575\">Packa till en liten rulle, tar lite plats.<\/p>\n<\/li>\n<\/ul>\n<\/li>\n<li class=\"\" data-start=\"577\" data-end=\"887\">\n<p class=\"\" data-start=\"580\" data-end=\"637\"><strong data-start=\"580\" data-end=\"635\">R\u00e4ddnings- \/v\u00e4rmefilt silver (132 x 213 cm)<\/strong><\/p>\n<ul data-start=\"641\" data-end=\"887\">\n<li class=\"\" data-start=\"641\" data-end=\"725\">\n<p class=\"\" data-start=\"643\" data-end=\"725\">Reflekterar kroppsv\u00e4rmen tillbaka och skyddar fr\u00e5n vind och regn.<\/p>\n<\/li>\n<li class=\"\" data-start=\"729\" data-end=\"806\">\n<p class=\"\" data-start=\"731\" data-end=\"806\">Vikt endast 50 g - alltid tillg\u00e4nglig i handv\u00e4skan, ryggs\u00e4cken eller i en n\u00f6dsituation.<\/p>\n<\/li>\n<li class=\"\" data-start=\"810\" data-end=\"887\">\n<p class=\"\" data-start=\"812\" data-end=\"887\">En perfekt och prisv\u00e4rd r\u00e4ddningsfilt f\u00f6r s\u00e5v\u00e4l vandring som hemberedskap.<\/p>\n<\/li>\n<\/ul>\n<\/li>\n<li class=\"\" data-start=\"889\" data-end=\"1147\">\n<p class=\"\" data-start=\"892\" data-end=\"912\"><strong data-start=\"892\" data-end=\"910\">F\u00f6rsta hj\u00e4lpen kit<\/strong><\/p>\n<ul data-start=\"916\" data-end=\"1147\">\n<li class=\"\" data-start=\"916\" data-end=\"1001\">\n<p class=\"\" data-start=\"918\" data-end=\"1001\">Ett perfekt paket: bandage, pl\u00e5ster, desinfektion och sax.<\/p>\n<\/li>\n<li class=\"\" data-start=\"1005\" data-end=\"1081\">\n<p class=\"\" data-start=\"1007\" data-end=\"1081\">Kompakt paket - s\u00e4tt p\u00e5 hyllan, i bilen eller ryggs\u00e4cken.<\/p>\n<\/li>\n<li class=\"\" data-start=\"1085\" data-end=\"1147\">\n<p class=\"\" data-start=\"1087\" data-end=\"1147\">Ett bra f\u00f6rsta hj\u00e4lpen kit till sm\u00e5 s\u00e5r och n\u00f6dsituationer.<\/p>\n<\/li>\n<\/ul>\n<\/li>\n<li class=\"\" data-start=\"1149\" data-end=\"1388\">\n<p class=\"\" data-start=\"1152\" data-end=\"1180\"><strong data-start=\"1152\" data-end=\"1178\">Camp\u2019N Cook Riskokare<\/strong><\/p>\n<ul data-start=\"1184\" data-end=\"1388\">\n<li class=\"\" data-start=\"1184\" data-end=\"1249\">\n<p class=\"\" data-start=\"1186\" data-end=\"1249\">L\u00e5tt, stadig och l\u00e4tt\u00e4nd.<\/p>\n<\/li>\n<li class=\"\" data-start=\"1253\" data-end=\"1307\">\n<p class=\"\" data-start=\"1255\" data-end=\"1307\">Du beh\u00f6ver ingen gas - du br\u00e4nner naturmaterial.<\/p>\n<\/li>\n<li class=\"\" data-start=\"1311\" data-end=\"1388\">\n<p class=\"\" data-start=\"1313\" data-end=\"1388\">Passar p\u00e5 st\u00e4llen utan utomhuseld och i n\u00f6dsituationer utan el (r\u00e4knas som \u00f6ppen eld, ta i beaktande brandfara).<\/p>\n<\/li>\n<\/ul>\n<\/li>\n<li class=\"\" data-start=\"1390\" data-end=\"1669\">\n<p class=\"\" data-start=\"1393\" data-end=\"1427\"><strong data-start=\"1393\" data-end=\"1425\">Multiverktyg Milti-Plier<\/strong><\/p>\n<ul data-start=\"1431\" data-end=\"1669\">\n<li class=\"\" data-start=\"1431\" data-end=\"1523\">\n<p class=\"\" data-start=\"1433\" data-end=\"1523\">M\u00e5ngsidigt: T\u00e5ng\/sk\u00e4rare, s\u00e5gblad, stort och litet mejselhuvud, burk\u00f6ppnare, nagelfil, kniv, tv\u00e4rhuvudmejsel, flask\u00f6ppnare, v\u00e5gskrapa.<\/p>\n<\/li>\n<li class=\"\" data-start=\"1527\" data-end=\"1600\">\n<p class=\"\" data-start=\"1529\" data-end=\"1600\">Gjord av rostfritt st\u00e5l, l\u00e5smekanism f\u00f6r trygg anv\u00e4ndning.<\/p>\n<\/li>\n<li class=\"\" data-start=\"1604\" data-end=\"1669\">\n<p class=\"\" data-start=\"1606\" data-end=\"1669\">Ers\u00e4tter m\u00e5nga enskilda verktyg i hemberedskapen eller ryggs\u00e4cken.<\/p>\n<\/li>\n<\/ul>\n<\/li>\n<li class=\"\" data-start=\"1671\" data-end=\"1903\">\n<p class=\"\" data-start=\"1674\" data-end=\"1702\"><strong data-start=\"1674\" data-end=\"1700\">Easy Flex Pannlampa<\/strong><\/p>\n<ul data-start=\"1706\" data-end=\"1903\">\n<li class=\"\" data-start=\"1706\" data-end=\"1758\">\n<p class=\"\" data-start=\"1708\" data-end=\"1758\">Effektiv och justerbar LED-lampa, 180 lumen.<\/p>\n<\/li>\n<li class=\"\" data-start=\"1762\" data-end=\"1832\">\n<p class=\"\" data-start=\"1764\" data-end=\"1832\">Tre ljusl\u00e4gen och l\u00e5g energif\u00f6rbrukning, fungerar med AAA- batterier<\/p>\n<\/li>\n<li class=\"\" data-start=\"1836\" data-end=\"1903\">\n<p class=\"\" data-start=\"1838\" data-end=\"1903\">Utdragbart nylonsn\u00f6re - passar runt handleden, hj\u00e4lmen eller m\u00f6ssan.<\/p>\n<\/li>\n<\/ul>\n<\/li>\n<\/ol>","protected":false},"excerpt":{"rendered":"<p><strong data-start=\"0\" data-end=\"40\">Retki set - En st\u00f6ttepelare i din hemberedskap<\/strong><br data-start=\"40\" data-end=\"43\" \/>Ett m\u00e5ngsidigt och kompakt set som inneh\u00e5ller den viktigaste utrustningen f\u00f6r n\u00f6dsituationer hemma \u2013 men fungerar lika bra p\u00e5 vandring, biltur eller b\u00e5ttur. Liten f\u00f6rpackningsstorlek, l\u00e4tt att b\u00e4ra och enkel att placera i ett lager, bil- eller b\u00e5tf\u00f6rvaringsutrymme.<\/p>\n<p class=\"\" data-start=\"1948\" data-end=\"2059\"><strong data-start=\"1948\" data-end=\"1963\">\u2705 Som hemberedskap<\/strong>: I ett litet utrymme kan du f\u00e5 helt\u00e4ckande n\u00f6dutrustning f\u00f6r str\u00f6mavbrott, stormar eller f\u00f6rsta hj\u00e4lpen-situationer.<\/p>\n<p class=\"\" data-start=\"1948\" data-end=\"2059\"><strong data-start=\"2062\" data-end=\"2086\">\u2705 Till utf\u00e4rden eller resan<\/strong>: L\u00e4tt och m\u00e5ngsidig - passar f\u00f6r vandrare, i bil- eller b\u00e5tf\u00e4rd eller till stugan.<\/p>\n<p class=\"\" data-start=\"1948\" data-end=\"2059\"><strong data-start=\"2182\" data-end=\"2219\">\u2705 Prisv\u00e4rd och l\u00e4tt att uppr\u00e4tth\u00e5lla<\/strong>: Ett kompakt set, vars f\u00f6rn\u00f6denheter vid behov kan uppdateras enskilt.<\/p>\n<p class=\"\" data-start=\"1948\" data-end=\"2059\"><strong data-start=\"2301\" data-end=\"2332\">\u2705 Trygghet och sinnesro<\/strong>: Viktiga verktyg och f\u00f6rn\u00f6denheter i samma paket - du vet alltid var de finns.<\/p>\n<p>K\u00f6p nu och s\u00e4kerst\u00e4ll att din hemberedskap och vandringsutrustning \u00e4r i skick! <strong>Spara genom att k\u00f6pa alla produkter tillsammans!<\/strong><\/p>","protected":false},"featured_media":2797,"comment_status":"open","ping_status":"closed","template":"","meta":{"_kad_post_transparent":"default","_kad_post_title":"","_kad_post_layout":"default","_kad_post_sidebar_id":"","_kad_post_content_style":"default","_kad_post_vertical_padding":"default","_kad_post_feature":"","_kad_post_feature_position":"","_kad_post_header":false,"_kad_post_footer":false,"_kad_post_classname":"","jetpack_publicize_message":"Retkisetti","jetpack_publicize_feature_enabled":true,"jetpack_social_post_already_shared":true,"jetpack_social_options":{"image_generator_settings":{"template":"highway","default_image_id":0,"font":"","enabled":false},"version":2}},"product_brand":[],"product_cat":[69],"product_tag":[],"berocket_brand":[46],"class_list":{"0":"post-2771","1":"product","2":"type-product","3":"status-publish","4":"has-post-thumbnail","6":"product_cat-kotivarapakkaukset","7":"berocket_brand-retki","9":"first","10":"instock","11":"taxable","12":"shipping-taxable","13":"purchasable","14":"product-type-simple","15":"entry","16":"content-bg","17":"loop-entry"},"jetpack_publicize_connections":[],"jetpack-related-posts":[{"id":2776,"url":"https:\/\/kovakotivara.fi\/sv\/lisatuotteet\/ensiapu-ja-hygienia\/retki-ensiapusetti\/","url_meta":{"origin":2771,"position":0},"title":"Retki F\u00f6rsta Hj\u00e4lpen Kit","author":"admin","date":"12.5.2025","format":false,"excerpt":"Ensiapupakkaus & pelastuslakana \u2013 H\u00e4t\u00e4pakettiKompakti kaksikko turvaa sek\u00e4 ensiaputarpeet ett\u00e4 l\u00e4mm\u00f6n s\u00e4ilymisen h\u00e4t\u00e4tilanteissa. Sopii erinomaisesti kotivaraan, retkireppuun, autoon tai veneeseen. \u2705 Kotivara ja ensiapu S\u00e4ilyt\u00e4 molemmat tuotteet yhdess\u00e4 selke\u00e4ss\u00e4 paketissa kotona tai m\u00f6kill\u00e4 \u2013 l\u00f6yd\u00e4t tarvikkeet heti, jos tapaturma tai \u00e4killinen kylmyys iskee. \u2705 Retkelle ja automatkalle Kevyt ja pieni\u2026","rel":"","context":"Liknande inl\u00e4gg","block_context":{"text":"Liknande inl\u00e4gg","link":""},"img":{"alt_text":"Retki EA + Pel. lakana","src":"https:\/\/i0.wp.com\/kovakotivara.fi\/wp-content\/uploads\/2025\/05\/retkisetti.jpeg?resize=350%2C200&ssl=1","width":350,"height":200,"srcset":"https:\/\/i0.wp.com\/kovakotivara.fi\/wp-content\/uploads\/2025\/05\/retkisetti.jpeg?resize=350%2C200&ssl=1 1x, https:\/\/i0.wp.com\/kovakotivara.fi\/wp-content\/uploads\/2025\/05\/retkisetti.jpeg?resize=525%2C300&ssl=1 1.5x, https:\/\/i0.wp.com\/kovakotivara.fi\/wp-content\/uploads\/2025\/05\/retkisetti.jpeg?resize=700%2C400&ssl=1 2x, https:\/\/i0.wp.com\/kovakotivara.fi\/wp-content\/uploads\/2025\/05\/retkisetti.jpeg?resize=1050%2C600&ssl=1 3x, https:\/\/i0.wp.com\/kovakotivara.fi\/wp-content\/uploads\/2025\/05\/retkisetti.jpeg?resize=1400%2C800&ssl=1 4x"},"classes":[]},{"id":2806,"url":"https:\/\/kovakotivara.fi\/sv\/kotivarapakkaukset\/tarvikeboksi-m\/","url_meta":{"origin":2771,"position":1},"title":"Beredskapsl\u00e5dan M","author":"admin","date":"22.5.2025","format":false,"excerpt":"V\u00e4ltt\u00e4m\u00e4tt\u00f6mimm\u00e4t tarvikkeet arjen ja kriisin yli selviytymiseen. Fiksu valinta osaksi kotivaraa, m\u00f6kille tai vaikka roadtripille. \u2705 20 hy\u00f6dyllist\u00e4 tuotetta\u2705 Pakattuna kest\u00e4v\u00e4\u00e4n SmartStore-laatikkoon\u2705 Ilmainen toimitus noutopisteeseen\u2705 S\u00e4\u00e4st\u00f6 jopa 30\u202f% verrattuna yksitt\u00e4in ostettuihin tuotteisiin","rel":"","context":"Med 2 kommentarer","block_context":{"text":"Med 2 kommentarer","link":"https:\/\/kovakotivara.fi\/sv\/kotivarapakkaukset\/tarvikeboksi-m\/#comments"},"img":{"alt_text":"Tarvikeboksi M","src":"https:\/\/i0.wp.com\/kovakotivara.fi\/wp-content\/uploads\/2025\/04\/tarvikeboksi_m_yla_thumb-e1744302705446.jpg?resize=350%2C200&ssl=1","width":350,"height":200,"srcset":"https:\/\/i0.wp.com\/kovakotivara.fi\/wp-content\/uploads\/2025\/04\/tarvikeboksi_m_yla_thumb-e1744302705446.jpg?resize=350%2C200&ssl=1 1x, https:\/\/i0.wp.com\/kovakotivara.fi\/wp-content\/uploads\/2025\/04\/tarvikeboksi_m_yla_thumb-e1744302705446.jpg?resize=525%2C300&ssl=1 1.5x, https:\/\/i0.wp.com\/kovakotivara.fi\/wp-content\/uploads\/2025\/04\/tarvikeboksi_m_yla_thumb-e1744302705446.jpg?resize=700%2C400&ssl=1 2x"},"classes":[]},{"id":931,"url":"https:\/\/kovakotivara.fi\/sv\/lisatuotteet\/valaistus-ja-lampo\/retki-kompakti-otsalamppu\/","url_meta":{"origin":2771,"position":2},"title":"Retki Pannlampa  Easy Flex 150 lm","author":"admin","date":"3.3.2025","format":false,"excerpt":"Mycket ljus och kompakt pannlampa med utdragbar nylonsn\u00f6re f\u00f6r panna, handled, cykelstyre. En magnet p\u00e5 baksidan f\u00f6r att f\u00e4sta p\u00e5 ett plan.","rel":"","context":"Liknande inl\u00e4gg","block_context":{"text":"Liknande inl\u00e4gg","link":""},"img":{"alt_text":"Retki Otsalamppu Easy Flex 1","src":"https:\/\/i0.wp.com\/kovakotivara.fi\/wp-content\/uploads\/2025\/03\/6418536004340-1.jpg?resize=350%2C200&ssl=1","width":350,"height":200,"srcset":"https:\/\/i0.wp.com\/kovakotivara.fi\/wp-content\/uploads\/2025\/03\/6418536004340-1.jpg?resize=350%2C200&ssl=1 1x, https:\/\/i0.wp.com\/kovakotivara.fi\/wp-content\/uploads\/2025\/03\/6418536004340-1.jpg?resize=525%2C300&ssl=1 1.5x, https:\/\/i0.wp.com\/kovakotivara.fi\/wp-content\/uploads\/2025\/03\/6418536004340-1.jpg?resize=700%2C400&ssl=1 2x, https:\/\/i0.wp.com\/kovakotivara.fi\/wp-content\/uploads\/2025\/03\/6418536004340-1.jpg?resize=1050%2C600&ssl=1 3x"},"classes":[]},{"id":932,"url":"https:\/\/kovakotivara.fi\/sv\/lisatuotteet\/ensiapu-ja-hygienia\/retki-ensiapupakkaus\/","url_meta":{"origin":2771,"position":3},"title":"Retki f\u00f6rsta hj\u00e4lpen kit","author":"admin","date":"3.3.2025","format":false,"excerpt":"Vandrarens kompakta f\u00f6rsta hj\u00e4lpen-kit med f\u00e4stingt\u00e5ng!","rel":"","context":"Liknande inl\u00e4gg","block_context":{"text":"Liknande inl\u00e4gg","link":""},"img":{"alt_text":"ensiapupakkaus","src":"https:\/\/i0.wp.com\/kovakotivara.fi\/wp-content\/uploads\/2025\/03\/IMG_8238.jpeg?resize=350%2C200&ssl=1","width":350,"height":200,"srcset":"https:\/\/i0.wp.com\/kovakotivara.fi\/wp-content\/uploads\/2025\/03\/IMG_8238.jpeg?resize=350%2C200&ssl=1 1x, https:\/\/i0.wp.com\/kovakotivara.fi\/wp-content\/uploads\/2025\/03\/IMG_8238.jpeg?resize=525%2C300&ssl=1 1.5x, https:\/\/i0.wp.com\/kovakotivara.fi\/wp-content\/uploads\/2025\/03\/IMG_8238.jpeg?resize=700%2C400&ssl=1 2x, https:\/\/i0.wp.com\/kovakotivara.fi\/wp-content\/uploads\/2025\/03\/IMG_8238.jpeg?resize=1050%2C600&ssl=1 3x"},"classes":[]},{"id":924,"url":"https:\/\/kovakotivara.fi\/sv\/lisatuotteet\/ruoka-ja-ruoanvalmistus\/retki-risukeitin\/","url_meta":{"origin":2771,"position":4},"title":"Retki Camp\u00b4n\u00b4Cook riskokare","author":"admin","date":"3.3.2025","format":false,"excerpt":"Mitat: 170 x 135 x 135 cm Paino 520 g Materiaali ruostumatonta ter\u00e4st\u00e4, 0,8 mm Mukana s\u00e4ilytyspussi Ter\u00e4ksen paksuus 0,8 mm","rel":"","context":"Liknande inl\u00e4gg","block_context":{"text":"Liknande inl\u00e4gg","link":""},"img":{"alt_text":"Retki risukeitin 1","src":"https:\/\/i0.wp.com\/kovakotivara.fi\/wp-content\/uploads\/2025\/03\/R7032-1.jpeg?resize=350%2C200&ssl=1","width":350,"height":200,"srcset":"https:\/\/i0.wp.com\/kovakotivara.fi\/wp-content\/uploads\/2025\/03\/R7032-1.jpeg?resize=350%2C200&ssl=1 1x, https:\/\/i0.wp.com\/kovakotivara.fi\/wp-content\/uploads\/2025\/03\/R7032-1.jpeg?resize=525%2C300&ssl=1 1.5x, https:\/\/i0.wp.com\/kovakotivara.fi\/wp-content\/uploads\/2025\/03\/R7032-1.jpeg?resize=700%2C400&ssl=1 2x, https:\/\/i0.wp.com\/kovakotivara.fi\/wp-content\/uploads\/2025\/03\/R7032-1.jpeg?resize=1050%2C600&ssl=1 3x"},"classes":[]},{"id":2010,"url":"https:\/\/kovakotivara.fi\/sv\/lisatuotteet\/muut-tarvikkeet\/retki-yleiskoysi\/","url_meta":{"origin":2771,"position":5},"title":"Retki universalrep 7mm 15m","author":"admin","date":"27.3.2025","format":false,"excerpt":"Ett m\u00e5ngsidigt rep f\u00f6r s\u00e5v\u00e4l beredskap som vardag.","rel":"","context":"Liknande inl\u00e4gg","block_context":{"text":"Liknande inl\u00e4gg","link":""},"img":{"alt_text":"Retki yleisk\u00f6ysi 7mm 1","src":"https:\/\/i0.wp.com\/kovakotivara.fi\/wp-content\/uploads\/2025\/03\/R5587-1.jpeg?resize=350%2C200&ssl=1","width":350,"height":200,"srcset":"https:\/\/i0.wp.com\/kovakotivara.fi\/wp-content\/uploads\/2025\/03\/R5587-1.jpeg?resize=350%2C200&ssl=1 1x, https:\/\/i0.wp.com\/kovakotivara.fi\/wp-content\/uploads\/2025\/03\/R5587-1.jpeg?resize=525%2C300&ssl=1 1.5x, https:\/\/i0.wp.com\/kovakotivara.fi\/wp-content\/uploads\/2025\/03\/R5587-1.jpeg?resize=700%2C400&ssl=1 2x, https:\/\/i0.wp.com\/kovakotivara.fi\/wp-content\/uploads\/2025\/03\/R5587-1.jpeg?resize=1050%2C600&ssl=1 3x, https:\/\/i0.wp.com\/kovakotivara.fi\/wp-content\/uploads\/2025\/03\/R5587-1.jpeg?resize=1400%2C800&ssl=1 4x"},"classes":[]}],"jetpack_sharing_enabled":true,"jetpack_likes_enabled":true,"_links":{"self":[{"href":"https:\/\/kovakotivara.fi\/sv\/wp-json\/wp\/v2\/product\/2771","targetHints":{"allow":["GET"]}}],"collection":[{"href":"https:\/\/kovakotivara.fi\/sv\/wp-json\/wp\/v2\/product"}],"about":[{"href":"https:\/\/kovakotivara.fi\/sv\/wp-json\/wp\/v2\/types\/product"}],"replies":[{"embeddable":true,"href":"https:\/\/kovakotivara.fi\/sv\/wp-json\/wp\/v2\/comments?post=2771"}],"wp:featuredmedia":[{"embeddable":true,"href":"https:\/\/kovakotivara.fi\/sv\/wp-json\/wp\/v2\/media\/2797"}],"wp:attachment":[{"href":"https:\/\/kovakotivara.fi\/sv\/wp-json\/wp\/v2\/media?parent=2771"}],"wp:term":[{"taxonomy":"product_brand","embeddable":true,"href":"https:\/\/kovakotivara.fi\/sv\/wp-json\/wp\/v2\/product_brand?post=2771"},{"taxonomy":"product_cat","embeddable":true,"href":"https:\/\/kovakotivara.fi\/sv\/wp-json\/wp\/v2\/product_cat?post=2771"},{"taxonomy":"product_tag","embeddable":true,"href":"https:\/\/kovakotivara.fi\/sv\/wp-json\/wp\/v2\/product_tag?post=2771"},{"taxonomy":"berocket_brand","embeddable":true,"href":"https:\/\/kovakotivara.fi\/sv\/wp-json\/wp\/v2\/berocket_brand?post=2771"}],"curies":[{"name":"wp","href":"https:\/\/api.w.org\/{rel}","templated":true}]}}