{"id":98,"date":"2025-02-14T14:08:03","date_gmt":"2025-02-14T12:08:03","guid":{"rendered":"https:\/\/kovakotivara.fi\/?page_id=98"},"modified":"2025-09-23T01:03:30","modified_gmt":"2025-09-22T22:03:30","slug":"keita-olemme","status":"publish","type":"page","link":"https:\/\/kovakotivara.fi\/sv\/keita-olemme\/","title":{"rendered":"Mer om oss"},"content":{"rendered":"<div class=\"wp-block-columns is-layout-flex wp-container-core-columns-is-layout-9d6595d7 wp-block-columns-is-layout-flex\">\n<div class=\"wp-block-column is-layout-flow wp-block-column-is-layout-flow\">\n<h2 class=\"wp-block-heading\"><strong>Varf\u00f6r hemberedskap<\/strong><\/h2>\n\n\n\n<p style=\"margin-right:0;margin-left:0\">Vi \u00e4r KOVA \u2013 Kotivara, ett f\u00f6retag som \u00e4r specialiserat p\u00e5 beredskap, vardaglig s\u00e4kerhet och friluftsutrustning. V\u00e5r verksamhet bygger p\u00e5 viljan och passionen att hj\u00e4lpa finl\u00e4ndare att klara vardagens och undantagssituationernas utmaningar. V\u00e5r l\u00e5nga erfarenhet fr\u00e5n s\u00e4kerhetsbranschen och myndighetsuppdrag har gett oss en djup f\u00f6rst\u00e5else f\u00f6r hur viktigt det \u00e4r att vara f\u00f6rutseende och f\u00f6rberedd \u2013 inte bara i krissituationer, utan ocks\u00e5 i det vanliga vardagslivet.<\/p>\n\n\n\n<p style=\"margin-right:0;margin-left:0\">F\u00f6rst en global pandemi, d\u00e4refter olika kriser runt om i v\u00e4rlden \u2013 och s\u00e4rskilt nutiden \u2013 har visat hur viktigt det \u00e4r med personlig beredskap. \u00c4ven i Finland finns det sk\u00e4l att f\u00f6rbereda sig p\u00e5 ov\u00e4ntade situationer, s\u00e5som elavbrott, problem i leveranskedjorna och naturfenomen. Vi ville skapa en l\u00f6sning som g\u00f6r beredskap enkelt och smidigt f\u00f6r alla \u2013 utan on\u00f6dig stress. S\u00e5 f\u00f6ddes v\u00e5r beredskapsl\u00e5da: ett noggrant genomt\u00e4nkt och sammansatt paket som inneh\u00e5ller de viktigaste livsmedlen, utrustningen och vid behov \u00e4ven andra beredskapsartiklar.<\/p>\n\n\n\n<h2 class=\"wp-block-heading\">KOVA &#8211; <strong>P\u00e5litlighet och anv\u00e4ndbarhet<\/strong><\/h2>\n\n\n\n<p style=\"margin-right:0;margin-left:0\">Vi tror inte p\u00e5 skr\u00e4msel eller \u00f6verdrifter, utan p\u00e5 praktisk och f\u00f6rnuftig beredskap som tj\u00e4nar varje hush\u00e5ll. V\u00e5ra paket \u00e4r utformade utifr\u00e5n myndigheternas riktlinjer och v\u00e5r egen expertis, s\u00e5 att du kan vara s\u00e4ker p\u00e5 att ha de n\u00f6dv\u00e4ndiga artiklarna hemma n\u00e4r de beh\u00f6vs som mest. V\u00e5rt uppdrag \u00e4r att g\u00f6ra beredskap enkelt och p\u00e5litligt \u2013 du beh\u00f6ver inte fundera p\u00e5 vad som ska skaffas, eftersom vi redan har gjort det \u00e5t dig.<\/p>\n\n\n\n<p style=\"margin-right:0;margin-left:0\">V\u00e4lkommen till KOVA-familjen. L\u00e5t oss tillsammans f\u00f6rbereda oss f\u00f6r en tryggare vardag!<\/p>\n\n\n\n<div style=\"height:40px\" aria-hidden=\"true\" class=\"wp-block-spacer\"><\/div>\n\n\n\n<p style=\"margin-top:var(--wp--preset--spacing--20);margin-right:0;margin-bottom:var(--wp--preset--spacing--20);margin-left:0\">Sofia ja Raine<\/p>\n\n\n\n<p style=\"margin-top:var(--wp--preset--spacing--20);margin-right:0;margin-bottom:var(--wp--preset--spacing--20);margin-left:0\"><strong>KOVA &#8211; Kotivara Oy<\/strong><\/p>\n\n\n\n<div class=\"wp-block-columns is-layout-flex wp-container-core-columns-is-layout-ed5226f6 wp-block-columns-is-layout-flex\" style=\"padding-right:0;padding-left:0\">\n<div class=\"wp-block-column has-theme-palette-7-background-color has-background is-layout-flow wp-block-column-is-layout-flow\" style=\"border-radius:10px;padding-top:var(--wp--preset--spacing--50);padding-right:var(--wp--preset--spacing--50);padding-bottom:var(--wp--preset--spacing--50);padding-left:var(--wp--preset--spacing--50)\">\n<figure class=\"wp-block-image aligncenter size-large is-resized has-custom-border\"><img loading=\"lazy\" decoding=\"async\" width=\"1024\" height=\"1024\" src=\"https:\/\/kovakotivara.fi\/wp-content\/uploads\/2025\/03\/Kova-kotivara-logo-1024x1024.png\" alt=\"\" class=\"wp-image-1892\" style=\"border-radius:100px;width:204px;height:auto\"\/><\/figure>\n\n\n\n<p class=\"has-text-align-center\" style=\"margin-top:var(--wp--preset--spacing--20);margin-bottom:var(--wp--preset--spacing--20)\"><strong>Raine M\u00e4ki<\/strong><\/p>\n\n\n\n<p class=\"has-text-align-center\" style=\"margin-top:var(--wp--preset--spacing--20);margin-bottom:var(--wp--preset--spacing--20)\">0408477673<\/p>\n\n\n\n<p class=\"has-text-align-center\">raine(at)kovakotivara.fi<\/p>\n<\/div>\n\n\n\n<div class=\"wp-block-column has-theme-palette-7-background-color has-background is-layout-flow wp-block-column-is-layout-flow\" style=\"border-radius:10px;padding-top:var(--wp--preset--spacing--50);padding-right:var(--wp--preset--spacing--50);padding-bottom:var(--wp--preset--spacing--50);padding-left:var(--wp--preset--spacing--50)\">\n<figure class=\"wp-block-image aligncenter size-large is-resized has-custom-border\"><img loading=\"lazy\" decoding=\"async\" width=\"1024\" height=\"1024\" src=\"https:\/\/kovakotivara.fi\/wp-content\/uploads\/2025\/03\/Kova-kotivara-logo-1024x1024.png\" alt=\"\" class=\"wp-image-1892\" style=\"border-radius:100px;width:204px;height:auto\"\/><\/figure>\n\n\n\n<p class=\"has-text-align-center\" style=\"margin-top:var(--wp--preset--spacing--20);margin-bottom:var(--wp--preset--spacing--20)\"><strong>Sofia M\u00e4ki<\/strong><\/p>\n\n\n\n<p class=\"has-text-align-center\" style=\"margin-top:var(--wp--preset--spacing--20);margin-bottom:var(--wp--preset--spacing--20)\">sofia(at)kovakotivara.fi<\/p>\n<\/div>\n<\/div>\n<\/div>\n<\/div>","protected":false},"excerpt":{"rendered":"<p>Miksi kotivarapakkaus Me olemme KOVA \u2013 Kotivara, yritys, joka on erikoistunut varautumiseen, arjen turvallisuuteen ja retkeilytarvikkeisiin. Toimintamme perustuu tahtoon ja intohimoon auttaa suomalaisia selvi\u00e4m\u00e4\u00e4n arjen ja poikkeustilanteiden haasteista. Pitk\u00e4 kokemuksemme turvallisuusalalta ja viranomaisteht\u00e4vist\u00e4 on antanut meille syv\u00e4llisen ymm\u00e4rryksen siit\u00e4, kuinka t\u00e4rke\u00e4\u00e4 on olla ennakoiva ja varautua \u2013 ei vain kriisitilanteissa, vaan my\u00f6s tavallisessa arjessa. Ensin&#8230;<\/p>","protected":false},"author":1,"featured_media":0,"parent":0,"menu_order":0,"comment_status":"closed","ping_status":"closed","template":"","meta":{"_kad_post_transparent":"disable","_kad_post_title":"show","_kad_post_layout":"normal","_kad_post_sidebar_id":"","_kad_post_content_style":"boxed","_kad_post_vertical_padding":"show","_kad_post_feature":"hide","_kad_post_feature_position":"","_kad_post_header":false,"_kad_post_footer":false,"_kad_post_classname":"","footnotes":""},"class_list":["post-98","page","type-page","status-publish","hentry"],"jetpack-related-posts":[{"id":750,"url":"https:\/\/kovakotivara.fi\/sv\/lehdistolle\/","url_meta":{"origin":98,"position":0},"title":"F\u00f6r pressen","author":"admin","date":"24.2.2025","format":false,"excerpt":"Tervetuloa KOVA - Kotivara Oy:n lehdist\u00f6sivulle T\u00e4lt\u00e4 sivulta l\u00f6yd\u00e4t ajankohtaiset lehdist\u00f6tiedotteemme, yrityksemme perustiedot, ladattavat br\u00e4ndimateriaalit ja median yhteystiedot. Olemme sitoutuneet tarjoamaan korkealaatuisia elintarvikkeita, ty\u00f6kaluja ja ratkaisuja varautumiseen ja kest\u00e4v\u00e4\u00e4n arkeen. KOVA - Kotivara Oy \u2013 Luotettavaa varautumista arkeen KOVA - Kotivara Oy on suomalainen verkkokauppa, joka tarjoaa huolella valittuja elintarvikkeita\u2026","rel":"","context":"Liknande inl\u00e4gg","block_context":{"text":"Liknande inl\u00e4gg","link":""},"img":{"alt_text":"","src":"https:\/\/i0.wp.com\/kovakotivara.fi\/wp-content\/uploads\/2025\/03\/Kova-kotivara-logo-transparent.png?resize=350%2C200&ssl=1","width":350,"height":200,"srcset":"https:\/\/i0.wp.com\/kovakotivara.fi\/wp-content\/uploads\/2025\/03\/Kova-kotivara-logo-transparent.png?resize=350%2C200&ssl=1 1x, https:\/\/i0.wp.com\/kovakotivara.fi\/wp-content\/uploads\/2025\/03\/Kova-kotivara-logo-transparent.png?resize=525%2C300&ssl=1 1.5x, https:\/\/i0.wp.com\/kovakotivara.fi\/wp-content\/uploads\/2025\/03\/Kova-kotivara-logo-transparent.png?resize=700%2C400&ssl=1 2x, https:\/\/i0.wp.com\/kovakotivara.fi\/wp-content\/uploads\/2025\/03\/Kova-kotivara-logo-transparent.png?resize=1050%2C600&ssl=1 3x, https:\/\/i0.wp.com\/kovakotivara.fi\/wp-content\/uploads\/2025\/03\/Kova-kotivara-logo-transparent.png?resize=1400%2C800&ssl=1 4x"},"classes":[]},{"id":3739,"url":"https:\/\/kovakotivara.fi\/sv\/vastuullisuus\/","url_meta":{"origin":98,"position":1},"title":"H\u00e5llbarhet","author":"admin","date":"27.8.2025","format":false,"excerpt":"KOVA \u2013 Kotivaralla vastuullisuus tarkoittaa k\u00e4yt\u00e4nn\u00f6n tekoja, l\u00e4pin\u00e4kyvyytt\u00e4 ja jatkuvaa parantamista. Myymme tuotteita, joiden tarkoitus on vahvistaa arjen ja poikkeustilanteiden omavaraisuutta \u2013 ja teemme sen niin, ett\u00e4 ymp\u00e4rist\u00f6, ihmiset ja asiakkaidemme turvallisuus ovat etusijalla. Vastuullisuus ja missiomme tiivistetysti Kest\u00e4v\u00e4 varautuminen:\u00a0Pitk\u00e4ik\u00e4iset, korjattavat ja huollettavat tuotteet, selke\u00e4t k\u00e4ytt\u00f6- ja kierr\u00e4tysohjeet. Reilu hankintaketju:\u00a0Toimittajat\u2026","rel":"","context":"Liknande inl\u00e4gg","block_context":{"text":"Liknande inl\u00e4gg","link":""},"img":{"alt_text":"","src":"https:\/\/i0.wp.com\/kovakotivara.fi\/wp-content\/uploads\/2025\/08\/IMG_8219-scaled.jpeg?resize=350%2C200&ssl=1","width":350,"height":200,"srcset":"https:\/\/i0.wp.com\/kovakotivara.fi\/wp-content\/uploads\/2025\/08\/IMG_8219-scaled.jpeg?resize=350%2C200&ssl=1 1x, https:\/\/i0.wp.com\/kovakotivara.fi\/wp-content\/uploads\/2025\/08\/IMG_8219-scaled.jpeg?resize=525%2C300&ssl=1 1.5x, https:\/\/i0.wp.com\/kovakotivara.fi\/wp-content\/uploads\/2025\/08\/IMG_8219-scaled.jpeg?resize=700%2C400&ssl=1 2x, https:\/\/i0.wp.com\/kovakotivara.fi\/wp-content\/uploads\/2025\/08\/IMG_8219-scaled.jpeg?resize=1050%2C600&ssl=1 3x, https:\/\/i0.wp.com\/kovakotivara.fi\/wp-content\/uploads\/2025\/08\/IMG_8219-scaled.jpeg?resize=1400%2C800&ssl=1 4x"},"classes":[]}],"jetpack_shortlink":"https:\/\/wp.me\/Pgm8NB-1A","jetpack_sharing_enabled":true,"jetpack_likes_enabled":true,"_links":{"self":[{"href":"https:\/\/kovakotivara.fi\/sv\/wp-json\/wp\/v2\/pages\/98","targetHints":{"allow":["GET"]}}],"collection":[{"href":"https:\/\/kovakotivara.fi\/sv\/wp-json\/wp\/v2\/pages"}],"about":[{"href":"https:\/\/kovakotivara.fi\/sv\/wp-json\/wp\/v2\/types\/page"}],"author":[{"embeddable":true,"href":"https:\/\/kovakotivara.fi\/sv\/wp-json\/wp\/v2\/users\/1"}],"replies":[{"embeddable":true,"href":"https:\/\/kovakotivara.fi\/sv\/wp-json\/wp\/v2\/comments?post=98"}],"version-history":[{"count":6,"href":"https:\/\/kovakotivara.fi\/sv\/wp-json\/wp\/v2\/pages\/98\/revisions"}],"predecessor-version":[{"id":3939,"href":"https:\/\/kovakotivara.fi\/sv\/wp-json\/wp\/v2\/pages\/98\/revisions\/3939"}],"wp:attachment":[{"href":"https:\/\/kovakotivara.fi\/sv\/wp-json\/wp\/v2\/media?parent=98"}],"curies":[{"name":"wp","href":"https:\/\/api.w.org\/{rel}","templated":true}]}}