{"id":9,"date":"2025-02-14T11:38:24","date_gmt":"2025-02-14T09:38:24","guid":{"rendered":"https:\/\/kovakotivara.fi\/ostoskori\/"},"modified":"2025-10-13T19:45:08","modified_gmt":"2025-10-13T16:45:08","slug":"ostoskori","status":"publish","type":"page","link":"https:\/\/kovakotivara.fi\/sv\/ostoskori\/","title":{"rendered":"KUNDKORG"},"content":{"rendered":"<div class=\"su-spacer\" style=\"height:20px\"><\/div>\n\n\n\n<div data-block-name=\"woocommerce\/cart\" class=\"wp-block-woocommerce-cart is-loading\">\n<div data-block-name=\"woocommerce\/filled-cart-block\" class=\"wp-block-woocommerce-filled-cart-block\">\n<div data-block-name=\"woocommerce\/cart-items-block\" class=\"wp-block-woocommerce-cart-items-block\">\n<div data-block-name=\"woocommerce\/cart-line-items-block\" class=\"wp-block-woocommerce-cart-line-items-block\"><\/div>\n\n\n\n<div data-block-name=\"woocommerce\/cart-cross-sells-block\" class=\"wp-block-woocommerce-cart-cross-sells-block\">\n<h2 class=\"wp-block-heading has-large-font-size\">Du kanske ocks\u00e5 \u00e4r intresserad av\u2026<\/h2>\n\n\n\n<div data-block-name=\"woocommerce\/cart-cross-sells-products-block\" class=\"wp-block-woocommerce-cart-cross-sells-products-block\"><\/div>\n<\/div>\n<\/div>\n\n\n\n<div data-block-name=\"woocommerce\/cart-totals-block\" class=\"wp-block-woocommerce-cart-totals-block\">\n<div data-block-name=\"woocommerce\/cart-order-summary-block\" class=\"wp-block-woocommerce-cart-order-summary-block\">\n<div data-block-name=\"woocommerce\/cart-order-summary-heading-block\" data-content=\"Ostoskori yhteens\u00e4\" class=\"wp-block-woocommerce-cart-order-summary-heading-block\"><\/div>\n\n\n\n<div data-block-name=\"woocommerce\/cart-order-summary-coupon-form-block\" class=\"wp-block-woocommerce-cart-order-summary-coupon-form-block\"><\/div>\n\n\n\n<div data-block-name=\"woocommerce\/cart-order-summary-totals-block\" class=\"wp-block-woocommerce-cart-order-summary-totals-block\">\n<div data-block-name=\"woocommerce\/cart-order-summary-subtotal-block\" class=\"wp-block-woocommerce-cart-order-summary-subtotal-block\"><\/div>\n\n\n\n<div data-block-name=\"woocommerce\/cart-order-summary-fee-block\" class=\"wp-block-woocommerce-cart-order-summary-fee-block\"><\/div>\n\n\n\n<div data-block-name=\"woocommerce\/cart-order-summary-discount-block\" class=\"wp-block-woocommerce-cart-order-summary-discount-block\"><\/div>\n\n\n\n<div data-block-name=\"woocommerce\/cart-order-summary-shipping-block\" class=\"wp-block-woocommerce-cart-order-summary-shipping-block\"><\/div>\n\n\n\n<div data-block-name=\"woocommerce\/cart-order-summary-taxes-block\" class=\"wp-block-woocommerce-cart-order-summary-taxes-block\"><\/div>\n<\/div>\n<\/div>\n\n\n\n<div data-block-name=\"woocommerce\/cart-express-payment-block\" data-button-border-radius=\"1\" data-button-height=\"40\" data-show-button-styles=\"true\" class=\"wp-block-woocommerce-cart-express-payment-block\"><\/div>\n\n\n\n<div data-block-name=\"woocommerce\/proceed-to-checkout-block\" class=\"wp-block-woocommerce-proceed-to-checkout-block\"><\/div>\n\n\n\n<div data-block-name=\"woocommerce\/cart-accepted-payment-methods-block\" class=\"wp-block-woocommerce-cart-accepted-payment-methods-block\"><\/div>\n<\/div>\n<\/div>\n\n\n\n<div data-block-name=\"woocommerce\/empty-cart-block\" class=\"wp-block-woocommerce-empty-cart-block\">\n<h2 class=\"wp-block-heading has-text-align-center with-empty-cart-icon wc-block-cart__empty-cart__title\">Din varukorg \u00e4r tom!<\/h2>\n\n\n\n<hr class=\"wp-block-separator has-alpha-channel-opacity is-style-dots\"\/>\n\n\n\n<h2 class=\"wp-block-heading has-text-align-center\">Nytt i butiken<\/h2>\n\n\n<div data-block-name=\"woocommerce\/product-new\" data-columns=\"4\" data-rows=\"1\" class=\"wc-block-grid wp-block-product-new wp-block-woocommerce-product-new wc-block-product-new has-4-columns\"><ul class=\"wc-block-grid__products\"><li class=\"wc-block-grid__product entry loop-entry content-bg woo-archive-action-visible woo-archive-btn-button product-loop-boxed woo-archive-image-hover-none\"><a href=\"https:\/\/kovakotivara.fi\/sv\/lisatuotteet\/vesi-ja-vedenpuhdistus\/sawyer-mini-water-filtration-system-vedenpuhdistin\/\" class=\"wc-block-grid__product-link woocommerce-loop-image-link woocommerce-LoopProduct-link woocommerce-loop-product__link\">\n\t\t\t\t\t<img loading=\"lazy\" decoding=\"async\" width=\"200\" height=\"200\" src=\"https:\/\/kovakotivara.fi\/wp-content\/uploads\/2025\/09\/mini-components-blue-1-500x500-1-200x200.jpg\" class=\"attachment-woocommerce_thumbnail size-woocommerce_thumbnail\" alt=\"sawyer mini vedenpuhdistin\" srcset=\"https:\/\/kovakotivara.fi\/wp-content\/uploads\/2025\/09\/mini-components-blue-1-500x500-1-200x200.jpg 200w, https:\/\/kovakotivara.fi\/wp-content\/uploads\/2025\/09\/mini-components-blue-1-500x500-1-300x300.jpg 300w, https:\/\/kovakotivara.fi\/wp-content\/uploads\/2025\/09\/mini-components-blue-1-500x500-1-150x150.jpg 150w, https:\/\/kovakotivara.fi\/wp-content\/uploads\/2025\/09\/mini-components-blue-1-500x500-1-12x12.jpg 12w, https:\/\/kovakotivara.fi\/wp-content\/uploads\/2025\/09\/mini-components-blue-1-500x500-1-100x100.jpg 100w, https:\/\/kovakotivara.fi\/wp-content\/uploads\/2025\/09\/mini-components-blue-1-500x500-1-64x64.jpg 64w, https:\/\/kovakotivara.fi\/wp-content\/uploads\/2025\/09\/mini-components-blue-1-500x500-1.jpg 500w\" sizes=\"auto, (max-width: 200px) 100vw, 200px\" \/>\n\t\t\t\t\t\n\t\t\t\t<\/a>\n\t\t\t\t<div class=\"product-details content-bg entry-content-wrap\">\n\t\t\t\t\t<a href=\"https:\/\/kovakotivara.fi\/sv\/lisatuotteet\/vesi-ja-vedenpuhdistus\/sawyer-mini-water-filtration-system-vedenpuhdistin\/\" class=\"wc-block-grid__product-title-link\">\n\t\t\t\t\t\t<div class=\"wc-block-grid__product-title\">Sawyer Mini Water Filtration System vattenrenare<\/div>\n\t\t\t\t\t<\/a>\n\t\t\t\t\t\n\t\t\t\t\t<div class=\"wc-block-grid__product-price price\"><p class=\"stock available-on-backorder available_on_backorder_color woo-custom-stock-status\" data-no-translation=\"\" data-trp-gettext=\"\">\ud83d\udfe1 Tillg\u00e4nglig som restorder<\/p><span class=\"woocommerce-Price-amount amount\">55,90&nbsp;<span class=\"woocommerce-Price-currencySymbol\">&euro;<\/span><\/span> <small class=\"woocommerce-price-suffix\">(sis. Alv)<\/small><\/div>\n\t\t\t\t\t<div class=\"wp-block-button wc-block-grid__product-add-to-cart\"><a href=\"\/sv\/wp-json\/wp\/v2\/pages\/9?add-to-cart=4104\" aria-label=\"L\u00e4gg till i varukorgen: \u201dSawyer Mini Water Filtration System vedenpuhdistin\u201d\" data-quantity=\"1\" data-product_id=\"4104\" data-product_sku=\"\" rel=\"nofollow\" class=\"wp-block-button__link add_to_cart_button ajax_add_to_cart\" data-no-translation-aria-label=\"\">L\u00e4gg till i varukorg<span class=\"kadence-svg-iconset svg-baseline\"><svg class=\"kadence-svg-icon kadence-spinner-svg\" fill=\"currentColor\" version=\"1.1\" xmlns=\"http:\/\/www.w3.org\/2000\/svg\" width=\"16\" height=\"16\" viewbox=\"0 0 16 16\"><title>Loading<\/title><path d=\"M16 6h-6l2.243-2.243c-1.133-1.133-2.64-1.757-4.243-1.757s-3.109 0.624-4.243 1.757c-1.133 1.133-1.757 2.64-1.757 4.243s0.624 3.109 1.757 4.243c1.133 1.133 2.64 1.757 4.243 1.757s3.109-0.624 4.243-1.757c0.095-0.095 0.185-0.192 0.273-0.292l1.505 1.317c-1.466 1.674-3.62 2.732-6.020 2.732-4.418 0-8-3.582-8-8s3.582-8 8-8c2.209 0 4.209 0.896 5.656 2.344l2.343-2.344v6z\"><\/path>\n\t\t\t\t<\/svg><\/span><span class=\"kadence-svg-iconset svg-baseline\"><svg class=\"kadence-svg-icon kadence-check-svg\" fill=\"currentColor\" version=\"1.1\" xmlns=\"http:\/\/www.w3.org\/2000\/svg\" width=\"16\" height=\"16\" viewbox=\"0 0 16 16\"><title>Done<\/title><path d=\"M14 2.5l-8.5 8.5-3.5-3.5-1.5 1.5 5 5 10-10z\"><\/path>\n\t\t\t\t<\/svg><\/span><\/a><\/div>\n\t\t\t\t<\/div>\n\t\t\t<\/li><li class=\"wc-block-grid__product entry loop-entry content-bg woo-archive-action-visible woo-archive-btn-button product-loop-boxed woo-archive-image-hover-none\"><a href=\"https:\/\/kovakotivara.fi\/sv\/kotivarapakkaukset\/kotivarapakkaus-72h-trek\/\" class=\"wc-block-grid__product-link woocommerce-loop-image-link woocommerce-LoopProduct-link woocommerce-loop-product__link\">\n\t\t\t\t\t<img loading=\"lazy\" decoding=\"async\" width=\"200\" height=\"200\" src=\"https:\/\/kovakotivara.fi\/wp-content\/uploads\/2025\/09\/IMG_3722-scaled-200x200.jpg\" class=\"attachment-woocommerce_thumbnail size-woocommerce_thumbnail\" alt=\"kotivarapakkaus72htrek\" srcset=\"https:\/\/kovakotivara.fi\/wp-content\/uploads\/2025\/09\/IMG_3722-scaled-200x200.jpg 200w, https:\/\/kovakotivara.fi\/wp-content\/uploads\/2025\/09\/IMG_3722-scaled-100x100.jpg 100w, https:\/\/kovakotivara.fi\/wp-content\/uploads\/2025\/09\/IMG_3722-150x150.jpg 150w\" sizes=\"auto, (max-width: 200px) 100vw, 200px\" \/>\n\t\t\t\t\t\n\t\t\t\t<\/a>\n\t\t\t\t<div class=\"product-details content-bg entry-content-wrap\">\n\t\t\t\t\t<a href=\"https:\/\/kovakotivara.fi\/sv\/kotivarapakkaukset\/kotivarapakkaus-72h-trek\/\" class=\"wc-block-grid__product-title-link\">\n\t\t\t\t\t\t<div class=\"wc-block-grid__product-title\">Beredskapsl\u00e5dan 72h TREK<\/div>\n\t\t\t\t\t<\/a>\n\t\t\t\t\t\n\t\t\t\t\t<div class=\"wc-block-grid__product-price price\"><p class=\"stock available-on-backorder available_on_backorder_color woo-custom-stock-status\" data-no-translation=\"\" data-trp-gettext=\"\">\ud83d\udfe1 Tillg\u00e4nglig som restorder<\/p><span class=\"woocommerce-Price-amount amount\">189,00&nbsp;<span class=\"woocommerce-Price-currencySymbol\">&euro;<\/span><\/span> <small class=\"woocommerce-price-suffix\">(sis. Alv)<\/small><\/div>\n\t\t\t\t\t<div class=\"wp-block-button wc-block-grid__product-add-to-cart\"><a href=\"\/sv\/wp-json\/wp\/v2\/pages\/9?add-to-cart=3900\" aria-label=\"L\u00e4gg till i varukorgen: \u201dKotivarapakkaus 72h TREK\u201d\" data-quantity=\"1\" data-product_id=\"3900\" data-product_sku=\"\" rel=\"nofollow\" class=\"wp-block-button__link add_to_cart_button ajax_add_to_cart\" data-no-translation-aria-label=\"\">L\u00e4gg till i varukorg<span class=\"kadence-svg-iconset svg-baseline\"><svg class=\"kadence-svg-icon kadence-spinner-svg\" fill=\"currentColor\" version=\"1.1\" xmlns=\"http:\/\/www.w3.org\/2000\/svg\" width=\"16\" height=\"16\" viewbox=\"0 0 16 16\"><title>Loading<\/title><path d=\"M16 6h-6l2.243-2.243c-1.133-1.133-2.64-1.757-4.243-1.757s-3.109 0.624-4.243 1.757c-1.133 1.133-1.757 2.64-1.757 4.243s0.624 3.109 1.757 4.243c1.133 1.133 2.64 1.757 4.243 1.757s3.109-0.624 4.243-1.757c0.095-0.095 0.185-0.192 0.273-0.292l1.505 1.317c-1.466 1.674-3.62 2.732-6.020 2.732-4.418 0-8-3.582-8-8s3.582-8 8-8c2.209 0 4.209 0.896 5.656 2.344l2.343-2.344v6z\"><\/path>\n\t\t\t\t<\/svg><\/span><span class=\"kadence-svg-iconset svg-baseline\"><svg class=\"kadence-svg-icon kadence-check-svg\" fill=\"currentColor\" version=\"1.1\" xmlns=\"http:\/\/www.w3.org\/2000\/svg\" width=\"16\" height=\"16\" viewbox=\"0 0 16 16\"><title>Done<\/title><path d=\"M14 2.5l-8.5 8.5-3.5-3.5-1.5 1.5 5 5 10-10z\"><\/path>\n\t\t\t\t<\/svg><\/span><\/a><\/div>\n\t\t\t\t<\/div>\n\t\t\t<\/li><li class=\"wc-block-grid__product entry loop-entry content-bg woo-archive-action-visible woo-archive-btn-button product-loop-boxed woo-archive-image-hover-none\"><a href=\"https:\/\/kovakotivara.fi\/sv\/lisatuotteet\/ruoka-ja-ruoanvalmistus\/summit-to-eat-retkiruoka-5-pavun-papupata\/\" class=\"wc-block-grid__product-link woocommerce-loop-image-link woocommerce-LoopProduct-link woocommerce-loop-product__link\">\n\t\t\t\t\t<img loading=\"lazy\" decoding=\"async\" width=\"200\" height=\"200\" src=\"https:\/\/kovakotivara.fi\/wp-content\/uploads\/2025\/09\/summit_5bean_front-200x200.png\" class=\"attachment-woocommerce_thumbnail size-woocommerce_thumbnail\" alt=\"Summit To Eat Retkiruoka 5 Pavun papupata\" srcset=\"https:\/\/kovakotivara.fi\/wp-content\/uploads\/2025\/09\/summit_5bean_front-200x200.png 200w, https:\/\/kovakotivara.fi\/wp-content\/uploads\/2025\/09\/summit_5bean_front-100x100.png 100w, https:\/\/kovakotivara.fi\/wp-content\/uploads\/2025\/09\/summit_5bean_front-590x590.png 590w, https:\/\/kovakotivara.fi\/wp-content\/uploads\/2025\/09\/summit_5bean_front-64x64.png 64w, https:\/\/kovakotivara.fi\/wp-content\/uploads\/2025\/09\/summit_5bean_front-300x300.png 300w, https:\/\/kovakotivara.fi\/wp-content\/uploads\/2025\/09\/summit_5bean_front-150x150.png 150w, https:\/\/kovakotivara.fi\/wp-content\/uploads\/2025\/09\/summit_5bean_front-768x768.png 768w, https:\/\/kovakotivara.fi\/wp-content\/uploads\/2025\/09\/summit_5bean_front-12x12.png 12w, https:\/\/kovakotivara.fi\/wp-content\/uploads\/2025\/09\/summit_5bean_front.png 827w\" sizes=\"auto, (max-width: 200px) 100vw, 200px\" \/>\n\t\t\t\t\t\n\t\t\t\t<\/a>\n\t\t\t\t<div class=\"product-details content-bg entry-content-wrap\">\n\t\t\t\t\t<a href=\"https:\/\/kovakotivara.fi\/sv\/lisatuotteet\/ruoka-ja-ruoanvalmistus\/summit-to-eat-retkiruoka-5-pavun-papupata\/\" class=\"wc-block-grid__product-title-link\">\n\t\t\t\t\t\t<div class=\"wc-block-grid__product-title\">Summit To Eat 5 Bean Cassoulet<\/div>\n\t\t\t\t\t<\/a>\n\t\t\t\t\t\n\t\t\t\t\t<div class=\"wc-block-grid__product-price price\"><p class=\"stock in-stock in_stock_color woo-custom-stock-status\" data-no-translation=\"\" data-trp-gettext=\"\">\ud83d\udfe2 Varastossa<\/p><span class=\"woocommerce-Price-amount amount\">7,90&nbsp;<span class=\"woocommerce-Price-currencySymbol\">&euro;<\/span><\/span> <small class=\"woocommerce-price-suffix\">(sis. Alv)<\/small><\/div>\n\t\t\t\t\t<div class=\"wp-block-button wc-block-grid__product-add-to-cart\"><a href=\"\/sv\/wp-json\/wp\/v2\/pages\/9?add-to-cart=4072\" aria-label=\"L\u00e4gg till i varukorgen: \u201dSummit To Eat Retkiruoka 5 Pavun papupata\u201d\" data-quantity=\"1\" data-product_id=\"4072\" data-product_sku=\"\" rel=\"nofollow\" class=\"wp-block-button__link add_to_cart_button ajax_add_to_cart\" data-no-translation-aria-label=\"\">L\u00e4gg till i varukorg<span class=\"kadence-svg-iconset svg-baseline\"><svg class=\"kadence-svg-icon kadence-spinner-svg\" fill=\"currentColor\" version=\"1.1\" xmlns=\"http:\/\/www.w3.org\/2000\/svg\" width=\"16\" height=\"16\" viewbox=\"0 0 16 16\"><title>Loading<\/title><path d=\"M16 6h-6l2.243-2.243c-1.133-1.133-2.64-1.757-4.243-1.757s-3.109 0.624-4.243 1.757c-1.133 1.133-1.757 2.64-1.757 4.243s0.624 3.109 1.757 4.243c1.133 1.133 2.64 1.757 4.243 1.757s3.109-0.624 4.243-1.757c0.095-0.095 0.185-0.192 0.273-0.292l1.505 1.317c-1.466 1.674-3.62 2.732-6.020 2.732-4.418 0-8-3.582-8-8s3.582-8 8-8c2.209 0 4.209 0.896 5.656 2.344l2.343-2.344v6z\"><\/path>\n\t\t\t\t<\/svg><\/span><span class=\"kadence-svg-iconset svg-baseline\"><svg class=\"kadence-svg-icon kadence-check-svg\" fill=\"currentColor\" version=\"1.1\" xmlns=\"http:\/\/www.w3.org\/2000\/svg\" width=\"16\" height=\"16\" viewbox=\"0 0 16 16\"><title>Done<\/title><path d=\"M14 2.5l-8.5 8.5-3.5-3.5-1.5 1.5 5 5 10-10z\"><\/path>\n\t\t\t\t<\/svg><\/span><\/a><\/div>\n\t\t\t\t<\/div>\n\t\t\t<\/li><li class=\"wc-block-grid__product entry loop-entry content-bg woo-archive-action-visible woo-archive-btn-button product-loop-boxed woo-archive-image-hover-none\"><a href=\"https:\/\/kovakotivara.fi\/sv\/lisatuotteet\/ruoka-ja-ruoanvalmistus\/summit-to-eat-nautapata-perunoilla\/\" class=\"wc-block-grid__product-link woocommerce-loop-image-link woocommerce-LoopProduct-link woocommerce-loop-product__link\">\n\t\t\t\t\t<img loading=\"lazy\" decoding=\"async\" width=\"200\" height=\"200\" src=\"https:\/\/kovakotivara.fi\/wp-content\/uploads\/2025\/09\/summit_beef_front-200x200.png\" class=\"attachment-woocommerce_thumbnail size-woocommerce_thumbnail\" alt=\"Summit to eat nautapata perunoilla\" srcset=\"https:\/\/kovakotivara.fi\/wp-content\/uploads\/2025\/09\/summit_beef_front-200x200.png 200w, https:\/\/kovakotivara.fi\/wp-content\/uploads\/2025\/09\/summit_beef_front-100x100.png 100w, https:\/\/kovakotivara.fi\/wp-content\/uploads\/2025\/09\/summit_beef_front-590x590.png 590w, https:\/\/kovakotivara.fi\/wp-content\/uploads\/2025\/09\/summit_beef_front-64x64.png 64w, https:\/\/kovakotivara.fi\/wp-content\/uploads\/2025\/09\/summit_beef_front-300x300.png 300w, https:\/\/kovakotivara.fi\/wp-content\/uploads\/2025\/09\/summit_beef_front-150x150.png 150w, https:\/\/kovakotivara.fi\/wp-content\/uploads\/2025\/09\/summit_beef_front-768x768.png 768w, https:\/\/kovakotivara.fi\/wp-content\/uploads\/2025\/09\/summit_beef_front-12x12.png 12w, https:\/\/kovakotivara.fi\/wp-content\/uploads\/2025\/09\/summit_beef_front.png 907w\" sizes=\"auto, (max-width: 200px) 100vw, 200px\" \/>\n\t\t\t\t\t\n\t\t\t\t<\/a>\n\t\t\t\t<div class=\"product-details content-bg entry-content-wrap\">\n\t\t\t\t\t<a href=\"https:\/\/kovakotivara.fi\/sv\/lisatuotteet\/ruoka-ja-ruoanvalmistus\/summit-to-eat-nautapata-perunoilla\/\" class=\"wc-block-grid__product-title-link\">\n\t\t\t\t\t\t<div class=\"wc-block-grid__product-title\">Summit To Eat Beef And Potato Stew<\/div>\n\t\t\t\t\t<\/a>\n\t\t\t\t\t\n\t\t\t\t\t<div class=\"wc-block-grid__product-price price\"><p class=\"stock in-stock in_stock_color woo-custom-stock-status\" data-no-translation=\"\" data-trp-gettext=\"\">\ud83d\udfe2 Varastossa<\/p><span class=\"woocommerce-Price-amount amount\">8,90&nbsp;<span class=\"woocommerce-Price-currencySymbol\">&euro;<\/span><\/span> <small class=\"woocommerce-price-suffix\">(sis. Alv)<\/small><\/div>\n\t\t\t\t\t<div class=\"wp-block-button wc-block-grid__product-add-to-cart\"><a href=\"\/sv\/wp-json\/wp\/v2\/pages\/9?add-to-cart=4064\" aria-label=\"L\u00e4gg till i varukorgen: \u201dSummit To Eat retkiruoka nautapata perunoilla\u201d\" data-quantity=\"1\" data-product_id=\"4064\" data-product_sku=\"\" rel=\"nofollow\" class=\"wp-block-button__link add_to_cart_button ajax_add_to_cart\" data-no-translation-aria-label=\"\">L\u00e4gg till i varukorg<span class=\"kadence-svg-iconset svg-baseline\"><svg class=\"kadence-svg-icon kadence-spinner-svg\" fill=\"currentColor\" version=\"1.1\" xmlns=\"http:\/\/www.w3.org\/2000\/svg\" width=\"16\" height=\"16\" viewbox=\"0 0 16 16\"><title>Loading<\/title><path d=\"M16 6h-6l2.243-2.243c-1.133-1.133-2.64-1.757-4.243-1.757s-3.109 0.624-4.243 1.757c-1.133 1.133-1.757 2.64-1.757 4.243s0.624 3.109 1.757 4.243c1.133 1.133 2.64 1.757 4.243 1.757s3.109-0.624 4.243-1.757c0.095-0.095 0.185-0.192 0.273-0.292l1.505 1.317c-1.466 1.674-3.62 2.732-6.020 2.732-4.418 0-8-3.582-8-8s3.582-8 8-8c2.209 0 4.209 0.896 5.656 2.344l2.343-2.344v6z\"><\/path>\n\t\t\t\t<\/svg><\/span><span class=\"kadence-svg-iconset svg-baseline\"><svg class=\"kadence-svg-icon kadence-check-svg\" fill=\"currentColor\" version=\"1.1\" xmlns=\"http:\/\/www.w3.org\/2000\/svg\" width=\"16\" height=\"16\" viewbox=\"0 0 16 16\"><title>Done<\/title><path d=\"M14 2.5l-8.5 8.5-3.5-3.5-1.5 1.5 5 5 10-10z\"><\/path>\n\t\t\t\t<\/svg><\/span><\/a><\/div>\n\t\t\t\t<\/div>\n\t\t\t<\/li><\/ul><\/div><\/div>\n<\/div>","protected":false},"excerpt":{"rendered":"","protected":false},"author":1,"featured_media":0,"parent":0,"menu_order":0,"comment_status":"closed","ping_status":"closed","template":"","meta":{"_kad_post_transparent":"disable","_kad_post_title":"hide","_kad_post_layout":"normal","_kad_post_sidebar_id":"","_kad_post_content_style":"unboxed","_kad_post_vertical_padding":"top","_kad_post_feature":"","_kad_post_feature_position":"","_kad_post_header":false,"_kad_post_footer":false,"_kad_post_classname":"","footnotes":""},"class_list":["post-9","page","type-page","status-publish","hentry"],"jetpack-related-posts":[{"id":98,"url":"https:\/\/kovakotivara.fi\/sv\/keita-olemme\/","url_meta":{"origin":9,"position":0},"title":"Mer om oss","author":"admin","date":"14.2.2025","format":false,"excerpt":"Miksi kotivarapakkaus Me olemme KOVA \u2013 Kotivara, yritys, joka on erikoistunut varautumiseen, arjen turvallisuuteen ja retkeilytarvikkeisiin. Toimintamme perustuu tahtoon ja intohimoon auttaa suomalaisia selvi\u00e4m\u00e4\u00e4n arjen ja poikkeustilanteiden haasteista. Pitk\u00e4 kokemuksemme turvallisuusalalta ja viranomaisteht\u00e4vist\u00e4 on antanut meille syv\u00e4llisen ymm\u00e4rryksen siit\u00e4, kuinka t\u00e4rke\u00e4\u00e4 on olla ennakoiva ja varautua \u2013 ei vain kriisitilanteissa,\u2026","rel":"","context":"Liknande inl\u00e4gg","block_context":{"text":"Liknande inl\u00e4gg","link":""},"img":{"alt_text":"","src":"","width":0,"height":0},"classes":[]},{"id":2,"url":"https:\/\/kovakotivara.fi\/sv\/","url_meta":{"origin":9,"position":1},"title":"Ta det lugnt och var f\u00f6rberedd","author":"admin","date":"14.2.2025","format":false,"excerpt":"Mik\u00e4 on kotivara? Kotivaralla tarkoitetaan ruokaa, juomaa ja tarvikkeita, joilla p\u00e4rj\u00e4\u00e4t v\u00e4hint\u00e4\u00e4n 72 tuntia omavaraisesti kriisin tai s\u00e4hk\u00f6katkon aikana. KOVA - Kotivara auttaa sinua valmistautumaan helposti: tilaa valmiit kotivarapakkaukset noutopisteeseen tai suoraan kotiin. Meid\u00e4n kotivarapakkaukset koostuvat tavallisesta ruoasta ja perustarvikkeista, jotta oman kotivaran p\u00e4ivitt\u00e4minen on mahdollisimman helppoa. Elintarvikkeita pit\u00e4\u00e4 olla\u2026","rel":"","context":"Liknande inl\u00e4gg","block_context":{"text":"Liknande inl\u00e4gg","link":""},"img":{"alt_text":"","src":"https:\/\/i0.wp.com\/kovakotivara.fi\/wp-content\/uploads\/2025\/10\/FI_blue_rgb_ALverkko.png?resize=350%2C200&ssl=1","width":350,"height":200,"srcset":"https:\/\/i0.wp.com\/kovakotivara.fi\/wp-content\/uploads\/2025\/10\/FI_blue_rgb_ALverkko.png?resize=350%2C200&ssl=1 1x, https:\/\/i0.wp.com\/kovakotivara.fi\/wp-content\/uploads\/2025\/10\/FI_blue_rgb_ALverkko.png?resize=525%2C300&ssl=1 1.5x, https:\/\/i0.wp.com\/kovakotivara.fi\/wp-content\/uploads\/2025\/10\/FI_blue_rgb_ALverkko.png?resize=700%2C400&ssl=1 2x"},"classes":[]},{"id":12,"url":"https:\/\/kovakotivara.fi\/sv\/tilaus-ja-sopimusehdot\/","url_meta":{"origin":9,"position":2},"title":"Order- och avtalsvillkor","author":"admin","date":"14.2.2025","format":false,"excerpt":"KOVA - Kotivara Oy:n yleiset tilaus- ja sopimusehdot Voimassa 12.3.2025 alkaen Yleist\u00e4 Kovakotivara.fi on KOVA \u2013 Kotivara Oy:n\u00a0yll\u00e4pit\u00e4m\u00e4 verkkosivusto. Asiakkaitamme voivat olla kuluttajat, yritykset ja yhteis\u00f6t. T\u00e4ll\u00e4 sivulla mainitut sopimusehdot koskevat KOVA \u2013 Kotivara Oy:n\u00a0ja kuluttaja-asiakkaan (j\u00e4ljemp\u00e4n\u00e4 \u201dasiakas\u201d) v\u00e4list\u00e4 kauppasuhdetta. Tuotteiden toimitus Toimitus pakettiautomaattiin tai noutopisteeseen on ilmainen tilauksen loppusumman\u2026","rel":"","context":"Liknande inl\u00e4gg","block_context":{"text":"Liknande inl\u00e4gg","link":""},"img":{"alt_text":"","src":"","width":0,"height":0},"classes":[]},{"id":4121,"url":"https:\/\/kovakotivara.fi\/sv\/tietosuojaseloste-mpp-arvonta\/","url_meta":{"origin":9,"position":3},"title":"Tietosuojaseloste \u2013 KOVA Arvonta","author":"admin","date":"26.9.2025","format":false,"excerpt":"Viimeksi p\u00e4ivitetty:\u00a026.9.2025 1. Rekisterinpit\u00e4j\u00e4 KOVA \u2013 Kotivara OyY-tunnus:\u00a03504144-3Postiosoite:\u00a0Kolamiilunkuja 6, 01730 VantaaS\u00e4hk\u00f6posti:\u00a0aspa(at)kovakotivara.fi 2. Yhteyshenkil\u00f6 tietosuoja-asioissa Nimi:\u00a0Raine M\u00e4kiS\u00e4hk\u00f6posti:\u00a0raine@kovakotivara.fiPuhelin:\u00a0040 8477673 3. Henkil\u00f6tietojen k\u00e4sittelyn tarkoitus Arvontaan osallistumisten vastaanottaminen ja hallinta Oikeiden vastausten tarkistaminen ja voittajan arpominen Voittajan kontaktointi sek\u00e4 palkinnon toimittaminen V\u00e4\u00e4rink\u00e4yt\u00f6sten est\u00e4minen (esim. moninkertaiset osallistumiset botilla) 4. K\u00e4sittelyn oikeusperuste Suostumus\u00a0(GDPR 6(1)(a)) \u2013 osallistumislomakkeen\u2026","rel":"","context":"Liknande inl\u00e4gg","block_context":{"text":"Liknande inl\u00e4gg","link":""},"img":{"alt_text":"","src":"","width":0,"height":0},"classes":[]}],"jetpack_shortlink":"https:\/\/wp.me\/Pgm8NB-9","jetpack_sharing_enabled":true,"jetpack_likes_enabled":true,"_links":{"self":[{"href":"https:\/\/kovakotivara.fi\/sv\/wp-json\/wp\/v2\/pages\/9","targetHints":{"allow":["GET"]}}],"collection":[{"href":"https:\/\/kovakotivara.fi\/sv\/wp-json\/wp\/v2\/pages"}],"about":[{"href":"https:\/\/kovakotivara.fi\/sv\/wp-json\/wp\/v2\/types\/page"}],"author":[{"embeddable":true,"href":"https:\/\/kovakotivara.fi\/sv\/wp-json\/wp\/v2\/users\/1"}],"replies":[{"embeddable":true,"href":"https:\/\/kovakotivara.fi\/sv\/wp-json\/wp\/v2\/comments?post=9"}],"version-history":[{"count":10,"href":"https:\/\/kovakotivara.fi\/sv\/wp-json\/wp\/v2\/pages\/9\/revisions"}],"predecessor-version":[{"id":5190,"href":"https:\/\/kovakotivara.fi\/sv\/wp-json\/wp\/v2\/pages\/9\/revisions\/5190"}],"wp:attachment":[{"href":"https:\/\/kovakotivara.fi\/sv\/wp-json\/wp\/v2\/media?parent=9"}],"curies":[{"name":"wp","href":"https:\/\/api.w.org\/{rel}","templated":true}]}}