{"id":750,"date":"2025-02-24T22:23:42","date_gmt":"2025-02-24T20:23:42","guid":{"rendered":"https:\/\/kovakotivara.fi\/?page_id=750"},"modified":"2025-09-23T01:05:24","modified_gmt":"2025-09-22T22:05:24","slug":"lehdistolle","status":"publish","type":"page","link":"https:\/\/kovakotivara.fi\/sv\/lehdistolle\/","title":{"rendered":"F\u00f6r pressen"},"content":{"rendered":"<div class=\"wp-block-columns is-layout-flex wp-container-core-columns-is-layout-9d6595d7 wp-block-columns-is-layout-flex\">\n<div class=\"wp-block-column is-layout-flow wp-block-column-is-layout-flow\">\n<h6 class=\"wp-block-heading\" style=\"margin-top:var(--wp--preset--spacing--20);margin-bottom:var(--wp--preset--spacing--20)\">V\u00e4lkommen till KOVA \u2013 Kotivara Ab:s press- och mediasida<\/h6>\n\n\n\n<p>P\u00e5 den h\u00e4r sidan kan du hitta aktuella pressmeddelanden, grundl\u00e4ggande information om v\u00e5rt f\u00f6retag, nedladdningsbart varum\u00e4rkesmaterial och kontaktinformation f\u00f6r media. Vi f\u00f6rbinder oss till att erbjuda h\u00f6gklassiga livsmedel, redskap och l\u00f6sningar f\u00f6r beredskap samt en h\u00e5llbar vardag.<\/p>\n\n\n\n<h6 class=\"wp-block-heading\" style=\"margin-top:var(--wp--preset--spacing--20);margin-bottom:var(--wp--preset--spacing--20)\"><strong>KOVA \u2013 Kotivara Ab \u2013 P\u00e5litlig beredskap i vardagen<\/strong><\/h6>\n\n\n\n<p>KOVA \u2013 Kotivara Ab \u00e4r en finsk n\u00e4tbutik som erbjuder noggrant utvalda livsmedel och f\u00f6rn\u00f6denheter f\u00f6r hemberedskap och sj\u00e4lvf\u00f6rs\u00f6rjning. I v\u00e5rt utbud ing\u00e5r hemberedskapspaket best\u00e5ende av mat och utrustning. Vi str\u00e4var efter att vara med och fr\u00e4mja Finlands f\u00f6rs\u00f6rjnings- och hemberedskap.<\/p>\n\n\n\n<p>V\u00e5rt uppdrag \u00e4r att hj\u00e4lpa finl\u00e4ndarna att b\u00e4ttre f\u00f6rbereda sig f\u00f6r vardagens utmaningar och eventuella st\u00f6rningar. Tack vare v\u00e5ra h\u00f6gkvalitativa produkter och v\u00e5r expertis \u00e4r v\u00e5rt m\u00e5l att uppn\u00e5 en position som en p\u00e5litlig operat\u00f6r inom v\u00e5rt verksamhetsomr\u00e5de.<\/p>\n\n\n\n<h6 class=\"wp-block-heading\" style=\"margin-top:var(--wp--preset--spacing--20);margin-bottom:var(--wp--preset--spacing--20)\">Nedladdningsbart varum\u00e4rkesmaterial - Vi erbjuder media f\u00f6ljande material:<\/h6>\n\n\n\n<p><strong>KOVA \u2013 Kotivara Ab:s logotyp (PNG, PDF)<\/strong><\/p>\n\n\n\n<div class=\"wp-block-columns is-layout-flex wp-container-core-columns-is-layout-9d6595d7 wp-block-columns-is-layout-flex\">\n<div class=\"wp-block-column is-layout-flow wp-block-column-is-layout-flow\">\n<figure class=\"wp-block-image size-large is-resized\"><img loading=\"lazy\" decoding=\"async\" width=\"1024\" height=\"1024\" src=\"https:\/\/kovakotivara.fi\/wp-content\/uploads\/2025\/03\/Kova-kotivara-logo-transparent-1024x1024.png\" alt=\"\" class=\"wp-image-1890\" style=\"width:130px;height:auto\" srcset=\"https:\/\/kovakotivara.fi\/wp-content\/uploads\/2025\/03\/Kova-kotivara-logo-transparent-1024x1024.png 1024w, https:\/\/kovakotivara.fi\/wp-content\/uploads\/2025\/03\/Kova-kotivara-logo-transparent-200x200.png 200w, https:\/\/kovakotivara.fi\/wp-content\/uploads\/2025\/03\/Kova-kotivara-logo-transparent-100x100.png 100w, https:\/\/kovakotivara.fi\/wp-content\/uploads\/2025\/03\/Kova-kotivara-logo-transparent-590x590.png 590w, https:\/\/kovakotivara.fi\/wp-content\/uploads\/2025\/03\/Kova-kotivara-logo-transparent-64x64.png 64w, https:\/\/kovakotivara.fi\/wp-content\/uploads\/2025\/03\/Kova-kotivara-logo-transparent-300x300.png 300w, https:\/\/kovakotivara.fi\/wp-content\/uploads\/2025\/03\/Kova-kotivara-logo-transparent-150x150.png 150w, https:\/\/kovakotivara.fi\/wp-content\/uploads\/2025\/03\/Kova-kotivara-logo-transparent-768x768.png 768w, https:\/\/kovakotivara.fi\/wp-content\/uploads\/2025\/03\/Kova-kotivara-logo-transparent-1536x1536.png 1536w, https:\/\/kovakotivara.fi\/wp-content\/uploads\/2025\/03\/Kova-kotivara-logo-transparent-2048x2048.png 2048w, https:\/\/kovakotivara.fi\/wp-content\/uploads\/2025\/03\/Kova-kotivara-logo-transparent-1320x1320.png 1320w\" sizes=\"auto, (max-width: 1024px) 100vw, 1024px\" \/><\/figure>\n\n\n\n<p><a href=\"https:\/\/kovakotivara.fi\/wp-content\/uploads\/2025\/03\/Kova-kotivara-logo-transparent.pdf\" data-type=\"link\" data-id=\"https:\/\/kovakotivara.fi\/wp-content\/uploads\/2025\/03\/Kova-kotivara-logo-transparent.pdf\">Vis PDF<\/a><\/p>\n<\/div>\n\n\n\n<div class=\"wp-block-column is-layout-flow wp-block-column-is-layout-flow\">\n<figure class=\"wp-block-image size-large is-resized\"><img loading=\"lazy\" decoding=\"async\" width=\"1024\" height=\"1024\" src=\"https:\/\/kovakotivara.fi\/wp-content\/uploads\/2025\/03\/Kova-kotivara-logo-1024x1024.png\" alt=\"\" class=\"wp-image-1892\" style=\"width:130px\"\/><\/figure>\n\n\n\n<p><a href=\"https:\/\/kovakotivara.fi\/wp-content\/uploads\/2025\/03\/Kova-kotivara-logo.pdf\" data-type=\"link\" data-id=\"https:\/\/kovakotivara.fi\/wp-content\/uploads\/2025\/03\/Kova-kotivara-logo-transparent.pdf\">Vis PDF<\/a><\/p>\n<\/div>\n\n\n\n<div class=\"wp-block-column is-layout-flow wp-block-column-is-layout-flow\"><\/div>\n<\/div>\n\n\n\n<p>Beh\u00f6ver du mer material eller n\u00e5got mer exotiskt, kontakta oss!<\/p>\n\n\n\n<h6 class=\"wp-block-heading\" style=\"margin-top:var(--wp--preset--spacing--20);margin-bottom:var(--wp--preset--spacing--20)\">Kontaktinformation<\/h6>\n\n\n\n<p>Alla media- och partnerf\u00f6rfr\u00e5gningar:<\/p>\n\n\n\n<p><strong>aspa@kovakotivara.fi<\/strong><\/p>\n\n\n\n<p>KOVA - Kotivara Ab | Kolamilsgr\u00e4nden 6, 01730 Vanda<\/p>\n<\/div>\n<\/div>","protected":false},"excerpt":{"rendered":"<p>Tervetuloa KOVA &#8211; Kotivara Oy:n lehdist\u00f6sivulle T\u00e4lt\u00e4 sivulta l\u00f6yd\u00e4t ajankohtaiset lehdist\u00f6tiedotteemme, yrityksemme perustiedot, ladattavat br\u00e4ndimateriaalit ja median yhteystiedot. Olemme sitoutuneet tarjoamaan korkealaatuisia elintarvikkeita, ty\u00f6kaluja ja ratkaisuja varautumiseen ja kest\u00e4v\u00e4\u00e4n arkeen. KOVA &#8211; Kotivara Oy \u2013 Luotettavaa varautumista arkeen KOVA &#8211; Kotivara Oy on suomalainen verkkokauppa, joka tarjoaa huolella valittuja elintarvikkeita ja tarvikkeita varautumiseen ja omavaraisuuteen&#8230;.<\/p>","protected":false},"author":1,"featured_media":0,"parent":0,"menu_order":0,"comment_status":"closed","ping_status":"closed","template":"","meta":{"_kad_post_transparent":"disable","_kad_post_title":"show","_kad_post_layout":"normal","_kad_post_sidebar_id":"","_kad_post_content_style":"boxed","_kad_post_vertical_padding":"show","_kad_post_feature":"hide","_kad_post_feature_position":"","_kad_post_header":false,"_kad_post_footer":false,"_kad_post_classname":"","footnotes":""},"class_list":["post-750","page","type-page","status-publish","hentry"],"jetpack-related-posts":[{"id":12,"url":"https:\/\/kovakotivara.fi\/sv\/tilaus-ja-sopimusehdot\/","url_meta":{"origin":750,"position":0},"title":"Order- och avtalsvillkor","author":"admin","date":"14.2.2025","format":false,"excerpt":"KOVA - Kotivara Oy:n yleiset tilaus- ja sopimusehdot Voimassa 12.3.2025 alkaen Yleist\u00e4 Kovakotivara.fi on KOVA \u2013 Kotivara Oy:n\u00a0yll\u00e4pit\u00e4m\u00e4 verkkosivusto. Asiakkaitamme voivat olla kuluttajat, yritykset ja yhteis\u00f6t. T\u00e4ll\u00e4 sivulla mainitut sopimusehdot koskevat KOVA \u2013 Kotivara Oy:n\u00a0ja kuluttaja-asiakkaan (j\u00e4ljemp\u00e4n\u00e4 \u201dasiakas\u201d) v\u00e4list\u00e4 kauppasuhdetta. Tuotteiden toimitus Toimitus pakettiautomaattiin tai noutopisteeseen on ilmainen tilauksen loppusumman\u2026","rel":"","context":"Liknande inl\u00e4gg","block_context":{"text":"Liknande inl\u00e4gg","link":""},"img":{"alt_text":"","src":"","width":0,"height":0},"classes":[]},{"id":98,"url":"https:\/\/kovakotivara.fi\/sv\/keita-olemme\/","url_meta":{"origin":750,"position":1},"title":"Mer om oss","author":"admin","date":"14.2.2025","format":false,"excerpt":"Miksi kotivarapakkaus Me olemme KOVA \u2013 Kotivara, yritys, joka on erikoistunut varautumiseen, arjen turvallisuuteen ja retkeilytarvikkeisiin. Toimintamme perustuu tahtoon ja intohimoon auttaa suomalaisia selvi\u00e4m\u00e4\u00e4n arjen ja poikkeustilanteiden haasteista. Pitk\u00e4 kokemuksemme turvallisuusalalta ja viranomaisteht\u00e4vist\u00e4 on antanut meille syv\u00e4llisen ymm\u00e4rryksen siit\u00e4, kuinka t\u00e4rke\u00e4\u00e4 on olla ennakoiva ja varautua \u2013 ei vain kriisitilanteissa,\u2026","rel":"","context":"Liknande inl\u00e4gg","block_context":{"text":"Liknande inl\u00e4gg","link":""},"img":{"alt_text":"","src":"","width":0,"height":0},"classes":[]},{"id":266,"url":"https:\/\/kovakotivara.fi\/sv\/yhteystiedot\/","url_meta":{"origin":750,"position":2},"title":"Kundservice &amp; kontaktinformation","author":"admin","date":"18.2.2025","format":false,"excerpt":"Onko tilaamisen kanssa ongelmia tai askarruttaako jokin tuotteisiin liittyv\u00e4? Ota ihmeess\u00e4 yhteytt\u00e4 niin katsotaan yhdess\u00e4 siihen ratkaisu. Pyrimme vastaamaan kaikkiin viesteihin 24 tunnin sis\u00e4ll\u00e4, mutta maltathan jos meist\u00e4 ei kuulu viel\u00e4 siin\u00e4 ajassa. Toimitustavat Maksutavat L\u00e4het\u00e4 meille viesti Verkkolaskut Operaattoritunnus: Nordea (NDEAFIHH) Verkkolaskuosoite (OVT-tunnus): FI8515443000408596 IBAN: FI85 1544 3000 4085\u2026","rel":"","context":"Liknande inl\u00e4gg","block_context":{"text":"Liknande inl\u00e4gg","link":""},"img":{"alt_text":"","src":"","width":0,"height":0},"classes":[]},{"id":3945,"url":"https:\/\/kovakotivara.fi\/sv\/maksutavat\/","url_meta":{"origin":750,"position":3},"title":"Betalningsmetoder","author":"admin","date":"23.9.2025","format":false,"excerpt":"Stripe maksunv\u00e4litys Stripe on luotettava maksunv\u00e4lityspalvelu, joka v\u00e4litt\u00e4\u00e4 kaikki KOVA - Kotivaran sivuilla tapahtuvat maksut eri palveluntarjoajien kautta. Se toimii siis v\u00e4lik\u00e4ten\u00e4 ja yhdist\u00e4\u00e4 valitut palvelut yhdeksi kokonaisuudeksi ja varmistaa omalta osaltaan turvallisen ostosprosessin ja maksuliikenteen. Seuraavat maksutavat sis\u00e4ltyv\u00e4t Stripe maksunv\u00e4lityksen alle: Klarna Klarnan maksutavalla asiakas voi maksaa heid\u00e4n omien\u2026","rel":"","context":"Liknande inl\u00e4gg","block_context":{"text":"Liknande inl\u00e4gg","link":""},"img":{"alt_text":"","src":"","width":0,"height":0},"classes":[]},{"id":4121,"url":"https:\/\/kovakotivara.fi\/sv\/tietosuojaseloste-mpp-arvonta\/","url_meta":{"origin":750,"position":4},"title":"Tietosuojaseloste \u2013 KOVA Arvonta","author":"admin","date":"26.9.2025","format":false,"excerpt":"Viimeksi p\u00e4ivitetty:\u00a026.9.2025 1. Rekisterinpit\u00e4j\u00e4 KOVA \u2013 Kotivara OyY-tunnus:\u00a03504144-3Postiosoite:\u00a0Kolamiilunkuja 6, 01730 VantaaS\u00e4hk\u00f6posti:\u00a0aspa(at)kovakotivara.fi 2. Yhteyshenkil\u00f6 tietosuoja-asioissa Nimi:\u00a0Raine M\u00e4kiS\u00e4hk\u00f6posti:\u00a0raine@kovakotivara.fiPuhelin:\u00a0040 8477673 3. Henkil\u00f6tietojen k\u00e4sittelyn tarkoitus Arvontaan osallistumisten vastaanottaminen ja hallinta Oikeiden vastausten tarkistaminen ja voittajan arpominen Voittajan kontaktointi sek\u00e4 palkinnon toimittaminen V\u00e4\u00e4rink\u00e4yt\u00f6sten est\u00e4minen (esim. moninkertaiset osallistumiset botilla) 4. K\u00e4sittelyn oikeusperuste Suostumus\u00a0(GDPR 6(1)(a)) \u2013 osallistumislomakkeen\u2026","rel":"","context":"Liknande inl\u00e4gg","block_context":{"text":"Liknande inl\u00e4gg","link":""},"img":{"alt_text":"","src":"","width":0,"height":0},"classes":[]},{"id":1685,"url":"https:\/\/kovakotivara.fi\/sv\/kayttoehdot\/","url_meta":{"origin":750,"position":5},"title":"Anv\u00e4ndarvillkor","author":"admin","date":"13.3.2025","format":false,"excerpt":"Tekij\u00e4noikeudet T\u00e4ll\u00e4 verkkosivustolla oleva sis\u00e4lt\u00f6 on tekij\u00e4noikeuslain suojaama ja kuuluu Kova - kotivaralla. Graafista sis\u00e4lt\u00f6\u00e4 ei saa kopioida, siirt\u00e4\u00e4, myyd\u00e4, j\u00e4ljent\u00e4\u00e4 tai muuttaa poislukien yksityisk\u00e4ytt\u00f6 tai erikseen meid\u00e4n luvalla. V\u00e4\u00e4rink\u00e4yt\u00f6ksist\u00e4 ilmoitetaan viranomaisille. Lis\u00e4tiedot Emme vastaa sivustolla olevien tekstien ja kuvien mahdollisista virheist\u00e4. Jos huomaat sis\u00e4ll\u00f6ss\u00e4 virheit\u00e4 ole yhteydess\u00e4 asiakaspalveluun. aspa@kovakotivara.fi\u2026","rel":"","context":"Liknande inl\u00e4gg","block_context":{"text":"Liknande inl\u00e4gg","link":""},"img":{"alt_text":"","src":"","width":0,"height":0},"classes":[]}],"jetpack_shortlink":"https:\/\/wp.me\/Pgm8NB-c6","jetpack_sharing_enabled":true,"jetpack_likes_enabled":true,"_links":{"self":[{"href":"https:\/\/kovakotivara.fi\/sv\/wp-json\/wp\/v2\/pages\/750","targetHints":{"allow":["GET"]}}],"collection":[{"href":"https:\/\/kovakotivara.fi\/sv\/wp-json\/wp\/v2\/pages"}],"about":[{"href":"https:\/\/kovakotivara.fi\/sv\/wp-json\/wp\/v2\/types\/page"}],"author":[{"embeddable":true,"href":"https:\/\/kovakotivara.fi\/sv\/wp-json\/wp\/v2\/users\/1"}],"replies":[{"embeddable":true,"href":"https:\/\/kovakotivara.fi\/sv\/wp-json\/wp\/v2\/comments?post=750"}],"version-history":[{"count":1,"href":"https:\/\/kovakotivara.fi\/sv\/wp-json\/wp\/v2\/pages\/750\/revisions"}],"predecessor-version":[{"id":3488,"href":"https:\/\/kovakotivara.fi\/sv\/wp-json\/wp\/v2\/pages\/750\/revisions\/3488"}],"wp:attachment":[{"href":"https:\/\/kovakotivara.fi\/sv\/wp-json\/wp\/v2\/media?parent=750"}],"curies":[{"name":"wp","href":"https:\/\/api.w.org\/{rel}","templated":true}]}}