{"id":3945,"date":"2025-09-23T11:19:06","date_gmt":"2025-09-23T08:19:06","guid":{"rendered":"https:\/\/kovakotivara.fi\/?page_id=3945"},"modified":"2025-09-23T11:24:21","modified_gmt":"2025-09-23T08:24:21","slug":"maksutavat","status":"publish","type":"page","link":"https:\/\/kovakotivara.fi\/sv\/maksutavat\/","title":{"rendered":"Betalningsmetoder"},"content":{"rendered":"<h2 class=\"wp-block-heading\">Stripe bank\u00f6verf\u00f6ring<\/h2>\n\n\n\n<p>Stripe \u00e4r en p\u00e5litlig betalningstj\u00e4nst som hanterar alla betalningar som g\u00f6rs p\u00e5 KOVA \u2013 Kotivara webbplatsen via olika tj\u00e4nsteleverant\u00f6rer. Den fungerar som mellanhand och kombinerar de valda tj\u00e4nsterna till en helhet, vilket s\u00e4kerst\u00e4ller en s\u00e4ker shoppingprocess och betalningstrafik. F\u00f6ljande betalningsmetoder ing\u00e5r i Stripe-betalningshantering:<\/p>\n\n\n\n<h3 class=\"wp-block-heading\">Klarna<\/h3>\n\n\n\n<p>Med Klarna kan kunden betala enligt sina egna betalningsvillkor och till exempel dela upp betalningen i delar. N\u00e4r man v\u00e4ljer Klarna som betalningsmetod h\u00e4nvisas kunden till betalningsprocessen i Klarnas tj\u00e4nst, varefter kunden \u00e5terg\u00e5r till KOVA - Kotivara sidan. Efter att KOVA - Kotivara mottagit information fr\u00e5n Klarna om den genomf\u00f6rda betalningen h\u00e4mtas f\u00f6rs\u00e4ndelsen p\u00e5 den adress som kunden valt.<\/p>\n\n\n\n<h3 class=\"wp-block-heading\">MobilePay<\/h3>\n\n\n\n<p>Med MobilePay dirigeras kunden till MobilePays eget anv\u00e4ndargr\u00e4nssnitt, d\u00e4r betalningen godk\u00e4nns. D\u00e4refter \u00e5terg\u00e5r kunden till KOVA - Kotivara sidan. Efter att KOVA - Kotivara mottagit information fr\u00e5n MobilePay om den lyckade betalningen h\u00e4mtas f\u00f6rs\u00e4ndelsen och skickas till den adress som kunden valt.<\/p>\n\n\n\n<h3 class=\"wp-block-heading\">Kort (Debit\/Credit)<\/h3>\n\n\n\n<p>Betalning med kort g\u00f6rs genom att ange dina kortuppgifter i de beg\u00e4rda f\u00e4lten. Under betalningsprocessen kommer kunden att h\u00e4nvisas till sin internetbank f\u00f6r att bekr\u00e4fta betalningen.<\/p>\n\n\n\n<h3 class=\"wp-block-heading\">ApplePay &amp; GooglePay<\/h3>\n\n\n\n<p>ApplePay och GooglePay \u00e4r omedelbara betalningsmetoder. Beroende p\u00e5 kundens enhet och inst\u00e4llningar finns betalningsmetoden redan p\u00e5 enheten, s\u00e5 det finns inget behov av att ange ett betalkort eller annan information vid betalning. <\/p>\n\n\n\n<h3 class=\"wp-block-heading\">Snabbkassa<\/h3>\n\n\n\n<p>Syftet med expressbetalning \u00e4r att p\u00e5skynda k\u00f6pprocessen genom att erbjuda kunden m\u00f6jligheten att hoppa \u00f6ver vissa poster i kassaformul\u00e4ret och m\u00f6jligg\u00f6ra en snabb betalningsmetod utan att manuellt ange ett betalkort.<\/p>\n\n\n\n<p>Pika fungerar bara med Apple Pay. Det vill s\u00e4ga om du har en Apple-dator eller mobil enhet med Apple Pay-funktionen aktiverad. Observera att \u00e4ven om du har en Apple-dator men anv\u00e4nder Chrome-webbl\u00e4saren \u00e4r Apple Pay-funktionen inte tillg\u00e4nglig.<\/p>","protected":false},"excerpt":{"rendered":"<p>Stripe maksunv\u00e4litys Stripe on luotettava maksunv\u00e4lityspalvelu, joka v\u00e4litt\u00e4\u00e4 kaikki KOVA &#8211; Kotivaran sivuilla tapahtuvat maksut eri palveluntarjoajien kautta. Se toimii siis v\u00e4lik\u00e4ten\u00e4 ja yhdist\u00e4\u00e4 valitut palvelut yhdeksi kokonaisuudeksi ja varmistaa omalta osaltaan turvallisen ostosprosessin ja maksuliikenteen. Seuraavat maksutavat sis\u00e4ltyv\u00e4t Stripe maksunv\u00e4lityksen alle: Klarna Klarnan maksutavalla asiakas voi maksaa heid\u00e4n omien maksuehtojen mukaisesti ja esimerkiksi pilkkoa&#8230;<\/p>","protected":false},"author":1,"featured_media":0,"parent":0,"menu_order":0,"comment_status":"closed","ping_status":"closed","template":"","meta":{"_kad_post_transparent":"disable","_kad_post_title":"show","_kad_post_layout":"normal","_kad_post_sidebar_id":"","_kad_post_content_style":"boxed","_kad_post_vertical_padding":"show","_kad_post_feature":"hide","_kad_post_feature_position":"","_kad_post_header":false,"_kad_post_footer":false,"_kad_post_classname":"","footnotes":""},"class_list":["post-3945","page","type-page","status-publish","hentry"],"jetpack-related-posts":[{"id":12,"url":"https:\/\/kovakotivara.fi\/sv\/tilaus-ja-sopimusehdot\/","url_meta":{"origin":3945,"position":0},"title":"Order- och avtalsvillkor","author":"admin","date":"14.2.2025","format":false,"excerpt":"KOVA - Kotivara Oy:n yleiset tilaus- ja sopimusehdot Voimassa 12.3.2025 alkaen Yleist\u00e4 Kovakotivara.fi on KOVA \u2013 Kotivara Oy:n\u00a0yll\u00e4pit\u00e4m\u00e4 verkkosivusto. Asiakkaitamme voivat olla kuluttajat, yritykset ja yhteis\u00f6t. T\u00e4ll\u00e4 sivulla mainitut sopimusehdot koskevat KOVA \u2013 Kotivara Oy:n\u00a0ja kuluttaja-asiakkaan (j\u00e4ljemp\u00e4n\u00e4 \u201dasiakas\u201d) v\u00e4list\u00e4 kauppasuhdetta. Tuotteiden toimitus Toimitus pakettiautomaattiin tai noutopisteeseen on ilmainen tilauksen loppusumman\u2026","rel":"","context":"Liknande inl\u00e4gg","block_context":{"text":"Liknande inl\u00e4gg","link":""},"img":{"alt_text":"","src":"","width":0,"height":0},"classes":[]},{"id":266,"url":"https:\/\/kovakotivara.fi\/sv\/yhteystiedot\/","url_meta":{"origin":3945,"position":1},"title":"Kundservice &amp; kontaktinformation","author":"admin","date":"18.2.2025","format":false,"excerpt":"Onko tilaamisen kanssa ongelmia tai askarruttaako jokin tuotteisiin liittyv\u00e4? Ota ihmeess\u00e4 yhteytt\u00e4 niin katsotaan yhdess\u00e4 siihen ratkaisu. Pyrimme vastaamaan kaikkiin viesteihin 24 tunnin sis\u00e4ll\u00e4, mutta maltathan jos meist\u00e4 ei kuulu viel\u00e4 siin\u00e4 ajassa. Toimitustavat Maksutavat L\u00e4het\u00e4 meille viesti Verkkolaskut Operaattoritunnus: Nordea (NDEAFIHH) Verkkolaskuosoite (OVT-tunnus): FI8515443000408596 IBAN: FI85 1544 3000 4085\u2026","rel":"","context":"Liknande inl\u00e4gg","block_context":{"text":"Liknande inl\u00e4gg","link":""},"img":{"alt_text":"","src":"","width":0,"height":0},"classes":[]},{"id":3606,"url":"https:\/\/kovakotivara.fi\/sv\/kova-kotivara-toimitustavat\/","url_meta":{"origin":3945,"position":2},"title":"Leveranss\u00e4tt","author":"admin","date":"22.9.2025","format":false,"excerpt":"Posti Postin noutopisteverkosto kattaa koko Suomen ja toimitukset sujuvat. Paketti on perill\u00e4 noutopisteess\u00e4 yleens\u00e4 l\u00e4hetysp\u00e4iv\u00e4\u00e4 seuraavan arkip\u00e4iv\u00e4n aikana ja se on noudettavissa 7 vuorokauden ajan. Toimitustavat Postipaketti (noutopiste) Noutopisteell\u00e4 tarkoitetaan Postin noutopistett\u00e4 tai pakettiautomaattia. Automaattiin voidaan toimittaa tilauksia, jotka ovat enint\u00e4\u00e4n 60 x 60 x 40 cm kokoisia ja 25\u2026","rel":"","context":"Liknande inl\u00e4gg","block_context":{"text":"Liknande inl\u00e4gg","link":""},"img":{"alt_text":"","src":"","width":0,"height":0},"classes":[]},{"id":750,"url":"https:\/\/kovakotivara.fi\/sv\/lehdistolle\/","url_meta":{"origin":3945,"position":3},"title":"F\u00f6r pressen","author":"admin","date":"24.2.2025","format":false,"excerpt":"Tervetuloa KOVA - Kotivara Oy:n lehdist\u00f6sivulle T\u00e4lt\u00e4 sivulta l\u00f6yd\u00e4t ajankohtaiset lehdist\u00f6tiedotteemme, yrityksemme perustiedot, ladattavat br\u00e4ndimateriaalit ja median yhteystiedot. Olemme sitoutuneet tarjoamaan korkealaatuisia elintarvikkeita, ty\u00f6kaluja ja ratkaisuja varautumiseen ja kest\u00e4v\u00e4\u00e4n arkeen. KOVA - Kotivara Oy \u2013 Luotettavaa varautumista arkeen KOVA - Kotivara Oy on suomalainen verkkokauppa, joka tarjoaa huolella valittuja elintarvikkeita\u2026","rel":"","context":"Liknande inl\u00e4gg","block_context":{"text":"Liknande inl\u00e4gg","link":""},"img":{"alt_text":"","src":"https:\/\/i0.wp.com\/kovakotivara.fi\/wp-content\/uploads\/2025\/03\/Kova-kotivara-logo-transparent.png?resize=350%2C200&ssl=1","width":350,"height":200,"srcset":"https:\/\/i0.wp.com\/kovakotivara.fi\/wp-content\/uploads\/2025\/03\/Kova-kotivara-logo-transparent.png?resize=350%2C200&ssl=1 1x, https:\/\/i0.wp.com\/kovakotivara.fi\/wp-content\/uploads\/2025\/03\/Kova-kotivara-logo-transparent.png?resize=525%2C300&ssl=1 1.5x, https:\/\/i0.wp.com\/kovakotivara.fi\/wp-content\/uploads\/2025\/03\/Kova-kotivara-logo-transparent.png?resize=700%2C400&ssl=1 2x, https:\/\/i0.wp.com\/kovakotivara.fi\/wp-content\/uploads\/2025\/03\/Kova-kotivara-logo-transparent.png?resize=1050%2C600&ssl=1 3x, https:\/\/i0.wp.com\/kovakotivara.fi\/wp-content\/uploads\/2025\/03\/Kova-kotivara-logo-transparent.png?resize=1400%2C800&ssl=1 4x"},"classes":[]},{"id":2,"url":"https:\/\/kovakotivara.fi\/sv\/","url_meta":{"origin":3945,"position":4},"title":"Ta det lugnt och var f\u00f6rberedd","author":"admin","date":"14.2.2025","format":false,"excerpt":"Mik\u00e4 on kotivara? Kotivaralla tarkoitetaan ruokaa, juomaa ja tarvikkeita, joilla p\u00e4rj\u00e4\u00e4t v\u00e4hint\u00e4\u00e4n 72 tuntia omavaraisesti kriisin tai s\u00e4hk\u00f6katkon aikana. KOVA - Kotivara auttaa sinua valmistautumaan helposti: tilaa valmiit kotivarapakkaukset noutopisteeseen tai suoraan kotiin. Meid\u00e4n kotivarapakkaukset koostuvat tavallisesta ruoasta ja perustarvikkeista, jotta oman kotivaran p\u00e4ivitt\u00e4minen on mahdollisimman helppoa. Elintarvikkeita pit\u00e4\u00e4 olla\u2026","rel":"","context":"Liknande inl\u00e4gg","block_context":{"text":"Liknande inl\u00e4gg","link":""},"img":{"alt_text":"","src":"https:\/\/i0.wp.com\/kovakotivara.fi\/wp-content\/uploads\/2025\/10\/FI_blue_rgb_ALverkko.png?resize=350%2C200&ssl=1","width":350,"height":200,"srcset":"https:\/\/i0.wp.com\/kovakotivara.fi\/wp-content\/uploads\/2025\/10\/FI_blue_rgb_ALverkko.png?resize=350%2C200&ssl=1 1x, https:\/\/i0.wp.com\/kovakotivara.fi\/wp-content\/uploads\/2025\/10\/FI_blue_rgb_ALverkko.png?resize=525%2C300&ssl=1 1.5x, https:\/\/i0.wp.com\/kovakotivara.fi\/wp-content\/uploads\/2025\/10\/FI_blue_rgb_ALverkko.png?resize=700%2C400&ssl=1 2x"},"classes":[]},{"id":1685,"url":"https:\/\/kovakotivara.fi\/sv\/kayttoehdot\/","url_meta":{"origin":3945,"position":5},"title":"Anv\u00e4ndarvillkor","author":"admin","date":"13.3.2025","format":false,"excerpt":"Tekij\u00e4noikeudet T\u00e4ll\u00e4 verkkosivustolla oleva sis\u00e4lt\u00f6 on tekij\u00e4noikeuslain suojaama ja kuuluu Kova - kotivaralla. Graafista sis\u00e4lt\u00f6\u00e4 ei saa kopioida, siirt\u00e4\u00e4, myyd\u00e4, j\u00e4ljent\u00e4\u00e4 tai muuttaa poislukien yksityisk\u00e4ytt\u00f6 tai erikseen meid\u00e4n luvalla. V\u00e4\u00e4rink\u00e4yt\u00f6ksist\u00e4 ilmoitetaan viranomaisille. Lis\u00e4tiedot Emme vastaa sivustolla olevien tekstien ja kuvien mahdollisista virheist\u00e4. Jos huomaat sis\u00e4ll\u00f6ss\u00e4 virheit\u00e4 ole yhteydess\u00e4 asiakaspalveluun. aspa@kovakotivara.fi\u2026","rel":"","context":"Liknande inl\u00e4gg","block_context":{"text":"Liknande inl\u00e4gg","link":""},"img":{"alt_text":"","src":"","width":0,"height":0},"classes":[]}],"jetpack_shortlink":"https:\/\/wp.me\/Pgm8NB-11D","jetpack_sharing_enabled":true,"jetpack_likes_enabled":true,"_links":{"self":[{"href":"https:\/\/kovakotivara.fi\/sv\/wp-json\/wp\/v2\/pages\/3945","targetHints":{"allow":["GET"]}}],"collection":[{"href":"https:\/\/kovakotivara.fi\/sv\/wp-json\/wp\/v2\/pages"}],"about":[{"href":"https:\/\/kovakotivara.fi\/sv\/wp-json\/wp\/v2\/types\/page"}],"author":[{"embeddable":true,"href":"https:\/\/kovakotivara.fi\/sv\/wp-json\/wp\/v2\/users\/1"}],"replies":[{"embeddable":true,"href":"https:\/\/kovakotivara.fi\/sv\/wp-json\/wp\/v2\/comments?post=3945"}],"version-history":[{"count":3,"href":"https:\/\/kovakotivara.fi\/sv\/wp-json\/wp\/v2\/pages\/3945\/revisions"}],"predecessor-version":[{"id":3949,"href":"https:\/\/kovakotivara.fi\/sv\/wp-json\/wp\/v2\/pages\/3945\/revisions\/3949"}],"wp:attachment":[{"href":"https:\/\/kovakotivara.fi\/sv\/wp-json\/wp\/v2\/media?parent=3945"}],"curies":[{"name":"wp","href":"https:\/\/api.w.org\/{rel}","templated":true}]}}