{"id":3606,"date":"2025-09-22T19:01:21","date_gmt":"2025-09-22T16:01:21","guid":{"rendered":"https:\/\/kovakotivara.fi\/?page_id=3606"},"modified":"2025-09-22T19:01:24","modified_gmt":"2025-09-22T16:01:24","slug":"kova-kotivara-toimitustavat","status":"publish","type":"page","link":"https:\/\/kovakotivara.fi\/sv\/kova-kotivara-toimitustavat\/","title":{"rendered":"Leveranss\u00e4tt"},"content":{"rendered":"<h2 class=\"wp-block-heading\">Posten<\/h2>\n\n\n\n<p>Postens n\u00e4tverk av utl\u00e4mningsst\u00e4llen t\u00e4cker hela Finland och leveranserna fungerar smidigt. Paketet finns vanligtvis p\u00e5 utl\u00e4mningsst\u00e4llet redan n\u00e4sta vardag efter avs\u00e4ndningsdagen och kan h\u00e4mtas inom 7 dygn.<\/p>\n\n\n\n<h3 class=\"wp-block-heading\">Leveranss\u00e4tt<\/h3>\n\n\n\n<h4 class=\"wp-block-heading\">Postpaket (servicest\u00e4lle)<\/h4>\n\n\n\n<p>Med utl\u00e4mningsst\u00e4lle avses Postens servicest\u00e4lle eller paketautomat. Till automaten kan levereras best\u00e4llningar som \u00e4r h\u00f6gst 60 x 60 x 40 cm stora och v\u00e4ger upp till 25 kg. N\u00e4r best\u00e4llningen g\u00f6rs kan kunden v\u00e4lja ett l\u00e4mpligt utl\u00e4mningsst\u00e4lle. Listan \u00f6ver utl\u00e4mningsst\u00e4llen skapas utifr\u00e5n den adress som kunden anger. Om det valda utl\u00e4mningsst\u00e4llet \u00e4r fullt styr Posten f\u00f6rs\u00e4ndelsen till n\u00e4sta n\u00e4rmaste lediga utl\u00e4mningsst\u00e4lle.<\/p>\n\n\n\n<p>Mottagaren f\u00e5r en ankomstavi och en p\u00e5minnelse per sms, e-post och i OmaPosti.<\/p>\n\n\n\n<h4 class=\"wp-block-heading\">Posten - hempaket<\/h4>\n\n\n\n<p>Postens hemleveranspaket levereras till den adress kunden valt, ofta redan n\u00e4sta vardag. Hemleveranspaketets maxstorlek \u00e4r 60 \u00d7 60 \u00d7 100 cm och den maximala vikten 25 kg. Posten kontaktar mottagaren via meddelande eller telefon f\u00f6r att avtala om leveranstiden \u2013 p\u00e5 s\u00e5 s\u00e4tt s\u00e4kerst\u00e4lls att f\u00f6rs\u00e4ndelsen levereras smidigt.<\/p>\n\n\n\n<p>Kunden kan f\u00f6lja paketets transport via Postens tj\u00e4nst med hj\u00e4lp av f\u00f6rs\u00e4ndelsekoden. Kunden f\u00e5r en avisering fr\u00e5n Posten n\u00e4r f\u00f6rs\u00e4ndelsen kan h\u00e4mtas. Beroende p\u00e5 utl\u00e4mningsst\u00e4lle f\u00e5r kunden antingen uppgifterna f\u00f6r att \u00f6ppna automaten per sms eller information om att paketet l\u00e4mnas ut mot identitetshandling vid servicest\u00e4llet.<\/p>\n\n\n\n<h4 class=\"wp-block-heading\">Returnering<\/h4>\n\n\n\n<p>Returneringen g\u00f6rs med hj\u00e4lp av en returadressetikett. Returadressetiketten \u00e4r f\u00e4rdigutskriven och medf\u00f6ljer f\u00f6rs\u00e4ndelsen. Etiketten f\u00e4sts synligt p\u00e5 den f\u00f6rpackade f\u00f6rs\u00e4ndelsen. Paketet kan returneras till Postens servicest\u00e4lle eller till en paketautomat.<\/p>\n\n\n\n<h2 class=\"wp-block-heading\">Matkahuolto<\/h2>\n\n\n\n<p>Matkahuolto erbjuder ett omfattande n\u00e4tverk av utl\u00e4mningsst\u00e4llen f\u00f6r leveranser, m\u00e5ngsidiga leveransalternativ och en enkel returprocess. F\u00f6ljande tj\u00e4nster fr\u00e5n Matkahuolto finns tillg\u00e4ngliga:\u00a0<strong>L\u00e4hell\u00e4-paket och Jakopaket<\/strong>. Ett paket som levererats till ett utl\u00e4mningsst\u00e4lle kan h\u00e4mtas inom 7 dygn.<\/p>\n\n\n\n<h3 class=\"wp-block-heading\">Leveranss\u00e4tt<\/h3>\n\n\n\n<h4 class=\"wp-block-heading\">L\u00e4hell\u00e4 - Paket (servicest\u00e4lle)<\/h4>\n\n\n\n<p>Paketet levereras till det valda utl\u00e4mningsst\u00e4llet eller den paketautomat som ligger n\u00e4rmast den angivna adressen inom 1\u20133 vardagar. N\u00e4r f\u00f6rs\u00e4ndelsen anl\u00e4nder till utl\u00e4mningsst\u00e4llet skickar Matkahuolto en avh\u00e4mtningskod via sms eller som en avisering i appen.\u00a0<\/p>\n\n\n\n<p>Till automaterna kan levereras best\u00e4llningar som \u00e4r h\u00f6gst 70 x 40 x 55 cm stora och v\u00e4ger upp till 30 kg. N\u00e4r best\u00e4llningen g\u00f6rs kan kunden v\u00e4lja en l\u00e4mplig automat fr\u00e5n listan i kassan. Listan skapas utifr\u00e5n den leveransadress som kunden har angett.<\/p>\n\n\n\n<h4 class=\"wp-block-heading\">Hemleveranspaket<\/h4>\n\n\n\n<p>Paketet levereras till den adress kunden valt under arbetsdagen mellan kl. 8\u201316 utan separat tids\u00f6verenskommelse.\u00a0<br><br>Matkahuolto skickar f\u00f6rs\u00e4ndelsens sp\u00e5rningskod till den e-postadress som kunden har angett, och med den kan paketets transport f\u00f6ljas. Det enklaste s\u00e4ttet att sp\u00e5ra f\u00f6rs\u00e4ndelsen \u00e4r via Matkahuoltos mobilapp. N\u00e4r paketet kan h\u00e4mtas skickas en avh\u00e4mtningskod som sms till det telefonnummer kunden har uppgett.<\/p>\n\n\n\n<h4 class=\"wp-block-heading\">Returnering<\/h4>\n\n\n\n<p>Retur av f\u00f6rs\u00e4ndelsen kan g\u00f6ras via appen \u201dPaketit\u201d eller via webbsidan. F\u00f6r den f\u00f6rs\u00e4ndelse som returneras skapas en aktiveringskod som skrivs p\u00e5 paketet. Dessutom antecknas avs\u00e4ndarens namn och telefonnummer p\u00e5 paketet. D\u00e4refter kan det returnerade paketet l\u00e4mnas till en paketautomat eller ett utl\u00e4mningsst\u00e4lle.<\/p>\n\n\n\n<h2 class=\"wp-block-heading\">Postnord<\/h2>\n\n\n\n<p>PostNords omfattande automatn\u00e4tverk t\u00e4cker hela Finland. <strong>PostNord automat<\/strong>\u00a0Paket levereras vanligtvis till den paketautomat som mottagaren valt inom 1\u20132 vardagar.<\/p>\n\n\n\n<p>Till automaten kan levereras f\u00f6rs\u00e4ndelser som \u00e4r h\u00f6gst 60 \u00d7 42 \u00d7 49 cm stora och v\u00e4ger upp till 20 kg. Paket f\u00f6rvaras i paketautomaten i minst 7 dygn. F\u00f6rvaringstiden kan variera mellan olika l\u00e4nder. Ankomstavin inneh\u00e5ller alltid information om sista h\u00e4mtningsdagen. Om kunden inte h\u00e4mtar paketet returneras det till avs\u00e4ndaren p\u00e5 dennes bekostnad. <\/p>\n\n\n\n<p>Mottagaren f\u00e5r en avisering via sms, e-post eller i mobilappen n\u00e4r f\u00f6rs\u00e4ndelsen kan h\u00e4mtas. Med hj\u00e4lp av appen kan paketets transport f\u00f6ljas hela v\u00e4gen.<\/p>\n\n\n\n<h4 class=\"wp-block-heading\">Returnering<\/h4>\n\n\n\n<p>Du kan returnera ett PostNord-paket till vilket servicest\u00e4lle eller vilken automat som helst. Om f\u00f6rs\u00e4ndelsen har en returkod, skriv den samt ditt namn p\u00e5 paketet och l\u00e4mna det sedan till ett PostNord-utl\u00e4mningsst\u00e4lle eller en automat.<\/p>\n\n\n\n<h2 class=\"wp-block-heading\">Allm\u00e4n information om leveranss\u00e4tt<\/h2>\n\n\n\n<p>KOVA \u2013 Kotivara Oy levererar produkter endast till Finland, om inget annat s\u00e4rskilt avtalas. Den ber\u00e4knade leveranstiden f\u00f6r produkter som finns i lager \u00e4r 2\u20134 vardagar fr\u00e5n det att best\u00e4llningen har bekr\u00e4ftats. Produktens lagersaldo visas p\u00e5 produktsidan.<\/p>\n\n\n\n<p>Leveranspriserna presenteras i kassan. Om best\u00e4llningen ber\u00e4ttigar till gratis leverans visas texten \u201dGratis\u201d i st\u00e4llet f\u00f6r priset.<\/p>\n\n\n\n<p>N\u00e4r best\u00e4llningssumman \u00f6verstiger gr\u00e4nsen f\u00f6r fri frakt eller n\u00e4r en kampanj \u00e4r i kraft visas informationen om detta i kassan. <\/p>\n\n\n\n<p>Best\u00e4llningar har 14 dagars gratis returr\u00e4tt i enlighet med konsumentskyddslagen. <a href=\"https:\/\/kovakotivara.fi\/sv\/tilaus-ja-sopimusehdot\/\">L\u00e4s mer.<\/a><\/p>\n\n\n\n<p>L\u00e4s mer om konsumentens lagstadgade bytes- och returr\u00e4tt. <a href=\"https:\/\/www.kkv.fi\/kuluttaja-asiat\/tavarat\/vaihto-ja-palautusoikeus\/\" target=\"_blank\" rel=\"noopener\">Fr\u00e5n Konkurrens- och konsumentverkets publikation<\/a>.<\/p>","protected":false},"excerpt":{"rendered":"<p>Posti Postin noutopisteverkosto kattaa koko Suomen ja toimitukset sujuvat. Paketti on perill\u00e4 noutopisteess\u00e4 yleens\u00e4 l\u00e4hetysp\u00e4iv\u00e4\u00e4 seuraavan arkip\u00e4iv\u00e4n aikana ja se on noudettavissa 7 vuorokauden ajan. Toimitustavat Postipaketti (noutopiste) Noutopisteell\u00e4 tarkoitetaan Postin noutopistett\u00e4 tai pakettiautomaattia. Automaattiin voidaan toimittaa tilauksia, jotka ovat enint\u00e4\u00e4n 60 x 60 x 40 cm kokoisia ja 25 kg painoisia. Tilausta tehdess\u00e4 asiakas&#8230;<\/p>","protected":false},"author":1,"featured_media":0,"parent":0,"menu_order":0,"comment_status":"closed","ping_status":"closed","template":"","meta":{"_kad_post_transparent":"disable","_kad_post_title":"show","_kad_post_layout":"normal","_kad_post_sidebar_id":"","_kad_post_content_style":"unboxed","_kad_post_vertical_padding":"show","_kad_post_feature":"","_kad_post_feature_position":"","_kad_post_header":false,"_kad_post_footer":false,"_kad_post_classname":"","footnotes":""},"class_list":["post-3606","page","type-page","status-publish","hentry"],"jetpack-related-posts":[{"id":1698,"url":"https:\/\/kovakotivara.fi\/sv\/usein-kysyttya\/","url_meta":{"origin":3606,"position":0},"title":"FAQ","author":"admin","date":"13.3.2025","format":false,"excerpt":"Mist\u00e4 n\u00e4en lis\u00e4tietoja kotivarapakkaukseen sis\u00e4ltyvist\u00e4 tuotteista? L\u00f6yd\u00e4t kattavat tuotetiedot tuotesivun lis\u00e4tiedot v\u00e4lilehdelt\u00e4 ladattavasta PDF lis\u00e4lehdest\u00e4. Mist\u00e4 tuotteet tulevat?Teemme yhteisty\u00f6t\u00e4 useiden toimittajien kanssa. Ilmoitamme tuotekohtaisesti valmistusmaan ja materiaalit, kun tieto on saatavilla. Miten toimin, jos tuote on viallinen?Ota yhteytt\u00e4 asiakaspalveluun viipym\u00e4tt\u00e4. K\u00e4sittelemme reklamaatiot nopeasti ja l\u00f6yd\u00e4mme reilun ratkaisun (korjaus, vaihto tai\u2026","rel":"","context":"Liknande inl\u00e4gg","block_context":{"text":"Liknande inl\u00e4gg","link":""},"img":{"alt_text":"","src":"","width":0,"height":0},"classes":[]},{"id":3603,"url":"https:\/\/kovakotivara.fi\/sv\/kampanjat\/","url_meta":{"origin":3606,"position":1},"title":"Kampanjer","author":"admin","date":"17.8.2025","format":false,"excerpt":"89 \u20ac ylitt\u00e4viin tilauksiin Ilmainen toimitus noutopisteisiin. Kampanja voimassa 31.12.2025 saakka Kauppaan","rel":"","context":"Liknande inl\u00e4gg","block_context":{"text":"Liknande inl\u00e4gg","link":""},"img":{"alt_text":"","src":"","width":0,"height":0},"classes":[]},{"id":12,"url":"https:\/\/kovakotivara.fi\/sv\/tilaus-ja-sopimusehdot\/","url_meta":{"origin":3606,"position":2},"title":"Order- och avtalsvillkor","author":"admin","date":"14.2.2025","format":false,"excerpt":"KOVA - Kotivara Oy:n yleiset tilaus- ja sopimusehdot Voimassa 12.3.2025 alkaen Yleist\u00e4 Kovakotivara.fi on KOVA \u2013 Kotivara Oy:n\u00a0yll\u00e4pit\u00e4m\u00e4 verkkosivusto. Asiakkaitamme voivat olla kuluttajat, yritykset ja yhteis\u00f6t. T\u00e4ll\u00e4 sivulla mainitut sopimusehdot koskevat KOVA \u2013 Kotivara Oy:n\u00a0ja kuluttaja-asiakkaan (j\u00e4ljemp\u00e4n\u00e4 \u201dasiakas\u201d) v\u00e4list\u00e4 kauppasuhdetta. Tuotteiden toimitus Toimitus pakettiautomaattiin tai noutopisteeseen on ilmainen tilauksen loppusumman\u2026","rel":"","context":"Liknande inl\u00e4gg","block_context":{"text":"Liknande inl\u00e4gg","link":""},"img":{"alt_text":"","src":"","width":0,"height":0},"classes":[]},{"id":3739,"url":"https:\/\/kovakotivara.fi\/sv\/vastuullisuus\/","url_meta":{"origin":3606,"position":3},"title":"H\u00e5llbarhet","author":"admin","date":"27.8.2025","format":false,"excerpt":"KOVA \u2013 Kotivaralla vastuullisuus tarkoittaa k\u00e4yt\u00e4nn\u00f6n tekoja, l\u00e4pin\u00e4kyvyytt\u00e4 ja jatkuvaa parantamista. Myymme tuotteita, joiden tarkoitus on vahvistaa arjen ja poikkeustilanteiden omavaraisuutta \u2013 ja teemme sen niin, ett\u00e4 ymp\u00e4rist\u00f6, ihmiset ja asiakkaidemme turvallisuus ovat etusijalla. Vastuullisuus ja missiomme tiivistetysti Kest\u00e4v\u00e4 varautuminen:\u00a0Pitk\u00e4ik\u00e4iset, korjattavat ja huollettavat tuotteet, selke\u00e4t k\u00e4ytt\u00f6- ja kierr\u00e4tysohjeet. Reilu hankintaketju:\u00a0Toimittajat\u2026","rel":"","context":"Liknande inl\u00e4gg","block_context":{"text":"Liknande inl\u00e4gg","link":""},"img":{"alt_text":"","src":"https:\/\/i0.wp.com\/kovakotivara.fi\/wp-content\/uploads\/2025\/08\/IMG_8219-scaled.jpeg?resize=350%2C200&ssl=1","width":350,"height":200,"srcset":"https:\/\/i0.wp.com\/kovakotivara.fi\/wp-content\/uploads\/2025\/08\/IMG_8219-scaled.jpeg?resize=350%2C200&ssl=1 1x, https:\/\/i0.wp.com\/kovakotivara.fi\/wp-content\/uploads\/2025\/08\/IMG_8219-scaled.jpeg?resize=525%2C300&ssl=1 1.5x, https:\/\/i0.wp.com\/kovakotivara.fi\/wp-content\/uploads\/2025\/08\/IMG_8219-scaled.jpeg?resize=700%2C400&ssl=1 2x, https:\/\/i0.wp.com\/kovakotivara.fi\/wp-content\/uploads\/2025\/08\/IMG_8219-scaled.jpeg?resize=1050%2C600&ssl=1 3x, https:\/\/i0.wp.com\/kovakotivara.fi\/wp-content\/uploads\/2025\/08\/IMG_8219-scaled.jpeg?resize=1400%2C800&ssl=1 4x"},"classes":[]},{"id":266,"url":"https:\/\/kovakotivara.fi\/sv\/yhteystiedot\/","url_meta":{"origin":3606,"position":4},"title":"Kundservice &amp; kontaktinformation","author":"admin","date":"18.2.2025","format":false,"excerpt":"Onko tilaamisen kanssa ongelmia tai askarruttaako jokin tuotteisiin liittyv\u00e4? Ota ihmeess\u00e4 yhteytt\u00e4 niin katsotaan yhdess\u00e4 siihen ratkaisu. Pyrimme vastaamaan kaikkiin viesteihin 24 tunnin sis\u00e4ll\u00e4, mutta maltathan jos meist\u00e4 ei kuulu viel\u00e4 siin\u00e4 ajassa. Toimitustavat Maksutavat L\u00e4het\u00e4 meille viesti Verkkolaskut Operaattoritunnus: Nordea (NDEAFIHH) Verkkolaskuosoite (OVT-tunnus): FI8515443000408596 IBAN: FI85 1544 3000 4085\u2026","rel":"","context":"Liknande inl\u00e4gg","block_context":{"text":"Liknande inl\u00e4gg","link":""},"img":{"alt_text":"","src":"","width":0,"height":0},"classes":[]},{"id":2,"url":"https:\/\/kovakotivara.fi\/sv\/","url_meta":{"origin":3606,"position":5},"title":"Ta det lugnt och var f\u00f6rberedd","author":"admin","date":"14.2.2025","format":false,"excerpt":"Mik\u00e4 on kotivara? Kotivaralla tarkoitetaan ruokaa, juomaa ja tarvikkeita, joilla p\u00e4rj\u00e4\u00e4t v\u00e4hint\u00e4\u00e4n 72 tuntia omavaraisesti kriisin tai s\u00e4hk\u00f6katkon aikana. KOVA - Kotivara auttaa sinua valmistautumaan helposti: tilaa valmiit kotivarapakkaukset noutopisteeseen tai suoraan kotiin. Meid\u00e4n kotivarapakkaukset koostuvat tavallisesta ruoasta ja perustarvikkeista, jotta oman kotivaran p\u00e4ivitt\u00e4minen on mahdollisimman helppoa. Elintarvikkeita pit\u00e4\u00e4 olla\u2026","rel":"","context":"Liknande inl\u00e4gg","block_context":{"text":"Liknande inl\u00e4gg","link":""},"img":{"alt_text":"","src":"https:\/\/i0.wp.com\/kovakotivara.fi\/wp-content\/uploads\/2025\/10\/FI_blue_rgb_ALverkko.png?resize=350%2C200&ssl=1","width":350,"height":200,"srcset":"https:\/\/i0.wp.com\/kovakotivara.fi\/wp-content\/uploads\/2025\/10\/FI_blue_rgb_ALverkko.png?resize=350%2C200&ssl=1 1x, https:\/\/i0.wp.com\/kovakotivara.fi\/wp-content\/uploads\/2025\/10\/FI_blue_rgb_ALverkko.png?resize=525%2C300&ssl=1 1.5x, https:\/\/i0.wp.com\/kovakotivara.fi\/wp-content\/uploads\/2025\/10\/FI_blue_rgb_ALverkko.png?resize=700%2C400&ssl=1 2x"},"classes":[]}],"jetpack_shortlink":"https:\/\/wp.me\/Pgm8NB-Wa","jetpack_sharing_enabled":true,"jetpack_likes_enabled":true,"_links":{"self":[{"href":"https:\/\/kovakotivara.fi\/sv\/wp-json\/wp\/v2\/pages\/3606","targetHints":{"allow":["GET"]}}],"collection":[{"href":"https:\/\/kovakotivara.fi\/sv\/wp-json\/wp\/v2\/pages"}],"about":[{"href":"https:\/\/kovakotivara.fi\/sv\/wp-json\/wp\/v2\/types\/page"}],"author":[{"embeddable":true,"href":"https:\/\/kovakotivara.fi\/sv\/wp-json\/wp\/v2\/users\/1"}],"replies":[{"embeddable":true,"href":"https:\/\/kovakotivara.fi\/sv\/wp-json\/wp\/v2\/comments?post=3606"}],"version-history":[{"count":6,"href":"https:\/\/kovakotivara.fi\/sv\/wp-json\/wp\/v2\/pages\/3606\/revisions"}],"predecessor-version":[{"id":3916,"href":"https:\/\/kovakotivara.fi\/sv\/wp-json\/wp\/v2\/pages\/3606\/revisions\/3916"}],"wp:attachment":[{"href":"https:\/\/kovakotivara.fi\/sv\/wp-json\/wp\/v2\/media?parent=3606"}],"curies":[{"name":"wp","href":"https:\/\/api.w.org\/{rel}","templated":true}]}}