{"id":3446,"date":"2025-08-08T10:00:04","date_gmt":"2025-08-08T07:00:04","guid":{"rendered":"https:\/\/kovakotivara.fi\/?page_id=3446"},"modified":"2025-09-23T00:57:29","modified_gmt":"2025-09-22T21:57:29","slug":"ehdota-tuotetta-2","status":"publish","type":"page","link":"https:\/\/kovakotivara.fi\/sv\/ehdota-tuotetta-2\/","title":{"rendered":"F\u00f6resl\u00e5 en produkt"},"content":{"rendered":"<p>Vilken produkt skulle du vilja se i v\u00e5rt urval, f\u00f6resl\u00e5 den s\u00e5 l\u00e4gger vi till den!<\/p>\n\n\n\n<div class=\"wp-block-columns has-theme-palette-7-background-color has-background is-layout-flex wp-container-core-columns-is-layout-9d6595d7 wp-block-columns-is-layout-flex\" style=\"border-radius:10px\">\n<div class=\"wp-block-column is-layout-flow wp-block-column-is-layout-flow\"><div class=\"wp-block-jetpack-contact-form is-style-animated is-layout-flex wp-container-jetpack-contact-form-is-layout-faa3ad1c wp-block-jetpack-contact-form-is-layout-flex\"><a href=\"https:\/\/kovakotivara.fi\/sv\/ehdota-tuotetta-2\/\" target=\"_blank\" rel=\"noopener noreferrer\">Skicka ett formul\u00e4r.<\/a><\/div><\/div>\n<\/div>","protected":false},"excerpt":{"rendered":"<p>Vilken produkt skulle du vilja se i v\u00e5rt urval, f\u00f6resl\u00e5 den s\u00e5 l\u00e4gger vi till den!<\/p>","protected":false},"author":1,"featured_media":0,"parent":0,"menu_order":0,"comment_status":"closed","ping_status":"closed","template":"","meta":{"_kad_post_transparent":"","_kad_post_title":"","_kad_post_layout":"normal","_kad_post_sidebar_id":"","_kad_post_content_style":"","_kad_post_vertical_padding":"show","_kad_post_feature":"","_kad_post_feature_position":"","_kad_post_header":false,"_kad_post_footer":false,"_kad_post_classname":"","footnotes":""},"class_list":["post-3446","page","type-page","status-publish","hentry"],"jetpack-related-posts":[{"id":12,"url":"https:\/\/kovakotivara.fi\/sv\/tilaus-ja-sopimusehdot\/","url_meta":{"origin":3446,"position":0},"title":"Order- och avtalsvillkor","author":"admin","date":"14.2.2025","format":false,"excerpt":"KOVA - Kotivara Oy:n yleiset tilaus- ja sopimusehdot Voimassa 12.3.2025 alkaen Yleist\u00e4 Kovakotivara.fi on KOVA \u2013 Kotivara Oy:n\u00a0yll\u00e4pit\u00e4m\u00e4 verkkosivusto. Asiakkaitamme voivat olla kuluttajat, yritykset ja yhteis\u00f6t. T\u00e4ll\u00e4 sivulla mainitut sopimusehdot koskevat KOVA \u2013 Kotivara Oy:n\u00a0ja kuluttaja-asiakkaan (j\u00e4ljemp\u00e4n\u00e4 \u201dasiakas\u201d) v\u00e4list\u00e4 kauppasuhdetta. Tuotteiden toimitus Toimitus pakettiautomaattiin tai noutopisteeseen on ilmainen tilauksen loppusumman\u2026","rel":"","context":"Liknande inl\u00e4gg","block_context":{"text":"Liknande inl\u00e4gg","link":""},"img":{"alt_text":"","src":"","width":0,"height":0},"classes":[]},{"id":1698,"url":"https:\/\/kovakotivara.fi\/sv\/usein-kysyttya\/","url_meta":{"origin":3446,"position":1},"title":"FAQ","author":"admin","date":"13.3.2025","format":false,"excerpt":"Mist\u00e4 n\u00e4en lis\u00e4tietoja kotivarapakkaukseen sis\u00e4ltyvist\u00e4 tuotteista? L\u00f6yd\u00e4t kattavat tuotetiedot tuotesivun lis\u00e4tiedot v\u00e4lilehdelt\u00e4 ladattavasta PDF lis\u00e4lehdest\u00e4. Mist\u00e4 tuotteet tulevat?Teemme yhteisty\u00f6t\u00e4 useiden toimittajien kanssa. Ilmoitamme tuotekohtaisesti valmistusmaan ja materiaalit, kun tieto on saatavilla. Miten toimin, jos tuote on viallinen?Ota yhteytt\u00e4 asiakaspalveluun viipym\u00e4tt\u00e4. K\u00e4sittelemme reklamaatiot nopeasti ja l\u00f6yd\u00e4mme reilun ratkaisun (korjaus, vaihto tai\u2026","rel":"","context":"Liknande inl\u00e4gg","block_context":{"text":"Liknande inl\u00e4gg","link":""},"img":{"alt_text":"","src":"","width":0,"height":0},"classes":[]},{"id":750,"url":"https:\/\/kovakotivara.fi\/sv\/lehdistolle\/","url_meta":{"origin":3446,"position":2},"title":"F\u00f6r pressen","author":"admin","date":"24.2.2025","format":false,"excerpt":"Tervetuloa KOVA - Kotivara Oy:n lehdist\u00f6sivulle T\u00e4lt\u00e4 sivulta l\u00f6yd\u00e4t ajankohtaiset lehdist\u00f6tiedotteemme, yrityksemme perustiedot, ladattavat br\u00e4ndimateriaalit ja median yhteystiedot. Olemme sitoutuneet tarjoamaan korkealaatuisia elintarvikkeita, ty\u00f6kaluja ja ratkaisuja varautumiseen ja kest\u00e4v\u00e4\u00e4n arkeen. KOVA - Kotivara Oy \u2013 Luotettavaa varautumista arkeen KOVA - Kotivara Oy on suomalainen verkkokauppa, joka tarjoaa huolella valittuja elintarvikkeita\u2026","rel":"","context":"Liknande inl\u00e4gg","block_context":{"text":"Liknande inl\u00e4gg","link":""},"img":{"alt_text":"","src":"https:\/\/i0.wp.com\/kovakotivara.fi\/wp-content\/uploads\/2025\/03\/Kova-kotivara-logo-transparent.png?resize=350%2C200&ssl=1","width":350,"height":200,"srcset":"https:\/\/i0.wp.com\/kovakotivara.fi\/wp-content\/uploads\/2025\/03\/Kova-kotivara-logo-transparent.png?resize=350%2C200&ssl=1 1x, https:\/\/i0.wp.com\/kovakotivara.fi\/wp-content\/uploads\/2025\/03\/Kova-kotivara-logo-transparent.png?resize=525%2C300&ssl=1 1.5x, https:\/\/i0.wp.com\/kovakotivara.fi\/wp-content\/uploads\/2025\/03\/Kova-kotivara-logo-transparent.png?resize=700%2C400&ssl=1 2x, https:\/\/i0.wp.com\/kovakotivara.fi\/wp-content\/uploads\/2025\/03\/Kova-kotivara-logo-transparent.png?resize=1050%2C600&ssl=1 3x, https:\/\/i0.wp.com\/kovakotivara.fi\/wp-content\/uploads\/2025\/03\/Kova-kotivara-logo-transparent.png?resize=1400%2C800&ssl=1 4x"},"classes":[]},{"id":3606,"url":"https:\/\/kovakotivara.fi\/sv\/kova-kotivara-toimitustavat\/","url_meta":{"origin":3446,"position":3},"title":"Leveranss\u00e4tt","author":"admin","date":"22.9.2025","format":false,"excerpt":"Posti Postin noutopisteverkosto kattaa koko Suomen ja toimitukset sujuvat. Paketti on perill\u00e4 noutopisteess\u00e4 yleens\u00e4 l\u00e4hetysp\u00e4iv\u00e4\u00e4 seuraavan arkip\u00e4iv\u00e4n aikana ja se on noudettavissa 7 vuorokauden ajan. Toimitustavat Postipaketti (noutopiste) Noutopisteell\u00e4 tarkoitetaan Postin noutopistett\u00e4 tai pakettiautomaattia. Automaattiin voidaan toimittaa tilauksia, jotka ovat enint\u00e4\u00e4n 60 x 60 x 40 cm kokoisia ja 25\u2026","rel":"","context":"Liknande inl\u00e4gg","block_context":{"text":"Liknande inl\u00e4gg","link":""},"img":{"alt_text":"","src":"","width":0,"height":0},"classes":[]},{"id":3739,"url":"https:\/\/kovakotivara.fi\/sv\/vastuullisuus\/","url_meta":{"origin":3446,"position":4},"title":"H\u00e5llbarhet","author":"admin","date":"27.8.2025","format":false,"excerpt":"KOVA \u2013 Kotivaralla vastuullisuus tarkoittaa k\u00e4yt\u00e4nn\u00f6n tekoja, l\u00e4pin\u00e4kyvyytt\u00e4 ja jatkuvaa parantamista. Myymme tuotteita, joiden tarkoitus on vahvistaa arjen ja poikkeustilanteiden omavaraisuutta \u2013 ja teemme sen niin, ett\u00e4 ymp\u00e4rist\u00f6, ihmiset ja asiakkaidemme turvallisuus ovat etusijalla. Vastuullisuus ja missiomme tiivistetysti Kest\u00e4v\u00e4 varautuminen:\u00a0Pitk\u00e4ik\u00e4iset, korjattavat ja huollettavat tuotteet, selke\u00e4t k\u00e4ytt\u00f6- ja kierr\u00e4tysohjeet. Reilu hankintaketju:\u00a0Toimittajat\u2026","rel":"","context":"Liknande inl\u00e4gg","block_context":{"text":"Liknande inl\u00e4gg","link":""},"img":{"alt_text":"","src":"https:\/\/i0.wp.com\/kovakotivara.fi\/wp-content\/uploads\/2025\/08\/IMG_8219-scaled.jpeg?resize=350%2C200&ssl=1","width":350,"height":200,"srcset":"https:\/\/i0.wp.com\/kovakotivara.fi\/wp-content\/uploads\/2025\/08\/IMG_8219-scaled.jpeg?resize=350%2C200&ssl=1 1x, https:\/\/i0.wp.com\/kovakotivara.fi\/wp-content\/uploads\/2025\/08\/IMG_8219-scaled.jpeg?resize=525%2C300&ssl=1 1.5x, https:\/\/i0.wp.com\/kovakotivara.fi\/wp-content\/uploads\/2025\/08\/IMG_8219-scaled.jpeg?resize=700%2C400&ssl=1 2x, https:\/\/i0.wp.com\/kovakotivara.fi\/wp-content\/uploads\/2025\/08\/IMG_8219-scaled.jpeg?resize=1050%2C600&ssl=1 3x, https:\/\/i0.wp.com\/kovakotivara.fi\/wp-content\/uploads\/2025\/08\/IMG_8219-scaled.jpeg?resize=1400%2C800&ssl=1 4x"},"classes":[]},{"id":3945,"url":"https:\/\/kovakotivara.fi\/sv\/maksutavat\/","url_meta":{"origin":3446,"position":5},"title":"Betalningsmetoder","author":"admin","date":"23.9.2025","format":false,"excerpt":"Stripe maksunv\u00e4litys Stripe on luotettava maksunv\u00e4lityspalvelu, joka v\u00e4litt\u00e4\u00e4 kaikki KOVA - Kotivaran sivuilla tapahtuvat maksut eri palveluntarjoajien kautta. Se toimii siis v\u00e4lik\u00e4ten\u00e4 ja yhdist\u00e4\u00e4 valitut palvelut yhdeksi kokonaisuudeksi ja varmistaa omalta osaltaan turvallisen ostosprosessin ja maksuliikenteen. Seuraavat maksutavat sis\u00e4ltyv\u00e4t Stripe maksunv\u00e4lityksen alle: Klarna Klarnan maksutavalla asiakas voi maksaa heid\u00e4n omien\u2026","rel":"","context":"Liknande inl\u00e4gg","block_context":{"text":"Liknande inl\u00e4gg","link":""},"img":{"alt_text":"","src":"","width":0,"height":0},"classes":[]}],"jetpack_shortlink":"https:\/\/wp.me\/Pgm8NB-TA","jetpack_sharing_enabled":true,"jetpack_likes_enabled":true,"_links":{"self":[{"href":"https:\/\/kovakotivara.fi\/sv\/wp-json\/wp\/v2\/pages\/3446","targetHints":{"allow":["GET"]}}],"collection":[{"href":"https:\/\/kovakotivara.fi\/sv\/wp-json\/wp\/v2\/pages"}],"about":[{"href":"https:\/\/kovakotivara.fi\/sv\/wp-json\/wp\/v2\/types\/page"}],"author":[{"embeddable":true,"href":"https:\/\/kovakotivara.fi\/sv\/wp-json\/wp\/v2\/users\/1"}],"replies":[{"embeddable":true,"href":"https:\/\/kovakotivara.fi\/sv\/wp-json\/wp\/v2\/comments?post=3446"}],"version-history":[{"count":4,"href":"https:\/\/kovakotivara.fi\/sv\/wp-json\/wp\/v2\/pages\/3446\/revisions"}],"predecessor-version":[{"id":3490,"href":"https:\/\/kovakotivara.fi\/sv\/wp-json\/wp\/v2\/pages\/3446\/revisions\/3490"}],"wp:attachment":[{"href":"https:\/\/kovakotivara.fi\/sv\/wp-json\/wp\/v2\/media?parent=3446"}],"curies":[{"name":"wp","href":"https:\/\/api.w.org\/{rel}","templated":true}]}}