{"id":266,"date":"2025-02-18T12:34:46","date_gmt":"2025-02-18T10:34:46","guid":{"rendered":"https:\/\/kovakotivara.fi\/?page_id=266"},"modified":"2025-10-13T21:47:41","modified_gmt":"2025-10-13T18:47:41","slug":"yhteystiedot","status":"publish","type":"page","link":"https:\/\/kovakotivara.fi\/sv\/yhteystiedot\/","title":{"rendered":"Kundservice &amp; kontaktinformation"},"content":{"rendered":"<p style=\"margin-top:var(--wp--preset--spacing--20);margin-right:0;margin-bottom:var(--wp--preset--spacing--20);margin-left:0\">Finns det n\u00e5gra problem med best\u00e4llningen eller \u00e4r det n\u00e5got relaterat till produkterna som du funderar \u00f6ver? Kontakta oss g\u00e4rna s\u00e5 hittar vi en l\u00f6sning tillsammans.<\/p>\n\n\n\n<p style=\"margin-top:var(--wp--preset--spacing--20);margin-right:0;margin-bottom:var(--wp--preset--spacing--20);margin-left:0\">Vi f\u00f6rs\u00f6ker svara p\u00e5 alla meddelanden inom 24 timmar, men ha t\u00e5lamod om du inte h\u00f6r fr\u00e5n oss inom den tiden.<\/p>\n\n\n\n<div style=\"height:40px\" aria-hidden=\"true\" class=\"wp-block-spacer\"><\/div>\n\n\n\n<div class=\"wp-block-columns is-layout-flex wp-container-core-columns-is-layout-ed5226f6 wp-block-columns-is-layout-flex\" style=\"padding-right:0;padding-left:0\">\n<div class=\"wp-block-column has-link-color wp-elements-6ac851dec478ccdc9c638a84980aba35 is-layout-flow wp-block-column-is-layout-flow\" style=\"border-radius:10px;padding-right:0;padding-left:0\">\n<div class=\"wp-block-buttons is-horizontal is-content-justification-center is-layout-flex wp-container-core-buttons-is-layout-499968f5 wp-block-buttons-is-layout-flex\">\n<div class=\"wp-block-button has-custom-width wp-block-button__width-100 is-style-fill\"><a class=\"wp-block-button__link has-theme-palette-3-color has-theme-palette-7-background-color has-text-color has-background has-link-color has-text-align-center has-custom-font-size wp-element-button\" href=\"https:\/\/kovakotivara.fi\/sv\/kova-kotivara-toimitustavat\/\" style=\"border-style:none;border-width:0px;border-radius:10px;padding-top:var(--wp--preset--spacing--80);padding-right:var(--wp--preset--spacing--80);padding-bottom:var(--wp--preset--spacing--80);padding-left:var(--wp--preset--spacing--80);font-size:1.5em\"><strong>Leveranss\u00e4tt<\/strong><\/a><\/div>\n<\/div>\n<\/div>\n\n\n\n<div class=\"wp-block-column is-layout-flow wp-block-column-is-layout-flow\">\n<div class=\"wp-block-buttons is-horizontal is-content-justification-center is-layout-flex wp-container-core-buttons-is-layout-499968f5 wp-block-buttons-is-layout-flex\">\n<div class=\"wp-block-button has-custom-width wp-block-button__width-100 is-style-fill\"><a class=\"wp-block-button__link has-theme-palette-3-color has-theme-palette-7-background-color has-text-color has-background has-link-color has-text-align-center has-custom-font-size wp-element-button\" href=\"https:\/\/kovakotivara.fi\/sv\/maksutavat\/\" style=\"border-style:none;border-width:0px;border-radius:10px;padding-top:var(--wp--preset--spacing--80);padding-right:var(--wp--preset--spacing--80);padding-bottom:var(--wp--preset--spacing--80);padding-left:var(--wp--preset--spacing--80);font-size:1.5em\"><strong>Betalningsmetoder<\/strong><\/a><\/div>\n<\/div>\n<\/div>\n<\/div>\n\n\n\n<div style=\"height:20px\" aria-hidden=\"true\" class=\"wp-block-spacer\"><\/div>\n\n\n\n<div class=\"wp-block-columns has-theme-palette-7-background-color has-background is-layout-flex wp-container-core-columns-is-layout-9d6595d7 wp-block-columns-is-layout-flex\" style=\"border-radius:10px\">\n<div class=\"wp-block-column is-layout-flow wp-block-column-is-layout-flow\">\n<h2 class=\"wp-block-heading\">Skicka ett meddelande till oss<\/h2>\n\n\n<div class=\"wp-block-jetpack-contact-form is-style-animated is-layout-flex wp-container-jetpack-contact-form-is-layout-91f7191f wp-block-jetpack-contact-form-is-layout-flex\"><a href=\"https:\/\/kovakotivara.fi\/sv\/yhteystiedot\/\" target=\"_blank\" rel=\"noopener noreferrer\">Skicka ett formul\u00e4r.<\/a><\/div><\/div>\n<\/div>\n\n\n\n<div style=\"height:20px\" aria-hidden=\"true\" class=\"wp-block-spacer\"><\/div>\n\n\n\n<div class=\"wp-block-columns is-layout-flex wp-container-core-columns-is-layout-ed5226f6 wp-block-columns-is-layout-flex\" style=\"padding-right:0;padding-left:0\">\n<div class=\"wp-block-column has-theme-palette-7-background-color has-background is-layout-flow wp-block-column-is-layout-flow\" style=\"border-radius:10px;padding-top:var(--wp--preset--spacing--50);padding-right:var(--wp--preset--spacing--50);padding-bottom:var(--wp--preset--spacing--50);padding-left:var(--wp--preset--spacing--50)\">\n<p style=\"padding-top:0;padding-right:0;padding-bottom:0;padding-left:0\"><strong>Online fakturor<\/strong><\/p>\n\n\n\n<p style=\"margin-top:0;margin-bottom:0\"><strong>Operat\u00f6rs-ID:<\/strong> Nordea (NDEAFIHH)<\/p>\n\n\n\n<p style=\"margin-top:var(--wp--preset--spacing--20);margin-bottom:var(--wp--preset--spacing--20)\"><strong>E-fakturaadress (OVT-ID)<\/strong>: FI8515443000408596<\/p>\n\n\n\n<p><strong>IBAN<\/strong>: FI85 1544 3000 4085 96<\/p>\n<\/div>\n\n\n\n<div class=\"wp-block-column has-theme-palette-7-background-color has-background is-layout-flow wp-block-column-is-layout-flow\" style=\"border-radius:10px;padding-top:var(--wp--preset--spacing--50);padding-right:var(--wp--preset--spacing--50);padding-bottom:var(--wp--preset--spacing--50);padding-left:var(--wp--preset--spacing--50)\">\n<p><strong>F\u00f6retagsinformation<\/strong><\/p>\n\n\n\n<p style=\"margin-top:var(--wp--preset--spacing--20);margin-bottom:var(--wp--preset--spacing--20)\">KOVA - Kotivara Ab<\/p>\n\n\n\n<p style=\"margin-top:var(--wp--preset--spacing--20);margin-bottom:var(--wp--preset--spacing--20)\"><strong>FO-nummer:<\/strong> 3504144-3<\/p>\n\n\n\n<p style=\"margin-top:var(--wp--preset--spacing--20);margin-bottom:var(--wp--preset--spacing--20)\"><strong>Adress:<\/strong> Kolamiilunkuja 6, 01730 Vantaa<\/p>\n\n\n\n<p>aspa(at)kovakotivara.fi<\/p>\n<\/div>\n<\/div>","protected":false},"excerpt":{"rendered":"<p>Onko tilaamisen kanssa ongelmia tai askarruttaako jokin tuotteisiin liittyv\u00e4? Ota ihmeess\u00e4 yhteytt\u00e4 niin katsotaan yhdess\u00e4 siihen ratkaisu. Pyrimme vastaamaan kaikkiin viesteihin 24 tunnin sis\u00e4ll\u00e4, mutta maltathan jos meist\u00e4 ei kuulu viel\u00e4 siin\u00e4 ajassa. L\u00e4het\u00e4 meille viesti Verkkolaskut Operaattoritunnus: Nordea (NDEAFIHH) Verkkolaskuosoite (OVT-tunnus): FI8515443000408596 IBAN: FI85 1544 3000 4085 96 Yritystiedot Kova &#8211; kotivara Oy Y-tunnus:&#8230;<\/p>","protected":false},"author":1,"featured_media":0,"parent":0,"menu_order":0,"comment_status":"closed","ping_status":"closed","template":"","meta":{"_kad_post_transparent":"disable","_kad_post_title":"show","_kad_post_layout":"normal","_kad_post_sidebar_id":"","_kad_post_content_style":"boxed","_kad_post_vertical_padding":"show","_kad_post_feature":"hide","_kad_post_feature_position":"","_kad_post_header":false,"_kad_post_footer":false,"_kad_post_classname":"","footnotes":""},"class_list":["post-266","page","type-page","status-publish","hentry"],"jetpack-related-posts":[],"jetpack_shortlink":"https:\/\/wp.me\/Pgm8NB-4i","jetpack_sharing_enabled":true,"jetpack_likes_enabled":true,"_links":{"self":[{"href":"https:\/\/kovakotivara.fi\/sv\/wp-json\/wp\/v2\/pages\/266","targetHints":{"allow":["GET"]}}],"collection":[{"href":"https:\/\/kovakotivara.fi\/sv\/wp-json\/wp\/v2\/pages"}],"about":[{"href":"https:\/\/kovakotivara.fi\/sv\/wp-json\/wp\/v2\/types\/page"}],"author":[{"embeddable":true,"href":"https:\/\/kovakotivara.fi\/sv\/wp-json\/wp\/v2\/users\/1"}],"replies":[{"embeddable":true,"href":"https:\/\/kovakotivara.fi\/sv\/wp-json\/wp\/v2\/comments?post=266"}],"version-history":[{"count":20,"href":"https:\/\/kovakotivara.fi\/sv\/wp-json\/wp\/v2\/pages\/266\/revisions"}],"predecessor-version":[{"id":5195,"href":"https:\/\/kovakotivara.fi\/sv\/wp-json\/wp\/v2\/pages\/266\/revisions\/5195"}],"wp:attachment":[{"href":"https:\/\/kovakotivara.fi\/sv\/wp-json\/wp\/v2\/media?parent=266"}],"curies":[{"name":"wp","href":"https:\/\/api.w.org\/{rel}","templated":true}]}}