{"id":1685,"date":"2025-03-13T18:50:42","date_gmt":"2025-03-13T16:50:42","guid":{"rendered":"https:\/\/kovakotivara.fi\/?page_id=1685"},"modified":"2025-09-23T00:54:47","modified_gmt":"2025-09-22T21:54:47","slug":"kayttoehdot","status":"publish","type":"page","link":"https:\/\/kovakotivara.fi\/sv\/kayttoehdot\/","title":{"rendered":"Anv\u00e4ndarvillkor"},"content":{"rendered":"<h5 class=\"wp-block-heading\">Upphovsr\u00e4tt<\/h5>\n\n\n\n<p>Inneh\u00e5llet p\u00e5 denna webbplats \u00e4r skyddat av upphovsr\u00e4ttslagen och tillh\u00f6r Kova - kotivara. \nDet grafiska inneh\u00e5llet f\u00e5r ej kopieras, \u00f6verf\u00f6ras, s\u00e4ljas, reproduceras eller modifieras, f\u00f6rutom f\u00f6r privat bruk eller separat med v\u00e5rt tillst\u00e5nd.<\/p>\n\n\n\n<p>Missbruk anm\u00e4ls till myndigheterna.<\/p>\n\n\n\n<h5 class=\"wp-block-heading\">Ytterligare information<\/h5>\n\n\n\n<p>Vi ansvarar inte f\u00f6r eventuella fel i texter och bilder p\u00e5 sajten. Om du uppt\u00e4cker fel i inneh\u00e5llet, kontakta v\u00e5r kundtj\u00e4nst. aspa@kovakotivara.fi<\/p>\n\n\n\n<p>K\u00e4ytt\u00f6ehdot luotu 1.4.2025. KOVA &#8211; Kotivara pid\u00e4tt\u00e4\u00e4 oikeuden muutoksiin.<\/p>","protected":false},"excerpt":{"rendered":"<p>Tekij\u00e4noikeudet T\u00e4ll\u00e4 verkkosivustolla oleva sis\u00e4lt\u00f6 on tekij\u00e4noikeuslain suojaama ja kuuluu Kova &#8211; kotivaralla. Graafista sis\u00e4lt\u00f6\u00e4 ei saa kopioida, siirt\u00e4\u00e4, myyd\u00e4, j\u00e4ljent\u00e4\u00e4 tai muuttaa poislukien yksityisk\u00e4ytt\u00f6 tai erikseen meid\u00e4n luvalla. V\u00e4\u00e4rink\u00e4yt\u00f6ksist\u00e4 ilmoitetaan viranomaisille. Lis\u00e4tiedot Emme vastaa sivustolla olevien tekstien ja kuvien mahdollisista virheist\u00e4. Jos huomaat sis\u00e4ll\u00f6ss\u00e4 virheit\u00e4 ole yhteydess\u00e4 asiakaspalveluun. aspa@kovakotivara.fi K\u00e4ytt\u00f6ehdot luotu 1.4.2025. KOVA &#8211;&#8230;<\/p>","protected":false},"author":1,"featured_media":0,"parent":0,"menu_order":0,"comment_status":"closed","ping_status":"closed","template":"","meta":{"_kad_post_transparent":"","_kad_post_title":"show","_kad_post_layout":"normal","_kad_post_sidebar_id":"","_kad_post_content_style":"unboxed","_kad_post_vertical_padding":"show","_kad_post_feature":"","_kad_post_feature_position":"","_kad_post_header":false,"_kad_post_footer":false,"_kad_post_classname":"","footnotes":""},"class_list":["post-1685","page","type-page","status-publish","hentry"],"jetpack-related-posts":[{"id":12,"url":"https:\/\/kovakotivara.fi\/sv\/tilaus-ja-sopimusehdot\/","url_meta":{"origin":1685,"position":0},"title":"Order- och avtalsvillkor","author":"admin","date":"14.2.2025","format":false,"excerpt":"KOVA - Kotivara Oy:n yleiset tilaus- ja sopimusehdot Voimassa 12.3.2025 alkaen Yleist\u00e4 Kovakotivara.fi on KOVA \u2013 Kotivara Oy:n\u00a0yll\u00e4pit\u00e4m\u00e4 verkkosivusto. Asiakkaitamme voivat olla kuluttajat, yritykset ja yhteis\u00f6t. T\u00e4ll\u00e4 sivulla mainitut sopimusehdot koskevat KOVA \u2013 Kotivara Oy:n\u00a0ja kuluttaja-asiakkaan (j\u00e4ljemp\u00e4n\u00e4 \u201dasiakas\u201d) v\u00e4list\u00e4 kauppasuhdetta. Tuotteiden toimitus Toimitus pakettiautomaattiin tai noutopisteeseen on ilmainen tilauksen loppusumman\u2026","rel":"","context":"Liknande inl\u00e4gg","block_context":{"text":"Liknande inl\u00e4gg","link":""},"img":{"alt_text":"","src":"","width":0,"height":0},"classes":[]},{"id":2,"url":"https:\/\/kovakotivara.fi\/sv\/","url_meta":{"origin":1685,"position":1},"title":"Ta det lugnt och var f\u00f6rberedd","author":"admin","date":"14.2.2025","format":false,"excerpt":"Mik\u00e4 on kotivara? Kotivaralla tarkoitetaan ruokaa, juomaa ja tarvikkeita, joilla p\u00e4rj\u00e4\u00e4t v\u00e4hint\u00e4\u00e4n 72 tuntia omavaraisesti kriisin tai s\u00e4hk\u00f6katkon aikana. KOVA - Kotivara auttaa sinua valmistautumaan helposti: tilaa valmiit kotivarapakkaukset noutopisteeseen tai suoraan kotiin. Meid\u00e4n kotivarapakkaukset koostuvat tavallisesta ruoasta ja perustarvikkeista, jotta oman kotivaran p\u00e4ivitt\u00e4minen on mahdollisimman helppoa. Elintarvikkeita pit\u00e4\u00e4 olla\u2026","rel":"","context":"Liknande inl\u00e4gg","block_context":{"text":"Liknande inl\u00e4gg","link":""},"img":{"alt_text":"","src":"https:\/\/i0.wp.com\/kovakotivara.fi\/wp-content\/uploads\/2025\/10\/FI_blue_rgb_ALverkko.png?resize=350%2C200&ssl=1","width":350,"height":200,"srcset":"https:\/\/i0.wp.com\/kovakotivara.fi\/wp-content\/uploads\/2025\/10\/FI_blue_rgb_ALverkko.png?resize=350%2C200&ssl=1 1x, https:\/\/i0.wp.com\/kovakotivara.fi\/wp-content\/uploads\/2025\/10\/FI_blue_rgb_ALverkko.png?resize=525%2C300&ssl=1 1.5x, https:\/\/i0.wp.com\/kovakotivara.fi\/wp-content\/uploads\/2025\/10\/FI_blue_rgb_ALverkko.png?resize=700%2C400&ssl=1 2x"},"classes":[]},{"id":750,"url":"https:\/\/kovakotivara.fi\/sv\/lehdistolle\/","url_meta":{"origin":1685,"position":2},"title":"F\u00f6r pressen","author":"admin","date":"24.2.2025","format":false,"excerpt":"Tervetuloa KOVA - Kotivara Oy:n lehdist\u00f6sivulle T\u00e4lt\u00e4 sivulta l\u00f6yd\u00e4t ajankohtaiset lehdist\u00f6tiedotteemme, yrityksemme perustiedot, ladattavat br\u00e4ndimateriaalit ja median yhteystiedot. Olemme sitoutuneet tarjoamaan korkealaatuisia elintarvikkeita, ty\u00f6kaluja ja ratkaisuja varautumiseen ja kest\u00e4v\u00e4\u00e4n arkeen. KOVA - Kotivara Oy \u2013 Luotettavaa varautumista arkeen KOVA - Kotivara Oy on suomalainen verkkokauppa, joka tarjoaa huolella valittuja elintarvikkeita\u2026","rel":"","context":"Liknande inl\u00e4gg","block_context":{"text":"Liknande inl\u00e4gg","link":""},"img":{"alt_text":"","src":"https:\/\/i0.wp.com\/kovakotivara.fi\/wp-content\/uploads\/2025\/03\/Kova-kotivara-logo-transparent.png?resize=350%2C200&ssl=1","width":350,"height":200,"srcset":"https:\/\/i0.wp.com\/kovakotivara.fi\/wp-content\/uploads\/2025\/03\/Kova-kotivara-logo-transparent.png?resize=350%2C200&ssl=1 1x, https:\/\/i0.wp.com\/kovakotivara.fi\/wp-content\/uploads\/2025\/03\/Kova-kotivara-logo-transparent.png?resize=525%2C300&ssl=1 1.5x, https:\/\/i0.wp.com\/kovakotivara.fi\/wp-content\/uploads\/2025\/03\/Kova-kotivara-logo-transparent.png?resize=700%2C400&ssl=1 2x, https:\/\/i0.wp.com\/kovakotivara.fi\/wp-content\/uploads\/2025\/03\/Kova-kotivara-logo-transparent.png?resize=1050%2C600&ssl=1 3x, https:\/\/i0.wp.com\/kovakotivara.fi\/wp-content\/uploads\/2025\/03\/Kova-kotivara-logo-transparent.png?resize=1400%2C800&ssl=1 4x"},"classes":[]},{"id":3945,"url":"https:\/\/kovakotivara.fi\/sv\/maksutavat\/","url_meta":{"origin":1685,"position":3},"title":"Betalningsmetoder","author":"admin","date":"23.9.2025","format":false,"excerpt":"Stripe maksunv\u00e4litys Stripe on luotettava maksunv\u00e4lityspalvelu, joka v\u00e4litt\u00e4\u00e4 kaikki KOVA - Kotivaran sivuilla tapahtuvat maksut eri palveluntarjoajien kautta. Se toimii siis v\u00e4lik\u00e4ten\u00e4 ja yhdist\u00e4\u00e4 valitut palvelut yhdeksi kokonaisuudeksi ja varmistaa omalta osaltaan turvallisen ostosprosessin ja maksuliikenteen. Seuraavat maksutavat sis\u00e4ltyv\u00e4t Stripe maksunv\u00e4lityksen alle: Klarna Klarnan maksutavalla asiakas voi maksaa heid\u00e4n omien\u2026","rel":"","context":"Liknande inl\u00e4gg","block_context":{"text":"Liknande inl\u00e4gg","link":""},"img":{"alt_text":"","src":"","width":0,"height":0},"classes":[]},{"id":98,"url":"https:\/\/kovakotivara.fi\/sv\/keita-olemme\/","url_meta":{"origin":1685,"position":4},"title":"Mer om oss","author":"admin","date":"14.2.2025","format":false,"excerpt":"Miksi kotivarapakkaus Me olemme KOVA \u2013 Kotivara, yritys, joka on erikoistunut varautumiseen, arjen turvallisuuteen ja retkeilytarvikkeisiin. Toimintamme perustuu tahtoon ja intohimoon auttaa suomalaisia selvi\u00e4m\u00e4\u00e4n arjen ja poikkeustilanteiden haasteista. Pitk\u00e4 kokemuksemme turvallisuusalalta ja viranomaisteht\u00e4vist\u00e4 on antanut meille syv\u00e4llisen ymm\u00e4rryksen siit\u00e4, kuinka t\u00e4rke\u00e4\u00e4 on olla ennakoiva ja varautua \u2013 ei vain kriisitilanteissa,\u2026","rel":"","context":"Liknande inl\u00e4gg","block_context":{"text":"Liknande inl\u00e4gg","link":""},"img":{"alt_text":"","src":"","width":0,"height":0},"classes":[]},{"id":3606,"url":"https:\/\/kovakotivara.fi\/sv\/kova-kotivara-toimitustavat\/","url_meta":{"origin":1685,"position":5},"title":"Leveranss\u00e4tt","author":"admin","date":"22.9.2025","format":false,"excerpt":"Posti Postin noutopisteverkosto kattaa koko Suomen ja toimitukset sujuvat. Paketti on perill\u00e4 noutopisteess\u00e4 yleens\u00e4 l\u00e4hetysp\u00e4iv\u00e4\u00e4 seuraavan arkip\u00e4iv\u00e4n aikana ja se on noudettavissa 7 vuorokauden ajan. Toimitustavat Postipaketti (noutopiste) Noutopisteell\u00e4 tarkoitetaan Postin noutopistett\u00e4 tai pakettiautomaattia. Automaattiin voidaan toimittaa tilauksia, jotka ovat enint\u00e4\u00e4n 60 x 60 x 40 cm kokoisia ja 25\u2026","rel":"","context":"Liknande inl\u00e4gg","block_context":{"text":"Liknande inl\u00e4gg","link":""},"img":{"alt_text":"","src":"","width":0,"height":0},"classes":[]}],"jetpack_shortlink":"https:\/\/wp.me\/Pgm8NB-rb","jetpack_sharing_enabled":true,"jetpack_likes_enabled":true,"_links":{"self":[{"href":"https:\/\/kovakotivara.fi\/sv\/wp-json\/wp\/v2\/pages\/1685","targetHints":{"allow":["GET"]}}],"collection":[{"href":"https:\/\/kovakotivara.fi\/sv\/wp-json\/wp\/v2\/pages"}],"about":[{"href":"https:\/\/kovakotivara.fi\/sv\/wp-json\/wp\/v2\/types\/page"}],"author":[{"embeddable":true,"href":"https:\/\/kovakotivara.fi\/sv\/wp-json\/wp\/v2\/users\/1"}],"replies":[{"embeddable":true,"href":"https:\/\/kovakotivara.fi\/sv\/wp-json\/wp\/v2\/comments?post=1685"}],"version-history":[{"count":2,"href":"https:\/\/kovakotivara.fi\/sv\/wp-json\/wp\/v2\/pages\/1685\/revisions"}],"predecessor-version":[{"id":3937,"href":"https:\/\/kovakotivara.fi\/sv\/wp-json\/wp\/v2\/pages\/1685\/revisions\/3937"}],"wp:attachment":[{"href":"https:\/\/kovakotivara.fi\/sv\/wp-json\/wp\/v2\/media?parent=1685"}],"curies":[{"name":"wp","href":"https:\/\/api.w.org\/{rel}","templated":true}]}}