{"id":11,"date":"2025-02-14T11:38:24","date_gmt":"2025-02-14T09:38:24","guid":{"rendered":"https:\/\/kovakotivara.fi\/oma-tili\/"},"modified":"2025-09-24T16:28:38","modified_gmt":"2025-09-24T13:28:38","slug":"oma-tili","status":"publish","type":"page","link":"https:\/\/kovakotivara.fi\/sv\/oma-tili\/","title":{"rendered":"Mitt konto"},"content":{"rendered":"<div class=\"woocommerce\"><\/div>","protected":false},"excerpt":{"rendered":"","protected":false},"author":1,"featured_media":0,"parent":0,"menu_order":0,"comment_status":"closed","ping_status":"closed","template":"","meta":{"_kad_post_transparent":"disable","_kad_post_title":"show","_kad_post_layout":"normal","_kad_post_sidebar_id":"","_kad_post_content_style":"unboxed","_kad_post_vertical_padding":"top","_kad_post_feature":"hide","_kad_post_feature_position":"","_kad_post_header":false,"_kad_post_footer":true,"_kad_post_classname":"","footnotes":""},"class_list":["post-11","page","type-page","status-publish","hentry"],"jetpack-related-posts":[{"id":3945,"url":"https:\/\/kovakotivara.fi\/sv\/maksutavat\/","url_meta":{"origin":11,"position":0},"title":"Betalningsmetoder","author":"admin","date":"23.9.2025","format":false,"excerpt":"Stripe maksunv\u00e4litys Stripe on luotettava maksunv\u00e4lityspalvelu, joka v\u00e4litt\u00e4\u00e4 kaikki KOVA - Kotivaran sivuilla tapahtuvat maksut eri palveluntarjoajien kautta. Se toimii siis v\u00e4lik\u00e4ten\u00e4 ja yhdist\u00e4\u00e4 valitut palvelut yhdeksi kokonaisuudeksi ja varmistaa omalta osaltaan turvallisen ostosprosessin ja maksuliikenteen. Seuraavat maksutavat sis\u00e4ltyv\u00e4t Stripe maksunv\u00e4lityksen alle: Klarna Klarnan maksutavalla asiakas voi maksaa heid\u00e4n omien\u2026","rel":"","context":"Liknande inl\u00e4gg","block_context":{"text":"Liknande inl\u00e4gg","link":""},"img":{"alt_text":"","src":"","width":0,"height":0},"classes":[]},{"id":8,"url":"https:\/\/kovakotivara.fi\/sv\/varautumisen-verkkokauppa\/","url_meta":{"origin":11,"position":1},"title":"Kotivara webbutiken","author":"admin","date":"14.2.2025","format":false,"excerpt":"Valmiit kotivarapakkaukset \u2013 aloita t\u00e4st\u00e4 N\u00e4yt\u00e4 kaikki pakkaukset T\u00e4ydenn\u00e4 tai kokoa oma varastosi","rel":"","context":"Liknande inl\u00e4gg","block_context":{"text":"Liknande inl\u00e4gg","link":""},"img":{"alt_text":"","src":"","width":0,"height":0},"classes":[]},{"id":98,"url":"https:\/\/kovakotivara.fi\/sv\/keita-olemme\/","url_meta":{"origin":11,"position":2},"title":"Mer om oss","author":"admin","date":"14.2.2025","format":false,"excerpt":"Miksi kotivarapakkaus Me olemme KOVA \u2013 Kotivara, yritys, joka on erikoistunut varautumiseen, arjen turvallisuuteen ja retkeilytarvikkeisiin. Toimintamme perustuu tahtoon ja intohimoon auttaa suomalaisia selvi\u00e4m\u00e4\u00e4n arjen ja poikkeustilanteiden haasteista. Pitk\u00e4 kokemuksemme turvallisuusalalta ja viranomaisteht\u00e4vist\u00e4 on antanut meille syv\u00e4llisen ymm\u00e4rryksen siit\u00e4, kuinka t\u00e4rke\u00e4\u00e4 on olla ennakoiva ja varautua \u2013 ei vain kriisitilanteissa,\u2026","rel":"","context":"Liknande inl\u00e4gg","block_context":{"text":"Liknande inl\u00e4gg","link":""},"img":{"alt_text":"","src":"","width":0,"height":0},"classes":[]},{"id":2,"url":"https:\/\/kovakotivara.fi\/sv\/","url_meta":{"origin":11,"position":3},"title":"Ta det lugnt och var f\u00f6rberedd","author":"admin","date":"14.2.2025","format":false,"excerpt":"Mik\u00e4 on kotivara? Kotivaralla tarkoitetaan ruokaa, juomaa ja tarvikkeita, joilla p\u00e4rj\u00e4\u00e4t v\u00e4hint\u00e4\u00e4n 72 tuntia omavaraisesti kriisin tai s\u00e4hk\u00f6katkon aikana. KOVA - Kotivara auttaa sinua valmistautumaan helposti: tilaa valmiit kotivarapakkaukset noutopisteeseen tai suoraan kotiin. Meid\u00e4n kotivarapakkaukset koostuvat tavallisesta ruoasta ja perustarvikkeista, jotta oman kotivaran p\u00e4ivitt\u00e4minen on mahdollisimman helppoa. Elintarvikkeita pit\u00e4\u00e4 olla\u2026","rel":"","context":"Liknande inl\u00e4gg","block_context":{"text":"Liknande inl\u00e4gg","link":""},"img":{"alt_text":"","src":"https:\/\/i0.wp.com\/kovakotivara.fi\/wp-content\/uploads\/2025\/10\/FI_blue_rgb_ALverkko.png?resize=350%2C200&ssl=1","width":350,"height":200,"srcset":"https:\/\/i0.wp.com\/kovakotivara.fi\/wp-content\/uploads\/2025\/10\/FI_blue_rgb_ALverkko.png?resize=350%2C200&ssl=1 1x, https:\/\/i0.wp.com\/kovakotivara.fi\/wp-content\/uploads\/2025\/10\/FI_blue_rgb_ALverkko.png?resize=525%2C300&ssl=1 1.5x, https:\/\/i0.wp.com\/kovakotivara.fi\/wp-content\/uploads\/2025\/10\/FI_blue_rgb_ALverkko.png?resize=700%2C400&ssl=1 2x"},"classes":[]},{"id":3606,"url":"https:\/\/kovakotivara.fi\/sv\/kova-kotivara-toimitustavat\/","url_meta":{"origin":11,"position":4},"title":"Leveranss\u00e4tt","author":"admin","date":"22.9.2025","format":false,"excerpt":"Posti Postin noutopisteverkosto kattaa koko Suomen ja toimitukset sujuvat. Paketti on perill\u00e4 noutopisteess\u00e4 yleens\u00e4 l\u00e4hetysp\u00e4iv\u00e4\u00e4 seuraavan arkip\u00e4iv\u00e4n aikana ja se on noudettavissa 7 vuorokauden ajan. Toimitustavat Postipaketti (noutopiste) Noutopisteell\u00e4 tarkoitetaan Postin noutopistett\u00e4 tai pakettiautomaattia. Automaattiin voidaan toimittaa tilauksia, jotka ovat enint\u00e4\u00e4n 60 x 60 x 40 cm kokoisia ja 25\u2026","rel":"","context":"Liknande inl\u00e4gg","block_context":{"text":"Liknande inl\u00e4gg","link":""},"img":{"alt_text":"","src":"","width":0,"height":0},"classes":[]},{"id":3739,"url":"https:\/\/kovakotivara.fi\/sv\/vastuullisuus\/","url_meta":{"origin":11,"position":5},"title":"H\u00e5llbarhet","author":"admin","date":"27.8.2025","format":false,"excerpt":"KOVA \u2013 Kotivaralla vastuullisuus tarkoittaa k\u00e4yt\u00e4nn\u00f6n tekoja, l\u00e4pin\u00e4kyvyytt\u00e4 ja jatkuvaa parantamista. Myymme tuotteita, joiden tarkoitus on vahvistaa arjen ja poikkeustilanteiden omavaraisuutta \u2013 ja teemme sen niin, ett\u00e4 ymp\u00e4rist\u00f6, ihmiset ja asiakkaidemme turvallisuus ovat etusijalla. Vastuullisuus ja missiomme tiivistetysti Kest\u00e4v\u00e4 varautuminen:\u00a0Pitk\u00e4ik\u00e4iset, korjattavat ja huollettavat tuotteet, selke\u00e4t k\u00e4ytt\u00f6- ja kierr\u00e4tysohjeet. Reilu hankintaketju:\u00a0Toimittajat\u2026","rel":"","context":"Liknande inl\u00e4gg","block_context":{"text":"Liknande inl\u00e4gg","link":""},"img":{"alt_text":"","src":"https:\/\/i0.wp.com\/kovakotivara.fi\/wp-content\/uploads\/2025\/08\/IMG_8219-scaled.jpeg?resize=350%2C200&ssl=1","width":350,"height":200,"srcset":"https:\/\/i0.wp.com\/kovakotivara.fi\/wp-content\/uploads\/2025\/08\/IMG_8219-scaled.jpeg?resize=350%2C200&ssl=1 1x, https:\/\/i0.wp.com\/kovakotivara.fi\/wp-content\/uploads\/2025\/08\/IMG_8219-scaled.jpeg?resize=525%2C300&ssl=1 1.5x, https:\/\/i0.wp.com\/kovakotivara.fi\/wp-content\/uploads\/2025\/08\/IMG_8219-scaled.jpeg?resize=700%2C400&ssl=1 2x, https:\/\/i0.wp.com\/kovakotivara.fi\/wp-content\/uploads\/2025\/08\/IMG_8219-scaled.jpeg?resize=1050%2C600&ssl=1 3x, https:\/\/i0.wp.com\/kovakotivara.fi\/wp-content\/uploads\/2025\/08\/IMG_8219-scaled.jpeg?resize=1400%2C800&ssl=1 4x"},"classes":[]}],"jetpack_shortlink":"https:\/\/wp.me\/Pgm8NB-b","jetpack_sharing_enabled":true,"jetpack_likes_enabled":true,"_links":{"self":[{"href":"https:\/\/kovakotivara.fi\/sv\/wp-json\/wp\/v2\/pages\/11","targetHints":{"allow":["GET"]}}],"collection":[{"href":"https:\/\/kovakotivara.fi\/sv\/wp-json\/wp\/v2\/pages"}],"about":[{"href":"https:\/\/kovakotivara.fi\/sv\/wp-json\/wp\/v2\/types\/page"}],"author":[{"embeddable":true,"href":"https:\/\/kovakotivara.fi\/sv\/wp-json\/wp\/v2\/users\/1"}],"replies":[{"embeddable":true,"href":"https:\/\/kovakotivara.fi\/sv\/wp-json\/wp\/v2\/comments?post=11"}],"version-history":[{"count":1,"href":"https:\/\/kovakotivara.fi\/sv\/wp-json\/wp\/v2\/pages\/11\/revisions"}],"predecessor-version":[{"id":3388,"href":"https:\/\/kovakotivara.fi\/sv\/wp-json\/wp\/v2\/pages\/11\/revisions\/3388"}],"wp:attachment":[{"href":"https:\/\/kovakotivara.fi\/sv\/wp-json\/wp\/v2\/media?parent=11"}],"curies":[{"name":"wp","href":"https:\/\/api.w.org\/{rel}","templated":true}]}}